{"id":9168,"date":"2025-10-10T11:44:14","date_gmt":"2025-10-10T09:44:14","guid":{"rendered":"https:\/\/pug.hr\/gimnazija\/?page_id=9168"},"modified":"2026-01-16T11:29:00","modified_gmt":"2026-01-16T10:29:00","slug":"opci-akti-privatne-umjetnicke-gimnazije","status":"publish","type":"page","link":"https:\/\/pug.hr\/gimnazija\/opci-akti-privatne-umjetnicke-gimnazije\/","title":{"rendered":"Op\u0107i akti Privatne umjetni\u010dke gimnazije"},"content":{"rendered":"\n<p><a href=\"https:\/\/pug.hr\/gimnazija\/wp-content\/uploads\/2025\/10\/Odluka-o-osnivanju.pdf\" data-type=\"attachment\" data-id=\"9178\" target=\"_blank\" rel=\"noreferrer noopener\">Odluka o osnivanju Privatne umjetni\u010dke gimnazije<\/a><\/p>\n\n\n\n<p><a href=\"https:\/\/pug.hr\/gimnazija\/wp-content\/uploads\/2026\/01\/Statut-PUG-2019.pdf\" data-type=\"attachment\" data-id=\"9744\" target=\"_blank\" rel=\"noreferrer noopener\">Statut Privatne umjetni\u010dke gimnazije<\/a><\/p>\n\n\n\n<p><a href=\"https:\/\/pug.hr\/gimnazija\/wp-content\/uploads\/2026\/01\/Plan-i-program-rada-Gimnazije-2025-2026.pdf\" data-type=\"attachment\" data-id=\"9746\" target=\"_blank\" rel=\"noreferrer noopener\">Godi\u0161nji plan i program rada Privatne umjetni\u010dke gimnazije<\/a><\/p>\n\n\n\n<p><a href=\"https:\/\/pug.hr\/gimnazija\/wp-content\/uploads\/2026\/01\/Kurikulum-2025-2026.pdf\" data-type=\"attachment\" data-id=\"9745\" target=\"_blank\" rel=\"noreferrer noopener\">\u0160kolski kurikulum<\/a> <\/p>\n\n\n\n<p><\/p>\n","protected":false},"excerpt":{"rendered":"<p>Odluka o osnivanju Privatne umjetni\u010dke gimnazije Statut Privatne umjetni\u010dke gimnazije Godi\u0161nji plan i&#8230;<\/p>\n","protected":false},"author":1,"featured_media":0,"parent":0,"menu_order":0,"comment_status":"closed","ping_status":"closed","template":"","meta":{"ngg_post_thumbnail":0,"jetpack_post_was_ever_published":false,"footnotes":""},"class_list":["post-9168","page","type-page","status-publish","hentry"],"jetpack_sharing_enabled":true,"jetpack_shortlink":"https:\/\/wp.me\/P2cktY-2nS","_links":{"self":[{"href":"https:\/\/pug.hr\/gimnazija\/wp-json\/wp\/v2\/pages\/9168","targetHints":{"allow":["GET"]}}],"collection":[{"href":"https:\/\/pug.hr\/gimnazija\/wp-json\/wp\/v2\/pages"}],"about":[{"href":"https:\/\/pug.hr\/gimnazija\/wp-json\/wp\/v2\/types\/page"}],"author":[{"embeddable":true,"href":"https:\/\/pug.hr\/gimnazija\/wp-json\/wp\/v2\/users\/1"}],"replies":[{"embeddable":true,"href":"https:\/\/pug.hr\/gimnazija\/wp-json\/wp\/v2\/comments?post=9168"}],"version-history":[{"count":5,"href":"https:\/\/pug.hr\/gimnazija\/wp-json\/wp\/v2\/pages\/9168\/revisions"}],"predecessor-version":[{"id":9748,"href":"https:\/\/pug.hr\/gimnazija\/wp-json\/wp\/v2\/pages\/9168\/revisions\/9748"}],"wp:attachment":[{"href":"https:\/\/pug.hr\/gimnazija\/wp-json\/wp\/v2\/media?parent=9168"}],"curies":[{"name":"wp","href":"https:\/\/api.w.org\/{rel}","templated":true}]}}