{"id":8344,"date":"2022-06-15T11:32:33","date_gmt":"2022-06-15T09:32:33","guid":{"rendered":"https:\/\/pug.hr\/gimnazija\/?page_id=8344"},"modified":"2022-06-15T11:32:34","modified_gmt":"2022-06-15T09:32:34","slug":"kisan-dan","status":"publish","type":"page","link":"https:\/\/pug.hr\/gimnazija\/kisan-dan\/","title":{"rendered":"Ki\u0161an dan"},"content":{"rendered":"\n<p>Ki\u0161a. Tamne kapi slijevaju se niz prozore. Zemlja u\u017eiva u ljepoti, a ljudi razo\u010darani promjenom vremena sjede u ku\u0107ama. Stabla nji\u0161u grane prepune li\u0161\u0107a u ritmu protoka vremena, dok se kosovi kupaju po barama u udubinama na cesti. Miris bilja i ki\u0161e osjeti se, ulazi nam kroz pore, obavija nas dok radimo uobi\u010dajene stvari. Blago ohla\u0111en povjetarac miluje nam ko\u017eu. Po ulici se igraju duhovi prija\u0161njih stanovnika koje nitko ne zamje\u0107uje. Grad je obavijen pla\u0161tem nevinosti.<\/p>\n\n\n\n<p>Sjedim na klupici u parku, pod hrastom lu\u017enjakom i jedino dru\u0161tvo pravi mi stari \u0107uk u duplji, kojeg mo\u017eda vi\u0161e i zami\u0161ljam nego \u0161to zaista tamo jest. Razmi\u0161ljam o \u017eivotu izvan grada dok se ljetne kapi cijede niz kosu, ostavljaju\u0107i trag na ramenima. Ljepota svijeta je odjednom sna\u017eno prisutna, a ki\u0161a pri\u010da pri\u010de tisu\u0107u svjetova. U pravilnim razmacima, ona svira i kucka o lokvu pokraj, po kamenoj stazi slijevaju se brzaci.<\/p>\n\n\n\n<p>Ustajem i odlazim. Nespretnom kretnjom o\u010de\u0161em rub klupe, spotaknem se i svom silinom zagazim u tu lokvu vode do gle\u017enja. Ki\u0161a se glasno nasmije i umjesto ve\u0107 pripremljene ljutnje po\u010dinjem se smijati s njom. Jedan par o\u010diju, koji me kri\u0161om promatra kroz procjepe roleta na prozorima, nestaje kada se uvjeri da sam to \u2013 samo ja.<\/p>\n","protected":false},"excerpt":{"rendered":"<p>Ki\u0161a. Tamne kapi slijevaju se niz prozore. Zemlja u\u017eiva u ljepoti, a ljudi&#8230;<\/p>\n","protected":false},"author":1,"featured_media":0,"parent":0,"menu_order":0,"comment_status":"closed","ping_status":"closed","template":"","meta":{"ngg_post_thumbnail":0,"jetpack_post_was_ever_published":false,"footnotes":""},"class_list":["post-8344","page","type-page","status-publish","hentry"],"jetpack_sharing_enabled":true,"jetpack_shortlink":"https:\/\/wp.me\/P2cktY-2aA","_links":{"self":[{"href":"https:\/\/pug.hr\/gimnazija\/wp-json\/wp\/v2\/pages\/8344","targetHints":{"allow":["GET"]}}],"collection":[{"href":"https:\/\/pug.hr\/gimnazija\/wp-json\/wp\/v2\/pages"}],"about":[{"href":"https:\/\/pug.hr\/gimnazija\/wp-json\/wp\/v2\/types\/page"}],"author":[{"embeddable":true,"href":"https:\/\/pug.hr\/gimnazija\/wp-json\/wp\/v2\/users\/1"}],"replies":[{"embeddable":true,"href":"https:\/\/pug.hr\/gimnazija\/wp-json\/wp\/v2\/comments?post=8344"}],"version-history":[{"count":1,"href":"https:\/\/pug.hr\/gimnazija\/wp-json\/wp\/v2\/pages\/8344\/revisions"}],"predecessor-version":[{"id":8345,"href":"https:\/\/pug.hr\/gimnazija\/wp-json\/wp\/v2\/pages\/8344\/revisions\/8345"}],"wp:attachment":[{"href":"https:\/\/pug.hr\/gimnazija\/wp-json\/wp\/v2\/media?parent=8344"}],"curies":[{"name":"wp","href":"https:\/\/api.w.org\/{rel}","templated":true}]}}