{"id":8336,"date":"2022-06-15T07:29:44","date_gmt":"2022-06-15T05:29:44","guid":{"rendered":"https:\/\/pug.hr\/gimnazija\/?page_id=8336"},"modified":"2022-06-15T07:29:45","modified_gmt":"2022-06-15T05:29:45","slug":"dok-hodas-nasim-ulicama","status":"publish","type":"page","link":"https:\/\/pug.hr\/gimnazija\/dok-hodas-nasim-ulicama\/","title":{"rendered":"Dok hoda\u0161 na\u0161im ulicama"},"content":{"rendered":"\n<p>Kao mali, svi smo mi mislili i govorili kako ne\u0107emo \u201enikad pa ni tad\u201c uzet cigaretu ili bocu alkohola u ruke. Ve\u0107ina je nas odrastala u okru\u017eenju u kojem su nas od malih nogu u\u010dili kako su droge i ovisnost na\u0161i najve\u0107i neprijatelji i da sve to treba zaobilaziti u \u0161irokom luku. Neki se i dalje pridr\u017eavaju svoje odluke iz djetinjstva, a neki su ju laka srca prekr\u0161ili. I ne, ne pri\u010dam sada o jednom ili dva pi\u0107a na tulumu kod frenda nego o ovisnosti koja je nekad milu i nevinu djevoj\u010dicu dovela do ruba. Sve je zapo\u010delo rastavom njenih roditelja kada je imala \u010detrnaest godina. Osim \u0161to je svakodnevno pu\u0161ila cigarete u tom je periodu po prvi put zapalila joint preporukom svojeg prijatelja iz klupe. Iza\u0161li su za vrijeme velikog odmora kroz stra\u017enja vrata te se popeli ljestvama na krov \u0161kole. Pogled je bio o\u010daravaju\u0107, ali nije to ono \u0161to ju je smirilo. Uzela je dim, zaka\u0161ljala se i nastavila dalje. Nakon odre\u0111enog vremena osje\u0107ala se kao da je na oblacima. U tom trenutku prestala je razmi\u0161ljati o roditeljima i njihovoj rastavi. Samo se smijala i po prvi put nakon dugo vremena osje\u0107ala nekako sretno. Nije \u017eeljela da joj to prije\u0111e u naviku, ali jednom kad se navu\u010de\u0161 na takvo \u0161to te\u0161ko se skinuti. U ranim po\u010detcima njenog konzumiranja marihuane shva\u0107ala je kako je to opasna igra koju igra. Konzumirala ju je umjereno\u00a0 koliko je to mogu\u0107e, ali onda se sve otelo kontroli. Dvije godine nakon rastave njenih roditelja, majka joj se te\u0161ko razboljela. Odlazila bi svaki dan nakon \u0161kole u bolnicu kako bi provela \u0161to vi\u0161e vremena s njom te je tako nesvjesno prestajala s pu\u0161enjem. To je trajalo svega nekoliko mjeseci, sve dok joj majka nije preminula. Shrvana tim doga\u0111ajem, osjetila je veliku prazninu, usamljenost i nesigurnost. Bez roditeljske za\u0161tite ne samo da se vratila marihuani u potpunosti, nego se upustila u te\u017ee narkotike. Danono\u0107no je tulumarila, uzimala tablete ekstazija, LSD i druge psihoaktivne droge. Mo\u017eda to ne bi sve tako bilo da ju pogre\u0161no dru\u0161tvo u koje se upetljala nije dodatno poguralo. Prestala je dolaziti u \u0161kolu, a tata koji se propio nije za to pretjerano mario. \u010cesto je mjenjala partnere te se skitala po tu\u0111im stanovima, a kulminacija svega dogodila se kada je upoznala dvadesettrogodi\u0161njeg mladi\u0107a u kojega se ludo zaljubila. Nije ni slutila da \u0107e zbog njega zavr\u0161iti na igli i heroinu. \u010cim je heroin prokolao njenom krvlju osjetila je euforiju, opu\u0161tenost i toplinu te potpuno zaboravila sve brige, probleme, boli i napetosti koje je osje\u0107ala. Bila je zadovoljna i smirena. Njezina neizmjerna potreba za drogom koja se iz dana u dan sve vi\u0161e pove\u0107avala, dovela ju je do stanja da je heroin konzumirala nekoliko puta dnevno jer se bez njega osje\u0107ala anksiozno i nemirno. Takav na\u010din \u017eivota ove mlade djevojke zavr\u0161io je predoziranjem.<\/p>\n\n\n\n<p>Ona je jedna od 6000 osoba koje u Europi godi\u0161nje umru zbog posljedica konzumiranja droge. Ako poznajete neku osobu za koju vam se \u010dini da je izgubila kontrolu u vlastitom \u017eivotu, da je izgubljena ili da joj je potrebna pomo\u0107 nemojte samo gledati kako propadaju! Pomozite im!<\/p>\n","protected":false},"excerpt":{"rendered":"<p>Kao mali, svi smo mi mislili i govorili kako ne\u0107emo \u201enikad pa ni&#8230;<\/p>\n","protected":false},"author":1,"featured_media":0,"parent":0,"menu_order":0,"comment_status":"closed","ping_status":"closed","template":"","meta":{"ngg_post_thumbnail":0,"jetpack_post_was_ever_published":false,"footnotes":""},"class_list":["post-8336","page","type-page","status-publish","hentry"],"jetpack_sharing_enabled":true,"jetpack_shortlink":"https:\/\/wp.me\/P2cktY-2as","_links":{"self":[{"href":"https:\/\/pug.hr\/gimnazija\/wp-json\/wp\/v2\/pages\/8336","targetHints":{"allow":["GET"]}}],"collection":[{"href":"https:\/\/pug.hr\/gimnazija\/wp-json\/wp\/v2\/pages"}],"about":[{"href":"https:\/\/pug.hr\/gimnazija\/wp-json\/wp\/v2\/types\/page"}],"author":[{"embeddable":true,"href":"https:\/\/pug.hr\/gimnazija\/wp-json\/wp\/v2\/users\/1"}],"replies":[{"embeddable":true,"href":"https:\/\/pug.hr\/gimnazija\/wp-json\/wp\/v2\/comments?post=8336"}],"version-history":[{"count":1,"href":"https:\/\/pug.hr\/gimnazija\/wp-json\/wp\/v2\/pages\/8336\/revisions"}],"predecessor-version":[{"id":8338,"href":"https:\/\/pug.hr\/gimnazija\/wp-json\/wp\/v2\/pages\/8336\/revisions\/8338"}],"wp:attachment":[{"href":"https:\/\/pug.hr\/gimnazija\/wp-json\/wp\/v2\/media?parent=8336"}],"curies":[{"name":"wp","href":"https:\/\/api.w.org\/{rel}","templated":true}]}}