{"id":8334,"date":"2022-06-15T07:26:12","date_gmt":"2022-06-15T05:26:12","guid":{"rendered":"https:\/\/pug.hr\/gimnazija\/?page_id=8334"},"modified":"2022-06-15T07:26:13","modified_gmt":"2022-06-15T05:26:13","slug":"izgubljeni-ljudi","status":"publish","type":"page","link":"https:\/\/pug.hr\/gimnazija\/izgubljeni-ljudi\/","title":{"rendered":"Izgubljeni ljudi"},"content":{"rendered":"\n<p><\/p>\n\n\n\n<p>Hodaju\u0107i praznim ulicama dok ki\u0161a lagano pada po mojem kaputu, dok se uli\u010dne svjetiljke gase, te se sjene ljudi polako izmi\u010du, Zagreb je grad kao i svaki. U&nbsp; njemu vlada ljubav, igra, veselje, no kao i svaki grad ima neke&nbsp; tajne koje se zavla\u010de u slijepe ulice i najmanje kutove grada. Ljudi su to \u0161to \u010dini na\u0161 grad, ali jeste li se ikada osje\u0107ali pogubljeno? Kao da znate sve, a ne znate ni\u0161ta?<\/p>\n\n\n\n<p>Kao dijete mjesto mog veselja bilo je \u0161kolsko igrali\u0161te, kvartovski kafi\u0107i i sladoled. \u0160to sam vi\u0161e odrastala po\u010dela sam shva\u0107ati vi\u0161e stvari. Stvari koje moji vr\u0161njaci dan danas ne razumiju. Promatrala sam ljude i njihove navike. Moje opa\u017eanje stvari drugima se \u010dinilo suludo. Pamtila sam izraze lica drugih ljudi, te sebi\u010dnost i iluziju u kojoj \u017eivimo. Kao djeca \u010desto \u010dujemo onu re\u010denicu \u201eti si neiskvarena du\u0161a koja \u0107e uvijek biti predobra za ovaj svijet\u201c. Istina je ta da svi dr\u017eimo fokus na krivim stvarima. Za neke je to izgubljena ljubav, za neke novac, te materijalne stvari, neki \u0107e uvijek patiti za onime \u0161to nemaju, a neki zapeti u pokvarenoj pro\u0161losti ili zamagljenoj budu\u0107nosti. Kod nas ljudi razlika je nevidljiva ljudskim okom. Poku\u0161avamo dokazati nemogu\u0107e i uklopiti se u standarde koje smo si sami nametnuli.<\/p>\n\n\n\n<p>Svi letimo kao muhe bez glave. Gledaju\u0107i samo ono \u0161to \u017eelimo vidjeti, slu\u0161aju\u0107i samo ono \u0161to \u017eelimo \u010duti, a izbjegavamo ono uistinu bitno. Nemamo mjera i nikad nam nije dosta. Zaboravljamo stvari koje su nas \u010dinile sretnima, a ako ih imamo \u010duvamo ih i kao kapljicu vode na dlanu i ne dijelimo ih. Zato \u017eivimo u dva svijeta. Prvi svijet je unutarnji svijet. On predstavlja um, misli, osje\u0107aje i nevidljiv je. Drugi svijet to jest vanjski svijet je ono kako sami sebe prezentiramo. Na\u0161 vanjski svijet odraz je unutarnjeg, te zato smatram da svi ljudski problemi kre\u0107u odatle. Zna\u010di ne svi\u0111a li nam se kako vidimo okolinu ili kako ona vidi nas prvo moramo promijeniti sebe iznutra.<\/p>\n\n\n\n<p>Najve\u0107a zabluda u kojoj \u017eivimo je novac. Iz dana u dan roditelji, prijatelji, obitelj\u2026 smatraju da nas mogu kupiti. \u010cesto u svakodnevnici \u010dujemo od nekog \u201eAli kupila sam ti\u2026\u201c. Dobar primjer toga su ljudi koji ostave obitelj radi novaca, putovanja i posla. Svi su oni izgubljeni jer su se zapetljali u tu\u0111u nesigurnost i me\u0111usobno se natje\u010du.<\/p>\n\n\n\n<p>Mnogi koji \u0107e ovo pro\u010ditati mo\u017eda se i prepoznaju, a mo\u017eda nisu ni svjesni da bi se trebali prepoznati, no ovom problemu nema rje\u0161enja. Dokle god mi sami ne po\u010dnemo raditi na sebi nitko drugi to ne\u0107e za nas, te \u0107emo se jednog dana probudit pitaju\u0107i se gdje je sve nestalo i za\u0161to na\u0161a djeca ponavljaju pogre\u0161ke koje smo mi \u010dinili. Odgovor je zbog vas. Vi ste ti koji su zapo\u010deli ovaj za\u010darani krug i jedino nas vi iz njega mo\u017eete izvu\u0107i.<\/p>\n","protected":false},"excerpt":{"rendered":"<p>Hodaju\u0107i praznim ulicama dok ki\u0161a lagano pada po mojem kaputu, dok se uli\u010dne&#8230;<\/p>\n","protected":false},"author":1,"featured_media":0,"parent":0,"menu_order":0,"comment_status":"closed","ping_status":"closed","template":"","meta":{"ngg_post_thumbnail":0,"jetpack_post_was_ever_published":false,"footnotes":""},"class_list":["post-8334","page","type-page","status-publish","hentry"],"jetpack_sharing_enabled":true,"jetpack_shortlink":"https:\/\/wp.me\/P2cktY-2aq","_links":{"self":[{"href":"https:\/\/pug.hr\/gimnazija\/wp-json\/wp\/v2\/pages\/8334","targetHints":{"allow":["GET"]}}],"collection":[{"href":"https:\/\/pug.hr\/gimnazija\/wp-json\/wp\/v2\/pages"}],"about":[{"href":"https:\/\/pug.hr\/gimnazija\/wp-json\/wp\/v2\/types\/page"}],"author":[{"embeddable":true,"href":"https:\/\/pug.hr\/gimnazija\/wp-json\/wp\/v2\/users\/1"}],"replies":[{"embeddable":true,"href":"https:\/\/pug.hr\/gimnazija\/wp-json\/wp\/v2\/comments?post=8334"}],"version-history":[{"count":1,"href":"https:\/\/pug.hr\/gimnazija\/wp-json\/wp\/v2\/pages\/8334\/revisions"}],"predecessor-version":[{"id":8335,"href":"https:\/\/pug.hr\/gimnazija\/wp-json\/wp\/v2\/pages\/8334\/revisions\/8335"}],"wp:attachment":[{"href":"https:\/\/pug.hr\/gimnazija\/wp-json\/wp\/v2\/media?parent=8334"}],"curies":[{"name":"wp","href":"https:\/\/api.w.org\/{rel}","templated":true}]}}