{"id":8,"date":"2012-02-08T06:54:10","date_gmt":"2012-02-08T06:54:10","guid":{"rendered":"http:\/\/www.pug.hr\/gimnazija\/?page_id=8"},"modified":"2025-09-15T14:58:46","modified_gmt":"2025-09-15T12:58:46","slug":"profesori","status":"publish","type":"page","link":"https:\/\/pug.hr\/gimnazija\/profesori\/","title":{"rendered":"Profesori"},"content":{"rendered":"\n<p>Ovo su stranice koje su namijenjene upoznavanju sa na\u0161im profesorima i olak\u0161avanju komunikacije izme\u0111u u\u010denika i profesora.<\/p>\n\n\n\n<p>Ovdje mo\u017eete prona\u0107i e-mail adrese na\u0161ih profesora, a nudimo Vam i stranicu s njihovim kratkim \u017eivotopisima.<\/p>\n\n\n\n<figure class=\"wp-block-table is-style-stripes\"><table><tbody><tr><td><strong>Ime i prezime<\/strong><\/td><td><strong>Predmet<\/strong><\/td><td><strong>Kontakt<\/strong><\/td><\/tr><tr><td>Andreja An\u0111elini\u0107<\/td><td>Hrvatski jezik<\/td><td><img loading=\"lazy\" decoding=\"async\" width=\"65\" height=\"47\" class=\"wp-image-520\" style=\"width: 65px;\" src=\"https:\/\/pug.hr\/gimnazija\/wp-content\/uploads\/2012\/03\/et-mini.jpg\" alt=\"\"><\/td><\/tr><tr><td>Maja Brati\u0107 Chen<br><a href=\"mailto:maja.bratic.chen@pug.hr\"><\/a><\/td><td>Talijanski jezik<\/td><td><a href=\"mailto:maja.bratic-chen@skole.hr\"><img loading=\"lazy\" decoding=\"async\" width=\"65\" height=\"47\" class=\"wp-image-520\" style=\"width: 65px;\" src=\"https:\/\/pug.hr\/gimnazija\/wp-content\/uploads\/2012\/03\/et-mini.jpg\" alt=\"\"><\/a><\/td><\/tr><tr><td>Emil Fa\u017eon<\/td><td>Njema\u010dki jezik<\/td><td><img loading=\"lazy\" decoding=\"async\" width=\"65\" height=\"47\" class=\"wp-image-520\" style=\"width: 65px;\" src=\"https:\/\/pug.hr\/gimnazija\/wp-content\/uploads\/2012\/03\/et-mini.jpg\" alt=\"\"><\/td><\/tr><tr><td>Dubravko Furlan<\/td><td>Latinski jezik<\/td><td><a href=\"mailto:dubravko.furlan@skole.hr\" target=\"_blank\" rel=\"noreferrer noopener\"><img loading=\"lazy\" decoding=\"async\" width=\"65\" height=\"47\" class=\"wp-image-520\" style=\"width: 65px;\" src=\"https:\/\/pug.hr\/gimnazija\/wp-content\/uploads\/2012\/03\/et-mini.jpg\" alt=\"\"><\/a><\/td><\/tr><tr><td>Milena Gilic Gerber<\/td><td>Engleski jezik<\/td><td><a href=\"mailto:milena.gilic.gerber@pug.hr\" target=\"_blank\" rel=\"noreferrer noopener\"><img loading=\"lazy\" decoding=\"async\" width=\"65\" height=\"47\" class=\"wp-image-520\" style=\"width: 65px;\" src=\"https:\/\/pug.hr\/gimnazija\/wp-content\/uploads\/2012\/03\/et-mini.jpg\" alt=\"\"><\/a><\/td><\/tr><tr><td>An\u0111ela Gojevi\u0107<\/td><td>Fizika<\/td><td><a href=\"mailto:milena.gilic.gerber@pug.hr\" target=\"_blank\" rel=\"noreferrer noopener\"><img loading=\"lazy\" decoding=\"async\" width=\"65\" height=\"47\" class=\"wp-image-520\" style=\"width: 65px;\" src=\"https:\/\/pug.hr\/gimnazija\/wp-content\/uploads\/2012\/03\/et-mini.jpg\" alt=\"\"><\/a><\/td><\/tr><tr><td>Nikola Had\u017ei Veljkovi\u0107<\/td><td>Informatika<\/td><td><img loading=\"lazy\" decoding=\"async\" width=\"65\" height=\"47\" class=\"wp-image-520\" style=\"width: 65px;\" src=\"https:\/\/pug.hr\/gimnazija\/wp-content\/uploads\/2012\/03\/et-mini.jpg\" alt=\"\"><\/td><\/tr><tr><td>Tea Hofmann<\/td><td><strong>Ravnateljica<\/strong>,<br>Hrvatski jezik i knji\u017eevnost<\/td><td><a href=\"mailto:ravnateljica@pug.hr\"><img decoding=\"async\" src=\"https:\/\/pug.hr\/gimnazija\/wp-content\/uploads\/2012\/03\/et-mini.jpg\" alt=\"\"><\/a><\/td><\/tr><tr><td>Fran Horvat<\/td><td>Geografija<br>Povijest<\/td><td><a href=\"mailto:fran.horvat28@skole.hr\" target=\"_blank\" rel=\"noreferrer noopener\"><img loading=\"lazy\" decoding=\"async\" width=\"65\" height=\"47\" class=\"wp-image-520\" style=\"width: 65px;\" src=\"https:\/\/pug.hr\/gimnazija\/wp-content\/uploads\/2012\/03\/et-mini.jpg\" alt=\"\"><\/a><\/td><\/tr><tr><td>Davor Kaji\u0107<\/td><td>Politika i gospodarstvo<\/td><td><a href=\"mailto:davor.kajic1@skole.hr\"><img loading=\"lazy\" decoding=\"async\" width=\"65\" height=\"47\" class=\"wp-image-520\" style=\"width: 65px;\" src=\"https:\/\/pug.hr\/gimnazija\/wp-content\/uploads\/2012\/03\/et-mini.jpg\" alt=\"\"><\/a><\/td><\/tr><tr><td>Lovro Krsnik<\/td><td>Scenska umjetnost, <br>Medijska kultura<\/td><td><a href=\"mailto:lovro.krsnik@pug.hr\"><img loading=\"lazy\" decoding=\"async\" width=\"65\" height=\"47\" class=\"wp-image-520\" style=\"width: 65px;\" src=\"https:\/\/pug.hr\/gimnazija\/wp-content\/uploads\/2012\/03\/et-mini.jpg\" alt=\"\"><\/a><\/td><\/tr><tr><td>Tajana Lovrekovi\u0107<\/td><td>Psihologija<\/td><td><img loading=\"lazy\" decoding=\"async\" width=\"65\" height=\"47\" class=\"wp-image-520\" style=\"width: 65px;\" src=\"https:\/\/pug.hr\/gimnazija\/wp-content\/uploads\/2012\/03\/et-mini.jpg\" alt=\"\"><\/td><\/tr><tr><td>Romina Makoter<\/td><td>Talijanski jezik, <br>Likovna umjetnost, <br>Filmska umjetnost<\/td><td><a href=\"mailto:romina.makoter@skole.hr\"><img loading=\"lazy\" decoding=\"async\" width=\"65\" height=\"47\" class=\"wp-image-520\" style=\"width: 65px;\" src=\"https:\/\/pug.hr\/gimnazija\/wp-content\/uploads\/2012\/03\/et-mini.jpg\" alt=\"\"><\/a><\/td><\/tr><tr><td>Luca Mandi\u0107<\/td><td>Sociologija<\/td><td><img loading=\"lazy\" decoding=\"async\" width=\"65\" height=\"47\" class=\"wp-image-520\" style=\"width: 65px;\" src=\"https:\/\/pug.hr\/gimnazija\/wp-content\/uploads\/2012\/03\/et-mini.jpg\" alt=\"\"><\/td><\/tr><tr><td>Mihaela Mari\u0107<\/td><td>Hrvatski jezik i knji\u017eevnost<\/td><td><a href=\"mailto:mihaela.maric@skole.hr\"><img loading=\"lazy\" decoding=\"async\" width=\"65\" height=\"47\" class=\"wp-image-520\" style=\"width: 65px;\" src=\"https:\/\/pug.hr\/gimnazija\/wp-content\/uploads\/2012\/03\/et-mini.jpg\" alt=\"\"><\/a><\/td><\/tr><tr><td>Kristina Marinov<\/td><td>Matematika<\/td><td><a href=\"mailto:kristina.radas@skole.hr\"><img decoding=\"async\" src=\"https:\/\/pug.hr\/gimnazija\/wp-content\/uploads\/2012\/03\/et-mini.jpg\" alt=\"\"><\/a><\/td><\/tr><tr><td>Marko Marinov<\/td><td>Matematika<\/td><td><a href=\"mailto:marko.marinov@pug.hr\"><img decoding=\"async\" src=\"https:\/\/pug.hr\/gimnazija\/wp-content\/uploads\/2012\/03\/et-mini.jpg\" alt=\"\"><\/a><\/td><\/tr><tr><td>Ivana Pavli\u010di\u0107<\/td><td>Biologija, <br>Kemija<\/td><td><img loading=\"lazy\" decoding=\"async\" width=\"65\" height=\"47\" class=\"wp-image-520\" style=\"width: 65px;\" src=\"https:\/\/pug.hr\/gimnazija\/wp-content\/uploads\/2012\/03\/et-mini.jpg\" alt=\"\"><\/td><\/tr><tr><td>Lucija Ple\u0161e<\/td><td>Glazbena umjetnost<\/td><td><img loading=\"lazy\" decoding=\"async\" width=\"65\" height=\"47\" class=\"wp-image-520\" style=\"width: 65px;\" src=\"https:\/\/pug.hr\/gimnazija\/wp-content\/uploads\/2012\/03\/et-mini.jpg\" alt=\"\"><\/td><\/tr><tr><td>Daniela Rade D\u017eeko<\/td><td>Etika, <br>Logika, <br>Filozofija<\/td><td><img loading=\"lazy\" decoding=\"async\" width=\"65\" height=\"47\" class=\"wp-image-520\" style=\"width: 65px;\" src=\"https:\/\/pug.hr\/gimnazija\/wp-content\/uploads\/2012\/03\/et-mini.jpg\" alt=\"\"><\/td><\/tr><tr><td>Irina Rajnovi\u0107 Vu\u010dkovi\u0107<\/td><td>Engleski jezik<\/td><td><a href=\"mailto:irina.rajnovic@pug.hr\"><img loading=\"lazy\" decoding=\"async\" width=\"65\" height=\"47\" class=\"wp-image-520\" style=\"width: 65px;\" src=\"https:\/\/pug.hr\/gimnazija\/wp-content\/uploads\/2012\/03\/et-mini.jpg\" alt=\"\"><\/a><\/td><\/tr><tr><td>Goran Ribari\u0107<\/td><td>Filmska umjetnost<\/td><td><a href=\"mailto:goran.ribaric@pug.hr\"><img loading=\"lazy\" decoding=\"async\" width=\"65\" height=\"47\" class=\"wp-image-520\" style=\"width: 65px;\" src=\"https:\/\/pug.hr\/gimnazija\/wp-content\/uploads\/2012\/03\/et-mini.jpg\" alt=\"\"><\/a><\/td><\/tr><tr><td>Filip Sinkovi\u0107<\/td><td>Tjelesna i zdravstvena kultura<\/td><td><img loading=\"lazy\" decoding=\"async\" width=\"65\" height=\"47\" class=\"wp-image-520\" style=\"width: 65px;\" src=\"https:\/\/pug.hr\/gimnazija\/wp-content\/uploads\/2012\/03\/et-mini.jpg\" alt=\"\"><\/td><\/tr><tr><td>Martina Stare\u0161ina<\/td><td>Engleski jezik<\/td><td><a href=\"mailto:martina.staresina@pug.hr\"><img loading=\"lazy\" decoding=\"async\" width=\"65\" height=\"47\" class=\"wp-image-520\" style=\"width: 65px;\" src=\"https:\/\/pug.hr\/gimnazija\/wp-content\/uploads\/2012\/03\/et-mini.jpg\" alt=\"\"><\/a><\/td><\/tr><tr><td>Svjetlana Vorel&nbsp;<\/td><td>Povijest<\/td><td><img loading=\"lazy\" decoding=\"async\" width=\"65\" height=\"47\" class=\"wp-image-520\" style=\"width: 65px;\" src=\"https:\/\/pug.hr\/gimnazija\/wp-content\/uploads\/2012\/03\/et-mini.jpg\" alt=\"\"><\/td><\/tr><tr><td>Sandro Vuk<\/td><td>Biologija, <br>Kemija<\/td><td><img loading=\"lazy\" decoding=\"async\" width=\"65\" height=\"47\" class=\"wp-image-520\" style=\"width: 65px;\" src=\"https:\/\/pug.hr\/gimnazija\/wp-content\/uploads\/2012\/03\/et-mini.jpg\" alt=\"\"><\/td><\/tr><tr><td>Ana Marija Zaninovi\u0107<\/td><td>Fizika<\/td><td><img loading=\"lazy\" decoding=\"async\" width=\"65\" height=\"47\" class=\"wp-image-520\" style=\"width: 65px;\" src=\"https:\/\/pug.hr\/gimnazija\/wp-content\/uploads\/2012\/03\/et-mini.jpg\" alt=\"\"><\/td><\/tr><tr><td>Tamara Zobenica<\/td><td>Francuski jezik<\/td><td><img loading=\"lazy\" decoding=\"async\" width=\"65\" height=\"47\" class=\"wp-image-520\" style=\"width: 65px;\" src=\"https:\/\/pug.hr\/gimnazija\/wp-content\/uploads\/2012\/03\/et-mini.jpg\" alt=\"\"><\/td><\/tr><\/tbody><\/table><\/figure>\n\n\n\n<p class=\"has-text-align-center\"><a title=\"\u017divotopisi profesora\" href=\"https:\/\/pug.hr\/gimnazija\/profesori\/zivotopisi-profesora\/\">\u017divotopisi profesora<\/a><\/p>\n\n\n\n<p class=\"has-text-align-center\">&nbsp;<\/p>\n","protected":false},"excerpt":{"rendered":"<p>Ovo su stranice koje su namijenjene upoznavanju sa na\u0161im profesorima i olak\u0161avanju komunikacije&#8230;<\/p>\n","protected":false},"author":1,"featured_media":0,"parent":0,"menu_order":0,"comment_status":"closed","ping_status":"open","template":"","meta":{"ngg_post_thumbnail":0,"jetpack_post_was_ever_published":false,"footnotes":""},"class_list":["post-8","page","type-page","status-publish","hentry"],"jetpack_sharing_enabled":true,"jetpack_shortlink":"https:\/\/wp.me\/P2cktY-8","_links":{"self":[{"href":"https:\/\/pug.hr\/gimnazija\/wp-json\/wp\/v2\/pages\/8","targetHints":{"allow":["GET"]}}],"collection":[{"href":"https:\/\/pug.hr\/gimnazija\/wp-json\/wp\/v2\/pages"}],"about":[{"href":"https:\/\/pug.hr\/gimnazija\/wp-json\/wp\/v2\/types\/page"}],"author":[{"embeddable":true,"href":"https:\/\/pug.hr\/gimnazija\/wp-json\/wp\/v2\/users\/1"}],"replies":[{"embeddable":true,"href":"https:\/\/pug.hr\/gimnazija\/wp-json\/wp\/v2\/comments?post=8"}],"version-history":[{"count":4,"href":"https:\/\/pug.hr\/gimnazija\/wp-json\/wp\/v2\/pages\/8\/revisions"}],"predecessor-version":[{"id":8855,"href":"https:\/\/pug.hr\/gimnazija\/wp-json\/wp\/v2\/pages\/8\/revisions\/8855"}],"wp:attachment":[{"href":"https:\/\/pug.hr\/gimnazija\/wp-json\/wp\/v2\/media?parent=8"}],"curies":[{"name":"wp","href":"https:\/\/api.w.org\/{rel}","templated":true}]}}