{"id":7743,"date":"2020-02-28T21:21:12","date_gmt":"2020-02-28T20:21:12","guid":{"rendered":"http:\/\/www.pug.hr\/gimnazija\/?page_id=7743"},"modified":"2020-03-01T16:35:00","modified_gmt":"2020-03-01T15:35:00","slug":"speaking-challenge-2020","status":"publish","type":"page","link":"https:\/\/pug.hr\/gimnazija\/speaking-challenge-2020\/","title":{"rendered":"SPEAKING CHALLENGE 2020"},"content":{"rendered":"<hr \/>\n<table width=\"100%\">\n<tbody>\n<tr>\n<td style=\"text-align: center;\"><a href=\"https:\/\/pug.hr\/gimnazija\/english-all-around\/movie-challenge-2020\/\" target=\"_blank\" rel=\"noopener\"><span style=\"color: #0000ff;\">MOVIE CHALLENGE<\/span><\/a><br class=\"\" \/><a href=\"https:\/\/pug.hr\/gimnazija\/english-all-around\/movie-challenge-2020\/\" target=\"_blank\" rel=\"noopener\"><span style=\"color: #0000ff;\"> FILMSKI IZAZOV<\/span><\/a><\/td>\n<td style=\"text-align: center;\"><a href=\"https:\/\/pug.hr\/gimnazija\/english-all-around\/music-challenge-2020\/\" target=\"_blank\" rel=\"noopener\"><span style=\"color: #0000ff;\">MUSIC CHALLENGE<\/span><\/a><br class=\"\" \/><a href=\"https:\/\/pug.hr\/gimnazija\/english-all-around\/music-challenge-2020\/\" target=\"_blank\" rel=\"noopener\"><span style=\"color: #0000ff;\"> GLAZBENI IZAZOV<\/span><\/a><\/td>\n<td style=\"text-align: center;\"><a href=\"https:\/\/pug.hr\/gimnazija\/english-all-around\/story-challenge-2020\/\" target=\"_blank\" rel=\"noopener\"><span style=\"color: #0000ff;\">STORY CHALLENGE<\/span><\/a><br class=\"\" \/><a href=\"https:\/\/pug.hr\/gimnazija\/english-all-around\/story-challenge-2020\/\" target=\"_blank\" rel=\"noopener\"><span style=\"color: #0000ff;\"> IZAZOV PRI\u010cE<\/span><\/a><\/td>\n<\/tr>\n<tr>\n<td style=\"text-align: center;\"><br class=\"\" \/><a href=\"https:\/\/pug.hr\/gimnazija\/speaking-challenge-2020\/\" target=\"_blank\" rel=\"noopener\"><span style=\"color: #0000ff;\">SPEAKING CHALLENGE<\/span><\/a><br class=\"\" \/><a href=\"https:\/\/pug.hr\/gimnazija\/speaking-challenge-2020\/\" target=\"_blank\" rel=\"noopener\"><span style=\"color: #0000ff;\"> IZAZOV GOVORENJA<\/span><\/a><\/td>\n<td style=\"text-align: center;\"><br class=\"\" \/><a href=\"https:\/\/pug.hr\/gimnazija\/english-all-around\/spelling-challenge-2020\/\" target=\"_blank\" rel=\"noopener\"><span style=\"color: #0000ff;\">SPELLING CHALLENGE<\/span><\/a><br class=\"\" \/><a href=\"https:\/\/pug.hr\/gimnazija\/english-all-around\/spelling-challenge-2020\/\" target=\"_blank\" rel=\"noopener\"><span style=\"color: #0000ff;\"> IZAZOV SRICANJA<\/span><\/a><\/td>\n<td style=\"text-align: center;\"><br class=\"\" \/><a href=\"https:\/\/pug.hr\/gimnazija\/english-all-around\/drama-challenge-2020\/\" target=\"_blank\" rel=\"noopener\"><span style=\"color: #0000ff;\">DRAMA CHALLENGE<\/span><\/a><br class=\"\" \/><a href=\"https:\/\/pug.hr\/gimnazija\/english-all-around\/drama-challenge-2020\/\" target=\"_blank\" rel=\"noopener\"><span style=\"color: #0000ff;\"> DRAMSKI IZAZOV<\/span><\/a><\/td>\n<\/tr>\n<tr>\n<td style=\"text-align: center;\"><span style=\"color: #0000ff;\">\u00a0<\/span><\/td>\n<td style=\"text-align: center;\"><br class=\"\" \/><a href=\"https:\/\/pug.hr\/gimnazija\/english-all-around\/presentation-challenge-2020\/\" target=\"_blank\" rel=\"noopener\"><span style=\"color: #0000ff;\">PRESENTATION CHALLENGE<\/span><\/a><br class=\"\" \/><a href=\"https:\/\/pug.hr\/gimnazija\/english-all-around\/presentation-challenge-2020\/\" target=\"_blank\" rel=\"noopener\"><span style=\"color: #0000ff;\"> IZAZOV IZLAGANJA<\/span><\/a><\/td>\n<td><span style=\"color: #0000ff;\">\u00a0<\/span><\/td>\n<\/tr>\n<tr>\n<td style=\"text-align: center;\"><span style=\"color: #0000ff;\">\u00a0<\/span><\/td>\n<td style=\"text-align: center;\"><br class=\"\" \/><a href=\"https:\/\/pug.hr\/gimnazija\/english-all-around\/vote-for-your-favourites-here-2020\/\" target=\"_blank\" rel=\"noopener\"><span style=\"color: #0000ff;\">VOTE FOR YOUR FAVOURITES HERE!<\/span><\/a><br class=\"\" \/><a href=\"https:\/\/pug.hr\/gimnazija\/english-all-around\/vote-for-your-favourites-here-2020\/\" target=\"_blank\" rel=\"noopener\"><span style=\"color: #0000ff;\"> ODABERITE SVOJE FAVORITE!<\/span><\/a><\/td>\n<td style=\"text-align: center;\"><br class=\"\" \/><a href=\"https:\/\/pug.hr\/gimnazija\/english-all-around\/awards-2020\/\" target=\"_blank\" rel=\"noopener\"><span style=\"color: #0000ff;\">AWARDS<\/span><\/a><br class=\"\" \/><a href=\"https:\/\/pug.hr\/gimnazija\/english-all-around\/awards-2020\/\" target=\"_blank\" rel=\"noopener\"><span style=\"color: #0000ff;\"> NAGRADE<\/span><\/a><\/td>\n<\/tr>\n<tr>\n<td style=\"text-align: center;\"><br class=\"\" \/><a href=\"https:\/\/pug.hr\/gimnazija\/english-all-around\/our-team-2020\/\" target=\"_blank\" rel=\"noopener\"><span style=\"color: #0000ff;\">OUR TEAM<\/span><\/a><br class=\"\" \/><a href=\"https:\/\/pug.hr\/gimnazija\/english-all-around\/our-team-2020\/\" target=\"_blank\" rel=\"noopener\"><span style=\"color: #0000ff;\"> NA\u0160 TIM<\/span><\/a><\/td>\n<td style=\"text-align: center;\"><br class=\"\" \/><a href=\"https:\/\/pug.hr\/gimnazija\/english-all-around\/jury-2020\/\" target=\"_blank\" rel=\"noopener\"><span style=\"color: #0000ff;\">JURY<\/span><\/a><br class=\"\" \/><a href=\"https:\/\/pug.hr\/gimnazija\/english-all-around\/jury-2020\/\" target=\"_blank\" rel=\"noopener\"><span style=\"color: #0000ff;\"> SUCI<\/span><\/a><\/td>\n<td style=\"text-align: center;\"><br class=\"\" \/><a href=\"https:\/\/pug.hr\/gimnazija\/english-all-around\/participants-2020\/\" target=\"_blank\" rel=\"noopener\"><span style=\"color: #0000ff;\">LIST OF PARTICIPANTS<\/span><\/a><br class=\"\" \/><a href=\"https:\/\/pug.hr\/gimnazija\/english-all-around\/participants-2020\/\" target=\"_blank\" rel=\"noopener\"><span style=\"color: #0000ff;\"> POPIS SUDIONIKA<\/span><\/a><\/td>\n<\/tr>\n<\/tbody>\n<\/table>\n<hr \/>\n<p style=\"text-align: center;\"><strong><u><span style=\"color: #00a0e3;\"><em>Signed up schools<\/em><\/span> &#8211; Prijavljene \u0161kole<\/u><\/strong><\/p>\n<table width=\"100%\">\n<tbody>\n<tr>\n<td style=\"text-align: center;\" width=\"326\"><span style=\"color: #00a0e3;\"><strong><em>Primary Schools<\/em><\/strong><\/span><strong>\u00a0&#8211; Osnovne \u0161kole<\/strong><\/td>\n<\/tr>\n<tr>\n<td style=\"text-align: center;\" width=\"326\"><b><a href=\"https:\/\/http:\/\/os-agmatos-vk.skole.hr\/\/\" target=\"_blank\" rel=\"noopener\">O\u0160 Antun Gustav Mato\u0161 Vinkovci<\/a><\/b><\/td>\n<\/tr>\n<tr>\n<td style=\"text-align: center;\" width=\"326\"><b><a href=\"https:\/\/osagm.hr\/\" target=\"_blank\" rel=\"noopener\">O\u0160 Antuna Gustava Mato\u0161a, Zagreb<\/a><\/b><\/td>\n<\/tr>\n<tr>\n<td style=\"text-align: center;\" width=\"326\"><b><a href=\"http:\/\/os-blato.skole.hr\/\" target=\"_blank\" rel=\"noopener\">O\u0160 Blato<\/a><\/b><\/td>\n<\/tr>\n<tr>\n<td style=\"text-align: center;\" width=\"326\"><b><a href=\"http:\/\/os-brace-radica-pakrac.skole.hr\/\" target=\"_blank\" rel=\"noopener\">O\u0160 bra\u0107e Radi\u0107, Pakrac<\/a><\/b><\/td>\n<\/tr>\n<tr>\n<td style=\"text-align: center;\" width=\"326\"><b><a href=\"http:\/\/os-frakajeadzica-pleternica.skole.hr\/\" target=\"_blank\" rel=\"noopener\">O\u0160 fra Kaje Ad\u017ei\u0107a, Pleternica<\/a><\/b><\/td>\n<\/tr>\n<tr>\n<td style=\"text-align: center;\" width=\"326\"><b><a href=\"http:\/\/os-gracani-zg.skole.hr\/\" target=\"_blank\" rel=\"noopener\">O\u0160 Gra\u010dani, Zagreb<\/a><\/b><\/td>\n<\/tr>\n<tr>\n<td style=\"text-align: center;\" width=\"326\">\u00a0<b><a href=\"http:\/\/os-grofa-jdraskovica-klenovnik.skole.hr\/\" target=\"_blank\" rel=\"noopener\">O\u0160 grofa Janka Dra\u0161kovi\u0107a, Klenovnik<\/a><\/b><\/td>\n<\/tr>\n<tr>\n<td style=\"text-align: center;\" width=\"326\"><b><a href=\"http:\/\/www.os-mladost-jaksic.skole.hr\/\" target=\"_blank\" rel=\"noopener\">O\u0160 &#8220;Mladost&#8221;, Jak\u0161i\u0107<\/a><\/b><br \/>\n<b><\/b><\/td>\n<\/tr>\n<tr>\n<td style=\"text-align: center;\" width=\"326\"><b><a href=\"http:\/\/www.os-nhribara-velikagorica.skole.hr\/\" target=\"_blank\" rel=\"noopener\">O\u0160 Nikole Hribara, V. Gorica<\/a><\/b><\/td>\n<\/tr>\n<tr>\n<td style=\"text-align: center;\" width=\"326\"><b><a href=\"http:\/\/os-trnsko-zg.skole.hr\/\" target=\"_blank\" rel=\"noopener\">O\u0160 Trnsko, Zagreb<\/a><\/b><br \/>\n<b><\/b><\/td>\n<\/tr>\n<\/tbody>\n<\/table>\n<p style=\"text-align: center;\"><br class=\"blank\" \/><br class=\"blank\" \/><\/p>\n<table width=\"630\">\n<tbody>\n<tr>\n<td style=\"text-align: center;\" width=\"258\"><span style=\"color: #00a0e3;\"><strong><em>Secondary Schools<\/em><\/strong><\/span><strong>\u00a0&#8211; Srednje \u0161kole<\/strong><\/td>\n<\/tr>\n<tr>\n<td style=\"text-align: center;\" width=\"258\"><strong><a href=\"http:\/\/ss-ekonomsko-birotehnicka-sb.skole.hr\/\">Ekonomsko-birotehni\u010dka \u0161kola, Slavonski Brod<\/a><\/strong><\/td>\n<\/tr>\n<tr>\n<td style=\"text-align: center;\" width=\"258\"><b><a href=\"http:\/\/www.gimnazija-fgalovic-koprivnica.skole.hr\/\" target=\"_blank\" rel=\"noopener\">Gimnazija \u201eFran Galovi\u0107\u201c, Koprivnica<\/a><\/b><\/td>\n<\/tr>\n<tr>\n<td style=\"text-align: center;\" width=\"258\"><b><a href=\"http:\/\/www.ss-prva-tehnicka-tesla-zg.skole.hr\/\" target=\"_blank\" rel=\"noopener\">I. tehni\u010dka \u0161kola Tesla, Zagreb<\/a><\/b><\/td>\n<\/tr>\n<tr>\n<td style=\"text-align: center;\" width=\"258\"><strong><a href=\"http:\/\/gimnazija-druga-os.skole.hr\/\">II. gimnazija, Osijek<\/a><\/strong><\/td>\n<\/tr>\n<tr>\n<td style=\"text-align: center;\" width=\"258\"><b><a href=\"http:\/\/www.gimnazija-treca-os.skole.hr\/\" target=\"_blank\" rel=\"noopener\">III. gimnazija, Osijek<\/a><\/b><\/td>\n<\/tr>\n<tr>\n<td style=\"text-align: center;\" width=\"258\"><b><a href=\"http:\/\/www.trema.hr\/\" target=\"_blank\" rel=\"noopener\">III. gimnazija, Split<\/a><\/b><\/td>\n<\/tr>\n<tr>\n<td style=\"text-align: center;\" width=\"258\">\u00a0<b><a href=\"http:\/\/ss-medicinska-os.skole.hr\/\" target=\"_blank\" rel=\"noopener\">Medicinska \u0161kola Osijek<\/a><\/b><\/td>\n<\/tr>\n<tr>\n<td style=\"text-align: center;\" width=\"258\"><b><a href=\"http:\/\/www.zrinski.org\/katarina\/\" target=\"_blank\" rel=\"noopener\">Privatna gimnazija i ekonomska \u0161kola Katarina Zrinski, Zagreb<\/a><\/b><\/td>\n<\/tr>\n<tr>\n<td style=\"text-align: center;\" width=\"258\"><b><a href=\"http:\/\/www.gimnazijaleonardo.com\/\" target=\"_blank\" rel=\"noopener\">Privatna jezi\u010dno-informati\u010dka gimnazija Leonardo da Vinci Split<\/a><\/b><\/td>\n<\/tr>\n<tr>\n<td style=\"text-align: center;\" width=\"258\"><b><a href=\"http:\/\/www.gimnazijaleonardo.com\/\" target=\"_blank\" rel=\"noopener\">\u0160kola za medicinske sestre Vinogradska, Zagreb<\/a><\/b><\/td>\n<\/tr>\n<tr>\n<td style=\"text-align: center;\" width=\"258\"><b><a href=\"http:\/\/ss-bedekovcina.skole.hr\/\" target=\"_blank\" rel=\"noopener\">Srednja \u0161kola Bedekov\u010dina, Bedekov\u010dina<\/a><\/b><\/td>\n<\/tr>\n<tr>\n<td style=\"text-align: center;\" width=\"258\"><b><a href=\"http:\/\/www.ss-fraandrijekacicamiosica-ma.skole.hr\/\" target=\"_blank\" rel=\"noopener\">Srednja \u0161kola fra Andrije Ka\u010di\u0107a Mio\u0161i\u0107a, Makarska<\/a><\/b><\/td>\n<\/tr>\n<tr>\n<td style=\"text-align: center;\" width=\"258\"><b><a href=\"http:\/\/www.ssmb.hr\/\" target=\"_blank\" rel=\"noopener\">Srednja \u0161kola Mate Bla\u017eine, Labin<\/a><\/b><br \/>\n<b><\/b><\/td>\n<\/tr>\n<tr>\n<td style=\"text-align: center;\" width=\"258\"><b><a href=\"http:\/\/ss-trg-kom-dmilas-os.skole.hr\/\" target=\"_blank\" rel=\"noopener\">Trgova\u010dka i komercijalna \u0161kola &#8221;Davor Milas&#8221;, Osijek<\/a><\/b><br \/>\n<b><\/b><\/td>\n<\/tr>\n<tr>\n<td style=\"text-align: center;\" width=\"258\"><b><a href=\"http:\/\/www.petagimnazija.hr\/\" target=\"_blank\" rel=\"noopener\">V. gimnazija, Zagreb<\/a><\/b><br \/>\n<b><\/b><\/td>\n<\/tr>\n<tr>\n<td style=\"text-align: center;\" width=\"258\">HOST:\u00a0<strong><a href=\"https:\/\/pug.hr\/gimnazija\/\">Privatna umjetni\u010dka gimnazija, Zagreb<\/a><\/strong><\/td>\n<\/tr>\n<\/tbody>\n<\/table>\n<p><br class=\"\" \/><br class=\"\" \/><\/p>\n<blockquote><p><span style=\"text-decoration: underline; color: #00a0e3;\"><strong>Speaking Challenge Topics are here!!!<\/strong><\/span><br \/>\n<br class=\"\" \/><span style=\"color: #ff0000;\"><strong>Primary schools:<\/strong><\/span><br \/>\n<br class=\"\" \/><span style=\"color: #00a0e3;\">1)\u00a0Technology\u00a0replacing\u00a0human\u00a0is\u00a0a\u00a0good\u00a0thing.<\/span><br class=\"\" \/><span style=\"color: #00a0e3;\"> 2)\u00a0Technology contributes to connecting people.<\/span><br class=\"\" \/><span style=\"color: #00a0e3;\"> 3)\u00a0We should slow down the technological development.<\/span><br class=\"\" \/><br class=\"\" \/><strong><span style=\"color: #ff0000;\">Secondary schools:<\/span><\/strong><br \/>\n<br class=\"\" \/><span style=\"color: #00a0e3;\">1)\u00a0If we create AI it would be immoral to turn it off.<\/span><br class=\"\" \/><span style=\"color: #00a0e3;\"> 2)\u00a0AI can create art.<\/span><br class=\"\" \/><span style=\"color: #00a0e3;\"> 3)\u00a0English is the only language we will need to learn in the future.<\/span><\/p><\/blockquote>\n<p><br class=\"blank\" \/><br class=\"\" \/><br class=\"\" \/><strong><u>Pravila<\/u><\/strong><\/p>\n<ul>\n<li>\u0160kole se spremaju za ovaj izazov u skladu s temom Festivala \u2013 \u201eBudu\u0107nost\u201c.<\/li>\n<li>\u0160kola mo\u017ee na Festival prijaviti najvi\u0161e dvoje u\u010denika.<\/li>\n<li>(&#8230;)<\/li>\n<li>Tri teme za osnovnu \u0161kolu i tri teme za srednju \u0161kolu \u0161alju se prijavljenim \u0161kolama i objavljuju se na internetskoj stranici Festivala i na Facebooku <span style=\"color: #ff0000;\"><strong>25. velja\u010de\u00a02019.<\/strong><\/span><\/li>\n<li>Na Festivalu \u0107e se u\u010denici nasumi\u010dno podijeliti u parove. Zatim \u0107e jedan \u010dlan toga para nasumi\u010dno izvla\u010diti jednu od tri tema, a poslije toga drugi \u010dlan para afirmacijsku ili negativnu stranu.<\/li>\n<li>Svaki par ima 15 minuta da pripremi svoj govor.<\/li>\n<li>Debata se odvija kako slijedi:\n<ul>\n<li>Uvodni govor: 2 minute za afirmaciju, 2 minute za negaciju.<\/li>\n<li>1. dio: 1 minuta za afirmaciju, 1 minuta za negaciju.<\/li>\n<li>2. dio: 1 minuta za afirmaciju, 1 minuta za negaciju.<\/li>\n<li>Zavr\u0161ni govor: 1 minuta za afirmaciju, 1 minuta za negaciju.<\/li>\n<\/ul>\n<\/li>\n<li>Suci \u0107e vrednovati i komentirati svakoga individualnog govornika te naposljetku odabrati pobjednika Izazova govorenja.<\/li>\n<\/ul>\n<p><strong><u>Rules<\/u><\/strong><\/p>\n<ul>\n<li><span style=\"color: #00a0e3;\">Schools prepare in accordance with the main topic, \u201cFuture\u201d.<\/span><\/li>\n<li><span style=\"color: #00a0e3;\">The maximum number of speakers each school can send to the Festival in this challenge is two.<\/span><\/li>\n<li>(&#8230;)<\/li>\n<li><span style=\"color: #00a0e3;\">There are three specific topics for primary schools and three for secondary schools in this challenge. These topics are sent to all registered schools and are published online at English All Around website and Facebook site on <strong><span style=\"color: #ff0000;\">25\u00a0February 2019<\/span><\/strong>:<\/span><\/li>\n<li><span style=\"color: #00a0e3;\">At the Festival, every student will be randomly assigned an opponent, and after that one member of every pair will draw one of the three topics. Then, the other member of every pair will draw the affirmative or the negative side.<\/span>\n<ul>\n<li><span style=\"color: #00a0e3;\">Every pair then has 15 minutes to prepare for their speech.<\/span><\/li>\n<li><span style=\"color: #00a0e3;\">The debate is held as follows:<\/span><\/li>\n<li><span style=\"color: #00a0e3;\">Opening speech: 2 minutes for the affirmation, 2 minutes for the negation.<\/span><\/li>\n<li><span style=\"color: #00a0e3;\">1<sup>st<\/sup> part: 1 minute for the affirmation, 1 minute for the negation.<\/span><\/li>\n<li><span style=\"color: #00a0e3;\">2<sup>nd<\/sup> part: 1 minute for the affirmation, 1 minute for the negation.<\/span><\/li>\n<li><span style=\"color: #00a0e3;\">Closing speech: 1 minute for the affirmation, 1 minute for the negation.<\/span><\/li>\n<\/ul>\n<\/li>\n<li><span style=\"color: #00a0e3;\">The judges evaluate and comment every individual speech, and chose the winner in the end.<\/span><\/li>\n<\/ul>\n<p><a href=\"https:\/\/www.facebook.com\/englishallaround.pug\/\" target=\"_blank\" rel=\"attachment wp-att-5792 noopener\"><img loading=\"lazy\" decoding=\"async\" class=\"aligncenter wp-image-5792\" src=\"https:\/\/pug.hr\/gimnazija\/wp-content\/uploads\/2017\/02\/FBEAA-1024x357.png\" alt=\"Facebook EAA\" width=\"600\" height=\"189\" \/><\/a><\/p>\n<p>&nbsp;<\/p>\n","protected":false},"excerpt":{"rendered":"<p>MOVIE CHALLENGE FILMSKI IZAZOV MUSIC CHALLENGE GLAZBENI IZAZOV STORY CHALLENGE IZAZOV PRI\u010cE SPEAKING&#8230;<\/p>\n","protected":false},"author":1,"featured_media":0,"parent":0,"menu_order":0,"comment_status":"closed","ping_status":"closed","template":"","meta":{"ngg_post_thumbnail":0,"jetpack_post_was_ever_published":false,"footnotes":""},"class_list":["post-7743","page","type-page","status-publish","hentry"],"jetpack_sharing_enabled":true,"jetpack_shortlink":"https:\/\/wp.me\/P2cktY-20T","_links":{"self":[{"href":"https:\/\/pug.hr\/gimnazija\/wp-json\/wp\/v2\/pages\/7743","targetHints":{"allow":["GET"]}}],"collection":[{"href":"https:\/\/pug.hr\/gimnazija\/wp-json\/wp\/v2\/pages"}],"about":[{"href":"https:\/\/pug.hr\/gimnazija\/wp-json\/wp\/v2\/types\/page"}],"author":[{"embeddable":true,"href":"https:\/\/pug.hr\/gimnazija\/wp-json\/wp\/v2\/users\/1"}],"replies":[{"embeddable":true,"href":"https:\/\/pug.hr\/gimnazija\/wp-json\/wp\/v2\/comments?post=7743"}],"version-history":[{"count":5,"href":"https:\/\/pug.hr\/gimnazija\/wp-json\/wp\/v2\/pages\/7743\/revisions"}],"predecessor-version":[{"id":7795,"href":"https:\/\/pug.hr\/gimnazija\/wp-json\/wp\/v2\/pages\/7743\/revisions\/7795"}],"wp:attachment":[{"href":"https:\/\/pug.hr\/gimnazija\/wp-json\/wp\/v2\/media?parent=7743"}],"curies":[{"name":"wp","href":"https:\/\/api.w.org\/{rel}","templated":true}]}}