{"id":7719,"date":"2019-12-07T08:25:39","date_gmt":"2019-12-07T07:25:39","guid":{"rendered":"http:\/\/www.pug.hr\/gimnazija\/?page_id=7719"},"modified":"2020-02-17T18:20:56","modified_gmt":"2020-02-17T17:20:56","slug":"prijava-registration","status":"publish","type":"page","link":"https:\/\/pug.hr\/gimnazija\/english-all-around\/prijava-registration\/","title":{"rendered":"PRIJAVA &#8211; REGISTRATION"},"content":{"rendered":"<p>Ranija izdanja festivala prona\u0111ite na ovim linkovima: <a href=\"http:\/\/www.pug.hr\/gimnazija\/english-all-around-2017\/\" target=\"_blank\" rel=\"noopener\">2017<\/a>, <a href=\"http:\/\/www.pug.hr\/gimnazija\/english-all-around-2018\/\" target=\"_blank\" rel=\"noopener\">2018<\/a>, <a href=\"http:\/\/www.pug.hr\/gimnazija\/english-all-around\/english-all-around-2019\/\" target=\"_blank\" rel=\"noopener\">2019<\/a>;<\/p>\n<p style=\"text-align: right;\"><span style=\"color: #00a0e3;\"><strong>Celebrating passion for English &#8230;<\/strong><\/span><\/p>\n<p>&nbsp;<\/p>\n<p><a href=\"http:\/\/www.pug.hr\/gimnazija\/wp-content\/uploads\/2017\/02\/EAA-logo-veliki.png\" rel=\"attachment wp-att-5778\"><img loading=\"lazy\" decoding=\"async\" class=\"aligncenter wp-image-5778\" src=\"http:\/\/www.pug.hr\/gimnazija\/wp-content\/uploads\/2017\/02\/EAA-logo-veliki.png\" alt=\"EAA logo veliki\" width=\"600\" height=\"361\" srcset=\"https:\/\/pug.hr\/gimnazija\/wp-content\/uploads\/2017\/02\/EAA-logo-veliki.png 1202w, https:\/\/pug.hr\/gimnazija\/wp-content\/uploads\/2017\/02\/EAA-logo-veliki-300x180.png 300w, https:\/\/pug.hr\/gimnazija\/wp-content\/uploads\/2017\/02\/EAA-logo-veliki-768x462.png 768w, https:\/\/pug.hr\/gimnazija\/wp-content\/uploads\/2017\/02\/EAA-logo-veliki-1024x616.png 1024w\" sizes=\"auto, (max-width: 600px) 100vw, 600px\" \/><\/a><\/p>\n<h2 style=\"text-align: center;\"><span style=\"color: #0000ff;\"><strong>Zagreb, 04. -05. 04. 2020.<\/strong><\/span><\/h2>\n<p style=\"text-align: center;\">Razmi\u0161ljajmo odr\u017eivo! &#8211; Let\u2019s think sustainably!<\/p>\n<h3 style=\"text-align: center;\"><a href=\"http:\/\/www.pug.hr\/gimnazija\/wp-content\/uploads\/2019\/12\/ENGLISH-ALL-AROUND-Podatci-o-festivalu-2020.pdf\" target=\"_blank\" rel=\"noopener\"><span style=\"color: #ff0000;\"><strong>&gt;&gt;&gt; Podatci o festivalu 2020.&lt;&lt;&lt;<br \/>\n<\/strong><\/span><\/a><\/h3>\n<h3 style=\"text-align: center;\"><a href=\"http:\/\/www.pug.hr\/gimnazija\/wp-content\/uploads\/2019\/12\/ENGLISH-ALL-AROUND-Information-Booklet-2020.pdf\" target=\"_blank\" rel=\"noopener\"><span style=\"color: #ff0000;\"><strong> &gt;&gt;&gt; Information booklet 2020 &lt;&lt;&lt;<br \/>\n<\/strong><\/span><\/a><\/h3>\n<p style=\"text-align: justify;\">Do <strong>31. prosinca 2019.<\/strong> sve zainteresirane osnovne i srednje \u0161kole iz Hrvatske ispunjavale su Obrazac za prijavu \u0161kola. Ova se prijava smatra samo iskazivanjem interesa za sudjelovanjem.<\/p>\n<blockquote>\n<p style=\"text-align: justify;\"><span style=\"color: #00a0e3;\">By <strong>December 31st, 2019,<\/strong> all interested primary and secondary schools from Croatia were filling out a School registration form.\u00a0<\/span><span style=\"color: #00a0e3;\">This is considered only as an expression of interest.<\/span><\/p>\n<\/blockquote>\n<p style=\"text-align: justify;\"><strong>Do 29. velja\u010de 2020.<\/strong> sve \u0161kole koje \u017eele sudjelovati na Festivalu moraju ispuniti slu\u017ebeni <a href=\"https:\/\/forms.gle\/umJ8CSrdRx3pUcsy6\" target=\"_blank\" rel=\"noopener\">OBRAZAC ZA PRIJAVU U\u010cENIKA<\/a>.<\/p>\n<p style=\"text-align: justify;\">U ovomu obrascu mentori moraju navesti u kojim izazovima sudjeluju njihovi u\u010denici te navesti njihova to\u010dna imena. Molimo mentore da sva imena napi\u0161u ispravno jer \u0107e se imena iz ovoga obrasca ispisivati na akreditacijama i certifikatima.<\/p>\n<p style=\"text-align: justify;\">Ispunjavanjem ovoga obrasca \u0161kole preuzimaju na sebe odgovornost da prijavljeni u\u010denici uistinu i sudjeluju na Festivalu <strong>4. i 5. travnja 2020.<\/strong> budu\u0107i da je broj mjesta za sudionike ograni\u010den.<\/p>\n<blockquote>\n<p style=\"text-align: justify;\"><span style=\"color: #00a0e3;\">By <strong>February 29th, 2020,<\/strong> all the schools wishing to participate must have completed the official <a href=\"https:\/\/forms.gle\/umJ8CSrdRx3pUcsy6\" target=\"_blank\" rel=\"noopener\">STUDENT PARTICIPATION FORM<\/a>. <\/span><\/p>\n<p style=\"text-align: justify;\"><span style=\"color: #00a0e3;\">In this form, the mentors have to specify in which challenges their students are participating and give their exact names. Please, make sure that all the names are spelled correctly as these will be the printed on the identification badges and certificates.<\/span><\/p>\n<p style=\"text-align: justify;\"><span style=\"color: #00a0e3;\">By filling out this form the schools take upon them the responsibility to make sure these students do actually participate at the Festival on <strong>April 4 and 5, 2020<\/strong> since the number of places available is limited. <\/span><\/p>\n<\/blockquote>\n<p style=\"text-align: justify;\">U\u010denici svih razreda osnovnih i srednjih \u0161kola mogu sudjelovati na natjecanju ako su redovni u\u010denici prijavljenih \u0161kola, a natje\u010du se u dvjema kategorijama \u2013 osnovne \u0161kole i srednje \u0161kole. Izvorni govornici engleskoga jezika i u\u010denici koji su se \u0161kolovali na engleskomu jeziku ne mogu sudjelovati u Izazovu govorenja i Izazovu sricanja.<\/p>\n<blockquote>\n<p style=\"text-align: justify;\"><span style=\"color: #00a0e3;\">Students of all ages are allowed to participate at the Festival, as long as they are regular students of the registered schools, and they compete in two categories \u2013 primary schools and secondary schools. Native speakers of English or students who were schooled in the English language cannot participate in the Speaking and Spelling Challenge. <\/span><\/p>\n<\/blockquote>\n<p style=\"text-align: justify;\">Najve\u0107i broj u\u010denika po \u0161koli koji mogu sudjelovati na Festivalu je sljede\u0107i:<\/p>\n<ul>\n<li>Filmski izazov \u2013 2 filma (2 u\u010denika po filmu na Festivalu, ali vi\u0161e ih mo\u017ee raditi na filmu)<\/li>\n<li>Glazbeni izazov \u2013 2 pjesme (2 u\u010denika po pjesmi na Festivalu, ali vi\u0161e ih mo\u017ee raditi na njoj)<\/li>\n<li>Izazov pri\u010de \u2013 2 pri\u010de (1 u\u010denik po pri\u010di)<\/li>\n<li>Dramski izazov \u2013 2 predstave (4 u\u010denika po predstavi)<\/li>\n<li>Izazov izlaganja \u2013 2 prezentacije (1 u\u010denik po prezentaciji)<\/li>\n<li>Izazov govorenja \u2013 2 govornika<\/li>\n<li>Izazov sricanja \u2013 2 u\u010denika<\/li>\n<\/ul>\n<blockquote>\n<p style=\"text-align: justify;\"><span style=\"color: #00a0e3;\">The maximum number of students that can participate at the Festival per school is:<\/span><\/p>\n<ul>\n<li><span style=\"color: #00a0e3;\">Movie Challenge \u2013 2 movies (2 students per movie at the Festival, but more can work on it)<\/span><\/li>\n<li><span style=\"color: #00a0e3;\">Music Challenge \u2013 2 songs (2 students per song at the Festival, but more can work on it)<\/span><\/li>\n<li><span style=\"color: #00a0e3;\">Story Challenge \u2013 2 stories (1 student per story)<\/span><\/li>\n<li><span style=\"color: #00a0e3;\">Drama Challenge \u2013 2 plays (4 students per play)<\/span><\/li>\n<li><span style=\"color: #00a0e3;\">Presentation Challenge \u2013 2 presentations (1 student per presentation)<\/span><\/li>\n<li><span style=\"color: #00a0e3;\">Speaking Challenge \u2013 2 speakers<\/span><\/li>\n<li><span style=\"color: #00a0e3;\">Spelling Challenge \u2013 2 spellers<\/span><\/li>\n<\/ul>\n<p>&nbsp;<\/p><\/blockquote>\n<p style=\"text-align: justify;\">Radove za Filmski izazov, Glazbeni izazov, Izazov pri\u010de, Dramski izazov i Izazov izlaganja \u0161kole \u0161alju organizatoru prije Festivala (<strong>do 29. velja\u010de 2020.<\/strong>); suci \u0107e pregledati pristigle radove i uvjeriti se udovoljavaju li pravilima sudjelovanja \u2013 oni radovi koji im ne udovoljavaju ne\u0107e biti pozvani na Festival.<\/p>\n<p style=\"text-align: justify;\">U slu\u010daju velikoga broja prijavljenih radova, suci \u0107e odabrati radove u gore navedenih pet izazova i pozvati ih na Festival.<\/p>\n<p style=\"text-align: justify;\">Poziv za sudjelovanje na Festivalu sve \u0107e \u0161kole dobiti do <strong>09. o\u017eujka 2020.<\/strong><\/p>\n<blockquote>\n<p style=\"text-align: justify;\"><span style=\"color: #00a0e3;\">Movie, Music, Story, Drama and Presentation Challenge are the ones in which the schools submit their work before the Festival (<strong>by February 29th, 2020<\/strong>); the judges will review all the received works and establish if all the requirements of the Festival are met \u2013 if not, these works will not be invited to participate on April 4 and 5. In case of a large number of applicants, the juries will pre-select the works in Movie, Music, Story, Drama and Presentation Challenge which will then be invited to the Festival.<\/span><\/p>\n<p style=\"text-align: justify;\"><span style=\"color: #00a0e3;\">The invitation to participate at the Festival will be sent to schools by <strong>March 09th 2020. <\/strong><\/span><\/p>\n<\/blockquote>\n<p style=\"text-align: justify;\">Publika \u0107e na internetu mo\u0107i glasovati za radove u Filmskomu izazovu, Glazbenomu izazovu i Izazovu pri\u010de od <strong>09. o\u017eujka 2020. do 25. o\u017eujka 2020.<\/strong><\/p>\n<p style=\"text-align: justify;\">Pobjednicima \u0107e se na Festivalu uru\u010diti Nagrada publike.<\/p>\n<blockquote>\n<p style=\"text-align: justify;\"><span style=\"color: #00a0e3;\">Online voting for the Movie, Music and Story Challenge lasts from <strong>March 09th, 2020 to March 25th, 2020. <\/strong><\/span><\/p>\n<p style=\"text-align: justify;\"><span style=\"color: #00a0e3;\">The winners in these challenges will receive a Public Vote Award. <\/span><\/p>\n<\/blockquote>\n<p style=\"text-align: justify;\">Privatna umjetni\u010dka gimnazija ne organizira smje\u0161taj, prijevoz ni hranu za sudionike Festivala.<\/p>\n<blockquote>\n<p style=\"text-align: justify;\"><span style=\"color: #00a0e3;\">Private High School for Arts does not organize accommodation, transport or food during the Festival.<\/span><\/p>\n<\/blockquote>\n","protected":false},"excerpt":{"rendered":"<p>Ranija izdanja festivala prona\u0111ite na ovim linkovima: 2017, 2018, 2019; Celebrating passion for&#8230;<\/p>\n","protected":false},"author":1,"featured_media":0,"parent":5757,"menu_order":0,"comment_status":"closed","ping_status":"closed","template":"","meta":{"ngg_post_thumbnail":0,"jetpack_post_was_ever_published":false,"footnotes":""},"class_list":["post-7719","page","type-page","status-publish","hentry"],"jetpack_sharing_enabled":true,"jetpack_shortlink":"https:\/\/wp.me\/P2cktY-20v","_links":{"self":[{"href":"https:\/\/pug.hr\/gimnazija\/wp-json\/wp\/v2\/pages\/7719","targetHints":{"allow":["GET"]}}],"collection":[{"href":"https:\/\/pug.hr\/gimnazija\/wp-json\/wp\/v2\/pages"}],"about":[{"href":"https:\/\/pug.hr\/gimnazija\/wp-json\/wp\/v2\/types\/page"}],"author":[{"embeddable":true,"href":"https:\/\/pug.hr\/gimnazija\/wp-json\/wp\/v2\/users\/1"}],"replies":[{"embeddable":true,"href":"https:\/\/pug.hr\/gimnazija\/wp-json\/wp\/v2\/comments?post=7719"}],"version-history":[{"count":6,"href":"https:\/\/pug.hr\/gimnazija\/wp-json\/wp\/v2\/pages\/7719\/revisions"}],"predecessor-version":[{"id":7740,"href":"https:\/\/pug.hr\/gimnazija\/wp-json\/wp\/v2\/pages\/7719\/revisions\/7740"}],"up":[{"embeddable":true,"href":"https:\/\/pug.hr\/gimnazija\/wp-json\/wp\/v2\/pages\/5757"}],"wp:attachment":[{"href":"https:\/\/pug.hr\/gimnazija\/wp-json\/wp\/v2\/media?parent=7719"}],"curies":[{"name":"wp","href":"https:\/\/api.w.org\/{rel}","templated":true}]}}