{"id":7706,"date":"2019-12-03T12:29:02","date_gmt":"2019-12-03T11:29:02","guid":{"rendered":"http:\/\/www.pug.hr\/gimnazija\/?page_id=7706"},"modified":"2019-12-03T12:29:02","modified_gmt":"2019-12-03T11:29:02","slug":"english-all-around-2019","status":"publish","type":"page","link":"https:\/\/pug.hr\/gimnazija\/english-all-around\/english-all-around-2019\/","title":{"rendered":"English All Around 2019"},"content":{"rendered":"<p><a href=\"http:\/\/www.pug.hr\/gimnazija\/english-all-around-2017\/\" target=\"_blank\" rel=\"noopener\"><img loading=\"lazy\" decoding=\"async\" class=\"aligncenter wp-image-6574\" src=\"http:\/\/www.pug.hr\/gimnazija\/wp-content\/uploads\/2017\/02\/EAA.jpg\" alt=\"\" width=\"590\" height=\"57\" srcset=\"https:\/\/pug.hr\/gimnazija\/wp-content\/uploads\/2017\/02\/EAA.jpg 1041w, https:\/\/pug.hr\/gimnazija\/wp-content\/uploads\/2017\/02\/EAA-300x29.jpg 300w, https:\/\/pug.hr\/gimnazija\/wp-content\/uploads\/2017\/02\/EAA-768x75.jpg 768w, https:\/\/pug.hr\/gimnazija\/wp-content\/uploads\/2017\/02\/EAA-1024x99.jpg 1024w\" sizes=\"auto, (max-width: 590px) 100vw, 590px\" \/><\/a><br \/>\n<a href=\"http:\/\/www.pug.hr\/gimnazija\/english-all-around-2018\/\" target=\"_blank\" rel=\"noopener\"><img loading=\"lazy\" decoding=\"async\" class=\"aligncenter wp-image-7137\" src=\"http:\/\/www.pug.hr\/gimnazija\/wp-content\/uploads\/2017\/02\/EAA-2018.jpg\" alt=\"\" width=\"600\" height=\"62\" srcset=\"https:\/\/pug.hr\/gimnazija\/wp-content\/uploads\/2017\/02\/EAA-2018.jpg 836w, https:\/\/pug.hr\/gimnazija\/wp-content\/uploads\/2017\/02\/EAA-2018-300x31.jpg 300w, https:\/\/pug.hr\/gimnazija\/wp-content\/uploads\/2017\/02\/EAA-2018-768x80.jpg 768w\" sizes=\"auto, (max-width: 600px) 100vw, 600px\" \/><\/a><\/p>\n<h4 style=\"text-align: center;\"><\/h4>\n<p style=\"text-align: right;\"><span style=\"color: #00a0e3;\"><strong>Celebrating passion for English &#8230;<\/strong><\/span><\/p>\n<p>[ws_table id=&#8221;88&#8243;]<\/p>\n<p>&nbsp;<\/p>\n<p><a href=\"http:\/\/www.pug.hr\/gimnazija\/wp-content\/uploads\/2017\/02\/EAA-logo-veliki.png\" rel=\"attachment wp-att-5778\"><img loading=\"lazy\" decoding=\"async\" class=\"aligncenter wp-image-5778\" src=\"http:\/\/www.pug.hr\/gimnazija\/wp-content\/uploads\/2017\/02\/EAA-logo-veliki.png\" alt=\"EAA logo veliki\" width=\"600\" height=\"361\" srcset=\"https:\/\/pug.hr\/gimnazija\/wp-content\/uploads\/2017\/02\/EAA-logo-veliki.png 1202w, https:\/\/pug.hr\/gimnazija\/wp-content\/uploads\/2017\/02\/EAA-logo-veliki-300x180.png 300w, https:\/\/pug.hr\/gimnazija\/wp-content\/uploads\/2017\/02\/EAA-logo-veliki-768x462.png 768w, https:\/\/pug.hr\/gimnazija\/wp-content\/uploads\/2017\/02\/EAA-logo-veliki-1024x616.png 1024w\" sizes=\"auto, (max-width: 600px) 100vw, 600px\" \/><\/a><\/p>\n<h2 style=\"text-align: center;\"><span style=\"color: #0000ff;\"><strong>Zagreb, 30. -31. 03. 2019.<\/strong><\/span><\/h2>\n<h3 style=\"text-align: center;\"><a href=\"http:\/\/www.pug.hr\/gimnazija\/wp-content\/uploads\/2018\/12\/ENGLISH-ALL-AROUND-Podatci-o-festivalu-2019.pdf\" target=\"_blank\" rel=\"noopener\"><span style=\"color: #ff0000;\"><strong>&gt;&gt;&gt; Podatci o festivalu 2019.&lt;&lt;&lt;<br \/>\n<\/strong><\/span><\/a><\/h3>\n<h3 style=\"text-align: center;\"><a href=\"http:\/\/www.pug.hr\/gimnazija\/wp-content\/uploads\/2019\/02\/Information-booklet-2019.pdf\" target=\"_blank\" rel=\"noopener\"><span style=\"color: #ff0000;\"><strong> &gt;&gt;&gt; Information booklet 2019 &lt;&lt;&lt;<br \/>\n<\/strong><\/span><\/a><\/h3>\n<h4 style=\"text-align: center;\"><span style=\"color: #000000;\">Za\u0161to English All Around?<\/span><\/h4>\n<p style=\"text-align: justify;\"><a href=\"http:\/\/www.pug.hr\/gimnazija\/wp-content\/uploads\/2017\/02\/Logo-plavi.png\" rel=\"attachment wp-att-5938\"><img loading=\"lazy\" decoding=\"async\" class=\"wp-image-5938 size-thumbnail alignleft\" src=\"http:\/\/www.pug.hr\/gimnazija\/wp-content\/uploads\/2017\/02\/Logo-plavi-150x150.png\" alt=\"Logo plavi\" width=\"150\" height=\"150\" \/><\/a>Privatna umjetni\u010dka gimnazija i ove godine nastavlja organizirati festival\u00a0<strong><em>English all around \u2013 Celebrating passion for English<\/em><\/strong>. Iskustvo u\u010deni\u010dkog sudjelovanja na natjecanju, u\u010denja i dru\u017eenja \u017eelimo osna\u017eiti i promicati kako bi i nove generacije mogle pokazati sve svoje talente, znanja, sposobnosti i vje\u0161tine na engleskom jeziku te maksimalno u\u017eivati u\u010de\u0107i i upoznaju\u0107i svoje vr\u0161njake iz cijele Hrvatske.<\/p>\n<p style=\"text-align: justify;\">Svi u\u010denici osnovnih i srednjih \u0161kola mogu sudjelovati u bilo kojem od ponu\u0111enih izazova: Film, Glazba, Pri\u010da, Drama, Izlaganje, Govorenje i Sricanje.<\/p>\n<blockquote>\n<h4 style=\"text-align: center;\"><span style=\"color: #00a0e3;\">Why English All Around?<\/span><\/h4>\n<p style=\"text-align: justify;\"><span style=\"color: #00a0e3;\">Private High School for Arts also\u00a0<\/span><span style=\"color: #00a0e3;\">this year\u00a0<\/span><span style=\"color: #00a0e3;\">continues to organize the festival <strong>English All around \u2013 Celebrating passion for English<\/strong>. We want to strengthen and promote the\u00a0<\/span><span style=\"color: #00a0e3;\">students&#8217;\u00a0<\/span><span style=\"color: #00a0e3;\">experience to learn and interact with their peers as well as the judges. That is why English All Around has been created \u2013 to enable new generations to show their talents, knowledge and skills in the English language, fully enjoying learning while spending time with their peers from all over Croatia.<\/span><\/p>\n<p style=\"text-align: justify;\"><span style=\"color: #00a0e3;\">All primary and secondary school students can participate in any of the following challenges: Movie, Music, Story, Drama, Presentation, Speaking, and Spelling.<\/span><\/p>\n<\/blockquote>\n<h4 style=\"text-align: center;\"><span style=\"color: #000000;\">Za\u0161to Privatna umjetni\u010dka gimnazija kao organizator?<\/span><\/h4>\n<p style=\"text-align: justify;\"><a href=\"http:\/\/www.pug.hr\/gimnazija\/wp-content\/uploads\/2012\/02\/Logo.jpg\" rel=\"attachment wp-att-180\"><img loading=\"lazy\" decoding=\"async\" class=\"alignright wp-image-180 size-thumbnail\" src=\"http:\/\/www.pug.hr\/gimnazija\/wp-content\/uploads\/2012\/02\/Logo-150x150.jpg\" alt=\"Logo\" width=\"150\" height=\"150\" srcset=\"https:\/\/pug.hr\/gimnazija\/wp-content\/uploads\/2012\/02\/Logo-150x150.jpg 150w, https:\/\/pug.hr\/gimnazija\/wp-content\/uploads\/2012\/02\/Logo-300x300.jpg 300w, https:\/\/pug.hr\/gimnazija\/wp-content\/uploads\/2012\/02\/Logo.jpg 695w\" sizes=\"auto, (max-width: 150px) 100vw, 150px\" \/><\/a>Nakon vi\u0161egodi\u0161njeg sudjelovanja na natjecanju Engleski u akciji rastu\u017eila nas je vijest da se natjecanje odga\u0111a na neodre\u0111eno vrijeme. Na\u0161i su u\u010denici uvijek vrlo zainteresirani za prilike da poka\u017eu svoju kreativnost i vje\u0161tine, a smatrali smo da je potrebno o\u010duvati manifestaciju koja \u0107e u\u010denicima osnovnih i srednjih \u0161kola omogu\u0107iti u\u017eivanje u engleskome jeziku i pokazivanje svojih radova kao krunu talenta i truda u nastavi i izvan nje.<\/p>\n<p style=\"text-align: justify;\">Zato smo 2017. godine odlu\u010dili da se u\u010denici i njihovi mentori okupe u na\u0161oj organizaciji i proslave tu strast koju gaje za engleskim.\u00a0Shvatili smo da u na\u0161em svakodnevnom radu, kroz brojne kontakte s uglednicima i institucijama \u0161irom Hrvatske mo\u017eemo stvoriti sve potrebne preduvjete da se ovakav festival mo\u017ee uspje\u0161no odr\u017eati. Vi\u0161e od 300 sudionika iz 32 \u0161kole iz cijele Hrvatske obilje\u017eilo je prvo izdanje festivala.<\/p>\n<p style=\"text-align: justify;\">2018. postali smo jo\u0161 ambiciozniji &#8211; dodali smo izazov izlaganja, jo\u0161 ranije krenuli u pripreme i dosegli broj od 52 \u0161kole i preko 500 sudionika! Kao pokrovitelji pojavili su se veleposlanstvo Australije i Indije!<\/p>\n<p style=\"text-align: justify;\">Ove 2019. nema novih izazova, ali o\u010dekuju se novi sudionici i novi pokrovitelji! Izgleda da bi mogao biti jo\u0161 jedan sjajan festival!<\/p>\n<blockquote>\n<h4 style=\"text-align: center;\"><span style=\"color: #00a0e3;\">Why\u00a0Private High School for Arts as the organiser?<\/span><\/h4>\n<p style=\"text-align: justify;\"><span style=\"color: #00a0e3;\">After several years of participating in English in Action competition, we were saddened by the news that the competition was cancelled. Our students have always been interested in showing their creativity and skills, and we thought that it was necessary to continue with a competition that will enable primary and secondary school students enjoy the English language and show their work as a crown of talent and hard work in and out of class.<\/span><\/p>\n<p style=\"text-align: justify;\"><span style=\"color: #00a0e3;\">That is why in 2017 we have decided to gather students and their mentors ourselves, in order to celebrate their passion for English together.\u00a0<\/span><span style=\"color: #00a0e3;\">We have realized that in our everyday work, through many contacts with experts and institutions all around Croatia, we can create the necessary preconditions for organising such a festival successfully. Over 300 participants from 32 schools came to the festival.<\/span><\/p>\n<p style=\"text-align: justify;\"><span style=\"color: #00a0e3;\">In 2018, we got even more ambitious &#8211; we added Presentation chalenge, even earlier\u00a0commenced preparations and we had 52 schools and more than 500 participants! We were supported for the first time by Australian and Indian Embassy.<\/span><\/p>\n<p style=\"text-align: justify;\"><span style=\"color: #00a0e3;\">In this 2019. we will not be adding any new challenges, but we are expecting new participants and new supporters.<\/span><\/p>\n<\/blockquote>\n<h4 style=\"text-align: center;\"><span style=\"color: #000000;\">Za\u0161to &#8220;Budu\u0107nost&#8221; kao ovogodi\u0161nja tema?<\/span><\/h4>\n<p style=\"text-align: justify;\">I ove smo godine svim zainteresiranima &#8211; u\u010denicima, mentorima, sucima i svima drugima &#8211; ponudili pet tema koje smo smatrali interesantnima, dovoljno \u0161irokima da se u njima razma\u0161e kreativnost na\u0161ih u\u010denika. Vi\u0161e o svih pet tema mo\u017eete prona\u0107i <a href=\"http:\/\/www.pug.hr\/gimnazija\/odaberite-temu-festivala-2019-choose-the-festivals-topic-for-2019\/\">OVDJE<\/a>.<\/p>\n<p style=\"text-align: justify;\">Nakon prebrojavanja glasova posjetitelja &#8211; odabrana je tema <strong>Budu\u0107nost<\/strong>.<\/p>\n<p style=\"text-align: justify;\">Ni\u017ee mo\u017eete pro\u010ditati opis ove teme koji ne uklju\u010duje obvezatne smjernice, niti iscrpljuje sve o \u010demu se pod ovom temom mo\u017ee raspravljati. U\u010denici i njihovi mentori mogu slobodno ovu temu obraditi na koji god kreativan na\u010din \u017eele!<\/p>\n<p style=\"text-align: justify;\">Tema je vrlo \u0161iroka te pru\u017ea u\u010denicima mnogo mogu\u0107nosti da se izraze kroz film, glazbu, tekst, predstavu i govor.<\/p>\n<blockquote>\n<h4 style=\"text-align: center;\"><span style=\"color: #00a0e3;\">Why\u00a0\u201cThe future\u201d as the main theme this year?<\/span><\/h4>\n<p style=\"text-align: justify;\"><span style=\"color: #00a0e3;\">This year we again proposed to everyone interested &#8211; students, mentors, judges and everyone else &#8211; five themes which we deemed interesting, broad enough to enable creativity of our students spreading its wings. More about all five topics can be found <a href=\"http:\/\/www.pug.hr\/gimnazija\/odaberite-temu-festivala-2019-choose-the-festivals-topic-for-2019\/\">HERE<\/a><\/span><\/p>\n<p style=\"text-align: justify;\"><span style=\"color: #00a0e3;\">Upon counting votes received &#8211; the chosen theme was &#8220;<strong>The Future<\/strong>&#8220;.<\/span><\/p>\n<p style=\"text-align: justify;\"><span style=\"color: #00a0e3;\">Below you can find some descriptions of this topic, but they are far from being the mandatory guidelines or exhaustive of what can be covered under a particular topic. Students, under the guidance of their mentors, are free to cover this topic in any creative way they wish!<\/span><\/p>\n<p style=\"text-align: justify;\"><span style=\"color: #00a0e3;\">The theme is very broad and it gives students the opportunity to express themselves through movie, music, text, speech and a play. Furthermore, in this way they can speak up about many challenges, unsolved questions and further opportunities for self-growth.<\/span><\/p>\n<p>&nbsp;<\/p><\/blockquote>\n<p>&nbsp;<\/p>\n<table width=\"100%\">\n<tbody>\n<tr>\n<td>\n<h3 style=\"text-align: center;\">Budu\u0107nost<\/h3>\n<\/td>\n<td>\n<h3 style=\"text-align: center;\"><span style=\"color: #0000ff;\">THE FUTURE<\/span><\/h3>\n<\/td>\n<\/tr>\n<tr>\n<td>\n<ul>\n<li>kako zami\u0161ljate bli\u017eu budu\u0107nost, a kako daleku budu\u0107nost?<\/li>\n<li>Kako \u0107e izgledati \u010dovjek budu\u0107nosti?<\/li>\n<li>Ho\u0107e li tehnologija zamijeniti \u010dovjeka?<\/li>\n<li>Poslovi budu\u0107nosti \u2013 ho\u0107e li ljudi uop\u0107e trebati raditi ili \u0107e ih zamijeniti strojevi?<\/li>\n<li>Ho\u0107e li se mo\u0107i svoju svijest, razum i osje\u0107aje prebaciti i pohraniti na ra\u010dunalo?<\/li>\n<\/ul>\n<\/td>\n<td>\n<ul>\n<li><span style=\"color: #0000ff;\">How do you imagine the near and the far future?<\/span><\/li>\n<li><span style=\"color: #0000ff;\">What will the human from the future look like?<\/span><\/li>\n<li><span style=\"color: #0000ff;\">Will technology replace the human?<\/span><\/li>\n<li><span style=\"color: #0000ff;\">Jobs in the future &#8211; will people need to work at all or will they be replaced by machines?<\/span><\/li>\n<li><span style=\"color: #0000ff;\">Will humans be able to store their consciousness, mind and feelings on a computer?<\/span><\/li>\n<\/ul>\n<\/td>\n<\/tr>\n<tr>\n<td><strong>Umjetna inteligencija<\/strong><\/td>\n<td><span style=\"color: #0000ff;\"><strong>ARTIFICIAL INTELLIGENCE<\/strong><\/span><\/td>\n<\/tr>\n<tr>\n<td>\n<ul>\n<li>Razvoj umjetne inteligencije, pozitivno ili negativno?<\/li>\n<li>Ho\u0107e li pobolj\u0161ati ljudski \u017eivot ili ga pogor\u0161ati?<\/li>\n<li>Moralne dileme \u2013 da li je to stroj ili je stvorenje jer mo\u017ee razmi\u0161ljati?<\/li>\n<li>Za\u0161tita od negativnih posljedica \u2013 \u0161to mo\u017eemo u\u010diniti?<\/li>\n<li>Ho\u0107e li razvoj umjetne inteligencije dovesti do razvoja naprednih robota?<\/li>\n<li>Kako razlikovati robota od \u010dovjeka?<\/li>\n<\/ul>\n<\/td>\n<td>\n<ul>\n<li><span style=\"color: #0000ff;\">Is the development of Artificial Inteligence positive or negative?<\/span><\/li>\n<li><span style=\"color: #0000ff;\">Will Artificial Inteligence improve the human life or make it worse?<\/span><\/li>\n<li><span style=\"color: #0000ff;\">Moral dilemmas \u2013 a machine or thoughtful being?<\/span><\/li>\n<li><span style=\"color: #0000ff;\">Protection against negative consequences of Artificial Inteligence<\/span><\/li>\n<li><span style=\"color: #0000ff;\">Will the development of Artificial Inteligence lead to the development of advanced robots?<\/span><\/li>\n<li><span style=\"color: #0000ff;\">How to tell the difference between robot and human?<\/span><\/li>\n<\/ul>\n<\/td>\n<\/tr>\n<tr>\n<td><strong>Odnosi nekada, sada i u budu\u0107nosti<\/strong><\/td>\n<td><span style=\"color: #0000ff;\"><strong>RELATIONSHIPS \u2013 PAST, PRESENT, FUTURE<\/strong><\/span><\/td>\n<\/tr>\n<tr>\n<td>\n<ul>\n<li>Mijenjaju li se ljudski odnosi tijekom vremena?<\/li>\n<li>Kakvi su odnosi danas, a kakvi su bili nekada?<\/li>\n<li>Zamislite odnose u budu\u0107nosti. Po \u010demu se razlikuju od onoga danas<\/li>\n<li>\u0160to je bila ljubav prije 500 godina, a \u0161to je danas? Kakva \u0107e biti u 22. stolje\u0107u?<\/li>\n<li>Je li se poimanje prijateljstva promijenilo? \u0160to \u0107e s njime biti u budu\u0107nosti?<\/li>\n<\/ul>\n<\/td>\n<td>\n<ul>\n<li><span style=\"color: #0000ff;\">Do human relations change over time?<\/span><\/li>\n<li><span style=\"color: #0000ff;\">Human relations todays vs. human relations in the past<\/span><\/li>\n<li><span style=\"color: #0000ff;\">Human relations today vs. human relations in the future<\/span><\/li>\n<li><span style=\"color: #0000ff;\">What was love 500 years ago, and what is it today? What will love look like in the 22nd century?<\/span><\/li>\n<li><span style=\"color: #0000ff;\">Has the concept of friendship changed? What will happen to friendships in the future?<\/span><\/li>\n<\/ul>\n<\/td>\n<\/tr>\n<tr>\n<td><strong>Komunikacija<\/strong><\/td>\n<td><span style=\"color: #0000ff;\"><strong>COMMUNICATION<\/strong><\/span><\/td>\n<\/tr>\n<tr>\n<td>\n<ul>\n<li>Jesu li dru\u0161tvene mre\u017ee zamijenile osobne susrete?<\/li>\n<li>Mo\u017eemo li zamisliti komunikaciju bez moderne tehnologije u sada\u0161njosti? \u0160to \u0107e biti u budu\u0107nosti?<\/li>\n<li>Koje su negativne posljedice moderne komunikacije? Kako se za\u0161titi\/zaustaviti?<\/li>\n<\/ul>\n<\/td>\n<td>\n<ul>\n<li><span style=\"color: #0000ff;\">Have social media networks replaced face-to-face meetings?<\/span><\/li>\n<li><span style=\"color: #0000ff;\">Can we imagine communication without today\u2019s modern technology? What will happen in the future?<\/span><\/li>\n<li><span style=\"color: #0000ff;\">What are the negative consequences of modern technology? How to protect ourselves from the consequences? How to stop them?<\/span><\/li>\n<\/ul>\n<\/td>\n<\/tr>\n<tr>\n<td><strong>Jezici (2019. je UN-ova godina za\u0161tite autohtonih jezika) <\/strong><\/td>\n<td><span style=\"color: #0000ff;\"><strong>LANGUAGE &#8211; UNESCO \u2013 2019 is the INTERNATIONAL YEAR OF INDIGENOUS LANGUAGES<\/strong><\/span><\/td>\n<\/tr>\n<tr>\n<td>\n<ul>\n<li>Kako jezik mo\u017ee izumrijeti?<\/li>\n<li>Kako za\u0161tititi jezike od izumiranja?<\/li>\n<li>Da li je engleski jezik opasnost za druge jezike?<\/li>\n<li>Da li je English All Around opasnost za druge jezike?<\/li>\n<li>Hrvatski jezik \u2013 je li i on u opasnosti?<\/li>\n<\/ul>\n<\/td>\n<td>\n<ul>\n<li><span style=\"color: #0000ff;\">How can a language go extinct?<\/span><\/li>\n<li><span style=\"color: #0000ff;\">How to protect a language from extinction?<\/span><\/li>\n<li><span style=\"color: #0000ff;\">Does English represent a danger for other languages?<\/span><\/li>\n<li><span style=\"color: #0000ff;\">Does English All Around represent a danger for other languages?<\/span><\/li>\n<li><span style=\"color: #0000ff;\">Is Croatian language endangered?<\/span><\/li>\n<\/ul>\n<\/td>\n<\/tr>\n<\/tbody>\n<\/table>\n<p>&nbsp;<\/p>\n<p><a href=\"http:\/\/www.pug.hr\/gimnazija\/wp-content\/uploads\/2017\/02\/Schedule-3003.jpg\">Raspored za subotu, 30. o\u017eujka 2019. &#8211; Schedule for Saturday, March 30th<\/a><a href=\"http:\/\/www.pug.hr\/gimnazija\/wp-content\/uploads\/2017\/02\/Schedule-3003.jpg\"><img loading=\"lazy\" decoding=\"async\" class=\"aligncenter wp-image-7337\" src=\"http:\/\/www.pug.hr\/gimnazija\/wp-content\/uploads\/2017\/02\/Schedule-3003.jpg\" alt=\"\" width=\"600\" height=\"344\" srcset=\"https:\/\/pug.hr\/gimnazija\/wp-content\/uploads\/2017\/02\/Schedule-3003.jpg 1833w, https:\/\/pug.hr\/gimnazija\/wp-content\/uploads\/2017\/02\/Schedule-3003-300x172.jpg 300w, https:\/\/pug.hr\/gimnazija\/wp-content\/uploads\/2017\/02\/Schedule-3003-768x441.jpg 768w, https:\/\/pug.hr\/gimnazija\/wp-content\/uploads\/2017\/02\/Schedule-3003-1024x588.jpg 1024w\" sizes=\"auto, (max-width: 600px) 100vw, 600px\" \/><\/a><\/p>\n<p><a href=\"http:\/\/www.pug.hr\/gimnazija\/wp-content\/uploads\/2017\/02\/Schedule-3003.jpg\">Raspored za nedjelju, 31. o\u017eujka 2019. &#8211; Schedule for Sunday, March 31 st<\/a><a href=\"http:\/\/www.pug.hr\/gimnazija\/wp-content\/uploads\/2017\/02\/Schedule-3103.jpg\"><img loading=\"lazy\" decoding=\"async\" class=\"aligncenter wp-image-7338\" src=\"http:\/\/www.pug.hr\/gimnazija\/wp-content\/uploads\/2017\/02\/Schedule-3103.jpg\" alt=\"\" width=\"600\" height=\"338\" srcset=\"https:\/\/pug.hr\/gimnazija\/wp-content\/uploads\/2017\/02\/Schedule-3103.jpg 1893w, https:\/\/pug.hr\/gimnazija\/wp-content\/uploads\/2017\/02\/Schedule-3103-300x169.jpg 300w, https:\/\/pug.hr\/gimnazija\/wp-content\/uploads\/2017\/02\/Schedule-3103-768x432.jpg 768w, https:\/\/pug.hr\/gimnazija\/wp-content\/uploads\/2017\/02\/Schedule-3103-1024x577.jpg 1024w\" sizes=\"auto, (max-width: 600px) 100vw, 600px\" \/><\/a><\/p>\n<p>&nbsp;<\/p>\n<p><strong>PRONA\u0110ITE NAS NA FACEBOOKU\/<span style=\"color: #0000ff;\">FIND US ON FACEBOOK<\/span>:<\/strong><\/p>\n<p><a href=\"https:\/\/www.facebook.com\/englishallaround.pug\/\" target=\"_blank\" rel=\"attachment wp-att-5792 noopener\"><img loading=\"lazy\" decoding=\"async\" class=\"aligncenter wp-image-5792\" src=\"http:\/\/www.pug.hr\/gimnazija\/wp-content\/uploads\/2017\/02\/FBEAA-1024x357.png\" alt=\"Facebook EAA\" width=\"600\" height=\"189\" \/><\/a><\/p>\n<p>[ws_table id=&#8221;88&#8243;]<\/p>\n","protected":false},"excerpt":{"rendered":"<p>Celebrating passion for English &#8230; [ws_table id=&#8221;88&#8243;] &nbsp; Zagreb, 30. -31. 03. 2019&#8230;.<\/p>\n","protected":false},"author":1,"featured_media":0,"parent":5757,"menu_order":0,"comment_status":"closed","ping_status":"closed","template":"","meta":{"ngg_post_thumbnail":0,"jetpack_post_was_ever_published":false,"footnotes":""},"class_list":["post-7706","page","type-page","status-publish","hentry"],"jetpack_sharing_enabled":true,"jetpack_shortlink":"https:\/\/wp.me\/P2cktY-20i","_links":{"self":[{"href":"https:\/\/pug.hr\/gimnazija\/wp-json\/wp\/v2\/pages\/7706","targetHints":{"allow":["GET"]}}],"collection":[{"href":"https:\/\/pug.hr\/gimnazija\/wp-json\/wp\/v2\/pages"}],"about":[{"href":"https:\/\/pug.hr\/gimnazija\/wp-json\/wp\/v2\/types\/page"}],"author":[{"embeddable":true,"href":"https:\/\/pug.hr\/gimnazija\/wp-json\/wp\/v2\/users\/1"}],"replies":[{"embeddable":true,"href":"https:\/\/pug.hr\/gimnazija\/wp-json\/wp\/v2\/comments?post=7706"}],"version-history":[{"count":1,"href":"https:\/\/pug.hr\/gimnazija\/wp-json\/wp\/v2\/pages\/7706\/revisions"}],"predecessor-version":[{"id":7707,"href":"https:\/\/pug.hr\/gimnazija\/wp-json\/wp\/v2\/pages\/7706\/revisions\/7707"}],"up":[{"embeddable":true,"href":"https:\/\/pug.hr\/gimnazija\/wp-json\/wp\/v2\/pages\/5757"}],"wp:attachment":[{"href":"https:\/\/pug.hr\/gimnazija\/wp-json\/wp\/v2\/media?parent=7706"}],"curies":[{"name":"wp","href":"https:\/\/api.w.org\/{rel}","templated":true}]}}