{"id":7493,"date":"2019-06-05T14:38:53","date_gmt":"2019-06-05T12:38:53","guid":{"rendered":"http:\/\/www.pug.hr\/gimnazija\/?page_id=7493"},"modified":"2020-05-29T11:08:42","modified_gmt":"2020-05-29T09:08:42","slug":"natjecaj-za-upis-u-prvi-razred-u-skolskoj-godini-2019-2020","status":"publish","type":"page","link":"https:\/\/pug.hr\/gimnazija\/upisi\/natjecaj-za-upis-u-prvi-razred-u-skolskoj-godini-2019-2020\/","title":{"rendered":"Natje\u010daj za upis u prvi razred u \u0161kolskoj godini 2019.-2020."},"content":{"rendered":"<p style=\"text-align: justify;\">Slijedom \u201eOdluke o upisu u\u010denika u I. razred u \u0161kolskoj godini 2019.\/2020.\u201c koju je 19.\u00a0o\u017eujka 2019. godine donio \u0160kolski odbor Privatne umjetni\u010dke gimnazije i slijedom <strong>\u201eOdluke o upisu u\u010denika u I. razred srednje \u0161kole u \u0161kolskoj godini 2019.\/2020.\u201c<\/strong> koju je\u00a020. svibnja 2019. donijela ministrica znanosti i obrazovanja, Privatna umjetni\u010dka gimnazija s pravom javnosti (u daljnjem tekstu Gimnazija) ogla\u0161ava<\/p>\n<p align=\"center\"><b>NATJE\u010cAJ ZA UPIS U\u010cENIKA U PRVI RAZRED SREDNJE \u0160KOLE<\/b><\/p>\n<p align=\"center\"><strong><span style=\"line-height: 1.5em;\">1.\u00a0<\/span><\/strong><\/p>\n<p>Gimnazija ogla\u0161ava natje\u010daj za upis 88 u\u010denika u prvi razred u \u010detiri razredna odjeljenja po sljede\u0107im programima u trajanju od 4 godine.<\/p>\n<ul>\n<li>program Umjetni\u010dke gimnazije (\u0161ifra programa 320704) 48 u\u010denika u dva razredna odjeljenja<\/li>\n<li>program Jezi\u010dne gimnazije\u00a0(\u0161ifra programa 320304) 20 u\u010denika u jednom razrednom odjeljenju<\/li>\n<li>program Op\u0107e gimnazije (\u0161ifra programa 320104) 20 u\u010denika u jednom razrednom odjeljenju.<\/li>\n<\/ul>\n<p>&nbsp;<\/p>\n<p style=\"text-align: center;\"><strong><span style=\"line-height: 1.5em;\">2.\u00a0<\/span><\/strong><\/p>\n<p style=\"text-align: justify;\">U\u010denici se u Gimnaziju upisuju koriste\u0107i Nacionalni informacijski sustav prijava i upisa u srednje \u0161kole (NISPUS\u0160) na web stranici <a href=\"www.upisi.hr\">www.upisi.hr<\/a>.<\/p>\n<p style=\"text-align: center;\"><strong>3.<\/strong><\/p>\n<p style=\"text-align: justify;\">Pravo upisa u prvi razred imaju svi u\u010denici koji zadovoljavaju uvjete prema \u201e<strong>Pravilniku o elementima i kriterijima za izbor kandidata za upis u I. razred srednje \u0161kole\u201c koji je donio ministar znanosti, obrazovanja i sporta 29. travnja 2015. godine (NN 49\/15 i NN 47\/17 &#8211; u daljnjem tekstu \u201ePravilnik\u201c).<\/strong><br \/>\nPreduvjet za upis je obostrani potpis Ugovora o \u0161kolovanju nakon razgovora u\u010denika s ravnateljicom Gimnazije i\/ili \u010dlanovima upisnog povjerenstva tijekom kojega se uo\u010dava interes za kulturne i umjetni\u010dke sadr\u017eaje. Razgovor je mogu\u0107e obaviti i ugovor potpisati bilo kada tijekom godine do datuma navedenog u donjoj tablici.<\/p>\n<p style=\"text-align: center;\"><strong>4.<\/strong><\/p>\n<p style=\"text-align: justify;\"><strong>Rokove za upis u\u010denika propisala je ministrica znanosti i obrazovanja i mogu se na\u0107i na poveznici <a href=\"https:\/\/narodne-novine.nn.hr\/clanci\/sluzbeni\/2019_05_53_1020.html\" target=\"_blank\" rel=\"noopener\">(Odluka o upisu MZO)<\/a>,<\/strong> a Gimnazija je odlu\u010dila o posebno istaknutim rokovima:<\/p>\n<p>[ws_table id=&#8221;92&#8243;]<\/p>\n<p>U jesenskom roku datumi su sljede\u0107i:<\/p>\n<p>[ws_table id=&#8221;93&#8243;]<\/p>\n<p style=\"text-align: center;\"><strong>\u00a05.<\/strong><\/p>\n<p style=\"text-align: justify;\">U skladu s Pravilnikom zajedni\u010dki element vrednovanja za upis kandidata u sve srednjo\u0161kolske programe obrazovanja \u010dine prosjeci zaklju\u010dnih ocjena iz svih nastavnih predmeta na dvije decimale u posljednja \u010detiri razreda osnovnog obrazovanja.<br \/>\nZa upis kandidata u programe Gimnazije, uz gore navdene prosjeke, vrednuju se i zaklju\u010dne ocjene u posljednja dva razreda osnovnog obrazovanja iz nastavnih predmeta: Hrvatski jezik, Matematika i prvi strani jezik<\/p>\n<p style=\"text-align: justify;\">Za program Umjetni\u010dke gimnazije vrednuju se jo\u0161 i Likovna kultura, Glazbena kultura, te \u0161esti predmet\u00a0<strong>Povijest<\/strong><\/p>\n<p>Za programe Op\u0107e gimnazije i Jezi\u010dne gimnazije vrednuju se jo\u0161 i Povijest i Geografija, te \u0161esti predmet\u00a0<strong>Likovna kultura<\/strong><\/p>\n<p style=\"text-align: justify;\">U\u010denici koji nemaju ocjenu iz engleskog jezika iz osnovne \u0161kole trebaju podnijeti pismeni zahtjev Gimnaziji radi provo\u0111enja ispita znanja engleskog jezika prije upisa u Gimnaziju.<\/p>\n<p style=\"text-align: center;\"><strong>6.<\/strong><\/p>\n<p style=\"text-align: justify;\">Vrednovanje rezultata kandidata postignutih na natjecanjima iz znanja i u sportu provodi NISPUS\u0160 u skladu s Pravilnikom i Odlukom ministra, a Gimnazija posebno pri upisu u program Umjetni\u010dke gimnazije ocjenjuje Natjecanje iz geografije, a pri upisu u Programe Jezi\u010dne gimnazije i Op\u0107e gimnazije ocjenjuje Natjecanje iz biologije.<\/p>\n<p style=\"text-align: center;\"><strong>7.<\/strong><\/p>\n<p style=\"text-align: justify;\">Sukladno Jedinstvenome popisu zdravstvenih kontraindikacija srednjo\u0161kolskih programa u svrhu upisa u I. razred srednje \u0161kole, jedini zdravstveni zahtjev za upis u programe Gimnazije je uredno kognitivno funkcioniranje kao preduvjet za svladavanje nastavnoga programa u intelektualnome smislu. Zdravstvena kontraindikacija su kroni\u010dni poreme\u0107aji koji znatno remete kognitivno funkcioniranje.<\/p>\n<p style=\"text-align: center;\"><strong>8.<\/strong><\/p>\n<p style=\"text-align: justify;\">Upis u program Umjetni\u010dke gimnazije u\u010denik\/ca potvr\u0111uje dostavom obrasca (upisnice) dostupnog na mre\u017enoj stranici NISPUS\u0160-a (<a href=\"www.upisi.hr\">www.upisi.hr<\/a>), na kojoj moraju biti vlastoru\u010dni potpisi u\u010denika\/ce i potpisi roditelja\/skrbnika u gore navedenom roku.<\/p>\n<p style=\"text-align: center;\"><strong>9.<\/strong><\/p>\n<p style=\"text-align: justify;\">U\u010denicima je obavezni prvi strani jezik Engleski, a drugi Talijanski.<\/p>\n<p style=\"text-align: center;\"><strong>10.<\/strong><\/p>\n<p style=\"text-align: justify;\">\u0160kolarina iznosi 33.000,00 kn za \u0161kolsku godinu 2019.\/2020. i uklju\u010duje organizaciju redovne, dopunske i dodatne nastave, rad u radionicama, ulaznice za posjete scenskim predstavama, muzejima, galerijama, kulturnim spomenicima i kulturnim institucijama u Zagrebu, koje \u0161kola organizira kao dio nastavnog procesa.<br \/>\n\u0160kolarina ne uklju\u010duje prehranu, ud\u017ebenike, u\u010deni\u010dki pribor i tro\u0161kove stru\u010dnih putovanja.<br \/>\nIznos \u0161kolarine mogu\u0107e je platiti u ratama prema dogovoru s upravom \u0160kole. U slu\u010daju uplate cjelokupnog iznosa unaprijed odobrava se smanjen iznos \u0161kolarine.<\/p>\n<p>U Zagrebu, 04. lipnja 2019.<\/p>\n<p>&nbsp;<\/p>\n","protected":false},"excerpt":{"rendered":"<p>Slijedom \u201eOdluke o upisu u\u010denika u I. razred u \u0161kolskoj godini 2019.\/2020.\u201c koju&#8230;<\/p>\n","protected":false},"author":1,"featured_media":0,"parent":12,"menu_order":0,"comment_status":"closed","ping_status":"closed","template":"","meta":{"ngg_post_thumbnail":0,"jetpack_post_was_ever_published":false,"footnotes":""},"class_list":["post-7493","page","type-page","status-publish","hentry"],"jetpack_sharing_enabled":true,"jetpack_shortlink":"https:\/\/wp.me\/P2cktY-1WR","_links":{"self":[{"href":"https:\/\/pug.hr\/gimnazija\/wp-json\/wp\/v2\/pages\/7493","targetHints":{"allow":["GET"]}}],"collection":[{"href":"https:\/\/pug.hr\/gimnazija\/wp-json\/wp\/v2\/pages"}],"about":[{"href":"https:\/\/pug.hr\/gimnazija\/wp-json\/wp\/v2\/types\/page"}],"author":[{"embeddable":true,"href":"https:\/\/pug.hr\/gimnazija\/wp-json\/wp\/v2\/users\/1"}],"replies":[{"embeddable":true,"href":"https:\/\/pug.hr\/gimnazija\/wp-json\/wp\/v2\/comments?post=7493"}],"version-history":[{"count":1,"href":"https:\/\/pug.hr\/gimnazija\/wp-json\/wp\/v2\/pages\/7493\/revisions"}],"predecessor-version":[{"id":7494,"href":"https:\/\/pug.hr\/gimnazija\/wp-json\/wp\/v2\/pages\/7493\/revisions\/7494"}],"up":[{"embeddable":true,"href":"https:\/\/pug.hr\/gimnazija\/wp-json\/wp\/v2\/pages\/12"}],"wp:attachment":[{"href":"https:\/\/pug.hr\/gimnazija\/wp-json\/wp\/v2\/media?parent=7493"}],"curies":[{"name":"wp","href":"https:\/\/api.w.org\/{rel}","templated":true}]}}