{"id":7309,"date":"2019-02-21T06:49:59","date_gmt":"2019-02-21T05:49:59","guid":{"rendered":"http:\/\/www.pug.hr\/gimnazija\/?page_id=7309"},"modified":"2019-02-21T06:49:59","modified_gmt":"2019-02-21T05:49:59","slug":"how-it-starts","status":"publish","type":"page","link":"https:\/\/pug.hr\/gimnazija\/english-all-around-2019\/and-now-vote\/izazov-price-srednje-skole\/how-it-starts\/","title":{"rendered":"How it starts"},"content":{"rendered":"<p class=\u201e\u201e>\n<p class=\u201e\u201e>\n<p>Author: Luna Divi\u0107, Srednja \u0161kola fra Andrije Ka\u010di\u0107a Mio\u0161i\u0107a<\/p>\n<p class=\u201e\u201e>\n<p class=\u201e\u201e>\n<p>I can\u2019t stand my sterile room. <\/p>\n<p class=\u201e\u201e>\n<p>I can\u2019t stand the smell of white filling my lungs every day. <\/p>\n<p class=\u201e\u201e>\n<p>I can\u2019t even breathe on my own so the smell of disinfectant is ever-present. <\/p>\n<p class=\u201e\u201e>\n<p>I\u2019ll die if I go outside. I\u2019ll die if I don\u2019t put my breathing mask on. I\u2019ll die if I look at someone the wrong way. I\u2019ll die if I live long enough&#8230; Wow, I\u2019m already at the train stop? <\/p>\n<p class=\u201e\u201e>\n<p>I swear it feels like teleporting from place to place when I do this. (I know I\u2019ll never be able to afford teleporting. I can barely feed myself and pay tuition!)<\/p>\n<p class=\u201e\u201e>\n<p class=\u201e\u201e>\n<p>Not that I wanted to be here. I can\u2019t go where I want if I like breathing. That\u2019s just the price of life today. And because of that, now I go from one cold, spine-twisting lonely room to another, trying to become something I loathe. A \u201cpeace keeper\u201d. <\/p>\n<p class=\u201e\u201e>\n<p>I don\u2019t know who came up with the name, but that person didn\u2019t have any clue what \u201cpeace keepers\u201d do. Duties in a range from neutralising threats to sterilising the air or cleaning the public spaces. But nothing to actually keep the peace! (Probably because there is no peace to keep?)<\/p>\n<p class=\u201e\u201e>\n<p class=\u201e\u201e>\n<p>Ouch! Seriously!? This can\u2019t be happening again. <\/p>\n<p class=\u201e\u201e>\n<p class=\u201e\u201e>\n<p>\u201cHey Atlas!\u201d says Jagger just after making me trip and fall on my face. He has been doing that since my first day here. <\/p>\n<p class=\u201e\u201e>\n<p>\u201cAre you here to learn how to pick up dog feces or is that too advanced for you?\u201d that little\u2026<\/p>\n<p class=\u201e\u201e>\n<p>\u201cJagger, I can see you\u2019ve learned to compose full sentences since I\u2019ve last seen you. Congrats!\u201d his face is so red with rage. I am panicking\u2026 <\/p>\n<p class=\u201e\u201e>\n<p>\u201cYou are dead!\u201d shouts Jagger from the top of his lungs, as loud as his breathing max will let him. <\/p>\n<p class=\u201e\u201e>\n<p>I have to get out of here, now. Why did I have to insult him? Jagger is the son of our employment manager. Now I really will be picking up dog feces for the rest of my life. <\/p>\n<p class=\u201e\u201e>\n<p class=\u201e\u201e>\n<p>Thank God! There is Erin.<\/p>\n<p class=\u201e\u201e>\n<p class=\u201e\u201e>\n<p>\u201cSee you around Jagger!\u201d I\u2019ve never run so fast in my life. <\/p>\n<p class=\u201e\u201e>\n<p class=\u201e\u201e>\n<p>The grey and white of the underground city blurred together. Sleek and constantly visible screens and security cameras became one and red uniforms of the \u201cpeace keepers\u201d melted into an unrecognisable blob. <\/p>\n<p class=\u201e\u201e>\n<p class=\u201e\u201e>\n<p>As soon as I\u2019m within speaking range I blurt everything out. \u201cI think they would put me in a house if I didn\u2019t have you Erin!\u2019\u2019 <\/p>\n<p class=\u201e\u201e>\n<p>\u201cHa!\u201d she says happily \u201cI know that, but let\u2019s be honest, you would die if I wasn\u2019t here.\u201d <\/p>\n<p class=\u201e\u201e>\n<p>We laugh at how true that is. <\/p>\n<p class=\u201e\u201e>\n<p class=\u201e\u201e>\n<p>She\u2019s shorter than me, super strong from working on the farms and her hair is slightly curly and an astonishing shade of black which frames her face like the most marvellous painting ever. <\/p>\n<p class=\u201e\u201e>\n<p>And the way her cheeks look when she blushes! (I\u2019m proud to say I think I caused a few of those myself.) <\/p>\n<p class=\u201e\u201e>\n<p>No! I can\u2019t think like this! And I\u2019ve been staring for way too long\u2026 But she hasn\u2019t said anything about it. I think she\u2019s staring too?<\/p>\n<p class=\u201e\u201e>\n<p>When did we sit down? Where are we? What the hell is happening? This feeling is very illegal. We can\u2019t do this? For years I listened to people say that this feeling right here will send the world into anarchy. You may not agree with everything they say but they said this so many times and with such importance. It must be true? Why am I not moving then?<\/p>\n<p class=\u201e\u201e>\n<p class=\u201e\u201e>\n<p>Move!<\/p>\n<p class=\u201e\u201e>\n<p class=\u201e\u201e>\n<p>Do something!<\/p>\n<p class=\u201e\u201e>\n<p class=\u201e\u201e>\n<p>Through my panicking haze her silky voice is the first thing I notice.<\/p>\n<p class=\u201e\u201e>\n<p class=\u201e\u201e>\n<p>\u201cAtlas?\u201d she says as though she\u2019s trying to gently wake me up.<\/p>\n<p class=\u201e\u201e>\n<p class=\u201e\u201e>\n<p>And then I overload. <\/p>\n<p class=\u201e\u201e>\n<p>The thick white that surrounded me was gone and I\u2019m laying in a field. Outside! Without my breathing mask! Smelling the delicate and subtle scent of grass and rain. This is what I\u2019ve imagined heaven is like. <\/p>\n<p class=\u201e\u201e>\n<p>But I\u2019m not dead. I know because I\u2019m not alone. She is here. Her small but strong hand in mine. <\/p>\n<p class=\u201e\u201e>\n<p>She is calm. She knows what\u2019s going on. <\/p>\n<p class=\u201e\u201e>\n<p>Finally, she speaks.<\/p>\n<p class=\u201e\u201e>\n<p>\u201cSo\u2026 You\u2019ve woken up. You were out for almost a day. This is \u201cthe Outside\u201d, it\u2019s not contaminated like they made you think. They lied about a lot of things\u201d, what?! I\u2019m so confused.<\/p>\n<p class=\u201e\u201e>\n<p class=\u201e\u201e>\n<p>\u201cAnd I\u2019m so sorry I\u2019ve lied for so long too, but this is the truth. I work here with the rebellion and try to get as many people out as I can. And I\u2019m so happy you\u2019re finally free. I\u2019ll show you the ropes and explain everything in detail later, but I just have to tell you\u2026\u201d, she\u2019s suddenly quiet. <\/p>\n<p class=\u201e\u201e>\n<p>Strangely I believe every word she said. <\/p>\n<p class=\u201e\u201e>\n<p>\u201cI would totally understand if you didn\u2019t feel the same way,\u201d she speaks fast like her nerve might give out at any second, \u201cbut I never lied about myself and please believe me when I say I care about you. I really do\u2026 I\u2019m such an idiot. My feelings don\u2019t matter right now, you have much bigger things to think about.\u201d She waved herself off and I sat there dumbfounded.<\/p>\n<p class=\u201e\u201e>\n<p class=\u201e\u201e>\n<p>And that\u2019s when I finally decided to do what I wanted to do, for the first time in my life.<\/p>\n<p class=\u201e\u201e>\n<p class=\u201e\u201e>\n<p>I\u2019m going to kiss her. (God, I have no clue what I\u2019m doing!) I\u2019ve only read about it somewhere once. The words: \u201cCan I kiss you?\u201d came out of my mouth and she blushed the way only she does and gave me the sweetest nod in the universe. <\/p>\n<p class=\u201e\u201e>\n<p>I\u2019m so clueless and dizzy but ecstatic. <\/p>\n<p class=\u201e\u201e>\n<p>The moment my lips came close enough to her full, sunny, angelic ones in a whisper of a kiss, she is the one to close the space between us. <\/p>\n<p class=\u201e\u201e>\n<p>An outburst of glee, pleasure, bliss, elation, rapture\u2026 There aren\u2019t enough words to describe that moment. This is something that will invariably exist for as long as there are sentient beings in the universe.<\/p>\n<p class=\u201e\u201e>\n<p class=\u201e\u201e>\n","protected":false},"excerpt":{"rendered":"<p>Author: Luna Divi\u0107, Srednja \u0161kola fra Andrije Ka\u010di\u0107a Mio\u0161i\u0107a I can\u2019t stand my&#8230;<\/p>\n","protected":false},"author":1,"featured_media":0,"parent":7199,"menu_order":0,"comment_status":"closed","ping_status":"closed","template":"","meta":{"ngg_post_thumbnail":0,"jetpack_post_was_ever_published":false,"footnotes":""},"class_list":["post-7309","page","type-page","status-publish","hentry"],"jetpack_sharing_enabled":true,"jetpack_shortlink":"https:\/\/wp.me\/P2cktY-1TT","_links":{"self":[{"href":"https:\/\/pug.hr\/gimnazija\/wp-json\/wp\/v2\/pages\/7309","targetHints":{"allow":["GET"]}}],"collection":[{"href":"https:\/\/pug.hr\/gimnazija\/wp-json\/wp\/v2\/pages"}],"about":[{"href":"https:\/\/pug.hr\/gimnazija\/wp-json\/wp\/v2\/types\/page"}],"author":[{"embeddable":true,"href":"https:\/\/pug.hr\/gimnazija\/wp-json\/wp\/v2\/users\/1"}],"replies":[{"embeddable":true,"href":"https:\/\/pug.hr\/gimnazija\/wp-json\/wp\/v2\/comments?post=7309"}],"version-history":[{"count":1,"href":"https:\/\/pug.hr\/gimnazija\/wp-json\/wp\/v2\/pages\/7309\/revisions"}],"predecessor-version":[{"id":7310,"href":"https:\/\/pug.hr\/gimnazija\/wp-json\/wp\/v2\/pages\/7309\/revisions\/7310"}],"up":[{"embeddable":true,"href":"https:\/\/pug.hr\/gimnazija\/wp-json\/wp\/v2\/pages\/7199"}],"wp:attachment":[{"href":"https:\/\/pug.hr\/gimnazija\/wp-json\/wp\/v2\/media?parent=7309"}],"curies":[{"name":"wp","href":"https:\/\/api.w.org\/{rel}","templated":true}]}}