{"id":7199,"date":"2019-02-20T06:45:16","date_gmt":"2019-02-20T05:45:16","guid":{"rendered":"http:\/\/www.pug.hr\/gimnazija\/?page_id=7199"},"modified":"2019-03-15T05:28:00","modified_gmt":"2019-03-15T04:28:00","slug":"izazov-price-srednje-skole","status":"publish","type":"page","link":"https:\/\/pug.hr\/gimnazija\/english-all-around-2019\/and-now-vote\/izazov-price-srednje-skole\/","title":{"rendered":"Izazov pri\u010de \u2013 srednje \u0161kole"},"content":{"rendered":"<p>[ws_table id=&#8221;88&#8243;]<\/p>\n<p>&nbsp;<\/p>\n<p><a href=\"http:\/\/www.pug.hr\/gimnazija\/wp-content\/uploads\/2017\/02\/Prica.png\" rel=\"attachment wp-att-5828\"><img loading=\"lazy\" decoding=\"async\" class=\"aligncenter wp-image-5828\" src=\"http:\/\/www.pug.hr\/gimnazija\/wp-content\/uploads\/2017\/02\/Prica.png\" alt=\"Prica\" width=\"300\" height=\"207\" srcset=\"https:\/\/pug.hr\/gimnazija\/wp-content\/uploads\/2017\/02\/Prica.png 994w, https:\/\/pug.hr\/gimnazija\/wp-content\/uploads\/2017\/02\/Prica-300x207.png 300w, https:\/\/pug.hr\/gimnazija\/wp-content\/uploads\/2017\/02\/Prica-768x530.png 768w\" sizes=\"auto, (max-width: 300px) 100vw, 300px\" \/><\/a><\/p>\n<p>&nbsp;<\/p>\n<p>Na ovoj stranici mo\u017eete pro\u010ditati literarne uratke u\u010denika SREDNJIH \u0160KOLA koje je stru\u010dni \u017eiri pozvao na festival.<br class=\"\" \/><br class=\"\" \/><\/p>\n<p><span style=\"color: #0000ff;\">On this page you can read works of SECONDARY SCHOOLS students, which jury has invited to the Festival.<\/span><br class=\"\" \/><br class=\"\" \/><\/p>\n<p class=\"\"><b><a title=\"Kliknite da biste pro\u010ditali pri\u010du - otvorit \u0107e se u novom prozoru\" href=\"http:\/\/www.pug.hr\/gimnazija\/english-all-around-2019\/and-now-vote\/izazov-price-srednje-skole\/run\/\" target=\"_blank\" rel=\"noopener\"> Run &#8211; Ekonomsko-birotehni\u010dka \u0161kola, Slavonski Brod <\/a><\/b><\/p>\n<p class=\"\"><b><a href=\"http:\/\/www.pug.hr\/gimnazija\/english-all-around-2019\/and-now-vote\/izazov-price-srednje-skole\/pandora\/\" target=\"_blank\" rel=\"noopener\"> Pandora &#8211; Ekonomsko-birotehni\u010dka \u0161kola,Slavonski Brod <\/a><\/b><\/p>\n<p class=\"\"><b><a title=\"Kliknite da biste pro\u010ditali pri\u010du - otvorit \u0107e se u novom prozoru\" href=\"http:\/\/www.pug.hr\/gimnazija\/english-all-around-2019\/and-now-vote\/izazov-price-srednje-skole\/what-the-future-holds\/\" target=\"_blank\" rel=\"noopener\"> What the Future Holds &#8211; Ekonomska \u0161kola Po\u017eega <\/a><\/b><\/p>\n<p class=\"\"><b><a title=\"Kliknite da biste pro\u010ditali pri\u010du - otvorit \u0107e se u novom prozoru\" href=\"http:\/\/www.pug.hr\/gimnazija\/english-all-around-2019\/and-now-vote\/izazov-price-srednje-skole\/the-man-who-broke-the-clock\/\" target=\"_blank\" rel=\"noopener\"> The Man Who Broke the Clock &#8211; III. Gimnazija, Split <\/a><\/b><\/p>\n<p class=\"\"><b><a title=\"Kliknite da biste pro\u010ditali pri\u010du - otvorit \u0107e se u novom prozoru\" href=\"http:\/\/www.pug.hr\/gimnazija\/english-all-around-2019\/and-now-vote\/izazov-price-srednje-skole\/pandoras-flaw\/\" target=\"_blank\" rel=\"noopener\"> Pandora&#8217;s Flaw &#8211; II. gimnazija, Osijek <\/a><\/b><\/p>\n<p class=\"\"><b><a title=\"Kliknite da biste pro\u010ditali pri\u010du - otvorit \u0107e se u novom prozoru\" href=\"http:\/\/www.pug.hr\/gimnazija\/english-all-around-2019\/and-now-vote\/izazov-price-srednje-skole\/the-apotheosis-of-divine-nature\/\" target=\"_blank\" rel=\"noopener\"> The Apotheosis of Divine Nature &#8211; III. gimnazija, Osijek <\/a><\/b><\/p>\n<p class=\"\"><b><a title=\"Kliknite da biste pro\u010ditali pri\u010du - otvorit \u0107e se u novom prozoru\" href=\"http:\/\/www.pug.hr\/gimnazija\/english-all-around-2019\/and-now-vote\/izazov-price-srednje-skole\/read-carefully\/\" target=\"_blank\" rel=\"noopener\"> Read Carefully &#8211; III. gimnazija, Osijek <\/a><\/b><\/p>\n<p class=\"\"><b><a title=\"Kliknite da biste pro\u010ditali pri\u010du - otvorit \u0107e se u novom prozoru\" href=\"http:\/\/www.pug.hr\/gimnazija\/english-all-around-2019\/and-now-vote\/izazov-price-srednje-skole\/the-birds-gift\/\" target=\"_blank\" rel=\"noopener\"> The Bird&#8217;s Gift &#8211; \u0160kola za medicinske sestre <\/a><\/b><\/p>\n<p class=\"\"><b><a title=\"Kliknite da biste pro\u010ditali pri\u010du - otvorit \u0107e se u novom prozoru\" href=\"http:\/\/www.pug.hr\/gimnazija\/english-all-around-2019\/and-now-vote\/izazov-price-srednje-skole\/side-effects\/\" target=\"_blank\" rel=\"noopener\"> Side Effects &#8211; II. gimnazija, Osijek <\/a><\/b><\/p>\n<p class=\"\"><b><a title=\"Kliknite da biste pro\u010ditali pri\u010du - otvorit \u0107e se u novom prozoru\" href=\"http:\/\/www.pug.hr\/gimnazija\/english-all-around-2019\/and-now-vote\/izazov-price-srednje-skole\/beware\/\" target=\"_blank\" rel=\"noopener\"> Beware &#8211; Gimnazija \u017dupanja <\/a><\/b><\/p>\n<p class=\"\"><b><a title=\"Kliknite da biste pro\u010ditali pri\u010du - otvorit \u0107e se u novom prozoru\" href=\"http:\/\/www.pug.hr\/gimnazija\/english-all-around-2019\/and-now-vote\/izazov-price-srednje-skole\/how-it-starts\/\" target=\"_blank\" rel=\"noopener\"> How It Starts &#8211; S\u0160 Fra A. K. Mio\u0161i\u0107a <\/a><\/b><\/p>\n<p class=\"\"><b><a title=\"Kliknite da biste pro\u010ditali pri\u010du - otvorit \u0107e se u novom prozoru\" href=\"http:\/\/www.pug.hr\/gimnazija\/english-all-around-2019\/and-now-vote\/izazov-price-srednje-skole\/ever-since-the-beginning-of-time\/\" target=\"_blank\" rel=\"noopener\"> Ever Since the Beginning of Time &#8211; Prva su\u0161a\u010dka gimnazija <\/a><\/b><\/p>\n<p class=\"\"><b><a title=\"Kliknite da biste pro\u010ditali pri\u010du - otvorit \u0107e se u novom prozoru\" href=\"http:\/\/www.pug.hr\/gimnazija\/english-all-around-2019\/and-now-vote\/izazov-price-srednje-skole\/percentages\/\" target=\"_blank\" rel=\"noopener\"> Percentages &#8211; Medicinska \u0161kola, Osijek <\/a><\/b><\/p>\n<p class=\"\"><b><a title=\"Kliknite da biste pro\u010ditali pri\u010du - otvorit \u0107e se u novom prozoru\" href=\"http:\/\/www.pug.hr\/gimnazija\/english-all-around-2019\/and-now-vote\/izazov-price-srednje-skole\/tomorrow\/\" target=\"_blank\" rel=\"noopener\"> Tomorrow &#8211; V. gimnazija Zagreb <\/a><\/b><\/p>\n<p class=\"\"><b><a title=\"Kliknite da biste pro\u010ditali pri\u010du - otvorit \u0107e se u novom prozoru\" href=\"http:\/\/www.pug.hr\/gimnazija\/english-all-around-2019\/and-now-vote\/izazov-price-srednje-skole\/3052-2\/\" target=\"_blank\" rel=\"noopener\"> 3052 &#8211; Privatna umjetni\u010dka gimnazija, Zagreb <\/a><\/b><\/p>\n<p><script type=\"text\/javascript\" charset=\"utf-8\" src=\"https:\/\/secure.polldaddy.com\/p\/10245903.js\"><\/script><br \/>\n<noscript><a href=\"https:\/\/poll.fm\/10245903\">Odaberite najbolji literarni rad u\u010denika srednjih \u0161kola<\/a><\/noscript><\/p>\n","protected":false},"excerpt":{"rendered":"<p>[ws_table id=&#8221;88&#8243;] &nbsp; &nbsp; Na ovoj stranici mo\u017eete pro\u010ditati literarne uratke u\u010denika SREDNJIH&#8230;<\/p>\n","protected":false},"author":1,"featured_media":0,"parent":7186,"menu_order":0,"comment_status":"closed","ping_status":"closed","template":"","meta":{"ngg_post_thumbnail":0,"jetpack_post_was_ever_published":false,"footnotes":""},"class_list":["post-7199","page","type-page","status-publish","hentry"],"jetpack_sharing_enabled":true,"jetpack_shortlink":"https:\/\/wp.me\/P2cktY-1S7","_links":{"self":[{"href":"https:\/\/pug.hr\/gimnazija\/wp-json\/wp\/v2\/pages\/7199","targetHints":{"allow":["GET"]}}],"collection":[{"href":"https:\/\/pug.hr\/gimnazija\/wp-json\/wp\/v2\/pages"}],"about":[{"href":"https:\/\/pug.hr\/gimnazija\/wp-json\/wp\/v2\/types\/page"}],"author":[{"embeddable":true,"href":"https:\/\/pug.hr\/gimnazija\/wp-json\/wp\/v2\/users\/1"}],"replies":[{"embeddable":true,"href":"https:\/\/pug.hr\/gimnazija\/wp-json\/wp\/v2\/comments?post=7199"}],"version-history":[{"count":5,"href":"https:\/\/pug.hr\/gimnazija\/wp-json\/wp\/v2\/pages\/7199\/revisions"}],"predecessor-version":[{"id":7396,"href":"https:\/\/pug.hr\/gimnazija\/wp-json\/wp\/v2\/pages\/7199\/revisions\/7396"}],"up":[{"embeddable":true,"href":"https:\/\/pug.hr\/gimnazija\/wp-json\/wp\/v2\/pages\/7186"}],"wp:attachment":[{"href":"https:\/\/pug.hr\/gimnazija\/wp-json\/wp\/v2\/media?parent=7199"}],"curies":[{"name":"wp","href":"https:\/\/api.w.org\/{rel}","templated":true}]}}