{"id":7197,"date":"2019-02-20T06:42:36","date_gmt":"2019-02-20T05:42:36","guid":{"rendered":"http:\/\/www.pug.hr\/gimnazija\/?page_id=7197"},"modified":"2019-03-15T04:57:46","modified_gmt":"2019-03-15T03:57:46","slug":"izazov-price-osnovne-skole","status":"publish","type":"page","link":"https:\/\/pug.hr\/gimnazija\/english-all-around-2019\/and-now-vote\/izazov-price-osnovne-skole\/","title":{"rendered":"Izazov pri\u010de &#8211; osnovne \u0161kole"},"content":{"rendered":"<p>[ws_table id=&#8221;88&#8243;]<\/p>\n<p>&nbsp;<\/p>\n<p><a href=\"http:\/\/www.pug.hr\/gimnazija\/wp-content\/uploads\/2017\/02\/Prica.png\" rel=\"attachment wp-att-5828\"><img loading=\"lazy\" decoding=\"async\" class=\"aligncenter wp-image-5828\" src=\"http:\/\/www.pug.hr\/gimnazija\/wp-content\/uploads\/2017\/02\/Prica.png\" alt=\"Prica\" width=\"300\" height=\"207\" srcset=\"https:\/\/pug.hr\/gimnazija\/wp-content\/uploads\/2017\/02\/Prica.png 994w, https:\/\/pug.hr\/gimnazija\/wp-content\/uploads\/2017\/02\/Prica-300x207.png 300w, https:\/\/pug.hr\/gimnazija\/wp-content\/uploads\/2017\/02\/Prica-768x530.png 768w\" sizes=\"auto, (max-width: 300px) 100vw, 300px\" \/><\/a><\/p>\n<p>&nbsp;<\/p>\n<p style=\"text-align: justify;\">Na ovoj stranici mo\u017eete pro\u010ditati literarne uratke pozvane na Izazov pri\u010de\u00a0u\u010denika <strong>OSNOVNIH\u00a0<\/strong><strong>\u0160KOLA.\u00a0<\/strong><\/p>\n<p style=\"text-align: justify;\"><em><span style=\"color: #0000ff;\">On this page you can read and vote for works invited to Story challenge for <strong>PRIMARY SCHOOLS<\/strong>.<\/span><\/em><\/p>\n<p class=\"\"><b><a title=\"Kliknite da biste pro\u010ditali pri\u010du - otvorit \u0107e se u novom prozoru\" href=\"http:\/\/www.pug.hr\/gimnazija\/english-all-around-2019\/and-now-vote\/izazov-price-osnovne-skole\/a-new-life\/\" target=\"_blank\" rel=\"noopener\"> A New Life &#8211; O\u0160 Blato <\/a><\/b><\/p>\n<p class=\"\">\n<b><a title=\"Kliknite da biste pro\u010ditali pri\u010du - otvorit \u0107e se u novom prozoru\" href=\"http:\/\/www.pug.hr\/gimnazija\/english-all-around-2019\/and-now-vote\/izazov-price-osnovne-skole\/frozen\/\" target=\"_blank\" rel=\"noopener\"> Frozen &#8211; O\u0160 Blato <\/a><\/b><\/p>\n<p class=\"\">\n<b><a title=\"Kliknite da biste pro\u010ditali pri\u010du - otvorit \u0107e se u novom prozoru\" href=\"http:\/\/www.pug.hr\/gimnazija\/english-all-around-2019\/and-now-vote\/izazov-price-osnovne-skole\/augusta\/\" target=\"_blank\" rel=\"noopener\"> Augusta &#8211; O\u0160 A. G. Mato\u0161a <\/a><\/b><\/p>\n<p class=\"\">\n<b><a title=\"Kliknite da biste pro\u010ditali pri\u010du - otvorit \u0107e se u novom prozoru\" href=\"http:\/\/www.pug.hr\/gimnazija\/english-all-around-2019\/and-now-vote\/izazov-price-osnovne-skole\/what-happened-to-the-earth\/\" target=\"_blank\" rel=\"noopener\"> What Happened to the Earth &#8211; O\u0160 Jelkovec <\/a><\/b><\/p>\n<p class=\"\">\n<b><a title=\"Kliknite da biste pro\u010ditali pri\u010du - otvorit \u0107e se u novom prozoru\" href=\"http:\/\/www.pug.hr\/gimnazija\/english-all-around-2019\/and-now-vote\/izazov-price-osnovne-skole\/a-look-at-the-future-of-my-town\/\" target=\"_blank\" rel=\"noopener\"> A Look at the Future of My Town &#8211; O\u0160 A. G. Mato\u0161a Vinkovci <\/a><\/b><\/p>\n<p class=\"\">\n<b><a title=\"Kliknite da biste pro\u010ditali pri\u010du - otvorit \u0107e se u novom prozoru\" href=\"http:\/\/www.pug.hr\/gimnazija\/english-all-around-2019\/and-now-vote\/izazov-price-osnovne-skole\/the-new-century-love-story\/\" target=\"_blank\" rel=\"noopener\"> The New Century Love Story &#8211; O\u0160 Cvjetno naselje <\/a><\/b><\/p>\n<p class=\"\">\n<b><a title=\"Kliknite da biste pro\u010ditali pri\u010du - otvorit \u0107e se u novom prozoru\" href=\"http:\/\/www.pug.hr\/gimnazija\/english-all-around-2019\/and-now-vote\/izazov-price-osnovne-skole\/dear-future\/\" target=\"_blank\" rel=\"noopener\"> Dear Future &#8211; O\u0160 Kajzerica <\/a><\/b><\/p>\n<p class=\"\">\n<b><a title=\"Kliknite da biste pro\u010ditali pri\u010du - otvorit \u0107e se u novom prozoru\" href=\"http:\/\/www.pug.hr\/gimnazija\/english-all-around-2019\/and-now-vote\/izazov-price-osnovne-skole\/all-done\/\" target=\"_blank\" rel=\"noopener\"> All Done &#8211; II. O\u0160 Vrbovec <\/a><\/b><\/p>\n<p class=\"\">\n<b><a title=\"Kliknite da biste pro\u010ditali pri\u010du - otvorit \u0107e se u novom prozoru\" href=\"http:\/\/www.pug.hr\/gimnazija\/english-all-around-2019\/and-now-vote\/izazov-price-osnovne-skole\/the-solution\/\" target=\"_blank\" rel=\"noopener\"> The Solution &#8211; O\u0160 Trnsko <\/a><\/b><\/p>\n<p class=\"\">\n<b><a title=\"Kliknite da biste pro\u010ditali pri\u010du - otvorit \u0107e se u novom prozoru\" href=\"http:\/\/www.pug.hr\/gimnazija\/english-all-around-2019\/and-now-vote\/izazov-price-osnovne-skole\/mission-complete\/\" target=\"_blank\" rel=\"noopener\"> Mission Complete &#8211; O\u0160 Odra <\/a><\/b><\/p>\n<p class=\"\">\n<b><a title=\"Kliknite da biste pro\u010ditali pri\u010du - otvorit \u0107e se u novom prozoru\" href=\"http:\/\/www.pug.hr\/gimnazija\/english-all-around-2019\/and-now-vote\/izazov-price-osnovne-skole\/life-on-a-new-planet\/\" target=\"_blank\" rel=\"noopener\"> Life on a New Planet &#8211; O\u0160 grofa Janka Dra\u0161kovi\u0107a <\/a><\/b><\/p>\n<p class=\"\">\n<b><a title=\"Kliknite da biste pro\u010ditali pri\u010du - otvorit \u0107e se u novom prozoru\" href=\"http:\/\/www.pug.hr\/gimnazija\/english-all-around-2019\/and-now-vote\/izazov-price-osnovne-skole\/a-hopeful-dystopia\/\" target=\"_blank\" rel=\"noopener\"> A Hopeful Dystopia &#8211; O\u0160 Tin Ujevi\u0107, Osijek <\/a><\/b><\/p>\n<p class=\"\">\n<b><a title=\"Kliknite da biste pro\u010ditali pri\u010du - otvorit \u0107e se u novom prozoru\" href=\"http:\/\/www.pug.hr\/gimnazija\/english-all-around-2019\/and-now-vote\/izazov-price-osnovne-skole\/a-byte-of-life\/\" target=\"_blank\" rel=\"noopener\"> A Byte of Life &#8211; O\u0160 Svete Ane <\/a><\/b><\/p>\n<p class=\"\">\n<b><a title=\"Kliknite da biste pro\u010ditali pri\u010du - otvorit \u0107e se u novom prozoru\" href=\"http:\/\/www.pug.hr\/gimnazija\/english-all-around-2019\/and-now-vote\/izazov-price-osnovne-skole\/present-turns-to-future\/\" target=\"_blank\" rel=\"noopener\"> Present turns to future &#8211; O\u0160 Bartola Ka\u0161i\u0107a <\/a><\/b><\/p>\n<p class=\"\">\n<b><a title=\"Kliknite da biste pro\u010ditali pri\u010du - otvorit \u0107e se u novom prozoru\" href=\"http:\/\/www.pug.hr\/gimnazija\/english-all-around-2019\/and-now-vote\/izazov-price-osnovne-skole\/changeable\/\" target=\"_blank\" rel=\"noopener\"> Changeable &#8211; O\u0160 Jurja Habdeli\u0107a <\/a><\/b><\/p>\n<p class=\"\">\n<p>&nbsp;<\/p>\n<p><script type=\"text\/javascript\" charset=\"utf-8\" src=\"https:\/\/secure.polldaddy.com\/p\/10245694.js\"><\/script><br \/>\n<noscript><a href=\"https:\/\/poll.fm\/10245694\">Odaberite najbolji literarni rad u\u010denika osnovnih \u0161kola<\/a><\/noscript><\/p>\n","protected":false},"excerpt":{"rendered":"<p>[ws_table id=&#8221;88&#8243;] &nbsp; &nbsp; Na ovoj stranici mo\u017eete pro\u010ditati literarne uratke pozvane na&#8230;<\/p>\n","protected":false},"author":1,"featured_media":0,"parent":7186,"menu_order":0,"comment_status":"closed","ping_status":"closed","template":"","meta":{"ngg_post_thumbnail":0,"jetpack_post_was_ever_published":false,"footnotes":""},"class_list":["post-7197","page","type-page","status-publish","hentry"],"jetpack_sharing_enabled":true,"jetpack_shortlink":"https:\/\/wp.me\/P2cktY-1S5","_links":{"self":[{"href":"https:\/\/pug.hr\/gimnazija\/wp-json\/wp\/v2\/pages\/7197","targetHints":{"allow":["GET"]}}],"collection":[{"href":"https:\/\/pug.hr\/gimnazija\/wp-json\/wp\/v2\/pages"}],"about":[{"href":"https:\/\/pug.hr\/gimnazija\/wp-json\/wp\/v2\/types\/page"}],"author":[{"embeddable":true,"href":"https:\/\/pug.hr\/gimnazija\/wp-json\/wp\/v2\/users\/1"}],"replies":[{"embeddable":true,"href":"https:\/\/pug.hr\/gimnazija\/wp-json\/wp\/v2\/comments?post=7197"}],"version-history":[{"count":5,"href":"https:\/\/pug.hr\/gimnazija\/wp-json\/wp\/v2\/pages\/7197\/revisions"}],"predecessor-version":[{"id":7394,"href":"https:\/\/pug.hr\/gimnazija\/wp-json\/wp\/v2\/pages\/7197\/revisions\/7394"}],"up":[{"embeddable":true,"href":"https:\/\/pug.hr\/gimnazija\/wp-json\/wp\/v2\/pages\/7186"}],"wp:attachment":[{"href":"https:\/\/pug.hr\/gimnazija\/wp-json\/wp\/v2\/media?parent=7197"}],"curies":[{"name":"wp","href":"https:\/\/api.w.org\/{rel}","templated":true}]}}