{"id":7188,"date":"2019-02-20T06:19:36","date_gmt":"2019-02-20T05:19:36","guid":{"rendered":"http:\/\/www.pug.hr\/gimnazija\/?page_id=7188"},"modified":"2019-03-15T06:24:42","modified_gmt":"2019-03-15T05:24:42","slug":"filmski-izazov-osnovne-skole","status":"publish","type":"page","link":"https:\/\/pug.hr\/gimnazija\/english-all-around-2019\/and-now-vote\/filmski-izazov-osnovne-skole\/","title":{"rendered":"Filmski izazov \u2013 osnovne \u0161kole"},"content":{"rendered":"<p>[ws_table id=&#8221;88&#8243;]<\/p>\n<p><a href=\"http:\/\/www.pug.hr\/gimnazija\/wp-content\/uploads\/2017\/02\/Kamera.png\" rel=\"attachment wp-att-5830\"><img loading=\"lazy\" decoding=\"async\" class=\"aligncenter wp-image-5830\" src=\"http:\/\/www.pug.hr\/gimnazija\/wp-content\/uploads\/2017\/02\/Kamera.png\" alt=\"Kamera\" width=\"400\" height=\"350\" srcset=\"https:\/\/pug.hr\/gimnazija\/wp-content\/uploads\/2017\/02\/Kamera.png 775w, https:\/\/pug.hr\/gimnazija\/wp-content\/uploads\/2017\/02\/Kamera-300x263.png 300w, https:\/\/pug.hr\/gimnazija\/wp-content\/uploads\/2017\/02\/Kamera-768x673.png 768w\" sizes=\"auto, (max-width: 400px) 100vw, 400px\" \/><\/a><\/p>\n<p>&nbsp;<\/p>\n<p>Na ovoj stranici mo\u017eete vidjeti radove pristigle na Filmski izazov u\u010denika <strong>OSNOVNIH \u0160KOLA.<\/strong><\/p>\n<p><br class=\"\" \/>On this page you can view works received for Movie challenge\u00a0&#8211; PRIMARY SCHOOLS.<\/p>\n<p class=\"\"><b>Future<\/b> O\u0160 Antun Gustav Mato\u0161, Vinkovci<\/p>\n<p><iframe loading=\"lazy\" width=\"560\" height=\"315\" src=\"https:\/\/www.youtube.com\/embed\/9Iqp3U9hSR4\" frameborder=\"0\" allow=\"accelerometer; autoplay; encrypted-media; gyroscope; picture-in-picture\" allowfullscreen><\/iframe><\/p>\n<p class=\"\"><b>Can football save the planet<\/b><\/p>\n<p><iframe loading=\"lazy\" width=\"560\" height=\"315\" src=\"https:\/\/www.youtube.com\/embed\/JkU0gCRVVMg\" frameborder=\"0\" allow=\"accelerometer; autoplay; encrypted-media; gyroscope; picture-in-picture\" allowfullscreen><\/iframe><\/p>\n<p class=\"\"><b>Detention<\/b><\/p>\n<p><iframe loading=\"lazy\" width=\"560\" height=\"315\" src=\"https:\/\/www.youtube.com\/embed\/ixMRB6gtMos\" frameborder=\"0\" allow=\"accelerometer; autoplay; encrypted-media; gyroscope; picture-in-picture\" allowfullscreen><\/iframe><\/p>\n<p class=\"\"><b>Left behind<\/b><\/p>\n<p><iframe loading=\"lazy\" width=\"560\" height=\"315\" src=\"https:\/\/www.youtube.com\/embed\/fCixhNX3PxE\" frameborder=\"0\" allow=\"accelerometer; autoplay; encrypted-media; gyroscope; picture-in-picture\" allowfullscreen><\/iframe><\/p>\n<p class=\"\"><b>Let&#8217;s hang out<\/b><\/p>\n<p><iframe loading=\"lazy\" width=\"560\" height=\"315\" src=\"https:\/\/www.youtube.com\/embed\/q6FRlEMTJxk\" frameborder=\"0\" allow=\"accelerometer; autoplay; encrypted-media; gyroscope; picture-in-picture\" allowfullscreen><\/iframe><\/p>\n<p class=\"\"><b>Future<\/b> O\u0160 Gra\u010dani<\/p>\n<p><iframe loading=\"lazy\" width=\"560\" height=\"315\" src=\"https:\/\/www.youtube.com\/embed\/QJoSMHqhf8s\" frameborder=\"0\" allow=\"accelerometer; autoplay; encrypted-media; gyroscope; picture-in-picture\" allowfullscreen><\/iframe><\/p>\n<p class=\"\"><b>Mission 1 <\/b><\/p>\n<p><iframe loading=\"lazy\" width=\"560\" height=\"315\" src=\"https:\/\/www.youtube.com\/embed\/722SP6TmW6w\" frameborder=\"0\" allow=\"accelerometer; autoplay; encrypted-media; gyroscope; picture-in-picture\" allowfullscreen><\/iframe><\/p>\n<p class=\"\"><b>The Bright Future<\/b><\/p>\n<p><iframe loading=\"lazy\" width=\"560\" height=\"315\" src=\"https:\/\/www.youtube.com\/embed\/EsauzvrjrDE\" frameborder=\"0\" allow=\"accelerometer; autoplay; encrypted-media; gyroscope; picture-in-picture\" allowfullscreen><\/iframe><\/p>\n<p class=\"\"><b>\u00a0I was there<\/b><\/p>\n<p><iframe loading=\"lazy\" width=\"560\" height=\"315\" src=\"https:\/\/www.youtube.com\/embed\/wNwMCOykCvc\" frameborder=\"0\" allow=\"accelerometer; autoplay; encrypted-media; gyroscope; picture-in-picture\" allowfullscreen><\/iframe><\/p>\n<p class=\"\"><b>The Butterfly Effect<\/b><\/p>\n<p><iframe loading=\"lazy\" width=\"560\" height=\"315\" src=\"https:\/\/www.youtube.com\/embed\/cjc0ecRkm-w\" frameborder=\"0\" allow=\"accelerometer; autoplay; encrypted-media; gyroscope; picture-in-picture\" allowfullscreen><\/iframe><\/p>\n<p class=\"\"><b>All in Good Time<\/b><\/p>\n<p><iframe loading=\"lazy\" width=\"560\" height=\"315\" src=\"https:\/\/www.youtube.com\/embed\/WZeBmD7Cj3E\" frameborder=\"0\" allow=\"accelerometer; autoplay; encrypted-media; gyroscope; picture-in-picture\" allowfullscreen><\/iframe><\/p>\n<p class=\"\"><b>Text read by Miljenko Kokot<\/b><\/p>\n<p><iframe loading=\"lazy\" width=\"560\" height=\"315\" src=\"https:\/\/www.youtube.com\/embed\/q4FuLlFVI94\" frameborder=\"0\" allow=\"accelerometer; autoplay; encrypted-media; gyroscope; picture-in-picture\" allowfullscreen><\/iframe><\/p>\n<p class=\"\"><b>It&#8217;s a kind of magic<\/b><\/p>\n<p><iframe loading=\"lazy\" width=\"560\" height=\"315\" src=\"https:\/\/www.youtube.com\/embed\/vT13avhnnng\" frameborder=\"0\" allow=\"accelerometer; autoplay; encrypted-media; gyroscope; picture-in-picture\" allowfullscreen><\/iframe><\/p>\n<p><script type=\"text\/javascript\" charset=\"utf-8\" src=\"https:\/\/secure.polldaddy.com\/p\/10245458.js\"><\/script><br \/>\n<noscript><a href=\"https:\/\/poll.fm\/10245458\">Odaberite najbolji film u\u010denika osnovnih \u0161kola<\/a><\/noscript><\/p>\n","protected":false},"excerpt":{"rendered":"<p>[ws_table id=&#8221;88&#8243;] &nbsp; Na ovoj stranici mo\u017eete vidjeti radove pristigle na Filmski izazov&#8230;<\/p>\n","protected":false},"author":1,"featured_media":0,"parent":7186,"menu_order":0,"comment_status":"closed","ping_status":"closed","template":"","meta":{"ngg_post_thumbnail":0,"jetpack_post_was_ever_published":false,"footnotes":""},"class_list":["post-7188","page","type-page","status-publish","hentry"],"jetpack_sharing_enabled":true,"jetpack_shortlink":"https:\/\/wp.me\/P2cktY-1RW","_links":{"self":[{"href":"https:\/\/pug.hr\/gimnazija\/wp-json\/wp\/v2\/pages\/7188","targetHints":{"allow":["GET"]}}],"collection":[{"href":"https:\/\/pug.hr\/gimnazija\/wp-json\/wp\/v2\/pages"}],"about":[{"href":"https:\/\/pug.hr\/gimnazija\/wp-json\/wp\/v2\/types\/page"}],"author":[{"embeddable":true,"href":"https:\/\/pug.hr\/gimnazija\/wp-json\/wp\/v2\/users\/1"}],"replies":[{"embeddable":true,"href":"https:\/\/pug.hr\/gimnazija\/wp-json\/wp\/v2\/comments?post=7188"}],"version-history":[{"count":4,"href":"https:\/\/pug.hr\/gimnazija\/wp-json\/wp\/v2\/pages\/7188\/revisions"}],"predecessor-version":[{"id":7401,"href":"https:\/\/pug.hr\/gimnazija\/wp-json\/wp\/v2\/pages\/7188\/revisions\/7401"}],"up":[{"embeddable":true,"href":"https:\/\/pug.hr\/gimnazija\/wp-json\/wp\/v2\/pages\/7186"}],"wp:attachment":[{"href":"https:\/\/pug.hr\/gimnazija\/wp-json\/wp\/v2\/media?parent=7188"}],"curies":[{"name":"wp","href":"https:\/\/api.w.org\/{rel}","templated":true}]}}