{"id":7186,"date":"2019-02-20T06:14:57","date_gmt":"2019-02-20T05:14:57","guid":{"rendered":"http:\/\/www.pug.hr\/gimnazija\/?page_id=7186"},"modified":"2019-02-20T06:47:21","modified_gmt":"2019-02-20T05:47:21","slug":"and-now-vote","status":"publish","type":"page","link":"https:\/\/pug.hr\/gimnazija\/english-all-around-2019\/and-now-vote\/","title":{"rendered":"AND NOW \u2013 VOTE!"},"content":{"rendered":"<p>[ws_table id=&#8221;88&#8243;]<\/p>\n<p><a href=\"http:\/\/www.pug.hr\/gimnazija\/wp-content\/uploads\/2017\/02\/EAA-logo-veliki.png\" rel=\"attachment wp-att-5778\"><img loading=\"lazy\" decoding=\"async\" class=\"aligncenter wp-image-5778\" src=\"http:\/\/www.pug.hr\/gimnazija\/wp-content\/uploads\/2017\/02\/EAA-logo-veliki.png\" alt=\"EAA logo veliki\" width=\"600\" height=\"361\" srcset=\"https:\/\/pug.hr\/gimnazija\/wp-content\/uploads\/2017\/02\/EAA-logo-veliki.png 1202w, https:\/\/pug.hr\/gimnazija\/wp-content\/uploads\/2017\/02\/EAA-logo-veliki-300x180.png 300w, https:\/\/pug.hr\/gimnazija\/wp-content\/uploads\/2017\/02\/EAA-logo-veliki-768x462.png 768w, https:\/\/pug.hr\/gimnazija\/wp-content\/uploads\/2017\/02\/EAA-logo-veliki-1024x616.png 1024w\" sizes=\"auto, (max-width: 600px) 100vw, 600px\" \/><\/a><\/p>\n<p>&nbsp;<\/p>\n<p style=\"text-align: justify;\">Od sedam izazova kojima se u\u010denici mogu baviti na Festivalu, tri izazova uklju\u010duju i mogu\u0107nost da svi zainteresirani daju svoj glas za najbolje radove. To su filmski, glazbeni i izazov pri\u010de.<\/p>\n<p style=\"text-align: justify;\"><span style=\"color: #00a0e3;\">Out of the seven challenges at the Festival, three of them include the option of online voting where you can choose your favourite. These are Movie, Music and Story challenge.\u00a0<\/span><\/p>\n<p style=\"text-align: justify;\"><span style=\"color: #ff0000;\"><strong>Oprez, sustav koristi kola\u010di\u0107e (cookies) i bilje\u017ei IP adrese\u00a0pa se u svakom izazovu mo\u017ee odabrati samo jedan rad tijekom cijelog trajanja natjecanja &#8211; nije dakle mogu\u0107e da jedan posjetitelj glasa vi\u0161e puta ili da vi\u0161e osoba glasa s istoga ra\u010dunala.<\/strong><\/span><\/p>\n<p style=\"text-align: justify;\"><span style=\"color: #ae42c9;\"><strong>Warning, the system uses cookies and tracks IP address, so in every challenge you can vote only once \u2013 therefore, the system cannot be abused in order to vote multiple times or in order for more people to vote using the same computer. <\/strong><\/span><\/p>\n<p style=\"text-align: justify;\">Na sljede\u0107im linkovima mo\u017eete sudjelovati u odabiru:<\/p>\n<p style=\"text-align: justify;\"><span style=\"color: #00a0e3;\">On the following pages, you can take part in the voting:<\/span><\/p>\n<p style=\"text-align: center;\"><a href=\"http:\/\/www.pug.hr\/gimnazija\/english-all-around-2019\/and-now-vote\/filmski-izazov-osnovne-skole\/\" target=\"_blank\" rel=\"noopener\">Filmski izazov \u2013 osnovne \u0161kole (<em>Movie challenge &#8211; primary schools<\/em>)<\/a><\/p>\n<p>&nbsp;<\/p>\n<p style=\"text-align: center;\"><a href=\"http:\/\/www.pug.hr\/gimnazija\/english-all-around-2019\/and-now-vote\/filmski-izazov-srednje-skole\/\" target=\"_blank\" rel=\"noopener\">Filmski izazov \u2013 srednje \u0161kole (<em>Movie challenge &#8211; Secondary schools<\/em>)<\/a><\/p>\n<p>&nbsp;<\/p>\n<p style=\"text-align: center;\"><a href=\"http:\/\/www.pug.hr\/gimnazija\/english-all-around-2019\/and-now-vote\/glazbeni-izazov\/\" target=\"_blank\" rel=\"noopener\">Glazbeni izazov &#8211; sve \u0161kole (Music challenge &#8211; All Schools)<\/a><\/p>\n<p>&nbsp;<\/p>\n<p style=\"text-align: center;\"><a href=\"http:\/\/www.pug.hr\/gimnazija\/english-all-around-2019\/and-now-vote\/izazov-price-osnovne-skole\/\" target=\"_blank\" rel=\"noopener\">Izazov pri\u010de &#8211; osnovne \u0161kole (Story challenge &#8211; Primary Schools)<\/a><\/p>\n<p>&nbsp;<\/p>\n<p style=\"text-align: center;\"><a href=\"http:\/\/www.pug.hr\/gimnazija\/english-all-around-2019\/and-now-vote\/izazov-price-srednje-skole\/\" target=\"_blank\" rel=\"noopener\">Izazov pri\u010de &#8211; srednje \u0161kole (Story challenge &#8211; Secondary Schools)<\/a><\/p>\n<p><strong>PRONA\u0110ITE NAS NA FACEBOOKU:<\/strong><br \/>\n<a href=\"https:\/\/www.facebook.com\/englishallaround.pug\/\" target=\"_blank\" rel=\"attachment wp-att-5792 noopener\"><img loading=\"lazy\" decoding=\"async\" class=\"aligncenter wp-image-5792\" src=\"http:\/\/www.pug.hr\/gimnazija\/wp-content\/uploads\/2017\/02\/FBEAA-1024x357.png\" alt=\"Facebook EAA\" width=\"600\" height=\"189\" \/><\/a><\/p>\n<p>[ws_table id=&#8221;88&#8243;]<\/p>\n","protected":false},"excerpt":{"rendered":"<p>[ws_table id=&#8221;88&#8243;] &nbsp; Od sedam izazova kojima se u\u010denici mogu baviti na Festivalu,&#8230;<\/p>\n","protected":false},"author":1,"featured_media":0,"parent":7173,"menu_order":0,"comment_status":"closed","ping_status":"closed","template":"","meta":{"ngg_post_thumbnail":0,"jetpack_post_was_ever_published":false,"footnotes":""},"class_list":["post-7186","page","type-page","status-publish","hentry"],"jetpack_sharing_enabled":true,"jetpack_shortlink":"https:\/\/wp.me\/P2cktY-1RU","_links":{"self":[{"href":"https:\/\/pug.hr\/gimnazija\/wp-json\/wp\/v2\/pages\/7186","targetHints":{"allow":["GET"]}}],"collection":[{"href":"https:\/\/pug.hr\/gimnazija\/wp-json\/wp\/v2\/pages"}],"about":[{"href":"https:\/\/pug.hr\/gimnazija\/wp-json\/wp\/v2\/types\/page"}],"author":[{"embeddable":true,"href":"https:\/\/pug.hr\/gimnazija\/wp-json\/wp\/v2\/users\/1"}],"replies":[{"embeddable":true,"href":"https:\/\/pug.hr\/gimnazija\/wp-json\/wp\/v2\/comments?post=7186"}],"version-history":[{"count":3,"href":"https:\/\/pug.hr\/gimnazija\/wp-json\/wp\/v2\/pages\/7186\/revisions"}],"predecessor-version":[{"id":7191,"href":"https:\/\/pug.hr\/gimnazija\/wp-json\/wp\/v2\/pages\/7186\/revisions\/7191"}],"up":[{"embeddable":true,"href":"https:\/\/pug.hr\/gimnazija\/wp-json\/wp\/v2\/pages\/7173"}],"wp:attachment":[{"href":"https:\/\/pug.hr\/gimnazija\/wp-json\/wp\/v2\/media?parent=7186"}],"curies":[{"name":"wp","href":"https:\/\/api.w.org\/{rel}","templated":true}]}}