{"id":7135,"date":"2018-10-08T11:01:48","date_gmt":"2018-10-08T09:01:48","guid":{"rendered":"http:\/\/www.pug.hr\/gimnazija\/?page_id=7135"},"modified":"2018-10-08T12:20:35","modified_gmt":"2018-10-08T10:20:35","slug":"english-all-around-2018","status":"publish","type":"page","link":"https:\/\/pug.hr\/gimnazija\/english-all-around-2018\/","title":{"rendered":"ENGLISH ALL AROUND 2018"},"content":{"rendered":"<p><a href=\"http:\/\/www.pug.hr\/gimnazija\/english-all-around-2017\/\" target=\"_blank\" rel=\"noopener\"><img loading=\"lazy\" decoding=\"async\" class=\"aligncenter wp-image-6574\" src=\"http:\/\/www.pug.hr\/gimnazija\/wp-content\/uploads\/2017\/02\/EAA.jpg\" alt=\"\" width=\"600\" height=\"58\" srcset=\"https:\/\/pug.hr\/gimnazija\/wp-content\/uploads\/2017\/02\/EAA.jpg 1041w, https:\/\/pug.hr\/gimnazija\/wp-content\/uploads\/2017\/02\/EAA-300x29.jpg 300w, https:\/\/pug.hr\/gimnazija\/wp-content\/uploads\/2017\/02\/EAA-768x75.jpg 768w, https:\/\/pug.hr\/gimnazija\/wp-content\/uploads\/2017\/02\/EAA-1024x99.jpg 1024w\" sizes=\"auto, (max-width: 600px) 100vw, 600px\" \/><\/a><\/p>\n<p>&nbsp;<\/p>\n<p style=\"text-align: right;\"><span style=\"color: #00a0e3;\"><strong>Celebrating passion for English &#8230;<\/strong><\/span><\/p>\n<p>[ws_table id=&#8221;82&#8243;]<\/p>\n<p><a href=\"http:\/\/www.pug.hr\/gimnazija\/wp-content\/uploads\/2017\/02\/EAA-logo-veliki.png\" rel=\"attachment wp-att-5778\"><img loading=\"lazy\" decoding=\"async\" class=\"aligncenter wp-image-5778\" src=\"http:\/\/www.pug.hr\/gimnazija\/wp-content\/uploads\/2017\/02\/EAA-logo-veliki.png\" alt=\"EAA logo veliki\" width=\"600\" height=\"361\" srcset=\"https:\/\/pug.hr\/gimnazija\/wp-content\/uploads\/2017\/02\/EAA-logo-veliki.png 1202w, https:\/\/pug.hr\/gimnazija\/wp-content\/uploads\/2017\/02\/EAA-logo-veliki-300x180.png 300w, https:\/\/pug.hr\/gimnazija\/wp-content\/uploads\/2017\/02\/EAA-logo-veliki-768x462.png 768w, https:\/\/pug.hr\/gimnazija\/wp-content\/uploads\/2017\/02\/EAA-logo-veliki-1024x616.png 1024w\" sizes=\"auto, (max-width: 600px) 100vw, 600px\" \/><\/a><\/p>\n<p>&nbsp;<\/p>\n<h4 style=\"text-align: center;\"><span style=\"color: #000000;\">Za\u0161to English All Around?<\/span><\/h4>\n<p style=\"text-align: justify;\"><a href=\"http:\/\/www.pug.hr\/gimnazija\/wp-content\/uploads\/2017\/02\/Logo-plavi.png\" rel=\"attachment wp-att-5938\"><img loading=\"lazy\" decoding=\"async\" class=\"wp-image-5938 size-thumbnail alignleft\" src=\"http:\/\/www.pug.hr\/gimnazija\/wp-content\/uploads\/2017\/02\/Logo-plavi-150x150.png\" alt=\"Logo plavi\" width=\"150\" height=\"150\" \/><\/a>Privatna umjetni\u010dka gimnazija i ove godine nastavlja organizirati festival\u00a0<strong><em>English all around \u2013 Celebrating passion for English<\/em><\/strong>. Iskustvo u\u010deni\u010dkog sudjelovanja na natjecanju, u\u010denja i dru\u017eenja \u017eelimo osna\u017eiti i promicati kako bi i nove generacije mogle pokazati sve svoje talente, znanja, sposobnosti i vje\u0161tine na engleskom jeziku te maksimalno u\u017eivati u\u010de\u0107i i upoznaju\u0107i svoje vr\u0161njake iz cijele Hrvatske.<\/p>\n<p style=\"text-align: justify;\">Svi u\u010denici osnovnih i srednjih \u0161kola mogu sudjelovati u bilo kojem od ponu\u0111enih izazova: Film, Glazba, Pri\u010da, Drama, Izlaganje, Govorenje i Sricanje.<\/p>\n<blockquote>\n<h4 style=\"text-align: center;\"><span style=\"color: #00a0e3;\">Why English All Around?<\/span><\/h4>\n<p style=\"text-align: justify;\"><span style=\"color: #00a0e3;\">Private High School for Arts also\u00a0<\/span><span style=\"color: #00a0e3;\">this year\u00a0<\/span><span style=\"color: #00a0e3;\">continues to organize the festival <strong>English All around \u2013 Celebrating passion for English<\/strong>. We want to strengthen and promote the\u00a0<\/span><span style=\"color: #00a0e3;\">students&#8217;\u00a0<\/span><span style=\"color: #00a0e3;\">experience to learn and interact with their peers as well as the judges. That is why English All Around has been created \u2013 to enable new generations to show their talents, knowledge and skills in the English language, fully enjoying learning while spending time with their peers from all over Croatia.<\/span><\/p>\n<p style=\"text-align: justify;\"><span style=\"color: #00a0e3;\">All primary and secondary school students can participate in any of the following challenges: Movie, Music, Story, Drama, Presentation, Speaking, and Spelling.<\/span><\/p>\n<\/blockquote>\n<h4 style=\"text-align: center;\"><span style=\"color: #000000;\">Za\u0161to Privatna umjetni\u010dka gimnazija kao organizator?<\/span><\/h4>\n<p style=\"text-align: justify;\"><a href=\"http:\/\/www.pug.hr\/gimnazija\/wp-content\/uploads\/2012\/02\/Logo.jpg\" rel=\"attachment wp-att-180\"><img loading=\"lazy\" decoding=\"async\" class=\"alignright wp-image-180 size-thumbnail\" src=\"http:\/\/www.pug.hr\/gimnazija\/wp-content\/uploads\/2012\/02\/Logo-150x150.jpg\" alt=\"Logo\" width=\"150\" height=\"150\" srcset=\"https:\/\/pug.hr\/gimnazija\/wp-content\/uploads\/2012\/02\/Logo-150x150.jpg 150w, https:\/\/pug.hr\/gimnazija\/wp-content\/uploads\/2012\/02\/Logo-300x300.jpg 300w, https:\/\/pug.hr\/gimnazija\/wp-content\/uploads\/2012\/02\/Logo.jpg 695w\" sizes=\"auto, (max-width: 150px) 100vw, 150px\" \/><\/a>Nakon vi\u0161egodi\u0161njeg sudjelovanja na natjecanju Engleski u akciji rastu\u017eila nas je vijest da se natjecanje odga\u0111a na neodre\u0111eno vrijeme. Na\u0161i su u\u010denici uvijek vrlo zainteresirani za prilike da poka\u017eu svoju kreativnost i vje\u0161tine, a smatrali smo da je potrebno o\u010duvati manifestaciju koja \u0107e u\u010denicima osnovnih i srednjih \u0161kola omogu\u0107iti u\u017eivanje u engleskome jeziku i pokazivanje svojih radova kao krunu talenta i truda u nastavi i izvan nje.<\/p>\n<p style=\"text-align: justify;\">Zato smo 2017. godine odlu\u010dili da se u\u010denici i njihovi mentori okupe u na\u0161oj organizaciji i proslave tu strast koju gaje za engleskim.\u00a0Shvatili smo da u na\u0161em svakodnevnom radu, kroz brojne kontakte s uglednicima i institucijama \u0161irom Hrvatske mo\u017eemo stvoriti sve potrebne preduvjete da se ovakav festival mo\u017ee uspje\u0161no odr\u017eati. Zahvaljujemo ovom prilikom svima koji su pomogli da ova manifestacija okupi vi\u0161e od 300 sudionika iz 32 \u0161kole iz cijele Hrvatske i da se proslava odr\u017ei uz silne superlative.<\/p>\n<p>Ove 2018. jo\u0161 smo ambiciozniji &#8211; dodali smo izazov izlaganja, jo\u0161 ranije krenuli u pripreme i \u010dini se da \u0107e broj \u0161kola i broj u\u010denika sudionika biti dvostruko ve\u0107i!.<\/p>\n<p style=\"text-align: justify;\">Prema preliminarnim &#8211; informativnim registracijama &#8211; ove se godine o\u010dekuje oko 40 filmova i 40 pri\u010da, 20 pjesama, 25 drama, 40 govornika i 25 izlaganja, te 40 sudionika u izazovu slovkanja!<\/p>\n<p style=\"text-align: justify;\">Naravno da se te brojke jo\u0161 mogu promijeniti jer slu\u017ebena registracija tek po\u010dinje i trajat \u0107e do 26. sije\u010dnja 2018. do kada svi radovi moraju biti poslani na na\u0161u adresu.<\/p>\n<blockquote>\n<h4 style=\"text-align: center;\"><span style=\"color: #00a0e3;\">Why\u00a0Private High School for Arts as the organiser?<\/span><\/h4>\n<p style=\"text-align: justify;\"><span style=\"color: #00a0e3;\">After several years of participating in English in Action competition, we were saddened by the news that the competition was cancelled. Our students have always been interested in showing their creativity and skills, and we thought that it was necessary to continue with a competition that will enable primary and secondary school students enjoy the English language and show their work as a crown of talent and hard work in and out of class.<\/span><\/p>\n<p style=\"text-align: justify;\"><span style=\"color: #00a0e3;\">That is why in 2017 we have decided to gather students and their mentors ourselves, in order to celebrate their passion for English together.\u00a0<\/span><span style=\"color: #00a0e3;\">We have realized that in our everyday work, through many contacts with experts and institutions all around Croatia, we can create the necessary preconditions for organising such a festival successfully. We hereby thank everyone who helped that this manifestation gather over 300 participants from 32 schools all around Croatia and that the celebration receives accolades.<\/span><\/p>\n<p style=\"text-align: justify;\"><span style=\"color: #00a0e3;\">In this 2018, we are even more ambitious &#8211; we added Presentation chalenge, even earlier\u00a0commenced preparations and it seems\u00a0 that EAA 2018 will be twice as big as EAA 2017!<\/span><\/p>\n<p style=\"text-align: justify;\"><span style=\"color: #00a0e3;\">According to preliminary, informative registrations, we are expecting around 40 movies, 40 stories,\u00a0 20 songs, 25 plays, 40 speakers and 40 spellers, and around 25 presentations!<\/span><\/p>\n<p style=\"text-align: justify;\"><span style=\"color: #00a0e3;\">Of course, the numbers coming out of this initial expression of interest\u00a0can change, since the official registration is only starting and will remain open by 26 January 2018. By that date all the works will have to be submitted to us as well.\u00a0<\/span><\/p>\n<\/blockquote>\n<p>&nbsp;<\/p>\n<h4 style=\"text-align: center;\"><span style=\"color: #000000;\">Za\u0161to &#8220;Identitet&#8221; kao ovogodi\u0161nja tema?<\/span><\/h4>\n<p style=\"text-align: justify;\">Ove smo godine svim zainteresiranima &#8211; u\u010denicima, mentorima, sucima i svima drugima &#8211; ponudili pet tema koje smo smatrali interesantnima, dovoljno \u0161irokima da se u njima razma\u0161e kreativnost na\u0161ih u\u010denika. Vi\u0161e o svih pet tema mo\u017eete prona\u0107i <a href=\"http:\/\/www.pug.hr\/gimnazija\/odaberite-temu\/\">OVDJE<\/a>.<\/p>\n<p style=\"text-align: justify;\">Nakon vi\u0161e od 150 registriranih glasova &#8211; odabrana je tema Identitet.<\/p>\n<p style=\"text-align: justify;\">Ni\u017ee mo\u017eete pro\u010ditati opis ove teme koji ne uklju\u010duje obvezatne smjernice, niti iscrpljuje sve o \u010demu se pod ovom temom mo\u017ee raspravljati. U\u010denici i njihovi mentori mogu slobodno ovu temu obraditi na koji god kreativan na\u010din \u017eele!<\/p>\n<p style=\"text-align: justify;\">Definiranje identiteta:<\/p>\n<p style=\"text-align: justify;\">\u0160to definira identitet? \u0160to na njega utje\u010de? \u0160to ga oblikuje? \u0160to ga mijenja? Kako prona\u0107i vlastiti identitet? Utje\u010de li izgled na na\u0161 identitet ili ga mijenja?<\/p>\n<p style=\"text-align: justify;\">Vrste identiteta:<\/p>\n<p style=\"text-align: justify;\">Osobni \u2013 Dru\u0161tveni \u2013 Kolektivni \u2013 Nacionalni \u2013 Fluidni \u2013 Vi\u0161estruki \u2013 Nestaju\u0107i \u2013 Ugro\u017eeni \u2013 Izgubljeni \u2013 Stigmatizirani \u2013 Virtualni \u2013 Vizualni<\/p>\n<p style=\"text-align: justify;\">Virtualni identitet:<\/p>\n<p style=\"text-align: justify;\">Otkako su razne dru\u0161tvene mre\u017ee preplavile internet ljudi su stvorili razne virtualne identitete. Zamjenjuju li virtualni identiteti na\u0161e prave identitete? Poma\u017eu li oni osobi stvoriti vlastito \u201eja\u201d ili se ljudi izgube me\u0111u njima? Jesu li na\u0161i virtualni identiteti la\u017eni ili nam omogu\u0107uju biti ono \u0161to jesmo? Ima li osoba pravo na vi\u0161estruke identitete?<\/p>\n<p style=\"text-align: justify;\">Tema je vrlo \u0161iroka te pru\u017ea u\u010denicima mnogo mogu\u0107nosti da se izraze kroz film, glazbu, tekst, predstavu i govor. Tako\u0111er, na ovaj na\u010din mogu progovoriti o brojnim izazovima, nerije\u0161enim pitanjima te daljnjim mogu\u0107nostima vlastitoga razvoja.<\/p>\n<blockquote>\n<h4 style=\"text-align: center;\"><span style=\"color: #00a0e3;\">Why\u00a0\u201cIdentity\u201d as the main theme this year?<\/span><\/h4>\n<p style=\"text-align: justify;\"><span style=\"color: #00a0e3;\">This year we proposed to everyone interested &#8211; students, mentors, judges and everyone else &#8211; five themes which we deemed interesting, broad enough to enable creativity of our students spreading its wings. More about all five topics can be found <a href=\"http:\/\/www.pug.hr\/gimnazija\/odaberite-temu\/\">HERE<\/a><\/span><\/p>\n<p style=\"text-align: justify;\"><span style=\"color: #00a0e3;\">150 registered votes later &#8211; the chosen theme was Identity.<\/span><\/p>\n<p style=\"text-align: justify;\"><span style=\"color: #00a0e3;\">Below you can find some descriptions of this topic, but they are far from being the mandatory guidelines or exhaustive of what can be covered under a particular topic. Students, under the guidance of their mentors, are free to cover this topic in any creative way they wish!<\/span><\/p>\n<p style=\"text-align: justify;\"><span style=\"color: #00a0e3;\">Defining identity:<\/span><\/p>\n<p style=\"text-align: justify;\"><span style=\"color: #00a0e3;\">What defines identity? What influences it? What shapes it? What changes it? How does one find their own identity? Do appearances influence our identity or do they change it?<\/span><\/p>\n<p style=\"text-align: justify;\"><span style=\"color: #00a0e3;\">Types of identity:<\/span><\/p>\n<p style=\"text-align: justify;\"><span style=\"color: #00a0e3;\">Individual\/personal \u2013 Social \u2013 Collective \u2013 National \u2013 Fluid \u2013 Multiple \u2013 Disappearing \u2013 Endangered \u2013 Lost \u2013 Stigmatized \u2013 Virtual \u2013 Visual<\/span><\/p>\n<p style=\"text-align: justify;\"><span style=\"color: #00a0e3;\">Virtual identity:<\/span><\/p>\n<p style=\"text-align: justify;\"><span style=\"color: #00a0e3;\">Ever since various social networks flooded the Internet, people have constructed numerous virtual identities. Do virtual identities replace our true identities? Do they help a person form their own \u201cI\u201d or are they lost among them? Are our virtual identities fake or do they enable us be our true selves? Does a person have the right to have multiple identities?<\/span><\/p>\n<p style=\"text-align: justify;\"><span style=\"color: #00a0e3;\">The theme is very broad and it gives students the opportunity to express themselves through movie, music, text, speech and a play. Furthermore, in this way they can speak up about many challenges, unsolved questions and further opportunities for self-growth.<\/span><\/p>\n<p>&nbsp;<\/p><\/blockquote>\n<figure id=\"attachment_6948\" aria-describedby=\"caption-attachment-6948\" style=\"width: 600px\" class=\"wp-caption aligncenter\"><a href=\"http:\/\/www.pug.hr\/gimnazija\/wp-content\/uploads\/2018\/03\/Schedule-Saturday-24032018.png\"><img loading=\"lazy\" decoding=\"async\" class=\"wp-image-6948\" src=\"http:\/\/www.pug.hr\/gimnazija\/wp-content\/uploads\/2018\/03\/Schedule-Saturday-24032018.png\" alt=\"\" width=\"600\" height=\"361\" srcset=\"https:\/\/pug.hr\/gimnazija\/wp-content\/uploads\/2018\/03\/Schedule-Saturday-24032018.png 960w, https:\/\/pug.hr\/gimnazija\/wp-content\/uploads\/2018\/03\/Schedule-Saturday-24032018-300x181.png 300w, https:\/\/pug.hr\/gimnazija\/wp-content\/uploads\/2018\/03\/Schedule-Saturday-24032018-768x462.png 768w\" sizes=\"auto, (max-width: 600px) 100vw, 600px\" \/><\/a><figcaption id=\"caption-attachment-6948\" class=\"wp-caption-text\"><strong>Schedule Saturday 24\/03<\/strong><\/figcaption><\/figure>\n<p>&nbsp;<\/p>\n<figure id=\"attachment_6949\" aria-describedby=\"caption-attachment-6949\" style=\"width: 600px\" class=\"wp-caption aligncenter\"><a href=\"http:\/\/www.pug.hr\/gimnazija\/wp-content\/uploads\/2018\/03\/Schedule-Sunday-25032018.png\"><img loading=\"lazy\" decoding=\"async\" class=\"wp-image-6949\" src=\"http:\/\/www.pug.hr\/gimnazija\/wp-content\/uploads\/2018\/03\/Schedule-Sunday-25032018.png\" alt=\"\" width=\"600\" height=\"404\" srcset=\"https:\/\/pug.hr\/gimnazija\/wp-content\/uploads\/2018\/03\/Schedule-Sunday-25032018.png 960w, https:\/\/pug.hr\/gimnazija\/wp-content\/uploads\/2018\/03\/Schedule-Sunday-25032018-300x202.png 300w, https:\/\/pug.hr\/gimnazija\/wp-content\/uploads\/2018\/03\/Schedule-Sunday-25032018-768x517.png 768w\" sizes=\"auto, (max-width: 600px) 100vw, 600px\" \/><\/a><figcaption id=\"caption-attachment-6949\" class=\"wp-caption-text\"><strong>Schedule SUNDAY 25\/03<\/strong><\/figcaption><\/figure>\n<p style=\"text-align: center;\"><a href=\"http:\/\/www.pug.hr\/gimnazija\/wp-content\/uploads\/2017\/02\/ENGLISH-ALL-AROUND-Information-Booklet-2018.pdf\">ENGLISH ALL AROUND Information Booklet 2018<\/a><\/p>\n<p style=\"text-align: center;\"><a href=\"http:\/\/www.pug.hr\/gimnazija\/wp-content\/uploads\/2017\/02\/ENGLISH-ALL-AROUND-Podatci-o-festivalu-2018.pdf\">ENGLISH ALL AROUND Podatci o festivalu 2018<\/a><\/p>\n<p>&nbsp;<\/p>\n<p><strong>PRONA\u0110ITE NAS NA FACEBOOKU\/<span style=\"color: #0000ff;\">FIND US ON FACEBOOK<\/span>:<\/strong><\/p>\n<p><a href=\"https:\/\/www.facebook.com\/englishallaround.pug\/\" target=\"_blank\" rel=\"attachment wp-att-5792 noopener\"><img loading=\"lazy\" decoding=\"async\" class=\"aligncenter wp-image-5792\" src=\"http:\/\/www.pug.hr\/gimnazija\/wp-content\/uploads\/2017\/02\/FBEAA-1024x357.png\" alt=\"Facebook EAA\" width=\"600\" height=\"189\" \/><\/a><\/p>\n<p>[ws_table id=&#8221;82&#8243;]<\/p>\n","protected":false},"excerpt":{"rendered":"<p>&nbsp; Celebrating passion for English &#8230; [ws_table id=&#8221;82&#8243;] &nbsp; Za\u0161to English All Around?&#8230;<\/p>\n","protected":false},"author":1,"featured_media":7097,"parent":0,"menu_order":0,"comment_status":"closed","ping_status":"closed","template":"","meta":{"ngg_post_thumbnail":0,"jetpack_post_was_ever_published":false,"footnotes":""},"class_list":["post-7135","page","type-page","status-publish","has-post-thumbnail","hentry"],"jetpack_sharing_enabled":true,"jetpack_shortlink":"https:\/\/wp.me\/P2cktY-1R5","_links":{"self":[{"href":"https:\/\/pug.hr\/gimnazija\/wp-json\/wp\/v2\/pages\/7135","targetHints":{"allow":["GET"]}}],"collection":[{"href":"https:\/\/pug.hr\/gimnazija\/wp-json\/wp\/v2\/pages"}],"about":[{"href":"https:\/\/pug.hr\/gimnazija\/wp-json\/wp\/v2\/types\/page"}],"author":[{"embeddable":true,"href":"https:\/\/pug.hr\/gimnazija\/wp-json\/wp\/v2\/users\/1"}],"replies":[{"embeddable":true,"href":"https:\/\/pug.hr\/gimnazija\/wp-json\/wp\/v2\/comments?post=7135"}],"version-history":[{"count":2,"href":"https:\/\/pug.hr\/gimnazija\/wp-json\/wp\/v2\/pages\/7135\/revisions"}],"predecessor-version":[{"id":7170,"href":"https:\/\/pug.hr\/gimnazija\/wp-json\/wp\/v2\/pages\/7135\/revisions\/7170"}],"wp:featuredmedia":[{"embeddable":true,"href":"https:\/\/pug.hr\/gimnazija\/wp-json\/wp\/v2\/media\/7097"}],"wp:attachment":[{"href":"https:\/\/pug.hr\/gimnazija\/wp-json\/wp\/v2\/media?parent=7135"}],"curies":[{"name":"wp","href":"https:\/\/api.w.org\/{rel}","templated":true}]}}