{"id":7035,"date":"2018-06-07T10:41:30","date_gmt":"2018-06-07T08:41:30","guid":{"rendered":"http:\/\/www.pug.hr\/gimnazija\/?page_id=7035"},"modified":"2018-06-07T11:19:06","modified_gmt":"2018-06-07T09:19:06","slug":"hr001-scenarij-svatko-ima-pravo-disati","status":"publish","type":"page","link":"https:\/\/pug.hr\/gimnazija\/natjecaj-stipendija-za-pricu\/hr001-scenarij-svatko-ima-pravo-disati\/","title":{"rendered":"HR001 &#8211;\u00a0Scenarij: Svatko ima pravo disati"},"content":{"rendered":"<p>Scena1, kadar 1. int. \u0161kolski hodnik. jutro.<\/p>\n<p>\u010cuje se zvono, razred izlazi iz u\u010dionice. Zadnji izlazi \u0110uro, ni\u017eeg rasta (13), vu\u010de knjige u staroj zelenoj otrcanoj torbi. Gleda u list papira, vidi se da \u0110uro gleda u test, a na testu je ocjena 1 i 13% to\u010dno rije\u0161enih zadataka. \u0110uro nastavi hodati dalje niz hodnik do slijede\u0107e u\u010dionice uzdi\u0161u\u0107i.<\/p>\n<\/p>\n<p>Scena 2, kadar 2. int. \u0161kolski hodnik. jutro<\/p>\n<p>\u0110uro sjeda na klupu uzdi\u0161e i gleda u test. Pribli\u017eavaju mu se dva vi\u0161lja dje\u010daka koja razgovaraju. Jedan od njih, Karlo (13), pokazuje \u0110uru prstom prijatelju Adrianu(13).<\/p>\n<p>Karlo<\/p>\n<p>(bahato) O gle ko je to! Pa to je kepec \u0110uro!<\/p>\n<p>O, kaj je niski? Jesi tu\u017ean zbog testa?<\/p>\n<p>Pa da vidimo kolko si dobio.<\/p>\n<p>Karlo brzo uzme ni\u017eem dje\u010daku \u0110uri papir iz ruke i pogleda u postotak i ocjenu i prasne u smijeh te po\u010dne pokazivati Adrianu.<\/p>\n<p>Karlo<\/p>\n<p>(kroz smjeh) Gle Adrian kak je glup!<\/p>\n<p>Ima 13% iz testa! \u010cak i ja imam vi\u0161e od njega,<\/p>\n<p> a ja se ni ne trudim. On je doma satima i u\u010di\u2026 <\/p>\n<p>i jo\u0161 uvjek ima 13%! (smijeh)<\/p>\n<p>I dje\u010dak Adrian prasne u smijeh. \u0110uro ustane i neuspje\u0161no poku\u0161ava uzeti test i ka\u017ee.<\/p>\n<\/p>\n<p>\u0110uro<\/p>\n<p>Daj Karlo, nisi fora, vrati mi test!<\/p>\n<p>Karlo baci test Adrianu koji digne ruku u kojoj dr\u017ei test, te \u0110uro po\u010dne skakati kako bi ga dohvatio. Nakon \u0161to se \u0110uro dobro namu\u010di poku\u0161avaju\u0107i dohvatiti test, Adrian zgu\u017eva test i ka\u017ee.<\/p>\n<p>Adrian<\/p>\n<p>Uups, zgu\u017evan je.<\/p>\n<p>Adrian dobaci zgu\u017evani test dje\u010daku Karlu, te se oni nastave dodavati sa testom. \u0110uro je u sredini i poku\u0161ava ga uhvatiti. Usput vi\u010de da to prestanu raditi. Karlo i Adrian ne prestaju. Adrian baci zgu\u017evani test preko ramena kroz prozor i ka\u017ee:<\/p>\n<p>Adrian<\/p>\n<p>(podrugljivo) Uuuppps!<\/p>\n<p>Karlo<\/p>\n<p>Ajmo Adrijan prije nag kaj se raspla\u010de ko kepecka beba.<\/p>\n<p>Adrian i Karlo od\u0161etaju dalje niz hodnik, \u010duje se zvono i u\u010denici ulaze u u\u010dionicu.<\/p>\n<\/p>\n<p>Scena 3, kadar 1. int. dvorana za tjelesni. jutro<\/p>\n<p>Slijede\u0107i dan \u0110uro ulazi u dvoranu u svojoj opremi. U dvorani jo\u0161 uvijek nema nikoga. \u0110uro si prokomentira.<\/p>\n<p>\u0110uro<\/p>\n<p>Moram prestat dolazit ranije u \u0161kolu.<\/p>\n<\/p>\n<p>U tom trenutku dolazi Adrian i uzme par lopti za ko\u0161arku i krene ga\u0111ati \u0110uru.<\/p>\n<p>Adrian<\/p>\n<p>Ajde preniski kretenu, ajmo jutarnje razgibavanje!<\/p>\n<p>\u0110uro<\/p>\n<p>Molim te Adrian ne danas, tek sam doru\u010dkovao i\u2026<\/p>\n<p>\u0110urin govor prekine pad zbog lopte u njegovom licu koju je bacio Adrian.<\/p>\n<p>Adrian<\/p>\n<p>(smijeh) Imas sre\u0107e da je prva lopta mekana, <\/p>\n<p>slijede\u0107e su ti samo ko\u0161arka\u0161ke.<\/p>\n<p>Adrian nastavi bacati ko\u0161arka\u0161ke lopte u \u0110uru dok se ne za\u010duje \u0161kolsko zvono, a zatim ka\u017ee.<\/p>\n<p>Adrian<\/p>\n<p>Ima\u0161 sre\u0107e da je zvonilo, <\/p>\n<p>al vidjet \u0107emo se mi jo\u0161 poslije \u0161kole samo da zna\u0161.<\/p>\n<p>Adrian iza\u0111e iz dvorane, a \u0110uro, vidno uzrujan, samo uzdahne i po\u010dne skupljati lopte i vra\u0107a ih na mjesto.<\/p>\n<\/p>\n<p>Scena 4, kadar 1. ext. ispred \u0161kole. dan.<\/p>\n<p>Djeca izlaze iz \u0161kole. \u0110uro ima kapulja\u010du preko glave i hoda pognute glave u nadi da ga ne\u0107e prepoznati, ali se odozada prema njemu pribli\u017eavaju ubrzanim korakom Karlo i Adrian. Karlo ga primi za torbu i nasilno mu je strgne s le\u0111a. \u0110uro padne, a Adrian prospe njegove knjige po njemu i baci mu torbu na pod i po\u010dne ne\u0161to govoriti. Dok Karlo to govori, \u0110uro krene skupljati <\/p>\n<\/p>\n<p>knjge.<\/p>\n<p>Karlo<\/p>\n<p>\u010cujem da si danas ujutro izbjegavao lopte, zna\u0161 da to ne volimo!<\/p>\n<p>Sad \u0107emo to nadoknaditi. Gle \u0161to sam na\u0161ao.<\/p>\n<p>Karlo poka\u017ee na Adriana koji otkrije veliki \u0161tap iza sebe, zamahne s njim i poku\u0161a udariti \u0110uru, no on se izmakne u zadnji trenutak i krene tr\u010dati niz ulicu. Na to Karlo ljutito ka\u017ee:<\/p>\n<p>Karlo<\/p>\n<p>E, ne\u0107e\u0161 pobje\u0107i ovaj put.<\/p>\n<p>Adrian ispusti \u0161tap, te krenu tr\u010dati za \u0110urom i po putu se deru:<\/p>\n<p>Adrian i Karlo<\/p>\n<p>Daj odustani \u0110uro, <\/p>\n<p>prenizak si i prespor da nam pobjegne\u0161, daj odustani!<\/p>\n<p>\u0110uro nastavi tr\u010dati sve dok ne do\u0111e do jedne zelene kante za sme\u0107e i sakrije se iza nje. (bli\u017ei plan) \u0110uro sjedi iza kante uzdihan i pogleda iza da vidi gdje su Adrian i Karlo i vrati se nazad iza kante. Vidimo Adriana i Karla ulicu dalje.<\/p>\n<p>Adrian<\/p>\n<p>Ma daj, nema smisla naganjati ga, sutra \u0107emo ga sredit u \u0161koli.<\/p>\n<p>Adrian i Karlo se pozdrave i razi\u0111u. Kamera prati Adriana u ulicu, tamo je kanta iza koje je \u0110uro. Adrian sre\u0107e svog oca.<\/p>\n<p>Adrianov otac<\/p>\n<p>\u0160to sam ti rekao o ka\u0161njenju sme\u0107e malo neodgojeno.<\/p>\n<p>Nakon \u0161to to izgovori Adrianov otac opali Adrianu \u0161amar, pljune pokraj njega i nastavi svojim putem. \u0110uro svjedo\u010di svemu tome i gleda Adrina kako odlazi u suzama.<\/p>\n<\/p>\n<p>Scena 5, kadar 1. Int. \u0161kola. Dan.<\/p>\n<p>Slijede\u0107i dan na \u0161kolskom hodniku \u0110uro poku\u0161a pri\u010dati sa djevoj\u010dicom iz razreda, Hanom (13).<\/p>\n<p>\u0110uro<\/p>\n<p>(nervozno) \u010cuj,ovaj\u2026 jesmo imali zada\u0107u za danas?<\/p>\n<p>Hana<\/p>\n<p>Ne znam, daj da provjerim.<\/p>\n<p>\u0110uro<\/p>\n<p>Ok.<\/p>\n<p>Djevoj\u010dica iz rezreda\/Hana se sagne i po\u010dne prekopavati torbu. Za to vrijeme niz hodnik do\u0161etaju Adrian i Karlo. Karlo se po\u010dne rugati \u0110uri.<\/p>\n<p>Karlo<\/p>\n<p>Opa \u0110uro, vidim da se upucava\u0161 Hani, aaaa\u2026<\/p>\n<p>\u0110uro<\/p>\n<p>Ne nisam\u2026, samo sam pito\u2026 ovaj\u2026 za zada\u0107u. Nisam se upucavo.<\/p>\n<p>Adrian<\/p>\n<p>Opaaaa, \u0110uro se zacopo u Hanuu!!!!<\/p>\n<\/p>\n<p>\u0110uro<\/p>\n<p>Nisam, evo idem.<\/p>\n<p>\u0110uro se okrene prema Hani i ka\u017ee: <\/p>\n<p>\u0110uro<\/p>\n<p>Nema veze.<\/p>\n<p>\u0110uro tu\u017eno od\u0161eta od Hane i sjedne na klupicu udaljen od razreda. Do njega do\u0161eta Adrian i ka\u017ee mu:<\/p>\n<p>Adrian<\/p>\n<p>Ovo ti je kad se zacopa\u0161 u nekog ko nije u tvojoj ligi.<\/p>\n<p>Adrian opali \u0161amar\u010dinu \u0110uri i od\u0161e\u010de do Karla te se oni vrate do svoje u\u010dionice. \u0110uro stavi ruku na obraz od boli i gleda u smjeru Karla i Adrijana sa suzama u o\u010dima. Zatim se \u010duje zvono i \u0110uro u\u0111e u u\u010dionicu s ostatkom razreda.<\/p>\n<\/p>\n<p>Scena 6, kadar 1. Int. Adrianova ku\u0107a. Dan.<\/p>\n<p>Adrian sjedi na kau\u010du i razgovara na telefon.<\/p>\n<p>Adrian<\/p>\n<p>E di si Karlo. \u0161ta ima? Aha cool!<\/p>\n<p> E kak me na\u017eivcirala profa iz kemije i onda jo\u0161 pegica isssssss!!!!<\/p>\n<p>Karlo<\/p>\n<p>Da \u010dovje\u010de meni je i\u0161la na \u017eivce ve\u0107, mogu mislit tebi!<\/p>\n<p>Adrian<\/p>\n<p>Uglavnom, ajmo markirat njoj u inat sutra i prekosutra.<\/p>\n<p>Karlo<\/p>\n<p>(odlu\u010dno) Jeaaaa!<\/p>\n<p>Adrian<\/p>\n<p>Ok na\u0111emo se sutra kod \u201ckruga\u201d to\u010dno u 06:00.<\/p>\n<p>Adrian poklopi slu\u0161alicu.<\/p>\n<\/p>\n<p>Scena 7 ,kadar 1. ext. \u201ckrug\u201d . jutro.<\/p>\n<p>Karlo \u010deka kod \u201ckruga\u201d na biciklu s ruksakom, zatim dolazi Adrian i zajedno kre\u0107u prema nasipu i od tamo se voze prema mostu. <\/p>\n<\/p>\n<p>Scena 8, kadar 1. Int. \u0161kola. Dan<\/p>\n<p>\u0110uro dolazi u \u0161kolu i gleda oko sebe. Primje\u0107uje da nema Karla ni Adriana u blizini. \u0110uro odahne i pribli\u017ei se ostaloj djeci iz razreda.<\/p>\n<p>\u0110uro<\/p>\n<p>Bok!<\/p>\n<p>Matej (dje\u010dak iz razreda) odgovori zaprepa\u0161teno ali vedro.<\/p>\n<p>Matej<\/p>\n<p>O, kak to da si ti do\u0161o k nama napokon?<\/p>\n<p>\u0110uro<\/p>\n<p>Nema Adriana i Karla. Napokon!<\/p>\n<p>Matej<\/p>\n<p>Kak to misli\u0161?<\/p>\n<p>\u0110uro<\/p>\n<p>Pa svaki put kad vam probam pri\u0107i,<\/p>\n<p>oni su tamo i krenu me zezat ili tu\u010d.<\/p>\n<p>Matej<\/p>\n<p>Zas nisi ni\u0161 reko?<\/p>\n<p>Hana<\/p>\n<p>Da, smislili bi ne\u0161 ve\u0107.<\/p>\n<p>\u0110uro<\/p>\n<p>(za\u010du\u0111eno)Stvarno, za mene?<\/p>\n<p>Matej<\/p>\n<p>Da buraz, ide\u0161 s nama u razred ve\u0107 osam godina!<\/p>\n<p>\u0110uro<\/p>\n<p> (neugodno) Ok, ok\u2026 kad\u2026 ?<\/p>\n<p>Hana<\/p>\n<p>Odma poslije \u0161kole, Mo\u017eemo kod mene.<\/p>\n<\/p>\n<p>Matej<\/p>\n<p>Cool, dogovoreno!<\/p>\n<p>Na\u0111emo se ispred \u0161kole poslije zadnjeg sata i idemo Hani!<\/p>\n<p>\u0110uro<\/p>\n<p>Ajme hvala vam!<\/p>\n<\/p>\n<p>Scena 9,kadar 1. int. Hanina ku\u0107a .dan.<\/p>\n<p>Hana<\/p>\n<p>Ok da vidimo \u0161ta mo\u017eemo doradit.<\/p>\n<p>Ja \u0107u se pobrinut za izgled, a ti za pona\u0161anje protiv tih kretena.<\/p>\n<p>Matej<\/p>\n<p>Ok!<\/p>\n<p>Hana<\/p>\n<p>Ok \u0110uro, da vidimo koju obleku imam za tebe. Nadam se da se<\/p>\n<p>ne ljuti\u0161 \u0161to je od buraza.<\/p>\n<p>\u0110uro<\/p>\n<p>Daj kaj si luda, za\u0161 bi se ljutio!<\/p>\n<p>Hana kopa po ormaru i na\u0111e neku (moderniju od \u0110urine) majicu i hla\u010de.<\/p>\n<p>Hana<\/p>\n<p>Ok, mislim da \u0107e ovo bit savr\u0161eno za tebe.<\/p>\n<p>\u0110uro<\/p>\n<p>Tenks!<\/p>\n<p>Hana<\/p>\n<p>Evo tamo je kupaona.<\/p>\n<p>Odi se presvuci.<\/p>\n<p>\u0110uro u\u0111e u kupaonicu i iza\u0111e u modernoj odje\u0107i.<\/p>\n<p>Hana<\/p>\n<p>(pomalo zadivljeno) WOW!<\/p>\n<p>\u0110uro<\/p>\n<p>Ma daj, stvarno?<\/p>\n<p>Hana<\/p>\n<p>Da! Zbilja! Super ti stoji!<\/p>\n<p>\u0110uro<\/p>\n<p>(neugodno) Hehe, tenks!<\/p>\n<p>Hana<\/p>\n<p>Ok, a sad do Mateja, sigurno<\/p>\n<p>je ve\u0107 ne\u0161to smislio.<\/p>\n<\/p>\n<p>\u0110uro se od\u0161e\u0107e do Mateja.<\/p>\n<p>Matej<\/p>\n<p>Ok malo sam istra\u017eio na internetu <\/p>\n<p>i treba\u0161 radit ovo \u0161to \u0107u ti sad re\u0107.<\/p>\n<p>\u0110uro<\/p>\n<p>Ok.<\/p>\n<p>Matej<\/p>\n<p>Zna\u010di, kad hoda\u0161 hodnikom probaj uvijek bit uz nekog <\/p>\n<p>iz razreda i uspravi se i otvori polo\u017eaj tjela ovako.<\/p>\n<p>Matej poka\u017ee \u0110uri kako treba stajati i hodati.<\/p>\n<p>Matej<\/p>\n<p>Ok? To \u0107e ti pobolj\u0161ati<\/p>\n<p>samopouzdanje i izgledat \u0107e\u0161 ko da ga ima\u0161 puno. <\/p>\n<p>Plus ne\u0107e te napadat dok smo mi oko tebe, ok?<\/p>\n<p>\u0110uro<\/p>\n<p>Ok.<\/p>\n<p>Matej<\/p>\n<p>Dalje, kad te napadnu fizi\u010dki pravi se ko da ga se ne boji\u0161, ok?<\/p>\n<p>\u0110uro<\/p>\n<p>Kak to misli\u0161?<\/p>\n<p>Matej<\/p>\n<p>Zna\u010di, kad te napadne samo se okreni i od\u0161etaj od njega<\/p>\n<p>A ako te prati reci mu smireno, ne ljuto, STOP!<\/p>\n<p>I onda se okreni i nastavi hodat dalje.<\/p>\n<p>\u0110uro<\/p>\n<p>Doobroo\u2026<\/p>\n<p>Matej<\/p>\n<p>Ono \u0161to time radi\u0161 je da kad oni vide da ih se ne boji\u0161<\/p>\n<p>odustat \u0107e zato \u0161to im ne\u0107e vi\u0161e bit fora.<\/p>\n<p>\u0110uro<\/p>\n<p>Ok kontam.<\/p>\n<p>Matej<\/p>\n<p>I kad te krenu vrije\u0111at, budi smiren, ne obaziri se na uvrede. <\/p>\n<p>I odgovaraj im ljubezno. Recimo ak ti ka\u017eu da smrdi\u0161 reci im ovo: <\/p>\n<p>o hvala sto si primjetio, ti si tako dobra osoba buraz. <\/p>\n<p>Ili ak ti ka\u017ee da si glup reci: da znam, nekad radim glupe stvari. <\/p>\n<p>Hvala sto si primjetio, ti si ba\u0161 pametan\u2026 I onda od\u0161etaj.<\/p>\n<p>\u0110uro<\/p>\n<p>Ima smisla\u2026 valjda\u2026<\/p>\n<p>Matej<\/p>\n<p>Daj da ti objasnim\u2026 kad oni vide da se ti ne ljuti\u0161<\/p>\n<p>dosadit \u0107e\u0161 im i ne\u0107e te dirat vi\u0161e nikad.<\/p>\n<p>\u0110uro<\/p>\n<p>Hvala, ali stvarno hvala.<\/p>\n<p>Hana izlazi iz druge sobe i donosi jo\u0161 par komada odje\u0107e.<\/p>\n<p>Hana<\/p>\n<p>Ok, nije ba\u0161 puno ali je ipak ne\u0161to.<\/p>\n<p>\u0110uro<\/p>\n<p>\u0160ali\u0161 se, toliko odje\u0107e u \u017eivotu nisam imo! Stvarno vam hvala!<\/p>\n<p>Hana<\/p>\n<p>Ma daj, ni\u0161ta!<\/p>\n<p>\u0110uro spremi stvari u torbu i krene doma sa smje\u0161kom na licu. <\/p>\n<\/p>\n<p>Scena 10, kadar 1. int. ispred \u0161kole .dan.<\/p>\n<p>\u0110uro dolazi prema \u0161koli, ispravljen i u novoj odje\u0107i. Do njega dolaze Karlo i Adrian.<\/p>\n<p>Karlo<\/p>\n<p>O, vidim da si ukro novu odje\u0107u smrdljivko!<\/p>\n<p>\u0110uri u mislima: ok kre\u0107em.<\/p>\n<p>\u0110uro<\/p>\n<p>Aww, hvala \u0161to si primjetio, ba\u0161 si srce.<\/p>\n<p> Adrian<\/p>\n<p>(\u0161okirano) \u0160ta?<\/p>\n<p>\u0110uro<\/p>\n<p>Hvala \u0161to ste primjetili da imam novu odje\u0107u.<\/p>\n<p>Karlo<\/p>\n<p>Daj pusti ga vidi\u0161 da je lud.<\/p>\n<p>E sad \u0107e\u0161 dobit batine!<\/p>\n<p>\u0110uro ispru\u017ei ruku Karlu ispred face i ka\u017ee smireno.<\/p>\n<p>\u0110uro<\/p>\n<p>Nep!<\/p>\n<p>I nastavi hodati do ulaza gdje sre\u0107e Mateja i nekog drugog dje\u010daka iz razreda. Obojici daje pet i ulaze u \u0161kolu zajedno. Karlo i Adrian gledaju u \u010dudu.<\/p>\n<\/p>\n<p>Scena 11, kadar 1. ext. parki\u0107. Dan.<\/p>\n<p>Adrian i Karlo sjede na klupici u parku, pu\u0161e cigarete i razgovaraju.<\/p>\n<p>Adrian<\/p>\n<p>Ok, ne znam \u0161ta je sa \u0110urom, <\/p>\n<p>ne boji nas se, ima prijatelje\u2026 ne mo\u017eemo ga ni tu\u0107 vi\u0161e.<\/p>\n<\/p>\n<p>Karlo<\/p>\n<p>Da! Ne znam \u0161ta mu se desilo.<\/p>\n<p>Adrian<\/p>\n<p>Meni ga se sad vi\u0161e neda mu\u010dit, nije fora ak se ne opire.<\/p>\n<p>Karlo<\/p>\n<p>Fakat nije.<\/p>\n<p>Adrian<\/p>\n<p>Ma pustit \u0107emo ga.<\/p>\n<p>Karlo<\/p>\n<p>Mo\u017eda je napu\u0161en (smijeh)<\/p>\n<p>Adrian<\/p>\n<p>(smijeh) Mo\u017eda, al fakat vi\u0161e nije fora.<\/p>\n<\/p>\n<p>Scena 12, kadar 1. Int. \u0161kolski hodnik. Dan.<\/p>\n<p>Na ekranu se pojavljuju slova \u201ctjedan dana kasnije\u201d. <\/p>\n<p>Vidimo \u0110uru kako izlazi iz u\u010dionice i razgovara sa Hanom. Njemu preko ramena vidimo da je dobio vrlo dobru ocjenu i 80% rije\u0161en test. Cijeli razred dolazi ispred druge u\u010dionice. <\/p>\n<p>Po\u010dinje odjavna \u0161pica na kojoj pi\u0161e: metode kori\u0161tene u filmu su provjerene, djeluju i potvr\u0111ene su od strane pedagoga.<\/p>\n<p>KORISTITE IH<\/p>\n<p>JER<\/p>\n<p>\u201cSVATKO IMA PRAVO DISATI\u201d \u2013 LUKA RITZ<\/p>\n<p>\n","protected":false},"excerpt":{"rendered":"<p>Scena1, kadar 1. int. \u0161kolski hodnik. jutro. \u010cuje se zvono, razred izlazi iz&#8230;<\/p>\n","protected":false},"author":1,"featured_media":0,"parent":7030,"menu_order":0,"comment_status":"closed","ping_status":"closed","template":"","meta":{"ngg_post_thumbnail":0,"jetpack_post_was_ever_published":false,"footnotes":""},"class_list":["post-7035","page","type-page","status-publish","hentry"],"jetpack_sharing_enabled":true,"jetpack_shortlink":"https:\/\/wp.me\/P2cktY-1Pt","_links":{"self":[{"href":"https:\/\/pug.hr\/gimnazija\/wp-json\/wp\/v2\/pages\/7035","targetHints":{"allow":["GET"]}}],"collection":[{"href":"https:\/\/pug.hr\/gimnazija\/wp-json\/wp\/v2\/pages"}],"about":[{"href":"https:\/\/pug.hr\/gimnazija\/wp-json\/wp\/v2\/types\/page"}],"author":[{"embeddable":true,"href":"https:\/\/pug.hr\/gimnazija\/wp-json\/wp\/v2\/users\/1"}],"replies":[{"embeddable":true,"href":"https:\/\/pug.hr\/gimnazija\/wp-json\/wp\/v2\/comments?post=7035"}],"version-history":[{"count":5,"href":"https:\/\/pug.hr\/gimnazija\/wp-json\/wp\/v2\/pages\/7035\/revisions"}],"predecessor-version":[{"id":7055,"href":"https:\/\/pug.hr\/gimnazija\/wp-json\/wp\/v2\/pages\/7035\/revisions\/7055"}],"up":[{"embeddable":true,"href":"https:\/\/pug.hr\/gimnazija\/wp-json\/wp\/v2\/pages\/7030"}],"wp:attachment":[{"href":"https:\/\/pug.hr\/gimnazija\/wp-json\/wp\/v2\/media?parent=7035"}],"curies":[{"name":"wp","href":"https:\/\/api.w.org\/{rel}","templated":true}]}}