{"id":6803,"date":"2018-02-11T22:41:44","date_gmt":"2018-02-11T21:41:44","guid":{"rendered":"http:\/\/www.pug.hr\/gimnazija\/?page_id=6803"},"modified":"2018-02-11T22:46:57","modified_gmt":"2018-02-11T21:46:57","slug":"greater-than-mistakes-youve-made","status":"publish","type":"page","link":"https:\/\/pug.hr\/gimnazija\/english-all-around\/and-now-vote\/izazov-price-srednje-skole\/greater-than-mistakes-youve-made\/","title":{"rendered":"Greater than Mistakes You&#8217;ve Made"},"content":{"rendered":"<p>Author: Marica Jakljevi\u0107 Dubiel, Ekonomsko-birotehni\u010dka \u0161kola Slavonski Brod<\/p>\n<p> Movies we watch and books we read,  <br \/>\n Opinions we have, people we need, <br \/>\n Opportunities encountered <br \/>\n In challenges we take, <br \/>\n Adventures to explore,  <br \/>\n Experience to carry <br \/>\n Through changes we make. <br \/>\n The things WE choose to be  <br \/>\n WE build ourselves,  <br \/>\n WE decide what the rest of the world will see! <\/p>\n<p> I d e n t i t y  \u2013  <br \/>\n The most unique bit everybody has. <br \/>\n Don&#8217;t ever be afraid  <br \/>\n Of the negative looks you might get.  <br \/>\n Not all feet take the same steps.  <br \/>\n Building yourself to please others <br \/>\n Will often displease you.  <br \/>\n Instead,  <br \/>\n Make yourself the person  <br \/>\n YOU want to be.  <\/p>\n<p> Your Identity grows as YOU grow.  <br \/>\n It is colourful, dazzling, frightening.  <br \/>\n It&#8217;s an unsteady, ongoing thing. <br \/>\n It changes, makes mistakes. <br \/>\n Once YOU are satisfied with it, other people must see it. <br \/>\n Some will dislike it, others undermine it, <br \/>\n Make you question it. <br \/>\n Remember: Hide and Seek is a kids&#8217; game. <br \/>\n Be brave, stand up for yourself, <br \/>\n There will always be the ones who&#8217;ll love it! <\/p>\n<p> Never ever try too much <br \/>\n To win over those who dislike you.  <br \/>\n Instead, love yourself and let them go.  <br \/>\n As they leave, <br \/>\n Notice if the good things you miss <br \/>\n Outnumber the bad you don&#8217;t <br \/>\n And your heart will know <br \/>\n You have made the right decision. <br \/>\n Our thoughts should be shared, <br \/>\n Our opinios respected, our feelings appreciated! <\/p>\n<p> Deciding to put yourself in a wonderful place like that <br \/>\n Can be life changing.  <br \/>\n Focus on people who want you to be happy! <br \/>\n Surround yourself with those <br \/>\n Who accept your flaws and love them, <br \/>\n People who forgive you when you make mistakes, <br \/>\n The ones who&#8217;ll stay by your side <br \/>\n Even if you&#8217;ve hurt them or let them down <br \/>\n Just because they know <br \/>\n You are greater than mistakes you&#8217;ve made. <\/p>\n<p><\/p>\n","protected":false},"excerpt":{"rendered":"<p>Author: Marica Jakljevi\u0107 Dubiel, Ekonomsko-birotehni\u010dka \u0161kola Slavonski Brod Movies we watch and books&#8230;<\/p>\n","protected":false},"author":1,"featured_media":0,"parent":6794,"menu_order":0,"comment_status":"closed","ping_status":"closed","template":"","meta":{"ngg_post_thumbnail":0,"jetpack_post_was_ever_published":false,"footnotes":""},"class_list":["post-6803","page","type-page","status-publish","hentry"],"jetpack_sharing_enabled":true,"jetpack_shortlink":"https:\/\/wp.me\/P2cktY-1LJ","_links":{"self":[{"href":"https:\/\/pug.hr\/gimnazija\/wp-json\/wp\/v2\/pages\/6803","targetHints":{"allow":["GET"]}}],"collection":[{"href":"https:\/\/pug.hr\/gimnazija\/wp-json\/wp\/v2\/pages"}],"about":[{"href":"https:\/\/pug.hr\/gimnazija\/wp-json\/wp\/v2\/types\/page"}],"author":[{"embeddable":true,"href":"https:\/\/pug.hr\/gimnazija\/wp-json\/wp\/v2\/users\/1"}],"replies":[{"embeddable":true,"href":"https:\/\/pug.hr\/gimnazija\/wp-json\/wp\/v2\/comments?post=6803"}],"version-history":[{"count":4,"href":"https:\/\/pug.hr\/gimnazija\/wp-json\/wp\/v2\/pages\/6803\/revisions"}],"predecessor-version":[{"id":6823,"href":"https:\/\/pug.hr\/gimnazija\/wp-json\/wp\/v2\/pages\/6803\/revisions\/6823"}],"up":[{"embeddable":true,"href":"https:\/\/pug.hr\/gimnazija\/wp-json\/wp\/v2\/pages\/6794"}],"wp:attachment":[{"href":"https:\/\/pug.hr\/gimnazija\/wp-json\/wp\/v2\/media?parent=6803"}],"curies":[{"name":"wp","href":"https:\/\/api.w.org\/{rel}","templated":true}]}}