{"id":6794,"date":"2018-02-11T21:34:45","date_gmt":"2018-02-11T20:34:45","guid":{"rendered":"http:\/\/www.pug.hr\/gimnazija\/?page_id=6794"},"modified":"2019-02-21T10:09:50","modified_gmt":"2019-02-21T09:09:50","slug":"izazov-price-srednje-skole","status":"publish","type":"page","link":"https:\/\/pug.hr\/gimnazija\/english-all-around\/and-now-vote\/izazov-price-srednje-skole\/","title":{"rendered":"Izazov pri\u010de \u2013 srednje \u0161kole"},"content":{"rendered":"<p>[ws_table id=&#8221;82&#8243;]<\/p>\n<p>&nbsp;<\/p>\n<p><a href=\"http:\/\/www.pug.hr\/gimnazija\/wp-content\/uploads\/2017\/02\/Prica.png\" rel=\"attachment wp-att-5828\"><img loading=\"lazy\" decoding=\"async\" class=\"aligncenter wp-image-5828\" src=\"http:\/\/www.pug.hr\/gimnazija\/wp-content\/uploads\/2017\/02\/Prica.png\" alt=\"Prica\" width=\"300\" height=\"207\" srcset=\"https:\/\/pug.hr\/gimnazija\/wp-content\/uploads\/2017\/02\/Prica.png 994w, https:\/\/pug.hr\/gimnazija\/wp-content\/uploads\/2017\/02\/Prica-300x207.png 300w, https:\/\/pug.hr\/gimnazija\/wp-content\/uploads\/2017\/02\/Prica-768x530.png 768w\" sizes=\"auto, (max-width: 300px) 100vw, 300px\" \/><\/a><\/p>\n<p>&nbsp;<\/p>\n<p>Na ovoj stranici mo\u017eete pro\u010ditati literarne uratke u\u010denika SREDNJIH \u0160KOLA koje je stru\u010dni \u017eiri pozvao na festival.<br class=\"\"><br class=\"\"><\/p>\n<p><span style=\"color: #0000ff;\">On this page you can read works of SECONDARY SCHOOLS students, which jury has invited to the Festival.<\/span><br class=\"\"><br class=\"\"><\/p>\n<p><a href=\"http:\/\/www.pug.hr\/gimnazija\/english-all-around\/and-now-vote\/izazov-price-srednje-skole\/alexs-favourite-season\/\" target=\"_blank\" rel=\"noopener\">Alex\u2019s Favourite Season<\/a> &#8211;\u00a0<strong>Ela Markulin<\/strong>, X.gimnazija &#8220;Ivan Supek&#8221;, Zagreb<br class=\"\"><\/p>\n<p><a href=\"http:\/\/www.pug.hr\/gimnazija\/english-all-around\/and-now-vote\/izazov-price-srednje-skole\/colors\/\" target=\"_blank\" rel=\"noopener\">Colors <\/a>&#8211;\u00a0<strong>Borna Kufner<\/strong>, II. gimnazija Osijek<br class=\"\"><\/p>\n<p><a href=\"http:\/\/www.pug.hr\/gimnazija\/english-all-around\/and-now-vote\/izazov-price-srednje-skole\/error-embodiment\/\" target=\"_blank\" rel=\"noopener\">Error embodiment<\/a> &#8211;\u00a0<strong>Lucija Boljkovac<\/strong>, Medicinska \u0161kola Osijek<br class=\"\"><\/p>\n<p><a href=\"http:\/\/www.pug.hr\/gimnazija\/english-all-around\/and-now-vote\/izazov-price-srednje-skole\/greater-than-mistakes-youve-made\/\" target=\"_blank\" rel=\"noopener\">Greater than Mistakes You\u2019ve Made<\/a> &#8211; <strong>Marica Jakljevi\u0107 Dubiel<\/strong>, Ekonomsko-birotehni\u010dka \u0161kola Slavonski Brod<br class=\"\"><\/p>\n<p><a href=\"http:\/\/www.pug.hr\/gimnazija\/english-all-around\/and-now-vote\/izazov-price-srednje-skole\/identity-lorena-krnjakovic-story\/\" target=\"_blank\" rel=\"noopener\">Identity <\/a>&#8211;\u00a0<strong>Lorena Krnjakovi\u0107<\/strong>, Gimnazija &#8220;Matija Mesi\u0107&#8221;, Slavonski Brod<br class=\"\"><\/p>\n<p><a href=\"http:\/\/www.pug.hr\/gimnazija\/english-all-around\/and-now-vote\/izazov-price-srednje-skole\/identity-ahy-den-ti-tee-noun\/\" target=\"_blank\" rel=\"noopener\">Identity [ahy-den-ti-tee], noun<\/a> &#8211;\u00a0<strong>Korina Terek<\/strong>, Privatna umjetni\u010dka gimnazija, Zagreb<br class=\"\"><\/p>\n<p><a href=\"http:\/\/www.pug.hr\/gimnazija\/english-all-around\/and-now-vote\/izazov-price-srednje-skole\/its-change-is-changing-me\/\" target=\"_blank\" rel=\"noopener\">Its change is changing me<\/a> &#8211; <strong>Marta Kuljak<\/strong>, Gimnazija A. G. Mato\u0161a, Zabok<br class=\"\"><\/p>\n<p><a href=\"http:\/\/www.pug.hr\/gimnazija\/english-all-around\/and-now-vote\/izazov-price-srednje-skole\/nameless-girl\/\" target=\"_blank\" rel=\"noopener\">Nameless Girl<\/a> &#8211;\u00a0<strong>Marta Reder<\/strong>, Prirodoslovna \u0161kola Vladimira Preloga, Zagreb<br class=\"\"><\/p>\n<p><a href=\"http:\/\/www.pug.hr\/gimnazija\/english-all-around\/and-now-vote\/izazov-price-srednje-skole\/reminiscence\/\" target=\"_blank\" rel=\"noopener\">reminiscence <\/a>&#8211; <strong>Lucija Giener<\/strong>, II. gimnazija Osijek<br class=\"\"><\/p>\n<p><a href=\"http:\/\/www.pug.hr\/gimnazija\/english-all-around\/and-now-vote\/izazov-price-srednje-skole\/roommates\/\" target=\"_blank\" rel=\"noopener\">Roommates <\/a>&#8211;\u00a0<strong>Vedran Luni\u0107<\/strong>, II.gimnazija, Split<br class=\"\"><\/p>\n<p><a href=\"http:\/\/www.pug.hr\/gimnazija\/english-all-around\/and-now-vote\/izazov-price-srednje-skole\/silhouette\/\" target=\"_blank\" rel=\"noopener\">Silhouette <\/a>&#8211;\u00a0<strong>Ivan Marini\u0107<\/strong>, III. gimnazija, Osijek<br class=\"\"><\/p>\n<p><a href=\"http:\/\/www.pug.hr\/gimnazija\/english-all-around\/and-now-vote\/izazov-price-srednje-skole\/the-grand-experiment\/\" target=\"_blank\" rel=\"noopener\">The grand experiment<\/a> &#8211;\u00a0<strong>Josip Ivica<\/strong>, III. gimnazija, Split<br class=\"\"><\/p>\n<p><a href=\"http:\/\/www.pug.hr\/gimnazija\/english-all-around\/and-now-vote\/izazov-price-srednje-skole\/the-letter\/\" target=\"_blank\" rel=\"noopener\">The Letter<\/a> &#8211; <strong>Estera Kova\u010d<\/strong>, Gimnazija \u017dupanja<br class=\"\"><\/p>\n<p><a href=\"http:\/\/www.pug.hr\/gimnazija\/english-all-around\/and-now-vote\/izazov-price-srednje-skole\/tough-to-fit-in\/\" target=\"_blank\" rel=\"noopener\">Tough to fit in<\/a> &#8211;\u00a0<strong>Anamarija Pilari\u0107<\/strong>, Gimnazija A. G. Mato\u0161a, Zabok<br class=\"\"><\/p>\n<p><a href=\"http:\/\/www.pug.hr\/gimnazija\/english-all-around\/and-now-vote\/izazov-price-srednje-skole\/white-wall\/\" target=\"_blank\" rel=\"noopener\">White wall<\/a> &#8211;\u00a0<strong>Mia Bradi\u0107<\/strong>, III. gimnazija, Split<br class=\"\"><br class=\"\"><\/p>\n","protected":false},"excerpt":{"rendered":"<p>[ws_table id=&#8221;82&#8243;] &nbsp; &nbsp; Na ovoj stranici mo\u017eete pro\u010ditati literarne uratke u\u010denika SREDNJIH&#8230;<\/p>\n","protected":false},"author":1,"featured_media":0,"parent":6597,"menu_order":0,"comment_status":"closed","ping_status":"closed","template":"","meta":{"ngg_post_thumbnail":0,"jetpack_post_was_ever_published":false,"footnotes":""},"class_list":["post-6794","page","type-page","status-publish","hentry"],"jetpack_sharing_enabled":true,"jetpack_shortlink":"https:\/\/wp.me\/P2cktY-1LA","_links":{"self":[{"href":"https:\/\/pug.hr\/gimnazija\/wp-json\/wp\/v2\/pages\/6794","targetHints":{"allow":["GET"]}}],"collection":[{"href":"https:\/\/pug.hr\/gimnazija\/wp-json\/wp\/v2\/pages"}],"about":[{"href":"https:\/\/pug.hr\/gimnazija\/wp-json\/wp\/v2\/types\/page"}],"author":[{"embeddable":true,"href":"https:\/\/pug.hr\/gimnazija\/wp-json\/wp\/v2\/users\/1"}],"replies":[{"embeddable":true,"href":"https:\/\/pug.hr\/gimnazija\/wp-json\/wp\/v2\/comments?post=6794"}],"version-history":[{"count":5,"href":"https:\/\/pug.hr\/gimnazija\/wp-json\/wp\/v2\/pages\/6794\/revisions"}],"predecessor-version":[{"id":7331,"href":"https:\/\/pug.hr\/gimnazija\/wp-json\/wp\/v2\/pages\/6794\/revisions\/7331"}],"up":[{"embeddable":true,"href":"https:\/\/pug.hr\/gimnazija\/wp-json\/wp\/v2\/pages\/6597"}],"wp:attachment":[{"href":"https:\/\/pug.hr\/gimnazija\/wp-json\/wp\/v2\/media?parent=6794"}],"curies":[{"name":"wp","href":"https:\/\/api.w.org\/{rel}","templated":true}]}}