{"id":6713,"date":"2018-02-10T12:35:10","date_gmt":"2018-02-10T11:35:10","guid":{"rendered":"http:\/\/www.pug.hr\/gimnazija\/?page_id=6713"},"modified":"2018-03-22T21:41:45","modified_gmt":"2018-03-22T20:41:45","slug":"izazov-price-osnovne-skole","status":"publish","type":"page","link":"https:\/\/pug.hr\/gimnazija\/english-all-around\/and-now-vote\/izazov-price-osnovne-skole\/","title":{"rendered":"Izazov pri\u010de &#8211; osnovne \u0161kole"},"content":{"rendered":"<p>[ws_table id=&#8221;82&#8243;]<\/p>\n<p>&nbsp;<\/p>\n<p><a href=\"http:\/\/www.pug.hr\/gimnazija\/wp-content\/uploads\/2017\/02\/Prica.png\" rel=\"attachment wp-att-5828\"><img loading=\"lazy\" decoding=\"async\" class=\"aligncenter wp-image-5828\" src=\"http:\/\/www.pug.hr\/gimnazija\/wp-content\/uploads\/2017\/02\/Prica.png\" alt=\"Prica\" width=\"300\" height=\"207\" srcset=\"https:\/\/pug.hr\/gimnazija\/wp-content\/uploads\/2017\/02\/Prica.png 994w, https:\/\/pug.hr\/gimnazija\/wp-content\/uploads\/2017\/02\/Prica-300x207.png 300w, https:\/\/pug.hr\/gimnazija\/wp-content\/uploads\/2017\/02\/Prica-768x530.png 768w\" sizes=\"auto, (max-width: 300px) 100vw, 300px\" \/><\/a><\/p>\n<p>&nbsp;<\/p>\n<p style=\"text-align: justify;\">Na ovoj stranici mo\u017eete pro\u010ditati sve literarne uratke pristigle na Izazov pri\u010de\u00a0u\u010denika <strong>OSNOVNIH\u00a0<\/strong><strong>\u0160KOLA.\u00a0<\/strong><\/p>\n<p style=\"text-align: justify;\"><em><span style=\"color: #0000ff;\">On this page you can read all works received in response to Story challenge for <strong>PRIMARY SCHOOLS<\/strong>.<\/span><\/em><\/p>\n<p><a href=\"http:\/\/www.pug.hr\/gimnazija\/english-all-around\/and-now-vote\/izazov-price-osnovne-skole\/baby-girl\/\" target=\"_blank\" rel=\"noopener\">Baby Girl<\/a> &#8211;\u00a0<strong>Anja Cvitanovi\u0107<\/strong>, O\u0160 Jelkovec, Sesvete<br class=\"\"><\/p>\n<p><a href=\"http:\/\/www.pug.hr\/gimnazija\/english-all-around\/and-now-vote\/izazov-price-osnovne-skole\/do-not-take-that-path\/\" target=\"_blank\" rel=\"noopener\">Do not take that path<\/a> &#8211; <strong>Mateja Jakob<\/strong>, O\u0160 Cvjetno naselje, Zagreb<br class=\"\"><\/p>\n<p><a href=\"http:\/\/www.pug.hr\/gimnazija\/english-all-around\/and-now-vote\/izazov-price-osnovne-skole\/getting-to-know-me\/\" target=\"_blank\" rel=\"noopener\">Getting to know me<\/a> &#8211;\u00a0<strong>Katarina Klari\u0107<\/strong>, O\u0160 grofa Janka Dra\u0161kovi\u0107a, Klenovnik<br class=\"\"><\/p>\n<p><a href=\"http:\/\/www.pug.hr\/gimnazija\/english-all-around\/and-now-vote\/izazov-price-osnovne-skole\/identity-ela-lasic\/\" target=\"_blank\" rel=\"noopener\">Identity <\/a>&#8211;\u00a0<strong>Ela Lasi\u0107<\/strong>, O\u0160 Nikole Hribara, Velika Gorica<br class=\"\"><\/p>\n<p><a href=\"http:\/\/www.pug.hr\/gimnazija\/english-all-around\/and-now-vote\/izazov-price-osnovne-skole\/identity-marta-vukic\/\" target=\"_blank\" rel=\"noopener\">Identity <\/a>&#8211; <strong>Marta Vuki\u0107<\/strong>, O\u0160 Trnsko, Zagreb<br class=\"\"><\/p>\n<p><a href=\"http:\/\/www.pug.hr\/gimnazija\/english-all-around\/and-now-vote\/izazov-price-osnovne-skole\/identity-of-a-spy\/\" target=\"_blank\" rel=\"noopener\">Identity of a Spy<\/a> &#8211; <strong>Maja Pauc<\/strong>, O\u0160 Gra\u010dani, Zagreb<br class=\"\"><\/p>\n<p><a href=\"http:\/\/www.pug.hr\/gimnazija\/english-all-around\/and-now-vote\/izazov-price-osnovne-skole\/in-a-split-second\/\" target=\"_blank\" rel=\"noopener\">In A Split Second<\/a> &#8211; <strong>Victoria Boti\u010dki<\/strong>, O\u0160 Centar, Rijeka<br class=\"\"><\/p>\n<p><a href=\"http:\/\/www.pug.hr\/gimnazija\/english-all-around\/and-now-vote\/izazov-price-osnovne-skole\/my-true-identity\/\" target=\"_blank\" rel=\"noopener\">My True Identity<\/a> &#8211; <strong>Alina Debogovi\u0107<\/strong>, O\u0160 Kajzerica, Zagreb<br class=\"\"><\/p>\n<p><a href=\"http:\/\/www.pug.hr\/gimnazija\/english-all-around\/and-now-vote\/izazov-price-osnovne-skole\/my-virtual-friend\/\" target=\"_blank\" rel=\"noopener\">My virtual friend<\/a> &#8211; <strong>Ena \u017daneti\u0107<\/strong>, O\u0160 Blato, Blato<br class=\"\"><\/p>\n<p><a href=\"http:\/\/www.pug.hr\/gimnazija\/english-all-around\/and-now-vote\/izazov-price-osnovne-skole\/olivia\/\" target=\"_blank\" rel=\"noopener\">Olivia <\/a>&#8211; <strong>Ema Cundekovi\u0107<\/strong>, O\u0160 Odra, Zagreb<br class=\"\"><\/p>\n<p><a href=\"http:\/\/www.pug.hr\/gimnazija\/english-all-around\/and-now-vote\/izazov-price-osnovne-skole\/remembering-myself\/\" target=\"_blank\" rel=\"noopener\">Remembering myself\u00a0<\/a> &#8211;\u00a0<strong>Sara Srednoselec<\/strong>, O\u0160 grofa Janka Dra\u0161kovi\u0107a, Klenovnik<br class=\"\"><\/p>\n<p><a href=\"http:\/\/www.pug.hr\/gimnazija\/english-all-around\/and-now-vote\/izazov-price-osnovne-skole\/the-angel-in-me\/\" target=\"_blank\" rel=\"noopener\">The Angel in Me<\/a> &#8211;\u00a0<strong>Dorotea Topi\u0107<\/strong>, Centar Primary School, Rijeka<br class=\"\"><\/p>\n<p><a href=\"http:\/\/www.pug.hr\/gimnazija\/english-all-around\/and-now-vote\/izazov-price-osnovne-skole\/the-complexitiy-of-identity\/\" target=\"_blank\" rel=\"noopener\">The Complexitiy of Identity<\/a> &#8211; <strong>Hana Badrov<\/strong>, O\u0160 Gra\u010dani, Zagreb<br class=\"\"><\/p>\n<p><a href=\"http:\/\/www.pug.hr\/gimnazija\/english-all-around\/and-now-vote\/izazov-price-osnovne-skole\/the-life-of-a-new-girl\/\" target=\"_blank\" rel=\"noopener\">The life of a new girl<\/a> &#8211;\u00a0<strong>Agata \u0160tajcer<\/strong>, O\u0160 Vladimira Vidri\u0107a, Kutina<br class=\"\"><\/p>\n<p><a href=\"http:\/\/www.pug.hr\/gimnazija\/english-all-around\/and-now-vote\/izazov-price-osnovne-skole\/the-seven-faces-of-me\/\" target=\"_blank\" rel=\"noopener\">The Seven Faces of Me<\/a> &#8211;\u00a0<strong>Veronika Dovijani\u0107<\/strong>, O\u0160 Blato, Blato<br class=\"\"><\/p>\n<p><a href=\"http:\/\/www.pug.hr\/gimnazija\/english-all-around\/and-now-vote\/izazov-price-osnovne-skole\/together-we-are\/\" target=\"_blank\" rel=\"noopener\">Together we are<\/a> &#8211;\u00a0<strong>Filip Polan\u010dec<\/strong>, O\u0160 Cvjetno naselje, Zagreb<br class=\"\"><\/p>\n<p><a href=\"http:\/\/www.pug.hr\/gimnazija\/english-all-around\/and-now-vote\/izazov-price-osnovne-skole\/virtual-identity\/\" target=\"_blank\" rel=\"noopener\">Virtual identity<\/a>\u00a0&#8211; <strong>Lucija Prese\u010dan<\/strong>, O\u0160 Trnsko, Zagreb<br class=\"\"><\/p>\n<p><a href=\"http:\/\/www.pug.hr\/gimnazija\/english-all-around\/and-now-vote\/izazov-price-osnovne-skole\/you\/\" target=\"_blank\" rel=\"noopener\">You <\/a>&#8211; <strong>Marija Kuten<\/strong>, II. osnovna \u0161kola Vrbovec, Vrbovec<br class=\"\" \/><br class=\"\" \/><\/p>\n<p>&nbsp;<\/p>\n<p>Ovdje su rezultati glasanja publike. <em><span style=\"color: #0000ff;\">Here are the results of the public vote.<\/span><\/em><br class=\"\" \/><br class=\"\" \/><\/p>\n<p><script type=\"text\/javascript\" charset=\"utf-8\" src=\"https:\/\/secure.polldaddy.com\/p\/9937036.js\"><\/script><br \/>\n<noscript>&amp;amp;lt;a href=&#8221;https:\/\/polldaddy.com\/poll\/9937036\/&#8221;&amp;amp;gt;Odaberite najbolji literarni rad u\u010denika osnovnih \u0161kola&amp;amp;lt;\/a&amp;amp;gt;<\/noscript><\/p>\n","protected":false},"excerpt":{"rendered":"<p>[ws_table id=&#8221;82&#8243;] &nbsp; &nbsp; Na ovoj stranici mo\u017eete pro\u010ditati sve literarne uratke pristigle&#8230;<\/p>\n","protected":false},"author":1,"featured_media":0,"parent":6597,"menu_order":0,"comment_status":"closed","ping_status":"closed","template":"","meta":{"ngg_post_thumbnail":0,"jetpack_post_was_ever_published":false,"footnotes":""},"class_list":["post-6713","page","type-page","status-publish","hentry"],"jetpack_sharing_enabled":true,"jetpack_shortlink":"https:\/\/wp.me\/P2cktY-1Kh","_links":{"self":[{"href":"https:\/\/pug.hr\/gimnazija\/wp-json\/wp\/v2\/pages\/6713","targetHints":{"allow":["GET"]}}],"collection":[{"href":"https:\/\/pug.hr\/gimnazija\/wp-json\/wp\/v2\/pages"}],"about":[{"href":"https:\/\/pug.hr\/gimnazija\/wp-json\/wp\/v2\/types\/page"}],"author":[{"embeddable":true,"href":"https:\/\/pug.hr\/gimnazija\/wp-json\/wp\/v2\/users\/1"}],"replies":[{"embeddable":true,"href":"https:\/\/pug.hr\/gimnazija\/wp-json\/wp\/v2\/comments?post=6713"}],"version-history":[{"count":6,"href":"https:\/\/pug.hr\/gimnazija\/wp-json\/wp\/v2\/pages\/6713\/revisions"}],"predecessor-version":[{"id":6972,"href":"https:\/\/pug.hr\/gimnazija\/wp-json\/wp\/v2\/pages\/6713\/revisions\/6972"}],"up":[{"embeddable":true,"href":"https:\/\/pug.hr\/gimnazija\/wp-json\/wp\/v2\/pages\/6597"}],"wp:attachment":[{"href":"https:\/\/pug.hr\/gimnazija\/wp-json\/wp\/v2\/media?parent=6713"}],"curies":[{"name":"wp","href":"https:\/\/api.w.org\/{rel}","templated":true}]}}