{"id":6701,"date":"2018-02-09T22:11:50","date_gmt":"2018-02-09T21:11:50","guid":{"rendered":"http:\/\/www.pug.hr\/gimnazija\/?page_id=6701"},"modified":"2018-03-18T18:57:16","modified_gmt":"2018-03-18T17:57:16","slug":"filmski-izazov-osnovne-skole","status":"publish","type":"page","link":"https:\/\/pug.hr\/gimnazija\/english-all-around\/and-now-vote\/filmski-izazov-osnovne-skole\/","title":{"rendered":"Filmski izazov \u2013 osnovne \u0161kole"},"content":{"rendered":"<p>[ws_table id=&#8221;82&#8243;]<\/p>\n<p><a href=\"http:\/\/www.pug.hr\/gimnazija\/wp-content\/uploads\/2017\/02\/Kamera.png\" rel=\"attachment wp-att-5830\"><img loading=\"lazy\" decoding=\"async\" class=\"aligncenter wp-image-5830\" src=\"http:\/\/www.pug.hr\/gimnazija\/wp-content\/uploads\/2017\/02\/Kamera.png\" alt=\"Kamera\" width=\"400\" height=\"350\" srcset=\"https:\/\/pug.hr\/gimnazija\/wp-content\/uploads\/2017\/02\/Kamera.png 775w, https:\/\/pug.hr\/gimnazija\/wp-content\/uploads\/2017\/02\/Kamera-300x263.png 300w, https:\/\/pug.hr\/gimnazija\/wp-content\/uploads\/2017\/02\/Kamera-768x673.png 768w\" sizes=\"auto, (max-width: 400px) 100vw, 400px\" \/><\/a><\/p>\n<p>&nbsp;<\/p>\n<p style=\"text-align: justify;\">Na ovoj stranici mo\u017eete pogledati radove pristigle na Filmski izazov u\u010denika <strong>OSNOVNIH \u0160KOLA.<\/strong><\/p>\n<p><br class=\"\"><br \/>\n<span style=\"color: #0000ff;\">On this page you can see works received for Movie challenge\u00a0&#8211; PRIMARY SCHOOLS.<\/span><br \/>\n<br class=\"\"><br class=\"\"><br \/>\nO\u0160 Gornja Ve\u017eica, Rijeka The city that flows<br \/>\n<iframe loading=\"lazy\" src=\"https:\/\/www.youtube.com\/embed\/YU20mUSMD6k\" width=\"560\" height=\"315\" frameborder=\"0\" allowfullscreen=\"allowfullscreen\"><\/iframe><br \/>\n<br class=\"\"><br class=\"\">O\u0160 Blato Virtual identity<br \/>\n<iframe loading=\"lazy\" src=\"https:\/\/www.youtube.com\/embed\/2JImvnMuDqw\" width=\"560\" height=\"315\" frameborder=\"0\" allowfullscreen=\"allowfullscreen\"><\/iframe><br \/>\n<br class=\"\"><br class=\"\">O\u0160 Blato Lumblija<br \/>\n<iframe loading=\"lazy\" width=\"560\" height=\"315\" src=\"https:\/\/www.youtube.com\/embed\/EVqqx6z5d1g\" frameborder=\"0\" allow=\"autoplay; encrypted-media\" allowfullscreen><\/iframe><br \/>\n<br class=\"\"><br class=\"\">O\u0160 Ivana Zajca, Rijeka Teen Time Identity<br \/>\n<iframe loading=\"lazy\" width=\"560\" height=\"315\" src=\"https:\/\/www.youtube.com\/embed\/hSRj_85wnsc\" frameborder=\"0\" allow=\"autoplay; encrypted-media\" allowfullscreen><\/iframe><br \/>\n<br class=\"\"><br class=\"\">O\u0160 Odra, Zagreb Different<br \/>\n<iframe loading=\"lazy\" width=\"560\" height=\"315\" src=\"https:\/\/www.youtube.com\/embed\/1lYmJ9l2A08\" frameborder=\"0\" allow=\"autoplay; encrypted-media\" allowfullscreen><\/iframe><br \/>\n<br class=\"\"><br class=\"\">O\u0160 Odra, Zagreb Identity<br \/>\n<iframe loading=\"lazy\" width=\"560\" height=\"315\" src=\"https:\/\/www.youtube.com\/embed\/WNRcC1hmP7o\" frameborder=\"0\" allow=\"autoplay; encrypted-media\" allowfullscreen><\/iframe><br \/>\n<br class=\"\"><br class=\"\">O\u0160 Luke Perkovi\u0107a, Brinje I don&#8217;t want to be like you<br \/>\n<iframe loading=\"lazy\" width=\"560\" height=\"315\" src=\"https:\/\/www.youtube.com\/embed\/Us0eJMzrjAA\" frameborder=\"0\" allow=\"autoplay; encrypted-media\" allowfullscreen><\/iframe><br \/>\n<br class=\"\"><br class=\"\">O\u0160 Kneginec Gornji The Fake<br \/>\n<iframe loading=\"lazy\" width=\"560\" height=\"315\" src=\"https:\/\/www.youtube.com\/embed\/3ddAiPY0dEs\" frameborder=\"0\" allow=\"autoplay; encrypted-media\" allowfullscreen><\/iframe><br \/>\n<br class=\"\"><br class=\"\">O\u0160 Nikole Hribara, V Gorica Fake Identity<br \/>\n<iframe loading=\"lazy\" width=\"560\" height=\"315\" src=\"https:\/\/www.youtube.com\/embed\/sNP5zAWyKgw\" frameborder=\"0\" allow=\"autoplay; encrypted-media\" allowfullscreen><\/iframe><br \/>\n<br class=\"\"><br class=\"\">O\u0160 Nikole Hribara, V Gorica Identity<br \/>\n<iframe loading=\"lazy\" width=\"560\" height=\"315\" src=\"https:\/\/www.youtube.com\/embed\/eEeQs9nJDH8\" frameborder=\"0\" allow=\"autoplay; encrypted-media\" allowfullscreen><\/iframe><br \/>\n<br class=\"\"><br class=\"\">O\u0160 Kajzerica, Zagreb This is our story<br \/>\n<iframe loading=\"lazy\" width=\"560\" height=\"315\" src=\"https:\/\/www.youtube.com\/embed\/3Qxeh3sN8sc\" frameborder=\"0\" allow=\"autoplay; encrypted-media\" allowfullscreen><\/iframe><br \/>\n<br class=\"\"><br class=\"\">O\u0160 Centar, Rijeka \u0160ta da Fragments of Rijeka&#8217;s Identity<br \/>\n<iframe loading=\"lazy\" width=\"560\" height=\"315\" src=\"https:\/\/www.youtube.com\/embed\/GhBvPCx8M7s\" frameborder=\"0\" allow=\"autoplay; encrypted-media\" allowfullscreen><\/iframe><br \/>\n<br class=\"\"><br class=\"\">O\u0160 Trnsko, Zagreb The Invisible Danger<br \/>\n<iframe loading=\"lazy\" width=\"560\" height=\"315\" src=\"https:\/\/www.youtube.com\/embed\/7TCqQNmUX7k\" frameborder=\"0\" allow=\"autoplay; encrypted-media\" allowfullscreen><\/iframe><br \/>\n<br class=\"\"><br class=\"\">O\u0160 Mladost, Jak\u0161i\u0107 Oil War<br \/>\n<iframe loading=\"lazy\" width=\"560\" height=\"315\" src=\"https:\/\/www.youtube.com\/embed\/NcE5QcbH1A0\" frameborder=\"0\" allow=\"autoplay; encrypted-media\" allowfullscreen><\/iframe><br \/>\n<br class=\"\"><br class=\"\">O\u0160 Tin Ujevi\u0107, Osijek God, kill the postman<br \/>\n<iframe loading=\"lazy\" width=\"560\" height=\"315\" src=\"https:\/\/www.youtube.com\/embed\/BG9PYwA41Mg\" frameborder=\"0\" allow=\"autoplay; encrypted-media\" allowfullscreen><\/iframe><\/p>\n<p><br class=\"\"><br class=\"\">REZULTATI &#8211; <span style=\"color: #0000ff;\">RESULTS<\/span><br \/>\n<br class=\"\"><br class=\"\"><br \/>\n<script type=\"text\/javascript\" charset=\"utf-8\" src=\"https:\/\/secure.polldaddy.com\/p\/9936453.js\"><\/script><br \/>\n<noscript><a href=\"https:\/\/polldaddy.com\/poll\/9936453\/\">Odaberite najbolji film u\u010denika osnovnih \u0161kola<\/a><\/noscript><\/p>\n","protected":false},"excerpt":{"rendered":"<p>[ws_table id=&#8221;82&#8243;] &nbsp; Na ovoj stranici mo\u017eete pogledati radove pristigle na Filmski izazov&#8230;<\/p>\n","protected":false},"author":1,"featured_media":0,"parent":6597,"menu_order":0,"comment_status":"closed","ping_status":"closed","template":"","meta":{"ngg_post_thumbnail":0,"jetpack_post_was_ever_published":false,"footnotes":""},"class_list":["post-6701","page","type-page","status-publish","hentry"],"jetpack_sharing_enabled":true,"jetpack_shortlink":"https:\/\/wp.me\/P2cktY-1K5","_links":{"self":[{"href":"https:\/\/pug.hr\/gimnazija\/wp-json\/wp\/v2\/pages\/6701","targetHints":{"allow":["GET"]}}],"collection":[{"href":"https:\/\/pug.hr\/gimnazija\/wp-json\/wp\/v2\/pages"}],"about":[{"href":"https:\/\/pug.hr\/gimnazija\/wp-json\/wp\/v2\/types\/page"}],"author":[{"embeddable":true,"href":"https:\/\/pug.hr\/gimnazija\/wp-json\/wp\/v2\/users\/1"}],"replies":[{"embeddable":true,"href":"https:\/\/pug.hr\/gimnazija\/wp-json\/wp\/v2\/comments?post=6701"}],"version-history":[{"count":5,"href":"https:\/\/pug.hr\/gimnazija\/wp-json\/wp\/v2\/pages\/6701\/revisions"}],"predecessor-version":[{"id":6929,"href":"https:\/\/pug.hr\/gimnazija\/wp-json\/wp\/v2\/pages\/6701\/revisions\/6929"}],"up":[{"embeddable":true,"href":"https:\/\/pug.hr\/gimnazija\/wp-json\/wp\/v2\/pages\/6597"}],"wp:attachment":[{"href":"https:\/\/pug.hr\/gimnazija\/wp-json\/wp\/v2\/media?parent=6701"}],"curies":[{"name":"wp","href":"https:\/\/api.w.org\/{rel}","templated":true}]}}