{"id":664,"date":"2012-03-10T00:42:13","date_gmt":"2012-03-09T23:42:13","guid":{"rendered":"http:\/\/www.pug.hr\/gimnazija\/?page_id=664"},"modified":"2021-08-31T16:25:55","modified_gmt":"2021-08-31T14:25:55","slug":"popis-udzbenika","status":"publish","type":"page","link":"https:\/\/pug.hr\/gimnazija\/popis-udzbenika\/","title":{"rendered":"Popis ud\u017ebenika"},"content":{"rendered":"<p>&nbsp;<\/p>\n<p>&nbsp;<\/p>\n<p>&nbsp;<\/p>\n<p style=\"text-align: center;\"><strong>Ud\u017ebenike za u\u010denike Privatne umjetni\u010dke gimnazije kao i ud\u017ebenike za sve druge srednjo\u0161kolce nabavlja Grad Zagreb.<\/strong><\/p>\n","protected":false},"excerpt":{"rendered":"<p>&nbsp; &nbsp; &nbsp; Ud\u017ebenike za u\u010denike Privatne umjetni\u010dke gimnazije kao i ud\u017ebenike za&#8230;<\/p>\n","protected":false},"author":2,"featured_media":0,"parent":0,"menu_order":0,"comment_status":"open","ping_status":"open","template":"","meta":{"ngg_post_thumbnail":0,"jetpack_post_was_ever_published":false,"footnotes":""},"class_list":["post-664","page","type-page","status-publish","hentry"],"jetpack_sharing_enabled":true,"jetpack_shortlink":"https:\/\/wp.me\/P2cktY-aI","_links":{"self":[{"href":"https:\/\/pug.hr\/gimnazija\/wp-json\/wp\/v2\/pages\/664","targetHints":{"allow":["GET"]}}],"collection":[{"href":"https:\/\/pug.hr\/gimnazija\/wp-json\/wp\/v2\/pages"}],"about":[{"href":"https:\/\/pug.hr\/gimnazija\/wp-json\/wp\/v2\/types\/page"}],"author":[{"embeddable":true,"href":"https:\/\/pug.hr\/gimnazija\/wp-json\/wp\/v2\/users\/2"}],"replies":[{"embeddable":true,"href":"https:\/\/pug.hr\/gimnazija\/wp-json\/wp\/v2\/comments?post=664"}],"version-history":[{"count":5,"href":"https:\/\/pug.hr\/gimnazija\/wp-json\/wp\/v2\/pages\/664\/revisions"}],"predecessor-version":[{"id":8030,"href":"https:\/\/pug.hr\/gimnazija\/wp-json\/wp\/v2\/pages\/664\/revisions\/8030"}],"wp:attachment":[{"href":"https:\/\/pug.hr\/gimnazija\/wp-json\/wp\/v2\/media?parent=664"}],"curies":[{"name":"wp","href":"https:\/\/api.w.org\/{rel}","templated":true}]}}