{"id":6601,"date":"2017-11-05T23:05:51","date_gmt":"2017-11-05T22:05:51","guid":{"rendered":"http:\/\/www.pug.hr\/gimnazija\/?page_id=6601"},"modified":"2018-03-18T17:56:07","modified_gmt":"2018-03-18T16:56:07","slug":"suci-jury","status":"publish","type":"page","link":"https:\/\/pug.hr\/gimnazija\/english-all-around\/suci-jury\/","title":{"rendered":"SUCI &#8211; JURY"},"content":{"rendered":"<p><strong>Celebrating passion for English &#8230;<\/strong><\/p>\n<p>[ws_table id=&#8221;82&#8243;]<\/p>\n<p style=\"text-align: justify;\">Predstavljamo na\u0161e cijenjene suradnike koji su odlu\u010dili svojom stru\u010dno\u0161\u0107u pomo\u0107i odr\u017eavanje ovog festivala.<\/p>\n<p style=\"text-align: justify;\"><em><span style=\"color: #0000ff;\">We are itroducing herewith our distinguished collaborators who decided to help this festival with their expertise.<\/span><\/em><\/p>\n<p>[ws_table id=&#8221;85&#8243;]<\/p>\n<p>[ws_table id=&#8221;82&#8243;]<\/p>\n","protected":false},"excerpt":{"rendered":"<p>Celebrating passion for English &#8230; [ws_table id=&#8221;82&#8243;] Predstavljamo na\u0161e cijenjene suradnike koji su&#8230;<\/p>\n","protected":false},"author":1,"featured_media":0,"parent":5757,"menu_order":0,"comment_status":"closed","ping_status":"closed","template":"","meta":{"ngg_post_thumbnail":0,"jetpack_post_was_ever_published":false,"footnotes":""},"class_list":["post-6601","page","type-page","status-publish","hentry"],"jetpack_sharing_enabled":true,"jetpack_shortlink":"https:\/\/wp.me\/P2cktY-1It","_links":{"self":[{"href":"https:\/\/pug.hr\/gimnazija\/wp-json\/wp\/v2\/pages\/6601","targetHints":{"allow":["GET"]}}],"collection":[{"href":"https:\/\/pug.hr\/gimnazija\/wp-json\/wp\/v2\/pages"}],"about":[{"href":"https:\/\/pug.hr\/gimnazija\/wp-json\/wp\/v2\/types\/page"}],"author":[{"embeddable":true,"href":"https:\/\/pug.hr\/gimnazija\/wp-json\/wp\/v2\/users\/1"}],"replies":[{"embeddable":true,"href":"https:\/\/pug.hr\/gimnazija\/wp-json\/wp\/v2\/comments?post=6601"}],"version-history":[{"count":5,"href":"https:\/\/pug.hr\/gimnazija\/wp-json\/wp\/v2\/pages\/6601\/revisions"}],"predecessor-version":[{"id":6928,"href":"https:\/\/pug.hr\/gimnazija\/wp-json\/wp\/v2\/pages\/6601\/revisions\/6928"}],"up":[{"embeddable":true,"href":"https:\/\/pug.hr\/gimnazija\/wp-json\/wp\/v2\/pages\/5757"}],"wp:attachment":[{"href":"https:\/\/pug.hr\/gimnazija\/wp-json\/wp\/v2\/media?parent=6601"}],"curies":[{"name":"wp","href":"https:\/\/api.w.org\/{rel}","templated":true}]}}