{"id":6562,"date":"2017-11-05T19:05:02","date_gmt":"2017-11-05T18:05:02","guid":{"rendered":"http:\/\/www.pug.hr\/gimnazija\/?page_id=6562"},"modified":"2017-11-05T19:20:28","modified_gmt":"2017-11-05T18:20:28","slug":"english-all-around-2017","status":"publish","type":"page","link":"https:\/\/pug.hr\/gimnazija\/english-all-around-2017\/","title":{"rendered":"English all around 2017"},"content":{"rendered":"<p>&nbsp;<\/p>\n<p><a href=\"http:\/\/www.pug.hr\/gimnazija\/english-all-around\/\" target=\"_blank\" rel=\"noopener\"><img loading=\"lazy\" decoding=\"async\" class=\"aligncenter wp-image-6367\" src=\"http:\/\/www.pug.hr\/gimnazija\/wp-content\/uploads\/2017\/02\/EAA2018.jpg\" alt=\"\" width=\"600\" height=\"152\" srcset=\"https:\/\/pug.hr\/gimnazija\/wp-content\/uploads\/2017\/02\/EAA2018.jpg 1222w, https:\/\/pug.hr\/gimnazija\/wp-content\/uploads\/2017\/02\/EAA2018-300x76.jpg 300w, https:\/\/pug.hr\/gimnazija\/wp-content\/uploads\/2017\/02\/EAA2018-768x195.jpg 768w, https:\/\/pug.hr\/gimnazija\/wp-content\/uploads\/2017\/02\/EAA2018-1024x260.jpg 1024w\" sizes=\"auto, (max-width: 600px) 100vw, 600px\" \/><\/a><\/p>\n<p style=\"text-align: right;\"><span style=\"color: #00a0e3;\"><strong>Celebrating passion for English &#8230;<\/strong><\/span><\/p>\n<p>[ws_table id=&#8221;76&#8243;]<\/p>\n<p><a href=\"http:\/\/www.pug.hr\/gimnazija\/wp-content\/uploads\/2017\/02\/EAA-logo-veliki.png\" rel=\"attachment wp-att-5778\"><img loading=\"lazy\" decoding=\"async\" class=\"aligncenter wp-image-5778\" src=\"http:\/\/www.pug.hr\/gimnazija\/wp-content\/uploads\/2017\/02\/EAA-logo-veliki.png\" alt=\"EAA logo veliki\" width=\"600\" height=\"361\" srcset=\"https:\/\/pug.hr\/gimnazija\/wp-content\/uploads\/2017\/02\/EAA-logo-veliki.png 1202w, https:\/\/pug.hr\/gimnazija\/wp-content\/uploads\/2017\/02\/EAA-logo-veliki-300x180.png 300w, https:\/\/pug.hr\/gimnazija\/wp-content\/uploads\/2017\/02\/EAA-logo-veliki-768x462.png 768w, https:\/\/pug.hr\/gimnazija\/wp-content\/uploads\/2017\/02\/EAA-logo-veliki-1024x616.png 1024w\" sizes=\"auto, (max-width: 600px) 100vw, 600px\" \/><\/a><\/p>\n<p>&nbsp;<\/p>\n<h4 style=\"text-align: center;\"><span style=\"color: #000000;\">Za\u0161to English All Around?<\/span><\/h4>\n<p style=\"text-align: justify;\"><a href=\"http:\/\/www.pug.hr\/gimnazija\/wp-content\/uploads\/2017\/02\/Logo-plavi.png\" rel=\"attachment wp-att-5938\"><img loading=\"lazy\" decoding=\"async\" class=\"wp-image-5938 size-thumbnail alignleft\" src=\"http:\/\/www.pug.hr\/gimnazija\/wp-content\/uploads\/2017\/02\/Logo-plavi-150x150.png\" alt=\"Logo plavi\" width=\"150\" height=\"150\" \/><\/a>Privatna umjetni\u010dka gimnazija osmislila je festival\u00a0<strong><em>English all around \u2013 Celebrating passion for English<\/em><\/strong>\u00a0nastavljaju\u0107i kategorije ranijeg natjecanja English in Action. Iskustvo u\u010deni\u010dkog sudjelovanja na natjecanju, u\u010denja i dru\u017eenja \u017eeljeli smo osna\u017eiti i promicati kako bi i nove generacije mogle pokazati sve svoje talente, znanja, sposobnosti i vje\u0161tine na engleskom jeziku te maksimalno u\u017eivati u\u010de\u0107i i upoznaju\u0107i svoje vr\u0161njake iz cijele Hrvatske.<\/p>\n<p style=\"text-align: justify;\">Pet godina sudjelovanja u natjecanju Engleski u akciji bio je dovoljan motiv da nastavimo promicati engleski jezik me\u0111u u\u010denicima u Republici Hrvatskoj nakon \u0161to je organizator odgodio natjecanje do daljnjega.<\/p>\n<p style=\"text-align: justify;\">Svi u\u010denici osnovnih i srednjih \u0161kola mogu sudjelovati u bilo kojem od ponu\u0111enih izazova: Film, Glazba, Pri\u010da, Drama, Govorenje i Sricanje.<\/p>\n<blockquote>\n<h4 style=\"text-align: center;\"><span style=\"color: #00a0e3;\">Why English All Around?<\/span><\/h4>\n<p style=\"text-align: justify;\"><span style=\"color: #00a0e3;\">Private High School for Arts has created the festival <strong>English All around \u2013 Celebrating passion for English<\/strong> continuing in the spirit of the categories of the earlier competition English in Action. We decided to strengthen and promote the experience of our students who participated in English in Action competition in the previous years, who learnt and interacted with their peers as well as the judges. That is why English All Around has been created \u2013 to enable new generations to show their talents, knowledge and skills in the English language, fully enjoying learning while spending time with their peers from all over Croatia.<\/span><\/p>\n<p style=\"text-align: justify;\"><span style=\"color: #00a0e3;\">Five years of participation in the competition English in Action was enough of an incentive to continue promoting English among the students in Croatia, after the English in Action organizer had cancelled the competition.<\/span><\/p>\n<p style=\"text-align: justify;\"><span style=\"color: #00a0e3;\">All primary and secondary school students can participate in any of the following challenges: Movie, Music, Story, Drama, Speaking, and Spelling.<\/span><\/p>\n<\/blockquote>\n<h4 style=\"text-align: center;\"><span style=\"color: #000000;\">Za\u0161to Privatna umjetni\u010dka gimnazija kao organizator?<\/span><\/h4>\n<p style=\"text-align: justify;\"><a href=\"http:\/\/www.pug.hr\/gimnazija\/wp-content\/uploads\/2012\/02\/Logo.jpg\" rel=\"attachment wp-att-180\"><img loading=\"lazy\" decoding=\"async\" class=\"alignright wp-image-180 size-thumbnail\" src=\"http:\/\/www.pug.hr\/gimnazija\/wp-content\/uploads\/2012\/02\/Logo-150x150.jpg\" alt=\"Logo\" width=\"150\" height=\"150\" srcset=\"https:\/\/pug.hr\/gimnazija\/wp-content\/uploads\/2012\/02\/Logo-150x150.jpg 150w, https:\/\/pug.hr\/gimnazija\/wp-content\/uploads\/2012\/02\/Logo-300x300.jpg 300w, https:\/\/pug.hr\/gimnazija\/wp-content\/uploads\/2012\/02\/Logo.jpg 695w\" sizes=\"auto, (max-width: 150px) 100vw, 150px\" \/><\/a>Nakon vi\u0161egodi\u0161njeg sudjelovanja na natjecanju Engleski u akciji rastu\u017eila nas je vijest da se natjecanje odga\u0111a na neodre\u0111eno vrijeme. Na\u0161i su u\u010denici uvijek vrlo zainteresirani za prilike da poka\u017eu svoju kreativnost i vje\u0161tine, a smatrali smo da je potrebno o\u010duvati manifestaciju koja \u0107e u\u010denicima osnovnih i srednjih \u0161kola omogu\u0107iti u\u017eivanje u engleskome jeziku i pokazivanje svojih radova kao krunu talenta i truda u nastavi i izvan nje.<\/p>\n<p style=\"text-align: justify;\">Zato smo odlu\u010dili da se i ove godine u\u010denici i njihovi mentori okupe i proslave tu strast koju gaje za engleskim.<\/p>\n<p style=\"text-align: justify;\">Shvatili smo da u na\u0161em svakodnevnom radu, kroz brojne kontakte s uglednicima i institucijama \u0161irom Hrvatske mo\u017eemo stvoriti sve potrebne preduvjete da se ovakav festival mo\u017ee uspje\u0161no odr\u017eati. Zahvaljujemo ovom prilikom svima koji poma\u017eu festival!<\/p>\n<p style=\"text-align: justify;\"><a href=\"http:\/\/www.pug.hr\/gimnazija\/english-all-around\/nas-tim-our-team\/\" target=\"_blank\" rel=\"noopener\">NA\u0160 TIM<\/a><\/p>\n<blockquote>\n<h4 style=\"text-align: center;\"><span style=\"color: #00a0e3;\">Why\u00a0Private High School for Arts as the organiser?<\/span><\/h4>\n<p style=\"text-align: justify;\"><span style=\"color: #00a0e3;\">After several years of participating in English in Action competition, we were saddened by the news that the competition was cancelled. Our students have always been interested in showing their creativity and skills, and we thought that it was necessary to continue with a competition that will enable primary and secondary school students enjoy the English language and show their work as a crown of talent and hard work in and out of class.<\/span><\/p>\n<p style=\"text-align: justify;\"><span style=\"color: #00a0e3;\">That is why this year we have decided to gather students and their mentors in order to celebrate their passion for English together.<\/span><\/p>\n<p style=\"text-align: justify;\"><span style=\"color: #00a0e3;\">We have realized that in our everyday work, through many contacts with experts and institutions all around Croatia, we can create the necessary preconditions for organising such a festival successfully. We hereby thank everyone for helping us with our Festival!<\/span><\/p>\n<p style=\"text-align: justify;\"><a href=\"http:\/\/www.pug.hr\/gimnazija\/english-all-around\/nas-tim-our-team\/\" target=\"_blank\" rel=\"noopener\">OUR TEAM<\/a><\/p>\n<\/blockquote>\n<h4 style=\"text-align: center;\"><span style=\"color: #000000;\">Za\u0161to &#8220;Odr\u017eivi turizam za razvoj&#8221; kao ovogodi\u0161nja tema?<\/span><\/h4>\n<p style=\"text-align: justify;\"><a href=\"http:\/\/www.pug.hr\/gimnazija\/wp-content\/uploads\/2017\/02\/hgfd.jpg\" rel=\"attachment wp-att-5819\"><img loading=\"lazy\" decoding=\"async\" class=\"wp-image-5819 alignleft\" src=\"http:\/\/www.pug.hr\/gimnazija\/wp-content\/uploads\/2017\/02\/hgfd.jpg\" alt=\"hgfd\" width=\"200\" height=\"319\" srcset=\"https:\/\/pug.hr\/gimnazija\/wp-content\/uploads\/2017\/02\/hgfd.jpg 600w, https:\/\/pug.hr\/gimnazija\/wp-content\/uploads\/2017\/02\/hgfd-188x300.jpg 188w\" sizes=\"auto, (max-width: 200px) 100vw, 200px\" \/><\/a>Tema je u skladu s UN-ovim progla\u0161enjem 2017. godine\u00a0<em><strong>Me\u0111unarodnom godinom odr\u017eivog turizma za razvoj<\/strong><\/em><\/p>\n<p style=\"text-align: justify;\"><em>\u201eUN prepoznaje i nagla\u0161ava va\u017enost me\u0111unarodnog turizma\u00a0u okviru ve\u0107e osvije\u0161tenosti o bogatom naslje\u0111u razli\u010ditih civilizacija,\u00a0kao i boljeg razumijevanja raznovrsnih kultura i njima svojstvenih vrijednosti.\u201c<\/em><\/p>\n<p style=\"text-align: justify;\">Ne treba zaboraviti niti da Republika Hrvatska gotovo jednu petinu svog Bruto nacionalnog dohotka ostvaruje upravo od turizma, a da je za daljnji uspje\u0161an razvoj izuzetno va\u017eno o\u010duvanje prirodnih i kulturnih dobara koja su upravo predmet interesa turista.<\/p>\n<p style=\"text-align: justify;\">Tema je vrlo \u0161iroka te pru\u017ea u\u010denicima mnogo mogu\u0107nosti da se izraze kroz film, glazbu, tekst, predstavu i govor, a samim time predstave svoj grad i regiju. Tako\u0111er, na ovaj na\u010din mogu progovoriti o brojnim izazovima, nerije\u0161enim pitanjima te daljnjim mogu\u0107nostima vlastitoga razvoja.<\/p>\n<blockquote>\n<h4 style=\"text-align: center;\"><span style=\"color: #00a0e3;\">Why\u00a0\u201cSustainable tourism for development\u201d as the main theme this year?<\/span><\/h4>\n<p style=\"text-align: justify;\"><span style=\"color: #00a0e3;\">The theme is in concordance with the UN&#8217;s announcement of 2017 as the <strong>International year of sustainable tourism for development.<\/strong><\/span><\/p>\n<p style=\"text-align: justify;\"><span style=\"color: #00a0e3;\"><em>\u201eThe importance of international tourism, and particularly of the designation of an international year of sustainable tourism for development, in fostering better understanding among peoples everywhere, in leading to a greater awareness of the rich heritage of various civilizations and in bringing about a better appreciation of the inherent values of different cultures, thereby contributing to the strengthening of peace in the world.\u201c<\/em><\/span><\/p>\n<p style=\"text-align: justify;\"><span style=\"color: #00a0e3;\">We shouldn&#8217;t forget that Croatia receives one fifth of its GDP from tourism, and that for further successful development it is extremely important that we conserve our natural and cultural heritage, which are exactly the point of our tourists\u2019 interest.<\/span><\/p>\n<p style=\"text-align: justify;\"><span style=\"color: #00a0e3;\">The theme is very broad and it gives students the opportunity to express themselves through movie, music, text, speech and a play, thus representing their town and region. Furthermore, in this way they can speak up about many challenges, unsolved questions and further opportunities for self-growth.<\/span><\/p>\n<\/blockquote>\n<p>&nbsp;<\/p>\n<p><strong>PRONA\u0110ITE NAS NA FACEBOOKU:<\/strong><br \/>\n<a href=\"https:\/\/www.facebook.com\/englishallaround.pug\/\" target=\"_blank\" rel=\"attachment wp-att-5792 noopener\"><img loading=\"lazy\" decoding=\"async\" class=\"aligncenter wp-image-5792\" src=\"http:\/\/www.pug.hr\/gimnazija\/wp-content\/uploads\/2017\/02\/Facebook-EAA.png\" alt=\"Facebook EAA\" width=\"600\" height=\"189\" srcset=\"https:\/\/pug.hr\/gimnazija\/wp-content\/uploads\/2017\/02\/Facebook-EAA.png 959w, https:\/\/pug.hr\/gimnazija\/wp-content\/uploads\/2017\/02\/Facebook-EAA-300x94.png 300w, https:\/\/pug.hr\/gimnazija\/wp-content\/uploads\/2017\/02\/Facebook-EAA-768x242.png 768w\" sizes=\"auto, (max-width: 600px) 100vw, 600px\" \/><\/a><\/p>\n<p>[ws_table id=&#8221;76&#8243;]<\/p>\n","protected":false},"excerpt":{"rendered":"<p>&nbsp; Celebrating passion for English &#8230; [ws_table id=&#8221;76&#8243;] &nbsp; Za\u0161to English All Around?&#8230;<\/p>\n","protected":false},"author":1,"featured_media":0,"parent":0,"menu_order":0,"comment_status":"closed","ping_status":"closed","template":"","meta":{"ngg_post_thumbnail":0,"jetpack_post_was_ever_published":false,"footnotes":""},"class_list":["post-6562","page","type-page","status-publish","hentry"],"jetpack_sharing_enabled":true,"jetpack_shortlink":"https:\/\/wp.me\/P2cktY-1HQ","_links":{"self":[{"href":"https:\/\/pug.hr\/gimnazija\/wp-json\/wp\/v2\/pages\/6562","targetHints":{"allow":["GET"]}}],"collection":[{"href":"https:\/\/pug.hr\/gimnazija\/wp-json\/wp\/v2\/pages"}],"about":[{"href":"https:\/\/pug.hr\/gimnazija\/wp-json\/wp\/v2\/types\/page"}],"author":[{"embeddable":true,"href":"https:\/\/pug.hr\/gimnazija\/wp-json\/wp\/v2\/users\/1"}],"replies":[{"embeddable":true,"href":"https:\/\/pug.hr\/gimnazija\/wp-json\/wp\/v2\/comments?post=6562"}],"version-history":[{"count":2,"href":"https:\/\/pug.hr\/gimnazija\/wp-json\/wp\/v2\/pages\/6562\/revisions"}],"predecessor-version":[{"id":6572,"href":"https:\/\/pug.hr\/gimnazija\/wp-json\/wp\/v2\/pages\/6562\/revisions\/6572"}],"wp:attachment":[{"href":"https:\/\/pug.hr\/gimnazija\/wp-json\/wp\/v2\/media?parent=6562"}],"curies":[{"name":"wp","href":"https:\/\/api.w.org\/{rel}","templated":true}]}}