{"id":6,"date":"2012-02-08T06:53:45","date_gmt":"2012-02-08T06:53:45","guid":{"rendered":"http:\/\/www.pug.hr\/gimnazija\/?page_id=6"},"modified":"2022-04-21T15:06:13","modified_gmt":"2022-04-21T13:06:13","slug":"nastava","status":"publish","type":"page","link":"https:\/\/pug.hr\/gimnazija\/nastava\/","title":{"rendered":"Nastava"},"content":{"rendered":"<p style=\"text-align: justify;\">Privatna umjetni\u010dka gimnazija s pravom javnosti je specijalizirana gimnazija, koja uz gimnazijske op\u0107e obrazovne i umjetni\u010dke programe (likovnu i glazbenu umjetnost) obuhva\u0107a i posebne programe: filmsku umjetnost, scensku umjetnost, medijsku kulturu i marketing u kulturi.<\/p>\n<p style=\"text-align: justify;\">Posebnosti, odnosno odlike Gimnazije, obuhva\u0107aju nove nastavne programe, pristup nastavnom sadr\u017eaju, nagla\u0161avanje uloge u\u010denika, modele mentorske i projektne nastave, suvremene oblike rada, specijalizirane u\u010dionice sa suvremenom opremom, i dr.<\/p>\n<p style=\"text-align: justify;\">Nastavni sadr\u017eaji ostvaruju se na vi\u0161e razina:<\/p>\n<ul style=\"text-align: justify;\">\n<li>kao predmetni kurikulumi, odnosno <span style=\"color: #0000ff;\"><strong>nastavni predmeti<\/strong><\/span> (hrvatski jezik, likovna umjetnost, matematika itd.)<\/li>\n<li>kroz korelacijsku <span style=\"color: #0000ff;\"><strong>povezanost me\u0111u predmetima<\/strong><\/span> (sadr\u017eajnu, stilsku, vremensku, prostornu itd.) &#8211; umjetni\u010dki programi, povijest, filozofija<\/li>\n<li>sjedinjavanje nastavnih sadr\u017eaja kroz <span style=\"color: #0000ff;\"><strong>me\u0111upredmetne teme<\/strong><\/span> u module interdisciolinarnog sadr\u017eaja, primjerice Gra\u0111anski odgoj i obrazovanje, U\u010diti kako u\u010diti itd.<\/li>\n<\/ul>\n<h2><img loading=\"lazy\" decoding=\"async\" class=\"aligncenter  wp-image-174\" src=\"https:\/\/pug.hr\/gimnazija\/wp-content\/uploads\/2012\/02\/Line-300x8.jpg\" alt=\"\" width=\"625\" height=\"8\"><\/h2>\n<p><a title=\"Nastavni plan\" href=\"https:\/\/pug.hr\/gimnazija\/nastava\/nastavni-plan\/\">Nastavni plan<\/a><\/p>\n<p><a title=\"Nastavni plan\" href=\"https:\/\/pug.hr\/gimnazija\/nastava\/nastavni-plan\/\">Ovdje <\/a>mo\u017eete vidjeti nastavne predmete (kurikulum) obavezne, izborne i fakultativne kao i njihov tjedni broj sati.<\/p>\n<h2><img loading=\"lazy\" decoding=\"async\" class=\"aligncenter  wp-image-174\" src=\"https:\/\/pug.hr\/gimnazija\/wp-content\/uploads\/2012\/02\/Line-300x8.jpg\" alt=\"\" width=\"625\" height=\"8\"><\/h2>\n<p><a title=\"Nastavni programi\" href=\"https:\/\/pug.hr\/gimnazija\/nastava\/nastavni-programi\/\">Nastavni programi<\/a><\/p>\n<p><a title=\"Nastavni programi\" href=\"https:\/\/pug.hr\/gimnazija\/nastava\/nastavni-programi\/\">Na ovoj stranici<\/a> saznat \u0107ete sadr\u017eaj nastavnih predmeta.<\/p>\n<h2><img loading=\"lazy\" decoding=\"async\" class=\"aligncenter  wp-image-174\" src=\"https:\/\/pug.hr\/gimnazija\/wp-content\/uploads\/2012\/02\/Line-300x8.jpg\" alt=\"\" width=\"625\" height=\"8\"><\/h2>\n<p><a title=\"Projekti\" href=\"https:\/\/pug.hr\/gimnazija\/nastava\/projekti\/\">Projekti<\/a><\/p>\n<p>Nekoliko ilustracija projekata iz nastave, &nbsp;iz ciklusa usmjerenih projekata (dani hrvatske\/talijanske\/engleske kulture), slobodnih projekata ( Samo moj projekt) i &nbsp;projekata radionica.<\/p>\n<h2><img loading=\"lazy\" decoding=\"async\" class=\"aligncenter  wp-image-174\" src=\"https:\/\/pug.hr\/gimnazija\/wp-content\/uploads\/2012\/02\/Line-300x8.jpg\" alt=\"\" width=\"625\" height=\"8\"><\/h2>\n<p><a title=\"Nastava izvan \u0161kole\" href=\"https:\/\/pug.hr\/gimnazija\/nastava\/posjete-ustanovama\/\">Nastava izvan \u0161kole<\/a><\/p>\n<p>Zna\u010dajni dio nastave u\u010denici PUG-a ostvaruju u suradnji sa kulturnim i znanstvenim ustanovama, te drugim ustanovama od dru\u0161tvenog zna\u010denja.<\/p>\n<h2><img loading=\"lazy\" decoding=\"async\" class=\"aligncenter  wp-image-174\" src=\"https:\/\/pug.hr\/gimnazija\/wp-content\/uploads\/2012\/02\/Line-300x8.jpg\" alt=\"\" width=\"625\" height=\"8\"><\/h2>\n<p><a title=\"Putovanja\" href=\"https:\/\/pug.hr\/gimnazija\/nastava\/putovanja\/\">Stru\u010dna putovanja<\/a><\/p>\n<p>Obavezna stru\u010dna putovanja vezana su uz obrazovna podru\u010dja i teme, a ovdje mo\u017eete saznati detalje o njima.<\/p>\n<h2>&nbsp;<\/h2>\n<p>&nbsp;<\/p>\n","protected":false},"excerpt":{"rendered":"<p>Privatna umjetni\u010dka gimnazija s pravom javnosti je specijalizirana gimnazija, koja uz gimnazijske op\u0107e&#8230;<\/p>\n","protected":false},"author":1,"featured_media":0,"parent":0,"menu_order":0,"comment_status":"closed","ping_status":"open","template":"","meta":{"ngg_post_thumbnail":0,"jetpack_post_was_ever_published":false,"footnotes":""},"class_list":["post-6","page","type-page","status-publish","hentry"],"jetpack_sharing_enabled":true,"jetpack_shortlink":"https:\/\/wp.me\/P2cktY-6","_links":{"self":[{"href":"https:\/\/pug.hr\/gimnazija\/wp-json\/wp\/v2\/pages\/6","targetHints":{"allow":["GET"]}}],"collection":[{"href":"https:\/\/pug.hr\/gimnazija\/wp-json\/wp\/v2\/pages"}],"about":[{"href":"https:\/\/pug.hr\/gimnazija\/wp-json\/wp\/v2\/types\/page"}],"author":[{"embeddable":true,"href":"https:\/\/pug.hr\/gimnazija\/wp-json\/wp\/v2\/users\/1"}],"replies":[{"embeddable":true,"href":"https:\/\/pug.hr\/gimnazija\/wp-json\/wp\/v2\/comments?post=6"}],"version-history":[{"count":5,"href":"https:\/\/pug.hr\/gimnazija\/wp-json\/wp\/v2\/pages\/6\/revisions"}],"predecessor-version":[{"id":8211,"href":"https:\/\/pug.hr\/gimnazija\/wp-json\/wp\/v2\/pages\/6\/revisions\/8211"}],"wp:attachment":[{"href":"https:\/\/pug.hr\/gimnazija\/wp-json\/wp\/v2\/media?parent=6"}],"curies":[{"name":"wp","href":"https:\/\/api.w.org\/{rel}","templated":true}]}}