{"id":5827,"date":"2017-02-26T11:41:56","date_gmt":"2017-02-26T10:41:56","guid":{"rendered":"http:\/\/www.pug.hr\/gimnazija\/?page_id=5827"},"modified":"2017-03-25T16:31:27","modified_gmt":"2017-03-25T15:31:27","slug":"filmski-izazov-osnovne-skole","status":"publish","type":"page","link":"https:\/\/pug.hr\/gimnazija\/english-all-around-2017\/and-now-vote\/filmski-izazov-osnovne-skole\/","title":{"rendered":"Filmski izazov &#8211; osnovne \u0161kole"},"content":{"rendered":"<p>[ws_table id=&#8221;76&#8243;]<\/p>\n<p><a href=\"http:\/\/www.pug.hr\/gimnazija\/wp-content\/uploads\/2017\/02\/Kamera.png\" rel=\"attachment wp-att-5830\"><img loading=\"lazy\" decoding=\"async\" class=\"aligncenter wp-image-5830\" src=\"http:\/\/www.pug.hr\/gimnazija\/wp-content\/uploads\/2017\/02\/Kamera.png\" alt=\"Kamera\" width=\"400\" height=\"350\" srcset=\"https:\/\/pug.hr\/gimnazija\/wp-content\/uploads\/2017\/02\/Kamera.png 775w, https:\/\/pug.hr\/gimnazija\/wp-content\/uploads\/2017\/02\/Kamera-300x263.png 300w, https:\/\/pug.hr\/gimnazija\/wp-content\/uploads\/2017\/02\/Kamera-768x673.png 768w\" sizes=\"auto, (max-width: 400px) 100vw, 400px\" \/><\/a><\/p>\n<p>&nbsp;<\/p>\n<p style=\"text-align: justify;\">Na ovoj stranici posjetitelji su mogli birati najbolji uradak pristigao na Filmski izazov u\u010denika <strong>OSNOVNIH \u0160KOLA. <\/strong><\/p>\n<p style=\"text-align: justify;\">Evo najprije\u00a0filmova, a rezultat odabira vidljiv je na dnu stranice:<\/p>\n<p style=\"text-align: justify;\">O\u0160 Antuna Mihanovi\u0107a, Osijek<\/p>\n<p><iframe loading=\"lazy\" src=\"https:\/\/www.youtube.com\/embed\/YlqPz1tReKc?list=PLGExtNPsms0n8U4pZEMujqohwHGe8SmOF\" width=\"560\" height=\"315\" frameborder=\"0\" allowfullscreen=\"allowfullscreen\"><\/iframe><\/p>\n<p>O\u0160 Blato, Blato (2 movies)<\/p>\n<p><iframe loading=\"lazy\" src=\"https:\/\/www.youtube.com\/embed\/pMoF0CmBkNw?list=PLGExtNPsms0n8U4pZEMujqohwHGe8SmOF\" width=\"560\" height=\"315\" frameborder=\"0\" allowfullscreen=\"allowfullscreen\"><\/iframe><\/p>\n<p><iframe loading=\"lazy\" src=\"https:\/\/www.youtube.com\/embed\/nivOUKeva9I?list=PLGExtNPsms0n8U4pZEMujqohwHGe8SmOF\" width=\"560\" height=\"315\" frameborder=\"0\" allowfullscreen=\"allowfullscreen\"><\/iframe><\/p>\n<p>O\u0160 Gra\u010dani, Zagreb<\/p>\n<p><iframe loading=\"lazy\" src=\"https:\/\/www.youtube.com\/embed\/kIO2XqmNr9w?list=PLGExtNPsms0n8U4pZEMujqohwHGe8SmOF\" width=\"560\" height=\"315\" frameborder=\"0\" allowfullscreen=\"allowfullscreen\"><\/iframe><\/p>\n<p>O\u0160 Kamen-\u0160ine, Split<\/p>\n<p><iframe loading=\"lazy\" src=\"https:\/\/www.youtube.com\/embed\/88_w5JlhtMg?list=PLGExtNPsms0n8U4pZEMujqohwHGe8SmOF\" width=\"560\" height=\"315\" frameborder=\"0\" allowfullscreen=\"allowfullscreen\"><\/iframe><\/p>\n<p>O\u0160 Kneginec Gornji, Tur\u010din<\/p>\n<p><iframe loading=\"lazy\" src=\"https:\/\/www.youtube.com\/embed\/nuLMCtpERgY?list=PLGExtNPsms0n8U4pZEMujqohwHGe8SmOF\" width=\"560\" height=\"315\" frameborder=\"0\" allowfullscreen=\"allowfullscreen\"><\/iframe><\/p>\n<p>O\u0160 Tin Ujevi\u0107, Osijek (2 movies)<\/p>\n<p><iframe loading=\"lazy\" src=\"https:\/\/www.youtube.com\/embed\/-MAE7Bz2xts?list=PLGExtNPsms0n8U4pZEMujqohwHGe8SmOF\" width=\"560\" height=\"315\" frameborder=\"0\" allowfullscreen=\"allowfullscreen\"><\/iframe><\/p>\n<p><iframe loading=\"lazy\" src=\"https:\/\/www.youtube.com\/embed\/x_5Pc3w-bnU?list=PLGExtNPsms0n8U4pZEMujqohwHGe8SmOF\" width=\"560\" height=\"315\" frameborder=\"0\" allowfullscreen=\"allowfullscreen\"><\/iframe><\/p>\n<p>O\u0160 Tu\u010depi, Tu\u010depi<\/p>\n<p><iframe loading=\"lazy\" src=\"https:\/\/www.youtube.com\/embed\/0fK7zJr_oD0?list=PLGExtNPsms0n8U4pZEMujqohwHGe8SmOF\" width=\"560\" height=\"315\" frameborder=\"0\" allowfullscreen=\"allowfullscreen\"><\/iframe><\/p>\n<p>O\u0160 Turni\u0107, Rijeka<\/p>\n<p><iframe loading=\"lazy\" src=\"https:\/\/www.youtube.com\/embed\/PRxazj96LSE?list=PLGExtNPsms0n8U4pZEMujqohwHGe8SmOF\" width=\"560\" height=\"315\" frameborder=\"0\" allowfullscreen=\"allowfullscreen\"><\/iframe><\/p>\n<p><script src=\"http:\/\/static.polldaddy.com\/p\/9676550.js\" type=\"text\/javascript\" charset=\"utf-8\"><\/script><br \/>\n<noscript>&lt;a href=&#8221;http:\/\/polldaddy.com\/poll\/9676550\/&#8221;&gt;Odaberite najbolji film u\u010denika osnovnih \u0161kola&lt;\/a&gt;<\/noscript><\/p>\n<p><strong>PRONA\u0110ITE NAS NA FACEBOOKU:<\/strong><br \/>\n<a href=\"https:\/\/www.facebook.com\/englishallaround.pug\/\" target=\"_blank\" rel=\"attachment wp-att-5792\"><img loading=\"lazy\" decoding=\"async\" class=\"aligncenter wp-image-5792\" src=\"http:\/\/www.pug.hr\/gimnazija\/wp-content\/uploads\/2017\/02\/Facebook-EAA.png\" alt=\"Facebook EAA\" width=\"600\" height=\"189\" srcset=\"https:\/\/pug.hr\/gimnazija\/wp-content\/uploads\/2017\/02\/Facebook-EAA.png 959w, https:\/\/pug.hr\/gimnazija\/wp-content\/uploads\/2017\/02\/Facebook-EAA-300x94.png 300w, https:\/\/pug.hr\/gimnazija\/wp-content\/uploads\/2017\/02\/Facebook-EAA-768x242.png 768w\" sizes=\"auto, (max-width: 600px) 100vw, 600px\" \/><\/a><\/p>\n<p>[ws_table id=&#8221;76&#8243;]<\/p>\n","protected":false},"excerpt":{"rendered":"<p>[ws_table id=&#8221;76&#8243;] &nbsp; Na ovoj stranici posjetitelji su mogli birati najbolji uradak pristigao&#8230;<\/p>\n","protected":false},"author":1,"featured_media":0,"parent":5775,"menu_order":0,"comment_status":"closed","ping_status":"closed","template":"","meta":{"ngg_post_thumbnail":0,"jetpack_post_was_ever_published":false,"footnotes":""},"class_list":["post-5827","page","type-page","status-publish","hentry"],"jetpack_sharing_enabled":true,"jetpack_shortlink":"https:\/\/wp.me\/P2cktY-1vZ","_links":{"self":[{"href":"https:\/\/pug.hr\/gimnazija\/wp-json\/wp\/v2\/pages\/5827","targetHints":{"allow":["GET"]}}],"collection":[{"href":"https:\/\/pug.hr\/gimnazija\/wp-json\/wp\/v2\/pages"}],"about":[{"href":"https:\/\/pug.hr\/gimnazija\/wp-json\/wp\/v2\/types\/page"}],"author":[{"embeddable":true,"href":"https:\/\/pug.hr\/gimnazija\/wp-json\/wp\/v2\/users\/1"}],"replies":[{"embeddable":true,"href":"https:\/\/pug.hr\/gimnazija\/wp-json\/wp\/v2\/comments?post=5827"}],"version-history":[{"count":5,"href":"https:\/\/pug.hr\/gimnazija\/wp-json\/wp\/v2\/pages\/5827\/revisions"}],"predecessor-version":[{"id":6165,"href":"https:\/\/pug.hr\/gimnazija\/wp-json\/wp\/v2\/pages\/5827\/revisions\/6165"}],"up":[{"embeddable":true,"href":"https:\/\/pug.hr\/gimnazija\/wp-json\/wp\/v2\/pages\/5775"}],"wp:attachment":[{"href":"https:\/\/pug.hr\/gimnazija\/wp-json\/wp\/v2\/media?parent=5827"}],"curies":[{"name":"wp","href":"https:\/\/api.w.org\/{rel}","templated":true}]}}