{"id":5757,"date":"2017-02-26T01:33:04","date_gmt":"2017-02-26T00:33:04","guid":{"rendered":"http:\/\/www.pug.hr\/gimnazija\/?page_id=5757"},"modified":"2020-03-09T19:55:11","modified_gmt":"2020-03-09T18:55:11","slug":"english-all-around","status":"publish","type":"page","link":"https:\/\/pug.hr\/gimnazija\/english-all-around\/","title":{"rendered":"ENGLISH ALL AROUND"},"content":{"rendered":"<p>Ranija izdanja festivala prona\u0111ite na ovim linkovima: <a href=\"http:\/\/www.pug.hr\/gimnazija\/english-all-around-2017\/\" target=\"_blank\" rel=\"noopener\">2017<\/a>, <a href=\"http:\/\/www.pug.hr\/gimnazija\/english-all-around-2018\/\" target=\"_blank\" rel=\"noopener\">2018<\/a>, <a href=\"http:\/\/www.pug.hr\/gimnazija\/english-all-around\/english-all-around-2019\/\" target=\"_blank\" rel=\"noopener\">2019<\/a>;<\/p>\n<p style=\"text-align: right;\"><span style=\"color: #00a0e3;\"><strong>Celebrating passion for English &#8230;<\/strong><\/span><\/p>\n<p>&nbsp;<\/p>\n<hr \/>\n<table width=\"100%\">\n<tbody>\n<tr>\n<td style=\"text-align: center;\"><a href=\"http:\/\/www.pug.hr\/gimnazija\/english-all-around\/movie-challenge-2020\/\" target=\"_blank\" rel=\"noopener\"><span style=\"color: #0000ff;\">MOVIE CHALLENGE<\/span><\/a><br class=\"\" \/><a href=\"http:\/\/www.pug.hr\/gimnazija\/english-all-around\/movie-challenge-2020\/\" target=\"_blank\" rel=\"noopener\"><span style=\"color: #0000ff;\"> FILMSKI IZAZOV<\/span><\/a><\/td>\n<td style=\"text-align: center;\"><a href=\"http:\/\/www.pug.hr\/gimnazija\/english-all-around\/music-challenge-2020\/\" target=\"_blank\" rel=\"noopener\"><span style=\"color: #0000ff;\">MUSIC CHALLENGE<\/span><\/a><br class=\"\" \/><a href=\"http:\/\/www.pug.hr\/gimnazija\/english-all-around\/music-challenge-2020\/\" target=\"_blank\" rel=\"noopener\"><span style=\"color: #0000ff;\"> GLAZBENI IZAZOV<\/span><\/a><\/td>\n<td style=\"text-align: center;\"><a href=\"http:\/\/www.pug.hr\/gimnazija\/english-all-around\/story-challenge-2020\/\" target=\"_blank\" rel=\"noopener\"><span style=\"color: #0000ff;\">STORY CHALLENGE<\/span><\/a><br class=\"\" \/><a href=\"http:\/\/www.pug.hr\/gimnazija\/english-all-around\/story-challenge-2020\/\" target=\"_blank\" rel=\"noopener\"><span style=\"color: #0000ff;\"> IZAZOV PRI\u010cE<\/span><\/a><\/td>\n<\/tr>\n<tr>\n<td style=\"text-align: center;\"><br class=\"\" \/><a href=\"http:\/\/www.pug.hr\/gimnazija\/speaking-challenge-2020\/\" target=\"_blank\" rel=\"noopener\"><span style=\"color: #0000ff;\">SPEAKING CHALLENGE<\/span><\/a><br class=\"\" \/><a href=\"http:\/\/www.pug.hr\/gimnazija\/speaking-challenge-2020\/\" target=\"_blank\" rel=\"noopener\"><span style=\"color: #0000ff;\"> IZAZOV GOVORENJA<\/span><\/a><\/td>\n<td style=\"text-align: center;\"><br class=\"\" \/><a href=\"http:\/\/www.pug.hr\/gimnazija\/english-all-around\/spelling-challenge-2020\/\" target=\"_blank\" rel=\"noopener\"><span style=\"color: #0000ff;\">SPELLING CHALLENGE<\/span><\/a><br class=\"\" \/><a href=\"http:\/\/www.pug.hr\/gimnazija\/english-all-around\/spelling-challenge-2020\/\" target=\"_blank\" rel=\"noopener\"><span style=\"color: #0000ff;\"> IZAZOV SRICANJA<\/span><\/a><\/td>\n<td style=\"text-align: center;\"><br class=\"\" \/><a href=\"http:\/\/www.pug.hr\/gimnazija\/english-all-around\/drama-challenge-2020\/\" target=\"_blank\" rel=\"noopener\"><span style=\"color: #0000ff;\">DRAMA CHALLENGE<\/span><\/a><br class=\"\" \/><a href=\"http:\/\/www.pug.hr\/gimnazija\/english-all-around\/drama-challenge-2020\/\" target=\"_blank\" rel=\"noopener\"><span style=\"color: #0000ff;\"> DRAMSKI IZAZOV<\/span><\/a><\/td>\n<\/tr>\n<tr>\n<td style=\"text-align: center;\"><span style=\"color: #0000ff;\">\u00a0<\/span><\/td>\n<td style=\"text-align: center;\"><br class=\"\" \/><a href=\"http:\/\/www.pug.hr\/gimnazija\/english-all-around\/presentation-challenge-2020\/\" target=\"_blank\" rel=\"noopener\"><span style=\"color: #0000ff;\">PRESENTATION CHALLENGE<\/span><\/a><br class=\"\" \/><a href=\"http:\/\/www.pug.hr\/gimnazija\/english-all-around\/presentation-challenge-2020\/\" target=\"_blank\" rel=\"noopener\"><span style=\"color: #0000ff;\"> IZAZOV IZLAGANJA<\/span><\/a><\/td>\n<td><span style=\"color: #0000ff;\">\u00a0<\/span><\/td>\n<\/tr>\n<tr>\n<td style=\"text-align: center;\"><br class=\"\" \/><a href=\"http:\/\/www.pug.hr\/gimnazija\/pozvani-2020\/\" target=\"_blank\" rel=\"noopener\"><span style=\"color: #0000ff;\">INVITED<\/span><\/a><br class=\"\" \/><a href=\"http:\/\/www.pug.hr\/gimnazija\/pozvani-2020\/\" target=\"_blank\" rel=\"noopener\"><span style=\"color: #0000ff;\"> POZVANI\u00a0<\/span><\/td>\n<td style=\"text-align: center;\"><br class=\"\" \/><a href=\"http:\/\/www.pug.hr\/gimnazija\/english-all-around\/vote-for-your-favourites-here-2020\/\" target=\"_blank\" rel=\"noopener\"><span style=\"color: #0000ff;\">VOTE FOR YOUR FAVOURITES HERE!<\/span><\/a><br class=\"\" \/><a href=\"http:\/\/www.pug.hr\/gimnazija\/english-all-around\/vote-for-your-favourites-here-2020\/\" target=\"_blank\" rel=\"noopener\"><span style=\"color: #0000ff;\"> ODABERITE SVOJE FAVORITE!<\/span><\/a><\/td>\n<td style=\"text-align: center;\"><br class=\"\" \/><a href=\"http:\/\/www.pug.hr\/gimnazija\/english-all-around\/awards-2020\/\" target=\"_blank\" rel=\"noopener\"><span style=\"color: #0000ff;\">AWARDS<\/span><\/a><br class=\"\" \/><a href=\"http:\/\/www.pug.hr\/gimnazija\/english-all-around\/awards-2020\/\" target=\"_blank\" rel=\"noopener\"><span style=\"color: #0000ff;\"> NAGRADE<\/span><\/a><\/td>\n<\/tr>\n<tr>\n<td style=\"text-align: center;\"><br class=\"\" \/><a href=\"http:\/\/www.pug.hr\/gimnazija\/english-all-around\/our-team-2020\/\" target=\"_blank\" rel=\"noopener\"><span style=\"color: #0000ff;\">OUR TEAM<\/span><\/a><br class=\"\" \/><a href=\"http:\/\/www.pug.hr\/gimnazija\/english-all-around\/our-team-2020\/\" target=\"_blank\" rel=\"noopener\"><span style=\"color: #0000ff;\"> NA\u0160 TIM<\/span><\/a><\/td>\n<td style=\"text-align: center;\"><br class=\"\" \/><a href=\"http:\/\/www.pug.hr\/gimnazija\/english-all-around\/jury-2020\/\" target=\"_blank\" rel=\"noopener\"><span style=\"color: #0000ff;\">JURY<\/span><\/a><br class=\"\" \/><a href=\"http:\/\/www.pug.hr\/gimnazija\/english-all-around\/jury-2020\/\" target=\"_blank\" rel=\"noopener\"><span style=\"color: #0000ff;\"> SUCI<\/span><\/a><\/td>\n<td style=\"text-align: center;\"><br class=\"\" \/><a href=\"http:\/\/www.pug.hr\/gimnazija\/english-all-around\/participants-2020\/\" target=\"_blank\" rel=\"noopener\"><span style=\"color: #0000ff;\">LIST OF PARTICIPANTS<\/span><\/a><br class=\"\" \/><a href=\"http:\/\/www.pug.hr\/gimnazija\/english-all-around\/participants-2020\/\" target=\"_blank\" rel=\"noopener\"><span style=\"color: #0000ff;\"> POPIS SUDIONIKA<\/span><\/a><\/td>\n<\/tr>\n<\/tbody>\n<\/table>\n<hr \/>\n<p><a href=\"http:\/\/www.pug.hr\/gimnazija\/wp-content\/uploads\/2017\/02\/EAA-logo-veliki.png\" rel=\"attachment wp-att-5778\"><img loading=\"lazy\" decoding=\"async\" class=\"aligncenter wp-image-5778\" src=\"http:\/\/www.pug.hr\/gimnazija\/wp-content\/uploads\/2017\/02\/EAA-logo-veliki.png\" alt=\"EAA logo veliki\" width=\"600\" height=\"361\" srcset=\"https:\/\/pug.hr\/gimnazija\/wp-content\/uploads\/2017\/02\/EAA-logo-veliki.png 1202w, https:\/\/pug.hr\/gimnazija\/wp-content\/uploads\/2017\/02\/EAA-logo-veliki-300x180.png 300w, https:\/\/pug.hr\/gimnazija\/wp-content\/uploads\/2017\/02\/EAA-logo-veliki-768x462.png 768w, https:\/\/pug.hr\/gimnazija\/wp-content\/uploads\/2017\/02\/EAA-logo-veliki-1024x616.png 1024w\" sizes=\"auto, (max-width: 600px) 100vw, 600px\" \/><\/a><\/p>\n<h2 style=\"text-align: center;\"><span style=\"color: #0000ff;\"><strong>Zagreb, 04. -05. 04. 2020.<\/strong><\/span><\/h2>\n<p style=\"text-align: center;\">Razmi\u0161ljajmo odr\u017eivo! &#8211; Let\u2019s think sustainably!<\/p>\n<h2 style=\"text-align: center;\"><span style=\"color: #0000ff;\"><strong>Rok za prijavu 29\/02\/2020 Registration deadline<\/strong><\/span><\/h2>\n<p><a href=\"http:\/\/www.pug.hr\/gimnazija\/english-all-around\/prijava-registration\/\" target=\"_blank\" rel=\"noopener\"><img loading=\"lazy\" decoding=\"async\" class=\"aligncenter wp-image-7718\" src=\"http:\/\/www.pug.hr\/gimnazija\/wp-content\/uploads\/2019\/12\/PRIJAVA-BUTTON.jpg\" alt=\"\" width=\"600\" height=\"249\" srcset=\"https:\/\/pug.hr\/gimnazija\/wp-content\/uploads\/2019\/12\/PRIJAVA-BUTTON.jpg 1044w, https:\/\/pug.hr\/gimnazija\/wp-content\/uploads\/2019\/12\/PRIJAVA-BUTTON-300x124.jpg 300w, https:\/\/pug.hr\/gimnazija\/wp-content\/uploads\/2019\/12\/PRIJAVA-BUTTON-768x319.jpg 768w, https:\/\/pug.hr\/gimnazija\/wp-content\/uploads\/2019\/12\/PRIJAVA-BUTTON-1024x425.jpg 1024w\" sizes=\"auto, (max-width: 600px) 100vw, 600px\" \/><\/a><\/p>\n<h3 style=\"text-align: center;\"><a href=\"http:\/\/www.pug.hr\/gimnazija\/wp-content\/uploads\/2019\/12\/ENGLISH-ALL-AROUND-Podatci-o-festivalu-2020.pdf\" target=\"_blank\" rel=\"noopener\"><span style=\"color: #ff0000;\"><strong>&gt;&gt;&gt; Podatci o festivalu 2020.&lt;&lt;&lt;<br \/>\n<\/strong><\/span><\/a><\/h3>\n<h3 style=\"text-align: center;\"><a href=\"http:\/\/www.pug.hr\/gimnazija\/wp-content\/uploads\/2019\/12\/ENGLISH-ALL-AROUND-Information-Booklet-2020.pdf\" target=\"_blank\" rel=\"noopener\"><span style=\"color: #ff0000;\"><strong> &gt;&gt;&gt; Information booklet 2020 &lt;&lt;&lt;<br \/>\n<\/strong><\/span><\/a><\/h3>\n<h4 style=\"text-align: center;\"><span style=\"color: #000000;\">Za\u0161to English All Around?<\/span><\/h4>\n<p style=\"text-align: justify;\"><a href=\"http:\/\/www.pug.hr\/gimnazija\/wp-content\/uploads\/2017\/02\/Logo-plavi.png\" rel=\"attachment wp-att-5938\"><img loading=\"lazy\" decoding=\"async\" class=\"wp-image-5938 size-thumbnail alignleft\" src=\"http:\/\/www.pug.hr\/gimnazija\/wp-content\/uploads\/2017\/02\/Logo-plavi-150x150.png\" alt=\"Logo plavi\" width=\"150\" height=\"150\" \/><\/a>Privatna umjetni\u010dka gimnazija i ove godine nastavlja organizirati festival\u00a0<strong><em>English all around \u2013 Celebrating passion for English<\/em><\/strong>. Iskustvo u\u010deni\u010dkog sudjelovanja na natjecanju, u\u010denja i dru\u017eenja \u017eelimo osna\u017eiti i promicati kako bi i nove generacije mogle pokazati sve svoje talente, znanja, sposobnosti i vje\u0161tine na engleskom jeziku te maksimalno u\u017eivati u\u010de\u0107i i upoznaju\u0107i svoje vr\u0161njake iz cijele Hrvatske.<\/p>\n<p style=\"text-align: justify;\">Svi u\u010denici osnovnih i srednjih \u0161kola mogu sudjelovati u bilo kojem od ponu\u0111enih izazova: Film, Glazba, Pri\u010da, Drama, Izlaganje, Govorenje i Sricanje.<\/p>\n<blockquote>\n<h4 style=\"text-align: center;\"><span style=\"color: #00a0e3;\">Why English All Around?<\/span><\/h4>\n<p style=\"text-align: justify;\"><span style=\"color: #00a0e3;\">Private High School for Arts also\u00a0<\/span><span style=\"color: #00a0e3;\">this year\u00a0<\/span><span style=\"color: #00a0e3;\">continues to organize the festival <strong>English All around \u2013 Celebrating passion for English<\/strong>. We want to strengthen and promote the\u00a0<\/span><span style=\"color: #00a0e3;\">students&#8217;\u00a0<\/span><span style=\"color: #00a0e3;\">experience to learn and interact with their peers as well as the judges. That is why English All Around has been created \u2013 to enable new generations to show their talents, knowledge and skills in the English language, fully enjoying learning while spending time with their peers from all over Croatia.<\/span><\/p>\n<p style=\"text-align: justify;\"><span style=\"color: #00a0e3;\">All primary and secondary school students can participate in any of the following challenges: Movie, Music, Story, Drama, Presentation, Speaking, and Spelling.<\/span><\/p>\n<\/blockquote>\n<h4 style=\"text-align: center;\"><span style=\"color: #000000;\">Za\u0161to Privatna umjetni\u010dka gimnazija kao organizator?<\/span><\/h4>\n<p style=\"text-align: justify;\"><a href=\"http:\/\/www.pug.hr\/gimnazija\/wp-content\/uploads\/2012\/02\/Logo.jpg\" rel=\"attachment wp-att-180\"><img loading=\"lazy\" decoding=\"async\" class=\"alignright wp-image-180 size-thumbnail\" src=\"http:\/\/www.pug.hr\/gimnazija\/wp-content\/uploads\/2012\/02\/Logo-150x150.jpg\" alt=\"Logo\" width=\"150\" height=\"150\" srcset=\"https:\/\/pug.hr\/gimnazija\/wp-content\/uploads\/2012\/02\/Logo-150x150.jpg 150w, https:\/\/pug.hr\/gimnazija\/wp-content\/uploads\/2012\/02\/Logo-300x300.jpg 300w, https:\/\/pug.hr\/gimnazija\/wp-content\/uploads\/2012\/02\/Logo.jpg 695w\" sizes=\"auto, (max-width: 150px) 100vw, 150px\" \/><\/a>Nakon vi\u0161egodi\u0161njeg sudjelovanja na natjecanju Engleski u akciji rastu\u017eila nas je vijest da se natjecanje odga\u0111a na neodre\u0111eno vrijeme. Na\u0161i su u\u010denici uvijek vrlo zainteresirani za prilike da poka\u017eu svoju kreativnost i vje\u0161tine, a smatrali smo da je potrebno o\u010duvati manifestaciju koja \u0107e u\u010denicima osnovnih i srednjih \u0161kola omogu\u0107iti u\u017eivanje u engleskome jeziku i pokazivanje svojih radova kao krunu talenta i truda u nastavi i izvan nje.<\/p>\n<p style=\"text-align: justify;\">Bili smo odu\u0161evljeni lavinom pozitivnih komentara koje smo dobili kao povratne informacije ve\u0107 nakon prvoga festivala 2017. godine. 33 \u0161kole i ukupno vi\u0161e od 300 sudionika ostavili su u nama osje\u0107aj da se sav ulo\u017eeni trud i vi\u0161e nego isplatio. Stoga, odluku o nastavku organizacije Festivala bilo je iznimno lako donijeti. Festival 2018. i 2019. narastao je na vi\u0161e od 500 sudionika, a u 2020. samo nebo nam je granica!<\/p>\n<p style=\"text-align: justify;\">Zahvaljujemo ovom prilikom svima koji poma\u017eu u pripremi i odr\u017eavanju Festivala!<\/p>\n<blockquote>\n<h4 style=\"text-align: center;\"><span style=\"color: #00a0e3;\">Why\u00a0Private High School for Arts as the organiser?<\/span><\/h4>\n<p style=\"text-align: justify;\"><span style=\"color: #00a0e3;\">After several years of participating in English in Action competition, we were saddened by the news that the competition was cancelled. Our students have always been interested in showing their creativity and skills, and we thought that it was necessary to continue with a competition that will enable primary and secondary school students enjoy the English language and show their work as a crown of talent and hard work in and out of class.<\/span><\/p>\n<p style=\"text-align: justify;\"><span style=\"color: #00a0e3;\">And we were amazed ourselves with the avalanche of positive feedback we received after our first try in 2017. 32 schools and more than 300 participants overall who left us with a feeling that it was all worth it. After that, deciding that we will continue organizing the festival was so simple. The 2018 and 2019 festivals editions have grown even more \u2013 over 500 participants. In 2020, only sky is the limit!<\/span><\/p>\n<p style=\"text-align: justify;\"><span style=\"color: #00a0e3;\">We hereby thank everyone for helping us with our Festival!<\/span><\/p>\n<\/blockquote>\n<h4 style=\"text-align: center;\"><span style=\"color: #000000;\">Za\u0161to &#8220;Razmi\u0161ljajmo odr\u017eivo&#8221; kao ovogodi\u0161nja tema?<\/span><\/h4>\n<p style=\"text-align: justify;\">&#8220;Odr\u017eivi razvoj&#8221; je sintagma koja se iz dana u dan sve \u010de\u0161\u0107e \u010duje kako u medijima, tako i na stru\u010dnim skupovima, svakodnevnom govoru, a na kraju \u2013 to je i jedna od me\u0111upredmetnih tema obavezna u svim \u0161kolama u Hrvatskoj.<\/p>\n<p style=\"text-align: justify;\">\u017delimo potaknuti u\u010denike na promi\u0161ljanje pitanja odr\u017eivog razvoja. Mladi su pokreta\u010dka snaga svakog dru\u0161tva te njihovo aktivno sudjelovanje u dru\u0161tvenom \u017eivotu predstavlja generator razvoja. Za osobni razvoj u\u010denika kao cjelovite osobe va\u017eno je da se prema informacijama i znanju odnose kriti\u010dki te da promi\u0161ljaju i aktivno se uklju\u010duju u odr\u017eivi razvoj zajednice.<\/p>\n<p style=\"text-align: justify;\">U pripremi radova u\u010denici se trebaju informirati o <a href=\"https:\/\/www.un.org\/development\/desa\/disabilities\/envision2030.html\" target=\"_blank\" rel=\"noopener\">17 ciljeva Ujedinjenih naroda za odr\u017eivi razvoj<\/a>.<\/p>\n<p style=\"text-align: justify;\">Tema je vrlo \u0161iroka te pru\u017ea u\u010denicima mnogo mogu\u0107nosti da se izraze kroz film, glazbu, tekst, predstavu i govor.<\/p>\n<blockquote>\n<h4 style=\"text-align: center;\"><span style=\"color: #00a0e3;\">Why\u00a0\u201cLet\u2019s think sustainably!\u201d as the main theme this year?<\/span><\/h4>\n<p style=\"text-align: justify;\"><span style=\"color: #00a0e3;\">&#8220;Sustainable development&#8221; is a phrase that is frequently heard in the media as well as at professional conferences, but also in common daily conversations. Finally, it is one of the cross-curricular topics required in all schools in Croatia.<\/span><\/p>\n<p style=\"text-align: justify;\"><span style=\"color: #00a0e3;\">We want to encourage students to reflect on sustainable development issues. Young people are the driving force of every society and their active participation in social life is a generator of development. It is important for the personal development of students as a whole to be critical of information and knowledge, and to reflect and actively engage in the sustainable development of the community. <\/span><\/p>\n<p style=\"text-align: justify;\"><span style=\"color: #00a0e3;\">While preparing, students should be informed about the 17 United Nations Sustainable Development Goals.<\/span><\/p>\n<p style=\"text-align: justify;\"><span style=\"color: #00a0e3;\">The topic is very broad and provides many opportunities for students to express themselves through film, music, text, drama (play) and speech.<\/span><\/p>\n<p>&nbsp;<\/p><\/blockquote>\n<p>&nbsp;<\/p>\n<table width=\"100%\">\n<tbody>\n<tr>\n<td>\n<h3 style=\"text-align: center;\">Razmi\u0161ljajmo odr\u017eivo!<\/h3>\n<\/td>\n<td>\n<h3 style=\"text-align: center;\"><span style=\"color: #0000ff;\">Let\u2019s think sustainably!<\/span><\/h3>\n<\/td>\n<\/tr>\n<tr>\n<td>\n<ul>Ni\u017ee mo\u017eete pro\u010ditati neke elemente ove teme raspore\u0111ene u \u010detiri stupa odr\u017eivog razvoja no navedeni elementi ne uklju\u010duju obvezatne smjernice, niti iscrpljuju sve o \u010demu se pod ovom temom mo\u017ee raspravljati. U\u010denici i njihovi mentori mogu slobodno ovu temu obraditi na koji god kreativan na\u010din \u017eele!<\/ul>\n<\/td>\n<td><span style=\"color: #0000ff;\">Below, you can read some of the elements of this topic, which are spread across the four pillars of sustainable development. However, these elements do not include mandatory guidelines or exhaustive topics that can be discussed on this topic. Students and their mentors are free to cover this topic in whatever creative way they want!<\/span><\/td>\n<\/tr>\n<tr>\n<td><strong>1. DRU\u0160TVO<\/strong><\/td>\n<td><span style=\"color: #0000ff;\"><strong>SOCIETY<\/strong><\/span><\/td>\n<\/tr>\n<tr>\n<td>\n<ul>\n<li>Svijet bez siroma\u0161tva i gladi<\/li>\n<li>Kvalitetno obrazovanje \u2013 dostupno svima, sigurno i pozitivno oku\u017eenje, motivirani u\u010ditelji<\/li>\n<li>Rodna ravnopravnost \u2013 polo\u017eaj \u017eena i djevojaka diljem svijeta (me too revolucija)<\/li>\n<li>Smanjenje nejednakosti kroz zajam\u010dena ljudska prava<\/li>\n<li>Odr\u017eive zajednice \u2013 poticanje po\u0161tivanja i za\u0161tite okoli\u0161a i kulture<\/li>\n<li>Izbor \u017eivotnog stila i zna\u010daj svjetonazora<\/li>\n<li>Dru\u0161tvena odgovornost, briga za najslabije<\/li>\n<li>Volonterstvo<\/li>\n<li>Zdravlje<\/li>\n<li>Mir<\/li>\n<\/ul>\n<\/td>\n<td>\n<ul>\n<li><span style=\"color: #0000ff;\">A world free from poverty and hunger<\/span><\/li>\n<li><span style=\"color: #0000ff;\">Quality education &#8211; accessible to all, safe and positive surroundings, motivated teachers<\/span><\/li>\n<li><span style=\"color: #0000ff;\">Gender equality &#8211; the position of women and girls around the world (MeToo movement)<\/span><\/li>\n<li><span style=\"color: #0000ff;\">Reducing inequality through guaranteed human rights<\/span><\/li>\n<li><span style=\"color: #0000ff;\">Sustainable Communities &#8211; Promoting respect for and protection of the environment and culture<\/span><\/li>\n<li><span style=\"color: #0000ff;\">Lifestyle choices and the importance of worldviews<\/span><\/li>\n<li><span style=\"color: #0000ff;\">Social responsibility, care for the weakest<\/span><\/li>\n<li><span style=\"color: #0000ff;\">Volunteering<\/span><\/li>\n<li><span style=\"color: #0000ff;\">Health<\/span><\/li>\n<li><span style=\"color: #0000ff;\">Peace<\/span><\/li>\n<\/ul>\n<\/td>\n<\/tr>\n<tr>\n<td><strong>2. OKOLI\u0160<\/strong><\/td>\n<td><span style=\"color: #0000ff;\"><strong>ENVIRONMENT<\/strong><\/span><\/td>\n<\/tr>\n<tr>\n<td>\n<ul>\n<li>Pritisci na okoli\u0161 vs. gospodarstvo i infrastruktura<\/li>\n<li>Proricanje (ne)mogu\u0107e budu\u0107nosti<\/li>\n<li>Paradigma Uskr\u0161njih otoka<\/li>\n<li>Moja uloga u odr\u017eivom razvoju<\/li>\n<li>Odr\u017eivi razvoj \u2013 izmi\u0161ljotina Zelenih ili realnost?<\/li>\n<li>Problemi i trendovi \u2013 atmosfera, klima, vode, tlo, \u0161ume, ribarstvo, hrana, glad, energija, bioraznolikost i otpad<\/li>\n<\/ul>\n<\/td>\n<td>\n<ul>\n<li><span style=\"color: #0000ff;\">Environmental pressures vs. economy and infrastructure<\/span><\/li>\n<li><span style=\"color: #0000ff;\">Denial of an (im)possible future<\/span><\/li>\n<li><span style=\"color: #0000ff;\">The Easter Island paradigm<\/span><\/li>\n<li><span style=\"color: #0000ff;\">My role in sustainable development<\/span><\/li>\n<li><span style=\"color: #0000ff;\">Sustainable Development &#8211; fiction of the Green party or reality?<\/span><\/li>\n<li><span style=\"color: #0000ff;\">Problems and trends &#8211; atmosphere, climate, water, soil, forests, fisheries, food, hunger, energy, biodiversity and waste<\/span><\/li>\n<\/ul>\n<\/td>\n<\/tr>\n<tr>\n<td><strong>3. GOSPODARSTVO<\/strong><\/td>\n<td><span style=\"color: #0000ff;\"><strong>ECONOMY<\/strong><\/span><\/td>\n<\/tr>\n<tr>\n<td>\n<ul>\n<li>Odr\u017eiva proizvodnja i potro\u0161nja<\/li>\n<li>Odr\u017eivi gradovi \u2013 inkluzivni, sigurni, izdr\u017eljivi i odr\u017eivi<\/li>\n<li>Pristupa\u010dna energija iz \u010distih izvora<\/li>\n<li>Dostojanstven rad i gospodarski rast<\/li>\n<li>Industrija, inovacije i infrastruktura \u2013 kako pro\u0161iriti i pobolj\u0161ati?<\/li>\n<li>Je li gospodarski rast ugrozio odr\u017eivi razvoj?<\/li>\n<li>Treba li zaustaviti industrijsku proizvodnju mesa?<\/li>\n<li>Odgovornost potro\u0161a\u010da za odr\u017eivost proizvodnje<\/li>\n<\/ul>\n<\/td>\n<td>\n<ul>\n<li><span style=\"color: #0000ff;\">Sustainable production and consumption<\/span><\/li>\n<li><span style=\"color: #0000ff;\">Sustainable cities &#8211; inclusive, safe, durable and sustainable<\/span><\/li>\n<li><span style=\"color: #0000ff;\">Affordable energy from clean sources<\/span><\/li>\n<li><span style=\"color: #0000ff;\">Decent work and economic growth<\/span><\/li>\n<li><span style=\"color: #0000ff;\">Industry, innovation and infrastructure &#8211; how to expand it and improve it?<\/span><\/li>\n<li><span style=\"color: #0000ff;\">Is sustainable development threatened by economic growth?<\/span><\/li>\n<li><span style=\"color: #0000ff;\">Should industrial meat production be stopped?<\/span><\/li>\n<li><span style=\"color: #0000ff;\">Consumer responsibility for production sustainability<\/span><\/li>\n<\/ul>\n<\/td>\n<\/tr>\n<tr>\n<td><strong>4. KULTURA<\/strong><\/td>\n<td><span style=\"color: #0000ff;\"><strong>CULTURE<\/strong><\/span><\/td>\n<\/tr>\n<tr>\n<td>\n<ul>\n<li>Je li razvoj civilizacije doveo u pitanje odr\u017eivi razvoj?<\/li>\n<li>Imaju li umjetnici odgovornost promicati ideju odr\u017eivog razvoja?<\/li>\n<li>Idealna dr\u017eava (zamisli svoju idealnu dr\u017eavu)<\/li>\n<li>Ugro\u017eava li globalizacija kulturnu raznolikost?<\/li>\n<li>O\u010duvanje kulturne ba\u0161tine<\/li>\n<li>Multikulturalnost \u2013 za\u0161to je potreban razgovor me\u0111u kulturama?<\/li>\n<li>Nova publika, novi mediji<\/li>\n<li>Kako kultura utje\u010de na kvalitetu \u017eivota?<\/li>\n<li>Kreativna zanimanja budu\u0107nosti<\/li>\n<\/ul>\n<\/td>\n<td>\n<ul>\n<li><span style=\"color: #0000ff;\">Has the development of civilization called into question sustainable development?<\/span><\/li>\n<li><span style=\"color: #0000ff;\">Do artists have a responsibility to promote the idea of sustainable development?<\/span><\/li>\n<li><span style=\"color: #0000ff;\">Ideal state &#8211; imagine your ideal state!<\/span><\/li>\n<li><span style=\"color: #0000ff;\">Is cultural diversity threatened by globalization?<\/span><\/li>\n<li><span style=\"color: #0000ff;\">Preservation of cultural heritage<\/span><\/li>\n<li><span style=\"color: #0000ff;\">Multiculturalism &#8211; why is cross-cultural conversation needed?<\/span><\/li>\n<li><span style=\"color: #0000ff;\">New audiences, new media<\/span><\/li>\n<li><span style=\"color: #0000ff;\">How does culture affect the quality of life?<\/span><\/li>\n<li><span style=\"color: #0000ff;\">Creative careers\/professions of the future<\/span><\/li>\n<\/ul>\n<\/td>\n<\/tr>\n<\/tbody>\n<\/table>\n<p>&nbsp;<\/p>\n<p><strong>PRONA\u0110ITE NAS NA FACEBOOKU\/<span style=\"color: #0000ff;\">FIND US ON FACEBOOK<\/span>:<\/strong><\/p>\n<p><a href=\"https:\/\/www.facebook.com\/englishallaround.pug\/\" target=\"_blank\" rel=\"attachment wp-att-5792 noopener\"><img loading=\"lazy\" decoding=\"async\" class=\"aligncenter wp-image-5792\" src=\"http:\/\/www.pug.hr\/gimnazija\/wp-content\/uploads\/2017\/02\/FBEAA-1024x357.png\" alt=\"Facebook EAA\" width=\"600\" height=\"189\" \/><\/a><\/p>\n<p>&nbsp;<\/p>\n","protected":false},"excerpt":{"rendered":"<p>Ranija izdanja festivala prona\u0111ite na ovim linkovima: 2017, 2018, 2019; Celebrating passion for&#8230;<\/p>\n","protected":false},"author":1,"featured_media":0,"parent":0,"menu_order":0,"comment_status":"closed","ping_status":"closed","template":"","meta":{"ngg_post_thumbnail":0,"jetpack_post_was_ever_published":false,"footnotes":""},"class_list":["post-5757","page","type-page","status-publish","hentry"],"jetpack_sharing_enabled":true,"jetpack_shortlink":"https:\/\/wp.me\/P2cktY-1uR","_links":{"self":[{"href":"https:\/\/pug.hr\/gimnazija\/wp-json\/wp\/v2\/pages\/5757","targetHints":{"allow":["GET"]}}],"collection":[{"href":"https:\/\/pug.hr\/gimnazija\/wp-json\/wp\/v2\/pages"}],"about":[{"href":"https:\/\/pug.hr\/gimnazija\/wp-json\/wp\/v2\/types\/page"}],"author":[{"embeddable":true,"href":"https:\/\/pug.hr\/gimnazija\/wp-json\/wp\/v2\/users\/1"}],"replies":[{"embeddable":true,"href":"https:\/\/pug.hr\/gimnazija\/wp-json\/wp\/v2\/comments?post=5757"}],"version-history":[{"count":5,"href":"https:\/\/pug.hr\/gimnazija\/wp-json\/wp\/v2\/pages\/5757\/revisions"}],"predecessor-version":[{"id":5763,"href":"https:\/\/pug.hr\/gimnazija\/wp-json\/wp\/v2\/pages\/5757\/revisions\/5763"}],"wp:attachment":[{"href":"https:\/\/pug.hr\/gimnazija\/wp-json\/wp\/v2\/media?parent=5757"}],"curies":[{"name":"wp","href":"https:\/\/api.w.org\/{rel}","templated":true}]}}