{"id":5588,"date":"2016-11-08T18:01:21","date_gmt":"2016-11-08T17:01:21","guid":{"rendered":"http:\/\/www.pug.hr\/gimnazija\/?page_id=5588"},"modified":"2017-04-05T10:05:45","modified_gmt":"2017-04-05T08:05:45","slug":"ravnateljica","status":"publish","type":"page","link":"https:\/\/pug.hr\/gimnazija\/o-gimnaziji\/ravnateljica\/","title":{"rendered":"Ravnateljica"},"content":{"rendered":"<p><a href=\"http:\/\/www.pug.hr\/gimnazija\/wp-content\/uploads\/2016\/11\/Tea.jpg\" rel=\"attachment wp-att-5589\"><img decoding=\"async\" class=\"alignleft wp-image-5589 size-medium\" src=\"http:\/\/www.pug.hr\/gimnazija\/wp-content\/uploads\/2016\/11\/Tea-300x300.jpg\" alt=\"tea\" height=\"202\" srcset=\"https:\/\/pug.hr\/gimnazija\/wp-content\/uploads\/2016\/11\/Tea-300x300.jpg 300w, https:\/\/pug.hr\/gimnazija\/wp-content\/uploads\/2016\/11\/Tea-150x150.jpg 150w, https:\/\/pug.hr\/gimnazija\/wp-content\/uploads\/2016\/11\/Tea-768x768.jpg 768w, https:\/\/pug.hr\/gimnazija\/wp-content\/uploads\/2016\/11\/Tea.jpg 960w\" sizes=\"(max-width: 300px) 100vw, 300px\" \/><\/a><\/p>\n<p style=\"text-align: justify;\">Tea Hofmann, prof. ro\u0111ena je 11. prosinca 1979. godine u Zagrebu, diplomirala na Filozofskom fakultetu u Zagrebu u rujnu 2004. godine i stekla zvanje profesora hrvatskog jezika i knji\u017eevnosti i slavistike.<\/p>\n<p style=\"text-align: justify;\">Stru\u010dni ispit polo\u017eila je 2006. godine.<\/p>\n<p style=\"text-align: justify;\">Tijekom studija bila je sudionik 36. seminara slovenskog jezika, knji\u017eevnosti i kulture u Ljubljani i Ljetnog seminara bugarskog jezika i kulture u Sofiji.<\/p>\n<p style=\"text-align: justify;\">Uz formalno obrazovanje, usavr\u0161ila je znanje engleskog i njema\u010dkog jezika, kako govorenog, tako i pisanog.<\/p>\n<p style=\"text-align: justify;\">Poha\u0111ala je \u0160kolu medijske kulture dr. Ante Peterli\u0107 tijekom kolovoza 2006. i 2007. godine u organizaciji Hrvatskog filmskog saveza, seminar Me\u0111unarodne suradnje u organizaciji Agencije za odgoj i obrazovanje tijekom lipnja 2008. godine u Dubrovniku, i dr.<\/p>\n<p style=\"text-align: justify;\">Od 2005. godine u Privatnoj umjetni\u010dkoj gimnaziji predaje hrvatski jezik i knji\u017eevnost, a od 2015. imenovana je za ravnateljicu.<\/p>\n<p style=\"text-align: justify;\">Sura\u0111ivala je s voditeljicom dr. sc. Rasimom Kaji\u0107 na istra\u017eivanju \u201ePrivatno \u0161kolstvo u Europskoj Uniji\u201c. Radila je i na provo\u0111enju raznih natjecanja u gimnaziji poput Lidrana, Europa u \u0161koli itd.<\/p>\n<p style=\"text-align: justify;\">Od 2006. do 2015. godine bila je koordinatorica za dr\u017eavnu maturu.<\/p>\n","protected":false},"excerpt":{"rendered":"<p>Tea Hofmann, prof. ro\u0111ena je 11. prosinca 1979. godine u Zagrebu, diplomirala na&#8230;<\/p>\n","protected":false},"author":1,"featured_media":0,"parent":4,"menu_order":0,"comment_status":"closed","ping_status":"closed","template":"","meta":{"ngg_post_thumbnail":0,"jetpack_post_was_ever_published":false,"footnotes":""},"class_list":["post-5588","page","type-page","status-publish","hentry"],"jetpack_sharing_enabled":true,"jetpack_shortlink":"https:\/\/wp.me\/P2cktY-1s8","_links":{"self":[{"href":"https:\/\/pug.hr\/gimnazija\/wp-json\/wp\/v2\/pages\/5588","targetHints":{"allow":["GET"]}}],"collection":[{"href":"https:\/\/pug.hr\/gimnazija\/wp-json\/wp\/v2\/pages"}],"about":[{"href":"https:\/\/pug.hr\/gimnazija\/wp-json\/wp\/v2\/types\/page"}],"author":[{"embeddable":true,"href":"https:\/\/pug.hr\/gimnazija\/wp-json\/wp\/v2\/users\/1"}],"replies":[{"embeddable":true,"href":"https:\/\/pug.hr\/gimnazija\/wp-json\/wp\/v2\/comments?post=5588"}],"version-history":[{"count":5,"href":"https:\/\/pug.hr\/gimnazija\/wp-json\/wp\/v2\/pages\/5588\/revisions"}],"predecessor-version":[{"id":6175,"href":"https:\/\/pug.hr\/gimnazija\/wp-json\/wp\/v2\/pages\/5588\/revisions\/6175"}],"up":[{"embeddable":true,"href":"https:\/\/pug.hr\/gimnazija\/wp-json\/wp\/v2\/pages\/4"}],"wp:attachment":[{"href":"https:\/\/pug.hr\/gimnazija\/wp-json\/wp\/v2\/media?parent=5588"}],"curies":[{"name":"wp","href":"https:\/\/api.w.org\/{rel}","templated":true}]}}