{"id":51,"date":"2012-02-08T07:11:42","date_gmt":"2012-02-08T06:11:42","guid":{"rendered":"http:\/\/www.pug.hr\/gimnazija\/?page_id=51"},"modified":"2025-10-10T13:50:39","modified_gmt":"2025-10-10T11:50:39","slug":"status","status":"publish","type":"page","link":"https:\/\/pug.hr\/gimnazija\/o-gimnaziji\/status\/","title":{"rendered":"Status i organizacija"},"content":{"rendered":"<p style=\"text-align: justify;\"><strong>Privatna umjetni\u010dka gimnazija<\/strong> temeljem Rje\u0161enja Ministarstva prosvjete i sporta Republike Hrvatske (Klasa: UP\/I-602-03\/01-01\/0074, Ur.broj: 532-02\/2-01-1, od 6.lipnja 2002.godine)&nbsp;<strong>osigurava stjecanje srednje \u0161kolske spreme<\/strong>&nbsp;koja omogu\u0107ava nastavak \u0161kolovanja.<\/p>\n<p style=\"text-align: justify;\">Gimnazija je izjedna\u010dena s dr\u017eavnim srednjim \u0161kolama, odnosno gimnazijama, \u0161to je sadr\u017eano u dodatku <strong>&#8220;s pravom javnosti&#8221;.<\/strong><\/p>\n<p style=\"text-align: justify;\">Nadzor nad radom \u0161kole obavlja Ministarstvo znanosti, obrazovanja i sporta Republike Hrvatske u skladu sa zakonom.<\/p>\n<p style=\"text-align: justify;\">Nastava u <strong>Privatnoj umjetni\u010dkoj gimnaziji<\/strong> je petodnevna i traje od 08:00 do 16:00 sati.<\/p>\n\n\n<figure class=\"wp-block-table\"><table class=\"has-fixed-layout\"><tbody><tr><td>Ravnateljica<\/td><td><a href=\"https:\/\/pug.hr\/gimnazija\/o-gimnaziji\/ravnateljica\/\" data-type=\"link\" data-id=\"https:\/\/pug.hr\/gimnazija\/o-gimnaziji\/ravnateljica\/\">Tea Hofmann, prof.<\/a><\/td><\/tr><tr><td>Upisni koordinator i CARNET administrator<\/td><td>Davor Kaji\u0107, dipl.oecc.<\/td><\/tr><tr><td>Koordinator dr\u017eavne mature<\/td><td>Marko Marinov, prof.<\/td><\/tr><tr><td><strong>Profesori<\/strong><\/td><td>(<a href=\"https:\/\/pug.hr\/gimnazija\/profesori\/\" data-type=\"link\" data-id=\"https:\/\/pug.hr\/gimnazija\/profesori\/\">VIDI POVEZNICU)<\/a><\/td><\/tr><tr><td>Stru\u010dni suradnik &#8211; psiholog<\/td><td>Luka \u0160tefani\u0107, univ. mag. psych. <\/td><\/tr><tr><td>Voditeljica administracije i ra\u010dunovodstva<\/td><td>Irena Kaji\u0107, dipl. oecc.<\/td><\/tr><tr><td><strong>ODR\u017dAVANJE:<\/strong><\/td><td><\/td><\/tr><tr><td>Sprema\u010dica<\/td><td>Jelena Kova\u010di\u0107<\/td><\/tr><tr><td>Sprema\u010dica<\/td><td>Anita Opa\u010dak<\/td><\/tr><\/tbody><\/table><\/figure>\n\n\n\n<figure class=\"wp-block-image size-full is-resized\"><a href=\"https:\/\/pug.hr\/gimnazija\/wp-content\/uploads\/2025\/10\/Snimka-zaslona-2025-10-10-132645.png\"><img loading=\"lazy\" decoding=\"async\" width=\"796\" height=\"424\" src=\"https:\/\/pug.hr\/gimnazija\/wp-content\/uploads\/2025\/10\/Snimka-zaslona-2025-10-10-132645.png\" alt=\"\" class=\"wp-image-9188\" style=\"width:600px\" srcset=\"https:\/\/pug.hr\/gimnazija\/wp-content\/uploads\/2025\/10\/Snimka-zaslona-2025-10-10-132645.png 796w, https:\/\/pug.hr\/gimnazija\/wp-content\/uploads\/2025\/10\/Snimka-zaslona-2025-10-10-132645-300x160.png 300w, https:\/\/pug.hr\/gimnazija\/wp-content\/uploads\/2025\/10\/Snimka-zaslona-2025-10-10-132645-768x409.png 768w, https:\/\/pug.hr\/gimnazija\/wp-content\/uploads\/2025\/10\/Snimka-zaslona-2025-10-10-132645-675x360.png 675w, https:\/\/pug.hr\/gimnazija\/wp-content\/uploads\/2025\/10\/Snimka-zaslona-2025-10-10-132645-360x192.png 360w\" sizes=\"auto, (max-width: 796px) 100vw, 796px\" \/><\/a><\/figure>\n\n\n\n<figure class=\"wp-block-embed is-type-wp-embed is-provider-embed wp-block-embed-embed\"><div class=\"wp-block-embed__wrapper\">\n<blockquote class=\"wp-embedded-content\" data-secret=\"isevviJci1\"><a href=\"https:\/\/pug.hr\/gimnazija\/opci-akti-privatne-umjetnicke-gimnazije\/\">Op\u0107i akti Privatne umjetni\u010dke gimnazije<\/a><\/blockquote><iframe loading=\"lazy\" class=\"wp-embedded-content\" sandbox=\"allow-scripts\" security=\"restricted\" style=\"position: absolute; visibility: hidden;\" title=\"&#8220;Op\u0107i akti Privatne umjetni\u010dke gimnazije&#8221; &#8212; \" src=\"https:\/\/pug.hr\/gimnazija\/opci-akti-privatne-umjetnicke-gimnazije\/embed\/#?secret=szV9jJvsbo#?secret=isevviJci1\" data-secret=\"isevviJci1\" width=\"500\" height=\"282\" frameborder=\"0\" marginwidth=\"0\" marginheight=\"0\" scrolling=\"no\"><\/iframe>\n<\/div><\/figure>\n\n\n\n<figure class=\"wp-block-embed is-type-wp-embed is-provider-embed wp-block-embed-embed\"><div class=\"wp-block-embed__wrapper\">\n<blockquote class=\"wp-embedded-content\" data-secret=\"BC4eOD7olI\"><a href=\"https:\/\/pug.hr\/gimnazija\/pristup-informacijama\/\">Pristup informacijama<\/a><\/blockquote><iframe loading=\"lazy\" class=\"wp-embedded-content\" sandbox=\"allow-scripts\" security=\"restricted\" style=\"position: absolute; visibility: hidden;\" title=\"&#8220;Pristup informacijama&#8221; &#8212; \" src=\"https:\/\/pug.hr\/gimnazija\/pristup-informacijama\/embed\/#?secret=WXSuppLRuA#?secret=BC4eOD7olI\" data-secret=\"BC4eOD7olI\" width=\"500\" height=\"282\" frameborder=\"0\" marginwidth=\"0\" marginheight=\"0\" scrolling=\"no\"><\/iframe>\n<\/div><\/figure>\n","protected":false},"excerpt":{"rendered":"<p>Privatna umjetni\u010dka gimnazija temeljem Rje\u0161enja Ministarstva prosvjete i sporta Republike Hrvatske (Klasa: UP\/I-602-03\/01-01\/0074,&#8230;<\/p>\n","protected":false},"author":1,"featured_media":0,"parent":4,"menu_order":0,"comment_status":"open","ping_status":"closed","template":"","meta":{"ngg_post_thumbnail":0,"jetpack_post_was_ever_published":false,"footnotes":""},"class_list":["post-51","page","type-page","status-publish","hentry"],"jetpack_sharing_enabled":true,"jetpack_shortlink":"https:\/\/wp.me\/P2cktY-P","_links":{"self":[{"href":"https:\/\/pug.hr\/gimnazija\/wp-json\/wp\/v2\/pages\/51","targetHints":{"allow":["GET"]}}],"collection":[{"href":"https:\/\/pug.hr\/gimnazija\/wp-json\/wp\/v2\/pages"}],"about":[{"href":"https:\/\/pug.hr\/gimnazija\/wp-json\/wp\/v2\/types\/page"}],"author":[{"embeddable":true,"href":"https:\/\/pug.hr\/gimnazija\/wp-json\/wp\/v2\/users\/1"}],"replies":[{"embeddable":true,"href":"https:\/\/pug.hr\/gimnazija\/wp-json\/wp\/v2\/comments?post=51"}],"version-history":[{"count":5,"href":"https:\/\/pug.hr\/gimnazija\/wp-json\/wp\/v2\/pages\/51\/revisions"}],"predecessor-version":[{"id":9194,"href":"https:\/\/pug.hr\/gimnazija\/wp-json\/wp\/v2\/pages\/51\/revisions\/9194"}],"up":[{"embeddable":true,"href":"https:\/\/pug.hr\/gimnazija\/wp-json\/wp\/v2\/pages\/4"}],"wp:attachment":[{"href":"https:\/\/pug.hr\/gimnazija\/wp-json\/wp\/v2\/media?parent=51"}],"curies":[{"name":"wp","href":"https:\/\/api.w.org\/{rel}","templated":true}]}}