{"id":5016,"date":"2016-05-10T07:47:05","date_gmt":"2016-05-10T05:47:05","guid":{"rendered":"http:\/\/www.pug.hr\/gimnazija\/?page_id=5016"},"modified":"2026-01-31T14:23:43","modified_gmt":"2026-01-31T13:23:43","slug":"pristup-informacijama","status":"publish","type":"page","link":"https:\/\/pug.hr\/gimnazija\/pristup-informacijama\/","title":{"rendered":"Pristup informacijama"},"content":{"rendered":"<p>Slijedom odluke ravnateljice Privatne umjetni\u010dke gimnazije od 29. sije\u010dnja 2014. slu\u017ebenik za informiranje PUG-a je Davor Kaji\u0107, dipl. oecc.<\/p>\n<p>kontakt podaci: 099 270 43 55,<\/p>\n<p>E-mail adresa: webmaster(at)pug.hr<\/p>\n<p style=\"text-align: center;\"><strong>Na\u010din osiguravanja prava na pristup informacijama<\/strong><\/p>\n<p>Pravo na pristup informacijama ostvaruje se na postupkom propisanim Zakonom o pravu na pristup informacijama zahtjevom i to:<\/p>\n<p style=\"padding-left: 60px;\">pisanim \u2013 na adresu \u0161kole<\/p>\n<p style=\"padding-left: 60px;\">pisanim \u2013 na e-mail \u0161kole<\/p>\n<p style=\"padding-left: 60px;\">usmenim \u2013 ravnatelju \u0161kole;<\/p>\n<p>Zahtjev mora sadr\u017eavati, sukladno Zakonu, osim naziva Privatne umjetni\u010dke gimnazije i njezine adrese, Tu\u0161kanac 77, te podataka koji se tra\u017ee, i ime i prezime te adresu podnositelja zahtjeva, te tvrtku odnosno naziv pravne osobe i njezino sjedi\u0161te. Zahtjevi bez tih elemenata smatraju nepotpunima.<\/p>\n<p>Podnositelj zahtjeva nije obvezan navesti razloge zbog kojih tra\u017ei pristup informacijama.<\/p>\n<p>Korisnici prava na pristup informacijama oslobo\u0111eni su od pla\u0107anja upravnih pristojbi sukladno \u010dlanku 19. Zakona o pravu na pristup informacijama, ali PUG ima pravo na naknadu stvarnih materijalnih tro\u0161kova.<\/p>\n<p>Odgovor na pisani ili usmeni zahtjev za pravo na pristup informacijama \u0160kola \u0107e proslijediti u zakonskom roku od 15 dana od dana podno\u0161enja urednog zahtjeva.<\/p>\n<p style=\"text-align: center;\"><strong>Poslovna tajna<\/strong><\/p>\n<p>Prema \u010dl. 132. Statuta Privatne umjetni\u010dke gimnazije poslovnom tajnom smatraju se osobito:<\/p>\n<p>&#8211;&nbsp;&nbsp;&nbsp;&nbsp;&nbsp;&nbsp;&nbsp; podatci sadr\u017eani u molbama, zahtjevima i prijedlozima gra\u0111ana i pravnih osoba upu\u0107enih Gimnaziji<br>&#8211;&nbsp;&nbsp;&nbsp;&nbsp;&nbsp;&nbsp;&nbsp; osobni podatci o u\u010denicima i radnicima Gimnazije<br>&#8211;&nbsp;&nbsp;&nbsp;&nbsp;&nbsp;&nbsp;&nbsp; podatci sadr\u017eani u prilozima uz molbe, \u017ealbe, zahtjeve i prijedloge<br>&#8211;&nbsp;&nbsp;&nbsp;&nbsp;&nbsp;&nbsp;&nbsp; podatci o poslovnim rezultatima<br>&#8211;&nbsp;&nbsp;&nbsp;&nbsp;&nbsp;&nbsp;&nbsp; podatci koji su kao poslovna tajna odre\u0111eni zakonom i drugim propisima ili koje kao takve odredi ravnatelj.<\/p>\n<p>Prema \u010dl. 133. Statuta Privatne umjetni\u010dke gimnazije podatke i isprave koje se smatraju poslovnom tajnom du\u017eni su \u010duvati svi radnici bez obzira na na\u010din na koji su saznali za te podatke i isprave. Obveza \u010duvanja poslovne tajne obvezuje radnike i nakon prestanka rada u \u0160koli. Obveza \u010duvanja poslovne tajne ne odnosi se na davanje podataka u sudskom i upravnom postupku.<\/p>\n<p><a href=\"https:\/\/pug.hr\/gimnazija\/wp-content\/uploads\/2016\/05\/Obrazac-2-Zahtjev-za-pristup-informacijama.doc\">Zahtjev za pristup informacijama<\/a><\/p>\n<p><a href=\"https:\/\/pug.hr\/gimnazija\/wp-content\/uploads\/2016\/05\/Obrazac-3-Zahtjev-za-dopunu-ili-ispravak-informacije.doc\">Zahtjev za dopunu ili ispravak informacije<\/a><\/p>\n<p><a href=\"https:\/\/pug.hr\/gimnazija\/wp-content\/uploads\/2016\/05\/Obrazac-4-Zahtjev-za-ponovnu-uporabu-infor.doc\">Zahtjev za ponovnu uporabu informacije<\/a><\/p>\n<p>&nbsp;<\/p>\n<p>U skladu s odredbama Zakona o pravu na pristup informacijama, kao i Kriterijima za odre\u0111ivanje visine naknade stvarnih materijalnih tro\u0161kova i tro\u0161kova dostave informacije, tijelo javne vlasti ima pravo na naknadu stvarnih tro\u0161kova koji nastanu pru\u017eanjem informacije prema Zakonu o pravu na pristup informacijama. Visina naknade definirana je u Kriterijima.<\/p>\n<ul>\n<li>Kriteriji za odre\u0111ivanje visine naknade stvarnih materijalnih tro\u0161kova i tro\u0161kova dostave informacije (\u201cNarodne novine\u201d, br.&nbsp;<a href=\"https:\/\/narodne-novine.nn.hr\/clanci\/sluzbeni\/2014_01_12_231.html\" target=\"_blank\" rel=\"noopener noreferrer\">12\/14<\/a>)<\/li>\n<li>Ispravak kriterija za odre\u0111ivanje visine naknade stvarnih materijalnih tro\u0161kova i tro\u0161kova dostave informacije (\u201cNarodne novine\u201d, br.&nbsp;<a href=\"https:\/\/narodne-novine.nn.hr\/clanci\/sluzbeni\/2014_02_15_316.html\" target=\"_blank\" rel=\"noopener noreferrer\">15\/14<\/a>)<\/li>\n<li>Izmjene kriterija za odre\u0111ivanje visine naknade stvarnih materijalnih tro\u0161kova i tro\u0161kova dostave informacije (\u201cNarodne novine\u201d, br.&nbsp;<a href=\"https:\/\/narodne-novine.nn.hr\/clanci\/sluzbeni\/2022_12_141_2149.html\">141\/22<\/a>)<\/li>\n<\/ul>\n<p>&nbsp;<\/p>\n<p><a href=\"https:\/\/pug.hr\/gimnazija\/wp-content\/uploads\/2026\/01\/Godisnje_izvjesce-2025.pdf\" target=\"_blank\" rel=\"noopener\">Izvje\u0161\u0107e o provedbi Zakona o pravu na pristup informacijama za 2025. godinu&nbsp;<\/a><\/p>\n\n\n<p><\/p>\n","protected":false},"excerpt":{"rendered":"<p>Slijedom odluke ravnateljice Privatne umjetni\u010dke gimnazije od 29. sije\u010dnja 2014. slu\u017ebenik za informiranje&#8230;<\/p>\n","protected":false},"author":1,"featured_media":0,"parent":0,"menu_order":0,"comment_status":"closed","ping_status":"closed","template":"","meta":{"ngg_post_thumbnail":0,"jetpack_post_was_ever_published":false,"footnotes":""},"class_list":["post-5016","page","type-page","status-publish","hentry"],"jetpack_sharing_enabled":true,"jetpack_shortlink":"https:\/\/wp.me\/P2cktY-1iU","_links":{"self":[{"href":"https:\/\/pug.hr\/gimnazija\/wp-json\/wp\/v2\/pages\/5016","targetHints":{"allow":["GET"]}}],"collection":[{"href":"https:\/\/pug.hr\/gimnazija\/wp-json\/wp\/v2\/pages"}],"about":[{"href":"https:\/\/pug.hr\/gimnazija\/wp-json\/wp\/v2\/types\/page"}],"author":[{"embeddable":true,"href":"https:\/\/pug.hr\/gimnazija\/wp-json\/wp\/v2\/users\/1"}],"replies":[{"embeddable":true,"href":"https:\/\/pug.hr\/gimnazija\/wp-json\/wp\/v2\/comments?post=5016"}],"version-history":[{"count":5,"href":"https:\/\/pug.hr\/gimnazija\/wp-json\/wp\/v2\/pages\/5016\/revisions"}],"predecessor-version":[{"id":9758,"href":"https:\/\/pug.hr\/gimnazija\/wp-json\/wp\/v2\/pages\/5016\/revisions\/9758"}],"wp:attachment":[{"href":"https:\/\/pug.hr\/gimnazija\/wp-json\/wp\/v2\/media?parent=5016"}],"curies":[{"name":"wp","href":"https:\/\/api.w.org\/{rel}","templated":true}]}}