{"id":4916,"date":"2016-03-29T11:51:16","date_gmt":"2016-03-29T09:51:16","guid":{"rendered":"http:\/\/www.pug.hr\/gimnazija\/?page_id=4916"},"modified":"2016-03-29T14:14:53","modified_gmt":"2016-03-29T12:14:53","slug":"filmski-susret-u-pug-u","status":"publish","type":"page","link":"https:\/\/pug.hr\/gimnazija\/filmski-susret-u-pug-u\/","title":{"rendered":"Filmski susret u PUG-u"},"content":{"rendered":"<p style=\"text-align: center;\">Obavijest svima zainteresiranima!<\/p>\n<p>Privatna umjetni\u010dka gimnazija s pravom javnosti iz Zagreba (PUG) poziva u na\u0161e \u0161kolske prostore u Gunduli\u0107evoj 55 sve zainteresirane za nastavu filma i film u nastavi na \u201eFilmski susret u PUG-u\u201c<\/p>\n<p><a href=\"http:\/\/www.pug.hr\/gimnazija\/wp-content\/uploads\/2016\/03\/Filmski-susret.jpg\" rel=\"attachment wp-att-4919\"><img loading=\"lazy\" decoding=\"async\" class=\"alignleft wp-image-4919\" src=\"http:\/\/www.pug.hr\/gimnazija\/wp-content\/uploads\/2016\/03\/Filmski-susret.jpg\" alt=\"Filmski susret\" width=\"600\" height=\"408\" srcset=\"https:\/\/pug.hr\/gimnazija\/wp-content\/uploads\/2016\/03\/Filmski-susret.jpg 886w, https:\/\/pug.hr\/gimnazija\/wp-content\/uploads\/2016\/03\/Filmski-susret-300x204.jpg 300w, https:\/\/pug.hr\/gimnazija\/wp-content\/uploads\/2016\/03\/Filmski-susret-768x522.jpg 768w\" sizes=\"auto, (max-width: 600px) 100vw, 600px\" \/><\/a><\/p>\n<p>Dana 5. travnja 2016. od 12:30 predstavit \u0107emo nastavu filmske umjetnosti i uporabu filma u nastavi na modelima koje primjenjujemo u PUG-u, kao, koliko je nama poznato, jedinoj gimnaziji u Hrvatskoj koja ima nastavu Filmske umjetnosti u svom obveznom programu.<\/p>\n<p>Pripremili smo sljede\u0107a \u010detiri predavanja:<\/p>\n<ol>\n<li><strong>Nastava filmske umjetnosti u PUG-u<\/strong> &#8211; Predava\u010dica: dr.sc. Rasima Kaji\u0107, osniva\u010dica Gimnazije<\/li>\n<li><strong>Film kao metodi\u010dki instrumentarij<\/strong> \u2013 Predava\u010di: ravnateljica Tea Hofmann, prof. (Hrvatski jezik) i profesori PUG-a: Ana Petrovi\u0107, prof. (Matematika), Romina Makoter, prof. (Likovna umjetnost) i Bojan Prosenjak, prof. (Engleski jezik)<\/li>\n<li><strong>Filmska radionica u PUG-u<\/strong> \u2013 model organizacije i prikaz rada \u2013 Predava\u010di: ravnateljica Tea Hofmann, prof. i Goran Ribari\u0107, mag.art. &#8211; voditelj radionice<\/li>\n<li><strong>Promocija hrvatskog filma \u2013 projekt \u201eFilm za 5!\u201c<\/strong> \u2013 Predava\u010d: Davor Kaji\u0107, dipl.oecc. predsjednik \u0161kolskog odbora<\/li>\n<\/ol>\n<p>Ako ste zainteresirani za sudjelovanje na ovom filmskom susretu, molimo Vas, po\u0161aljite\u00a0poruku\u00a0na <a href=\"mailto:webmaster@pug.hr\">webmaster@pug.hr<\/a>, ili se prijavite preko <a href=\"https:\/\/www.facebook.com\/events\/1688406554746515\/\">Facebook stranice ovog\u00a0doga\u0111anja<\/a>&#8211; \u00a0jer je broj mjesta, na\u017ealost, ograni\u010den.<\/p>\n<p>Vidimo se u PUG-u!<\/p>\n","protected":false},"excerpt":{"rendered":"<p>Obavijest svima zainteresiranima! Privatna umjetni\u010dka gimnazija s pravom javnosti iz Zagreba (PUG) poziva&#8230;<\/p>\n","protected":false},"author":1,"featured_media":4919,"parent":0,"menu_order":0,"comment_status":"closed","ping_status":"closed","template":"","meta":{"ngg_post_thumbnail":0,"jetpack_post_was_ever_published":false,"footnotes":""},"class_list":["post-4916","page","type-page","status-publish","has-post-thumbnail","hentry"],"jetpack_sharing_enabled":true,"jetpack_shortlink":"https:\/\/wp.me\/P2cktY-1hi","_links":{"self":[{"href":"https:\/\/pug.hr\/gimnazija\/wp-json\/wp\/v2\/pages\/4916","targetHints":{"allow":["GET"]}}],"collection":[{"href":"https:\/\/pug.hr\/gimnazija\/wp-json\/wp\/v2\/pages"}],"about":[{"href":"https:\/\/pug.hr\/gimnazija\/wp-json\/wp\/v2\/types\/page"}],"author":[{"embeddable":true,"href":"https:\/\/pug.hr\/gimnazija\/wp-json\/wp\/v2\/users\/1"}],"replies":[{"embeddable":true,"href":"https:\/\/pug.hr\/gimnazija\/wp-json\/wp\/v2\/comments?post=4916"}],"version-history":[{"count":5,"href":"https:\/\/pug.hr\/gimnazija\/wp-json\/wp\/v2\/pages\/4916\/revisions"}],"predecessor-version":[{"id":4924,"href":"https:\/\/pug.hr\/gimnazija\/wp-json\/wp\/v2\/pages\/4916\/revisions\/4924"}],"wp:featuredmedia":[{"embeddable":true,"href":"https:\/\/pug.hr\/gimnazija\/wp-json\/wp\/v2\/media\/4919"}],"wp:attachment":[{"href":"https:\/\/pug.hr\/gimnazija\/wp-json\/wp\/v2\/media?parent=4916"}],"curies":[{"name":"wp","href":"https:\/\/api.w.org\/{rel}","templated":true}]}}