{"id":490,"date":"2012-03-04T12:50:42","date_gmt":"2012-03-04T11:50:42","guid":{"rendered":"http:\/\/www.pug.hr\/gimnazija\/?page_id=490"},"modified":"2012-03-11T01:03:27","modified_gmt":"2012-03-11T00:03:27","slug":"marketing-kulture","status":"publish","type":"page","link":"https:\/\/pug.hr\/gimnazija\/nastava\/nastavni-programi\/marketing-kulture\/","title":{"rendered":"Marketing kulture"},"content":{"rendered":"<p>&#8220;<strong>Marketing kulture<\/strong>&#8221; nastavni je program koji obuhva\u0107a teorijske elemente klasi\u010dnog i suvremenog marketinga te prakti\u010dne elemente kori\u0161tenja &#8220;alata&#8221; marketinga za afirmaciju kulture i umjetnosti.<\/p>\n<p>Cilj je programa pru\u017eiti u\u010denicima osnovna znanja iz podru\u010dja marketinga i mogu\u0107nosti njegova kori\u0161tenja u kulturi i umjetnosti, kao i savladavanje vje\u0161tina potrebnih za uspje\u0161nu realizaciju razli\u010ditih kulturnih i umjetni\u010dkih pothvata. U \u0161irem smislu, ciljevi su tog programa pomo\u0107i kulturnoj i umjetni\u010dkoj zajednici u stvaranju obrazovanih kadrova koji bi uz svoje umjetni\u010dke aspekte djelovanja suvereno vladali i principima upravljanja i marketinga u podru\u010dju svoga rada. Time bi uspje\u0161no pridonosili razvoju kulturne scene i njezinog doprinosa razvoju dru\u0161tva u cjelini.<\/p>\n<p><strong>Svrha nastave &#8220;Marketing kulture&#8221; posti\u017ee se ostvarivanjem sljede\u0107ih zada\u0107a:<\/strong><\/p>\n<p>&#8211; pru\u017eiti znanja iz osnova marketinga,<br \/>\n&#8211; pru\u017eiti znanja o kori\u0161tenju marketinga u kulturnim i umjetni\u010dkim organizacijama,<br \/>\n&#8211; razvijati vje\u0161tine usmene i pismene komunikacije i prezentacije umjetni\u010dkih i kulturnih projekata,<br \/>\n&#8211; razvijati samostalnost u rje\u0161avanju zadataka i projekata,<br \/>\n&#8211; razvijati analiti\u010dko i kriti\u010dko razmi\u0161ljanje o upotrebi marketinga,<br \/>\n&#8211; razvijati kreativnost u podru\u010dju stvaranja i uporabe marketin\u0161kih &#8220;alata&#8221;,<br \/>\n&#8211; razvijati istra\u017eiva\u010dke vje\u0161tine,<br \/>\n&#8211; razvijati sposobnosti timskog rada na kulturnim i umjetni\u010dkim projektima,<br \/>\n&#8211; razvijati prakti\u010dne vje\u0161tine u rje\u0161avanju marketin\u0161kih problema kulture i umjetnosti.<\/p>\n","protected":false},"excerpt":{"rendered":"<p>&#8220;Marketing kulture&#8221; nastavni je program koji obuhva\u0107a teorijske elemente klasi\u010dnog i suvremenog marketinga&#8230;<\/p>\n","protected":false},"author":2,"featured_media":0,"parent":42,"menu_order":0,"comment_status":"open","ping_status":"open","template":"","meta":{"ngg_post_thumbnail":0,"jetpack_post_was_ever_published":false,"footnotes":""},"class_list":["post-490","page","type-page","status-publish","hentry"],"jetpack_sharing_enabled":true,"jetpack_shortlink":"https:\/\/wp.me\/P2cktY-7U","_links":{"self":[{"href":"https:\/\/pug.hr\/gimnazija\/wp-json\/wp\/v2\/pages\/490","targetHints":{"allow":["GET"]}}],"collection":[{"href":"https:\/\/pug.hr\/gimnazija\/wp-json\/wp\/v2\/pages"}],"about":[{"href":"https:\/\/pug.hr\/gimnazija\/wp-json\/wp\/v2\/types\/page"}],"author":[{"embeddable":true,"href":"https:\/\/pug.hr\/gimnazija\/wp-json\/wp\/v2\/users\/2"}],"replies":[{"embeddable":true,"href":"https:\/\/pug.hr\/gimnazija\/wp-json\/wp\/v2\/comments?post=490"}],"version-history":[{"count":6,"href":"https:\/\/pug.hr\/gimnazija\/wp-json\/wp\/v2\/pages\/490\/revisions"}],"predecessor-version":[{"id":493,"href":"https:\/\/pug.hr\/gimnazija\/wp-json\/wp\/v2\/pages\/490\/revisions\/493"}],"up":[{"embeddable":true,"href":"https:\/\/pug.hr\/gimnazija\/wp-json\/wp\/v2\/pages\/42"}],"wp:attachment":[{"href":"https:\/\/pug.hr\/gimnazija\/wp-json\/wp\/v2\/media?parent=490"}],"curies":[{"name":"wp","href":"https:\/\/api.w.org\/{rel}","templated":true}]}}