{"id":4899,"date":"2016-03-18T00:50:36","date_gmt":"2016-03-17T23:50:36","guid":{"rendered":"http:\/\/www.pug.hr\/gimnazija\/?page_id=4899"},"modified":"2019-05-12T09:57:43","modified_gmt":"2019-05-12T07:57:43","slug":"slika-za-5","status":"publish","type":"page","link":"https:\/\/pug.hr\/gimnazija\/natjecaji-pug-a\/slika-za-5\/","title":{"rendered":"Slika za 5!"},"content":{"rendered":"<p style=\"text-align: center;\"><strong>Natje\u010daj za najbolji u\u010deni\u010dki vizualni rad<\/strong><\/p>\n<p style=\"text-align: center;\"><strong>PROPOZICIJE NATJE\u010cAJA<\/strong><\/p>\n<p style=\"text-align: center;\">Privatna umjetni\u010dka gimnazija s pravom javnosti raspisuje<\/p>\n<p style=\"text-align: center;\"><strong>NATJE\u010cAJ<\/strong><\/p>\n<p style=\"text-align: center;\"><strong>za nagradu \u201eSlika za 5!\u201c<\/strong><\/p>\n<p style=\"text-align: center;\"><strong>za najbolji u\u010deni\u010dki u\u010deni\u010dki vizualni rad<\/strong><\/p>\n<p><a href=\"http:\/\/www.pug.hr\/gimnazija\/wp-content\/uploads\/2016\/03\/Slikaza5-001-Large.jpg\" rel=\"attachment wp-att-4902\"><img loading=\"lazy\" decoding=\"async\" class=\"wp-image-4902 size-medium alignleft\" src=\"http:\/\/www.pug.hr\/gimnazija\/wp-content\/uploads\/2016\/03\/Slikaza5-001-Large-211x300.jpg\" alt=\"Slikaza5-001 (Large)\" width=\"211\" height=\"300\" srcset=\"https:\/\/pug.hr\/gimnazija\/wp-content\/uploads\/2016\/03\/Slikaza5-001-Large-211x300.jpg 211w, https:\/\/pug.hr\/gimnazija\/wp-content\/uploads\/2016\/03\/Slikaza5-001-Large-722x1024.jpg 722w, https:\/\/pug.hr\/gimnazija\/wp-content\/uploads\/2016\/03\/Slikaza5-001-Large.jpg 761w\" sizes=\"auto, (max-width: 211px) 100vw, 211px\" \/><\/a><\/p>\n<ol>\n<li><strong>Privatna umjetni\u010dka gimnazija<\/strong> s pravom javnosti (PUG) dodjeljuje nagradu za najbolji vlastiti, novi, originalni i neobjavljeni vizualni rad koji je izradio u\u010denik <strong>osmog razreda osnovne \u0161kole<\/strong>.<\/li>\n<\/ol>\n<ol start=\"2\">\n<li>Vizualni rad mo\u017ee biti:<\/li>\n<\/ol>\n<p style=\"text-align: center;\">slika (sve tehnike)<\/p>\n<p style=\"text-align: center;\">fotografija<\/p>\n<p style=\"text-align: center;\">skultpura (sve tehnike)<\/p>\n<p style=\"text-align: center;\">instalacija (sve tehnike)<\/p>\n<p style=\"text-align: center;\">fotografija ili niz fotografija vlastite skulpture ili instalacije koju zbog dimenzija i\/ili osjetljivosti nije mogu\u0107e dostavljati po\u0161tom<\/p>\n<ol start=\"3\">\n<li>Sudionici natje\u010daja obvezuju se ustupiti PUG-u autorska prava na mogu\u0107u reprodukciju vizualnog rada u katalozima, monografijama, internetskim stranicama i drugim mre\u017enim mjestima &#8211; na trajno kori\u0161tenje bez daljnje naknade, kao i izlaganje vizualnog rada na prigodnim izlo\u017ebama i manifestacijama.<\/li>\n<\/ol>\n<ol start=\"4\">\n<li>Broj radova koje mo\u017ee podnijeti jedan autor ograni\u010den je na tri.<\/li>\n<\/ol>\n<ol start=\"5\">\n<li>Autor rada <strong>mora biti redovan u\u010denik osmog razreda osnovne \u0161kole u \u0161kolskoj godini 2018.-2019<\/strong>.<\/li>\n<\/ol>\n<ol start=\"6\">\n<li>Autor najboljega vizualnog rada dobit \u0107e kao nagradu \u010detverogodi\u0161nju stipendiju za poha\u0111anje<br \/>\nsmjera Umjetni\u010dka gimnazija u PUG-u, s po\u010detkom u \u0161kolskoj godini 2019.-2020. Stipendija \u0107e pokriti polovinu iznosa \u0161kolarine za to \u010detverogodi\u0161nje razdoblje.<\/li>\n<\/ol>\n<ol start=\"7\">\n<li>Nagrada se mo\u017ee koristiti isklju\u010divo kao namirenje dijela \u0161kolarine i ne mo\u017ee se isplatiti u nov\u010danoj protuvrijednosti.<\/li>\n<\/ol>\n<ol start=\"8\">\n<li>Ako autor najboljeg vizualnog rada ne \u017eeli iskoristiti nagradu, mo\u017ee je se odre\u0107i i tada \u0107e se nagrada dodijeliti autoru drugoplasiranog rada ili se ne\u0107e uop\u0107e dodijeliti.<\/li>\n<\/ol>\n<ol start=\"9\">\n<li>Prema odluci \u017eirija, mogu se dodijeliti nagrade i drugim vizualnim radovima, a mogu\u0107e je i da se glavna nagrada uop\u0107e ne dodijeli ako \u010dlanovi \u017eirija ustanove da ni jedan od prispjelih radova ne zadovoljava kriterije.<\/li>\n<\/ol>\n<ol start=\"10\">\n<li>Radovi poslani na natje\u010daj ne vra\u0107aju se.<\/li>\n<\/ol>\n<ol start=\"11\">\n<li>Radove treba poslati na adresu:<\/li>\n<\/ol>\n<p style=\"padding-left: 120px;\"><strong>Privatna umjetni\u010dka gimnazija s pravom javnosti<\/strong><\/p>\n<p style=\"padding-left: 120px;\">Tu\u0161kanac 77<\/p>\n<p style=\"padding-left: 120px;\">10000 Zagreb<\/p>\n<p style=\"padding-left: 240px;\">s naznakom:\u00a0<strong><em>\u201eZa natje\u010daj za <\/em><\/strong><strong>Slika za 5!<\/strong><strong><em>\u201c<\/em><\/strong><\/p>\n<p>Uz rad obvezatno treba dostaviti ime i prezime autora, osnovnu \u0161kolu koju poha\u0111a, telefon, adresu, e-mail i OIB.<\/p>\n<p style=\"text-align: center;\"><strong>Rok za prijavu: 31. svibnja 2019.<\/strong><\/p>\n<ol start=\"12\">\n<li>Rezultati natje\u010daja bit \u0107e objavljeni u prvoj polovici lipnja 2019. godine.<\/li>\n<\/ol>\n","protected":false},"excerpt":{"rendered":"<p>Natje\u010daj za najbolji u\u010deni\u010dki vizualni rad PROPOZICIJE NATJE\u010cAJA Privatna umjetni\u010dka gimnazija s pravom&#8230;<\/p>\n","protected":false},"author":1,"featured_media":0,"parent":4891,"menu_order":0,"comment_status":"closed","ping_status":"closed","template":"","meta":{"ngg_post_thumbnail":0,"jetpack_post_was_ever_published":false,"footnotes":""},"class_list":["post-4899","page","type-page","status-publish","hentry"],"jetpack_sharing_enabled":true,"jetpack_shortlink":"https:\/\/wp.me\/P2cktY-1h1","_links":{"self":[{"href":"https:\/\/pug.hr\/gimnazija\/wp-json\/wp\/v2\/pages\/4899","targetHints":{"allow":["GET"]}}],"collection":[{"href":"https:\/\/pug.hr\/gimnazija\/wp-json\/wp\/v2\/pages"}],"about":[{"href":"https:\/\/pug.hr\/gimnazija\/wp-json\/wp\/v2\/types\/page"}],"author":[{"embeddable":true,"href":"https:\/\/pug.hr\/gimnazija\/wp-json\/wp\/v2\/users\/1"}],"replies":[{"embeddable":true,"href":"https:\/\/pug.hr\/gimnazija\/wp-json\/wp\/v2\/comments?post=4899"}],"version-history":[{"count":4,"href":"https:\/\/pug.hr\/gimnazija\/wp-json\/wp\/v2\/pages\/4899\/revisions"}],"predecessor-version":[{"id":7476,"href":"https:\/\/pug.hr\/gimnazija\/wp-json\/wp\/v2\/pages\/4899\/revisions\/7476"}],"up":[{"embeddable":true,"href":"https:\/\/pug.hr\/gimnazija\/wp-json\/wp\/v2\/pages\/4891"}],"wp:attachment":[{"href":"https:\/\/pug.hr\/gimnazija\/wp-json\/wp\/v2\/media?parent=4899"}],"curies":[{"name":"wp","href":"https:\/\/api.w.org\/{rel}","templated":true}]}}