{"id":4898,"date":"2016-03-18T00:40:09","date_gmt":"2016-03-17T23:40:09","guid":{"rendered":"http:\/\/www.pug.hr\/gimnazija\/?page_id=4898"},"modified":"2019-05-12T10:04:05","modified_gmt":"2019-05-12T08:04:05","slug":"tekst-za-5","status":"publish","type":"page","link":"https:\/\/pug.hr\/gimnazija\/natjecaji-pug-a\/tekst-za-5\/","title":{"rendered":"Tekst za 5!"},"content":{"rendered":"<p style=\"text-align: center;\"><strong>Natje\u010daj za najbolji u\u010deni\u010dki literarni rad na hrvatskom ili engleskom jeziku<\/strong><\/p>\n<p style=\"text-align: center;\"><strong>PROPOZICIJE NATJE\u010cAJA<\/strong><\/p>\n<p style=\"text-align: center;\">Privatna umjetni\u010dka gimnazija s pravom javnosti raspisuje<\/p>\n<p style=\"text-align: center;\"><strong>NATJE\u010cAJ<\/strong><\/p>\n<p style=\"text-align: center;\"><strong>za nagradu \u201eTekst za 5!\u201c<\/strong><\/p>\n<p style=\"text-align: center;\"><strong>za najbolji u\u010deni\u010dki literarni rad na <span style=\"color: #ff0000;\">hrvatskom<\/span> ili <span style=\"color: #ff0000;\">engleskom<\/span> jeziku<\/strong><\/p>\n<p style=\"text-align: justify;\"><a href=\"http:\/\/www.pug.hr\/gimnazija\/wp-content\/uploads\/2016\/03\/Tekstza5-001-Large.jpg\" rel=\"attachment wp-att-4900\"><img loading=\"lazy\" decoding=\"async\" class=\"alignleft wp-image-4900 size-medium\" src=\"http:\/\/www.pug.hr\/gimnazija\/wp-content\/uploads\/2016\/03\/Tekstza5-001-Large-211x300.jpg\" alt=\"Tekstza5-001 (Large)\" width=\"211\" height=\"300\" srcset=\"https:\/\/pug.hr\/gimnazija\/wp-content\/uploads\/2016\/03\/Tekstza5-001-Large-211x300.jpg 211w, https:\/\/pug.hr\/gimnazija\/wp-content\/uploads\/2016\/03\/Tekstza5-001-Large-722x1024.jpg 722w, https:\/\/pug.hr\/gimnazija\/wp-content\/uploads\/2016\/03\/Tekstza5-001-Large.jpg 761w\" sizes=\"auto, (max-width: 211px) 100vw, 211px\" \/><\/a>1. Privatna umjetni\u010dka gimnazija s pravom javnosti (PUG) dodjeljuje literarnu nagradu za najbolji\u00a0vlastiti, novi, originalni i neobjavljeni literarni rad koji je izradio u\u010denik osmog razreda osnovne\u00a0\u0161kole.<\/p>\n<p style=\"padding-left: 30px; text-align: justify;\">Literarna nagrada bit \u0107e dodijeljena u dvije kategorije:<\/p>\n<p style=\"padding-left: 120px; text-align: justify;\">a.) Literarni rad na <strong>hrvatskom<\/strong> jeziku<\/p>\n<p style=\"padding-left: 120px; text-align: justify;\">b.) Literarni rad na <strong>engleskom<\/strong> jeziku<\/p>\n<p style=\"text-align: justify;\">2. Literarni rad mo\u017ee biti bilo koje knji\u017eevne vrste i ne smije biti du\u017ei od 10 kartica (1 kartica = 1500\u00a0znakova s razmacima). Mogu\u0107e je da se radovi ve\u0107eg opsega ne\u0107e razmatrati.<\/p>\n<p style=\"text-align: justify;\">3. Rukopis predan na natje\u010daj, kao ni jedan dio predanog rukopisa, ne smije biti objavljen prije ili\u00a0za vrijeme natje\u010daja u bilo kojem obliku, odnosno na bilo kojem mediju. Nagra\u0111eni autor\u00a0obvezuje se ustupiti sva autorska prava, a posebno prava na mogu\u0107e objavljivanje literarnog\u00a0rada, Privatnoj umjetni\u010dkoj gimnaziji na trajno kori\u0161tenje bez daljnje naknade, kao i pravo\u00a0prevo\u0111enja na strane jezike u Republici Hrvatskoj i inozemstvu. Ustupanje prava odnosi se na\u00a0tiskanu i elektroni\u010dku verziju rada.<\/p>\n<p style=\"text-align: justify;\">4. Broj radova koje mo\u017ee podnijeti jedan autor ograni\u010den je na tri.<\/p>\n<p style=\"text-align: justify;\">5. Autor rada <strong>mora biti redovan u\u010denik osmog razreda osnovne \u0161kole u \u0161kolskoj godini 2018.-2019.<\/strong><\/p>\n<p style=\"text-align: justify;\">6. Autor najboljega literarnog rada u svakoj od kategorija dobit \u0107e kao nagradu \u010detverogodi\u0161nju\u00a0stipendiju za poha\u0111anje smjera Umjetni\u010dka gimnazija u PUG-u, s po\u010detkom u \u0161kolskoj godini\u00a02019.-2020. Stipendija \u0107e pokriti polovinu iznosa \u0161kolarine za to \u010detverogodi\u0161nje razdoblje.<\/p>\n<p style=\"text-align: justify;\">7. Nagrada se mo\u017ee koristiti isklju\u010divo kao namirenje dijela \u0161kolarine i ne mo\u017ee se isplatiti u nov\u010danoj protuvrijednosti.<\/p>\n<p style=\"text-align: justify;\">8. Ako autor najboljega literarnog rada u bilo kojoj kategoriji ne \u017eeli iskoristiti nagradu, mo\u017ee je se odre\u0107i i tada \u0107e se nagrada dodijeliti autoru drugoplasiranog rada ili se ne\u0107e uop\u0107e dodijeliti.<\/p>\n<p style=\"text-align: justify;\">9. Sudjelovanjem na ovom natje\u010daju sudionici dopu\u0161taju da se njihov rad objavi na internetskim stranicama PUG-a kao i Facebook stranici i drugim PUG-ovim mre\u017enim mjestima, te da ga se uprizori ili na drugi na\u010din predstavi publici na ceremoniji javne dodjele nagrade.<\/p>\n<p style=\"text-align: justify;\">10. Prema odluci \u017eirija, mogu se dodijeliti nagrade i drugim literarnim radovima, a mogu\u0107e je i da se glavna nagrada uop\u0107e ne dodijeli ako \u010dlanovi \u017eirija ustanove da ni jedan od prispjelih radova ne zadovoljava literarne kriterije.<\/p>\n<p style=\"text-align: justify;\">11. Radovi poslani na natje\u010daj ne vra\u0107aju se.<\/p>\n<p style=\"text-align: justify;\">12. Radove treba poslati na adresu:<\/p>\n<p style=\"text-align: justify; padding-left: 60px;\"><strong>Privatna umjetni\u010dka gimnazija s pravom javnosti<\/strong><br \/>\nTu\u0161kanac 77<br \/>\n10000 Zagreb<\/p>\n<p style=\"text-align: justify; padding-left: 120px;\">s naznakom: &#8211; <strong>\u201eZa natje\u010daj Tekst za 5!\u201c<\/strong><\/p>\n<p style=\"text-align: justify;\">Rukopisi bi trebali biti napisani na ra\u010dunalu, s dvostrukim proredom, fontom Times New Roman\u00a0veli\u010dine 12 (ili sli\u010dno \u010ditkim fontom), na bijelom papiru formata A4. Rukopisi moraju biti dostavljeni u\u00a0dva primjerka. Rukopis je obvezatno dostaviti i elektronski e-mailom na adresu webmaster(at)pug.hr.<\/p>\n<p style=\"text-align: justify;\">Na rukopisu treba pisati ime i prezime autora, osnovna \u0161kola koju poha\u0111a, telefon, adresa, e-mail i OIB.<\/p>\n<p style=\"text-align: center;\">Rok za prijavu:<strong> do 31. svibnja 2019.<\/strong><\/p>\n<p style=\"text-align: justify;\">13. Rezultati natje\u010daja bit \u0107e objavljeni u prvoj polovici lipnja 2019. godine.<\/p>\n","protected":false},"excerpt":{"rendered":"<p>Natje\u010daj za najbolji u\u010deni\u010dki literarni rad na hrvatskom ili engleskom jeziku PROPOZICIJE NATJE\u010cAJA&#8230;<\/p>\n","protected":false},"author":1,"featured_media":0,"parent":4891,"menu_order":0,"comment_status":"closed","ping_status":"closed","template":"","meta":{"ngg_post_thumbnail":0,"jetpack_post_was_ever_published":false,"footnotes":""},"class_list":["post-4898","page","type-page","status-publish","hentry"],"jetpack_sharing_enabled":true,"jetpack_shortlink":"https:\/\/wp.me\/P2cktY-1h0","_links":{"self":[{"href":"https:\/\/pug.hr\/gimnazija\/wp-json\/wp\/v2\/pages\/4898","targetHints":{"allow":["GET"]}}],"collection":[{"href":"https:\/\/pug.hr\/gimnazija\/wp-json\/wp\/v2\/pages"}],"about":[{"href":"https:\/\/pug.hr\/gimnazija\/wp-json\/wp\/v2\/types\/page"}],"author":[{"embeddable":true,"href":"https:\/\/pug.hr\/gimnazija\/wp-json\/wp\/v2\/users\/1"}],"replies":[{"embeddable":true,"href":"https:\/\/pug.hr\/gimnazija\/wp-json\/wp\/v2\/comments?post=4898"}],"version-history":[{"count":5,"href":"https:\/\/pug.hr\/gimnazija\/wp-json\/wp\/v2\/pages\/4898\/revisions"}],"predecessor-version":[{"id":7478,"href":"https:\/\/pug.hr\/gimnazija\/wp-json\/wp\/v2\/pages\/4898\/revisions\/7478"}],"up":[{"embeddable":true,"href":"https:\/\/pug.hr\/gimnazija\/wp-json\/wp\/v2\/pages\/4891"}],"wp:attachment":[{"href":"https:\/\/pug.hr\/gimnazija\/wp-json\/wp\/v2\/media?parent=4898"}],"curies":[{"name":"wp","href":"https:\/\/api.w.org\/{rel}","templated":true}]}}