{"id":4897,"date":"2016-03-18T00:29:33","date_gmt":"2016-03-17T23:29:33","guid":{"rendered":"http:\/\/www.pug.hr\/gimnazija\/?page_id=4897"},"modified":"2019-05-12T09:54:44","modified_gmt":"2019-05-12T07:54:44","slug":"film-za-5-junior","status":"publish","type":"page","link":"https:\/\/pug.hr\/gimnazija\/natjecaji-pug-a\/film-za-5-junior\/","title":{"rendered":"Film za 5! (junior)"},"content":{"rendered":"<p style=\"text-align: center;\"><strong>Natje\u010daj za najbolji u\u010deni\u010dki film<\/strong><\/p>\n<p style=\"text-align: center;\"><strong> PROPOZICIJE NATJE\u010cAJA<\/strong><\/p>\n<p style=\"text-align: center;\">Privatna umjetni\u010dka gimnazija s pravom javnosti raspisuje<\/p>\n<p style=\"text-align: center;\"><strong> NATJE\u010cAJ<\/strong><\/p>\n<p style=\"text-align: center;\"><strong> za nagradu \u201eFilm za 5! (junior)\u201c<\/strong><\/p>\n<p style=\"text-align: center;\"><strong> za najbolji u\u010deni\u010dki film<\/strong><\/p>\n<p style=\"text-align: center;\"><a href=\"http:\/\/www.pug.hr\/gimnazija\/wp-content\/uploads\/2016\/03\/Filmza5-001-Large.jpg\" rel=\"attachment wp-att-4901\"><img loading=\"lazy\" decoding=\"async\" class=\"alignleft wp-image-4901 size-medium\" src=\"http:\/\/www.pug.hr\/gimnazija\/wp-content\/uploads\/2016\/03\/Filmza5-001-Large-211x300.jpg\" alt=\"Filmza5-001 (Large)\" width=\"211\" height=\"300\" srcset=\"https:\/\/pug.hr\/gimnazija\/wp-content\/uploads\/2016\/03\/Filmza5-001-Large-211x300.jpg 211w, https:\/\/pug.hr\/gimnazija\/wp-content\/uploads\/2016\/03\/Filmza5-001-Large-722x1024.jpg 722w, https:\/\/pug.hr\/gimnazija\/wp-content\/uploads\/2016\/03\/Filmza5-001-Large.jpg 761w\" sizes=\"auto, (max-width: 211px) 100vw, 211px\" \/><\/a><\/p>\n<p style=\"text-align: justify;\">1. Privatna umjetni\u010dka gimnazija s pravom javnosti (PUG) dodjeljuje filmsku nagradu za najbolji<br \/>\nnovi, originalni i neobjavljeni film koji je izradio u\u010denik ili grupa u\u010denika osmog razreda<br \/>\nosnovne \u0161kole.<\/p>\n<p style=\"text-align: justify;\">2. Film mo\u017ee biti bilo kojeg \u017eanra, igrani, animirani, eksperimentalni ili dokumentarni, snimljen u<br \/>\nbilo kojoj tehnici (filmskom ili video kamerom, foto aparatom ili mobitelom), a mora biti dostavljen elektronskim putem (Jumbo-mail, Google drive, We transfer) ili na USB-u u mp4 formatu.<br \/>\nTrajanje filma ograni\u010deno je na od 1 do 10 minuta.<br \/>\nMogu\u0107e je da se filmovi du\u017eeg ili kra\u0107eg trajanja ne\u0107e razmatrati.<\/p>\n<p style=\"text-align: justify;\">3. Broj filmova koje mo\u017ee prijaviti jedan autor (samostalno ili u grupi) ograni\u010den je na tri.<\/p>\n<p style=\"text-align: justify;\">4. Autor filma mora biti redovan u\u010denik osmog razreda osnovne \u0161kole u \u0161kolskoj godini 2018.-2019.<br \/>\nKod filmova koje je izradila grupa autora uvjet je da je barem jedan od autora u\u010denik osmog razreda osnovne \u0161kole i da je taj u\u010denik naveden kao korisnik mogu\u0107e nagrade.<\/p>\n<p style=\"text-align: justify;\">5. Autor ili jedan od autora najboljega u\u010deni\u010dkog filma dobit \u0107e kao nagradu \u010detverogodi\u0161nju<br \/>\nstipendiju za poha\u0111anje smjera Umjetni\u010dka gimnazija u PUG-u, s po\u010detkom u \u0161kolskoj godini 2019.-2020. Stipendija \u0107e pokriti polovinu iznosa \u0161kolarine za to \u010detverogodi\u0161nje razdoblje.<\/p>\n<p style=\"text-align: justify;\">6. Nagrada se mo\u017ee koristiti isklju\u010divo kao namirenje dijela \u0161kolarine i ne mo\u017ee se isplatiti u<br \/>\nnov\u010danoj protuvrijednosti.<br \/>\nAko autor najboljega u\u010deni\u010dkog filma ne \u017eeli iskoristiti nagradu, mo\u017ee je se odre\u0107i i tada \u0107e se nagrada dodijeliti autoru drugoplasiranog filma ili se ne\u0107e uop\u0107e dodijeliti.<\/p>\n<p style=\"text-align: justify;\">7. Sudjelovanjem na ovom natje\u010daju sudionici potvr\u0111uju da je njihov film njihovo originalno djelo i<br \/>\nda posjeduju sva autorska prava za njegovo prikazivanje i javno objavljivanje u dijelovima ili u cjelini, kao i da posjeduju autorska prava na kori\u0161tenje glazbe koja se u filmu koristi.<\/p>\n<p style=\"text-align: justify;\">8. Prema odluci \u017eirija, mogu se dodijeliti nagrade i drugim filmovima, a mogu\u0107e je i da se glavna<br \/>\nnagrada uop\u0107e ne dodijeli ako \u010dlanovi \u017eirija ustanove da niti jedan od prispjelih filmova ne zadovoljava kriterije filmske kvalitete.<\/p>\n<p style=\"text-align: justify;\">9. Sudjelovanjem na ovom natje\u010daju sudionici dopu\u0161taju da se njihov film objavi na internetskim<br \/>\nstranicama PUG-a kao i YouTube ili Vimeo kanalu, Facebook stranici i drugim PUG-ovim mre\u017enim mjestima, te da ga se predstavi publici na ceremoniji javne dodjele nagrade.<\/p>\n<p style=\"text-align: justify;\">10. Filmovi poslani na natje\u010daj ne vra\u0107aju se.<\/p>\n<p style=\"text-align: justify;\">11. Filmove treba poslati na adresu webmaster@pug.hr, a ako se \u0161alje USB onda na adresu:<\/p>\n<p style=\"text-align: center;\"><strong>Privatna umjetni\u010dka gimnazija s pravom javnosti<\/strong><\/p>\n<p style=\"text-align: center;\">Tu\u0161kanac 77<\/p>\n<p style=\"text-align: center;\">10000 Zagreb<\/p>\n<p style=\"text-align: center;\">s naznakom: &#8211; <strong>\u201eZa natje\u010daj Film za 5! (junior)\u201c<\/strong><\/p>\n<p style=\"text-align: justify;\">Uz film potrebno je poslati kratak opis filma, imena i prezimena autora, telefon, adresu, e-mail i OIB.<\/p>\n<p style=\"text-align: justify;\">Posebno treba nazna\u010diti koji \u0107e autor biti korisnik mogu\u0107e nagrade, njegovu osnovnu \u0161kolu, telefon,\u00a0adresu, e-mail i OIB.<\/p>\n<p style=\"text-align: center;\"><strong>Rok za prijavu: 31. svibnja 2019.<\/strong><\/p>\n<p style=\"text-align: justify;\">12. Rezultati natje\u010daja bit \u0107e objavljeni u prvoj polovici lipnja 2019. godine.<\/p>\n","protected":false},"excerpt":{"rendered":"<p>Natje\u010daj za najbolji u\u010deni\u010dki film PROPOZICIJE NATJE\u010cAJA Privatna umjetni\u010dka gimnazija s pravom javnosti&#8230;<\/p>\n","protected":false},"author":1,"featured_media":0,"parent":4891,"menu_order":0,"comment_status":"closed","ping_status":"closed","template":"","meta":{"ngg_post_thumbnail":0,"jetpack_post_was_ever_published":false,"footnotes":""},"class_list":["post-4897","page","type-page","status-publish","hentry"],"jetpack_sharing_enabled":true,"jetpack_shortlink":"https:\/\/wp.me\/P2cktY-1gZ","_links":{"self":[{"href":"https:\/\/pug.hr\/gimnazija\/wp-json\/wp\/v2\/pages\/4897","targetHints":{"allow":["GET"]}}],"collection":[{"href":"https:\/\/pug.hr\/gimnazija\/wp-json\/wp\/v2\/pages"}],"about":[{"href":"https:\/\/pug.hr\/gimnazija\/wp-json\/wp\/v2\/types\/page"}],"author":[{"embeddable":true,"href":"https:\/\/pug.hr\/gimnazija\/wp-json\/wp\/v2\/users\/1"}],"replies":[{"embeddable":true,"href":"https:\/\/pug.hr\/gimnazija\/wp-json\/wp\/v2\/comments?post=4897"}],"version-history":[{"count":5,"href":"https:\/\/pug.hr\/gimnazija\/wp-json\/wp\/v2\/pages\/4897\/revisions"}],"predecessor-version":[{"id":7475,"href":"https:\/\/pug.hr\/gimnazija\/wp-json\/wp\/v2\/pages\/4897\/revisions\/7475"}],"up":[{"embeddable":true,"href":"https:\/\/pug.hr\/gimnazija\/wp-json\/wp\/v2\/pages\/4891"}],"wp:attachment":[{"href":"https:\/\/pug.hr\/gimnazija\/wp-json\/wp\/v2\/media?parent=4897"}],"curies":[{"name":"wp","href":"https:\/\/api.w.org\/{rel}","templated":true}]}}