{"id":4891,"date":"2016-03-18T00:18:44","date_gmt":"2016-03-17T23:18:44","guid":{"rendered":"http:\/\/www.pug.hr\/gimnazija\/?page_id=4891"},"modified":"2022-04-29T13:41:42","modified_gmt":"2022-04-29T11:41:42","slug":"natjecaji-pug-a","status":"publish","type":"page","link":"https:\/\/pug.hr\/gimnazija\/natjecaji-pug-a\/","title":{"rendered":"Natje\u010daji PUG-a"},"content":{"rendered":"<p style=\"text-align: justify;\"><a href=\"http:\/\/www.pug.hr\/gimnazija\/wp-content\/uploads\/2016\/03\/natjecaji.jpg\" rel=\"attachment wp-att-4892\"><img loading=\"lazy\" decoding=\"async\" class=\"alignleft wp-image-4892\" src=\"http:\/\/www.pug.hr\/gimnazija\/wp-content\/uploads\/2016\/03\/natjecaji.jpg\" alt=\"natjecaji\" width=\"600\" height=\"374\" srcset=\"https:\/\/pug.hr\/gimnazija\/wp-content\/uploads\/2016\/03\/natjecaji.jpg 718w, https:\/\/pug.hr\/gimnazija\/wp-content\/uploads\/2016\/03\/natjecaji-300x187.jpg 300w\" sizes=\"auto, (max-width: 600px) 100vw, 600px\" \/><\/a><\/p>\n<p style=\"text-align: justify;\">Privatna umjetni\u010dka gimnazija s pravom javnosti iz Zagreba i ove godine objavljuje tri umjetni\u010dka natje\u010daja i to za film, vizualni uradak i literarni uradak (na hrvatskom i engleskom jeziku).<\/p>\n<p style=\"text-align: justify;\">Ako imate dobru ideju za film, ako volite slikati, fotografirati ili pisati prijavite se na na\u0161e natje\u010daje i osvojite stipendiju!<\/p>\n<p style=\"text-align: justify;\">Sve u\u010denike osmih razreda u Hrvatskoj pozivamo da nam do <strong>05. lipnja&nbsp;<\/strong>dostave svoje radove i tako se natje\u010du za jednu od \u010cETIRI&nbsp;stipendije koje \u0107e biti glavne nagrade najuspje\u0161nijim radovima, ali i za mnoge druge vrijedne nagrade.<\/p>\n<p style=\"text-align: justify;\">Najbolji rad odabrat \u0107e sada\u0161nji u\u010denici PUG-a, a pobjednike \u0107emo znati do sredine lipnja 2021.<\/p>\n<p style=\"text-align: justify;\">Svoje radove mo\u017eete slati e-mailom na <span style=\"text-decoration: underline;\"><span style=\"color: #0000ff; text-decoration: underline;\">webmaster(at)pug.hr<\/span><\/span> ili po\u0161tom na adresu:<\/p>\n<p style=\"text-align: justify; padding-left: 90px;\"><strong>Privatna umjetni\u010dka gimnazija s pravom javnosti<\/strong><\/p>\n<p style=\"text-align: justify; padding-left: 90px;\">Tu\u0161kanac 77<\/p>\n<p style=\"text-align: justify; padding-left: 90px;\">10000 Zagreb<\/p>\n<p style=\"text-align: justify;\"><span style=\"color: #ff0000;\"><strong>Napomena: Va\u017eno je da upisni razgovor obavite PRIJE krajnjeg roka za dostavu radova!<\/strong><\/span><\/p>\n<p style=\"text-align: center;\"><a href=\"https:\/\/pug.hr\/gimnazija\/upisi\/\" target=\"_blank\" rel=\"noopener\"><strong>Prijavnicu za upisni razgovor prona\u0107i \u0107ete OVDJE.<\/strong><\/a><\/p>\n<p style=\"text-align: justify;\">Ovdje \u0107ete na\u0107i detaljne upute i propozicije na\u0161ih natje\u010daja:<\/p>\n<p style=\"text-align: justify; padding-left: 30px;\"><a href=\"https:\/\/pug.hr\/gimnazija\/wp-content\/uploads\/2022\/04\/Film-za-5.pdf\" target=\"_blank\" rel=\"noopener\">Film za 5 junior<\/a><\/p>\n<p style=\"text-align: justify; padding-left: 180px;\"><a href=\"https:\/\/pug.hr\/gimnazija\/wp-content\/uploads\/2022\/04\/Tekst-za-5.pdf\" target=\"_blank\" rel=\"noopener\">Tekst za 5<\/a><\/p>\n<p style=\"text-align: justify; padding-left: 300px;\"><a href=\"https:\/\/pug.hr\/gimnazija\/wp-content\/uploads\/2022\/04\/Slika-za-5.pdf\" target=\"_blank\" rel=\"noopener\">Slika za 5<\/a><\/p>\n","protected":false},"excerpt":{"rendered":"<p>Privatna umjetni\u010dka gimnazija s pravom javnosti iz Zagreba i ove godine objavljuje tri&#8230;<\/p>\n","protected":false},"author":1,"featured_media":0,"parent":0,"menu_order":0,"comment_status":"closed","ping_status":"closed","template":"","meta":{"ngg_post_thumbnail":0,"jetpack_post_was_ever_published":false,"footnotes":""},"class_list":["post-4891","page","type-page","status-publish","hentry"],"jetpack_sharing_enabled":true,"jetpack_shortlink":"https:\/\/wp.me\/P2cktY-1gT","_links":{"self":[{"href":"https:\/\/pug.hr\/gimnazija\/wp-json\/wp\/v2\/pages\/4891","targetHints":{"allow":["GET"]}}],"collection":[{"href":"https:\/\/pug.hr\/gimnazija\/wp-json\/wp\/v2\/pages"}],"about":[{"href":"https:\/\/pug.hr\/gimnazija\/wp-json\/wp\/v2\/types\/page"}],"author":[{"embeddable":true,"href":"https:\/\/pug.hr\/gimnazija\/wp-json\/wp\/v2\/users\/1"}],"replies":[{"embeddable":true,"href":"https:\/\/pug.hr\/gimnazija\/wp-json\/wp\/v2\/comments?post=4891"}],"version-history":[{"count":4,"href":"https:\/\/pug.hr\/gimnazija\/wp-json\/wp\/v2\/pages\/4891\/revisions"}],"predecessor-version":[{"id":8276,"href":"https:\/\/pug.hr\/gimnazija\/wp-json\/wp\/v2\/pages\/4891\/revisions\/8276"}],"wp:attachment":[{"href":"https:\/\/pug.hr\/gimnazija\/wp-json\/wp\/v2\/media?parent=4891"}],"curies":[{"name":"wp","href":"https:\/\/api.w.org\/{rel}","templated":true}]}}