{"id":484,"date":"2012-03-04T12:46:48","date_gmt":"2012-03-04T11:46:48","guid":{"rendered":"http:\/\/www.pug.hr\/gimnazija\/?page_id=484"},"modified":"2012-03-11T01:10:04","modified_gmt":"2012-03-11T00:10:04","slug":"scenska-umjetnost","status":"publish","type":"page","link":"https:\/\/pug.hr\/gimnazija\/nastava\/nastavni-programi\/scenska-umjetnost\/","title":{"rendered":"Scenska umjetnost"},"content":{"rendered":"<p style=\"text-align: justify;\">Program &#8220;<strong>Scenska umjetnost<\/strong>&#8221; obuhva\u0107a podru\u010dje dramske i kazali\u0161ne umjetnosti, a realizira se u III. i IV. razredu Privatne umjetni\u010dke gimnazije s pravom javnosti. Programski sadr\u017eaji povezuju se s ranije usvojenim spoznajama o scenskoj umjetnosti, a uva\u017eavaju i postignutu razinu sposobnosti za komunikaciju sa scenskim djelom.<\/p>\n<p style=\"text-align: justify;\">Razvoj dramskih i kazali\u0161nih ostvarenja prou\u010dava se u povijesno-stilskom slijedu, a uspostavlja se intenzivna korealcija s programom knji\u017eevnosti koji obuhva\u0107a i primjere dramske umjetnosti.<\/p>\n<p style=\"text-align: justify;\">Uz interpretaciju dramskih tekstova, temeljnu odrednicu programa &#8220;Scenska umjetnost&#8221;, \u010dini\u00a0<strong>odgledana predstava<\/strong>\u00a0koja je ishodi\u0161na za primjenu suvremenih pristupa umjetnosti (interpretativnog, problemskog, korelacijskog, i dr.) Uz\u00a0<strong>aktualizaciju<\/strong>\u00a0uo\u010denih fenomena dramske i kazali\u0161ne umjetnosti, \u0161to upu\u0107uje i na sustavno pra\u0107enje kazali\u0161ne produkcije, bitna kvaliteta nastave &#8220;Scenska umjetnost&#8221; ogleda se i u\u00a0<strong>kreativnim ostvarenjima u\u010denika.<\/strong><\/p>\n<p style=\"text-align: justify;\"><strong>Svrha nastave &#8220;Scenska umjetnost&#8221; posti\u017ee se ostvarivanjem sljede\u0107ih zada\u0107a:<\/strong><\/p>\n<p style=\"text-align: justify;\">&#8211; osposobiti u\u010denike za scensku percepciju, imaginaciju i izraz,<br \/>\n&#8211; usvojiti nove spoznaje o scenskoj umjetnosti,<br \/>\n&#8211; osposobiti u\u010denike\u00a0za komunikaciju sa scenskim djelom,<br \/>\n&#8211; razviti sposobnosti analize, interpretacije i vrednovanja dramskih ostvarenja,<br \/>\n&#8211; poticati interdisciplinarni i korelacijski pristup dramskoj i kazali\u0161noj umjetnosti,<br \/>\n&#8211; upoznati presti\u017ena hrvatska i svjetska dramska i kazali\u0161na ostvarenja,<br \/>\n&#8211; poticati inicijativu i \u017eelju za samostalnim stjecanjem znanja u tom podru\u010dju,<br \/>\n&#8211; osvijestiti doprinos dramske i kazali\u0161ne umjetnosti nacionalnom kulturnom identitetu,<br \/>\n&#8211; poticati mlade na kreaciju i sukreaciju u dramskoj i kazali\u0161noj umjetnosti.<\/p>\n","protected":false},"excerpt":{"rendered":"<p>Program &#8220;Scenska umjetnost&#8221; obuhva\u0107a podru\u010dje dramske i kazali\u0161ne umjetnosti, a realizira se u&#8230;<\/p>\n","protected":false},"author":2,"featured_media":0,"parent":42,"menu_order":0,"comment_status":"open","ping_status":"open","template":"","meta":{"ngg_post_thumbnail":0,"jetpack_post_was_ever_published":false,"footnotes":""},"class_list":["post-484","page","type-page","status-publish","hentry"],"jetpack_sharing_enabled":true,"jetpack_shortlink":"https:\/\/wp.me\/P2cktY-7O","_links":{"self":[{"href":"https:\/\/pug.hr\/gimnazija\/wp-json\/wp\/v2\/pages\/484","targetHints":{"allow":["GET"]}}],"collection":[{"href":"https:\/\/pug.hr\/gimnazija\/wp-json\/wp\/v2\/pages"}],"about":[{"href":"https:\/\/pug.hr\/gimnazija\/wp-json\/wp\/v2\/types\/page"}],"author":[{"embeddable":true,"href":"https:\/\/pug.hr\/gimnazija\/wp-json\/wp\/v2\/users\/2"}],"replies":[{"embeddable":true,"href":"https:\/\/pug.hr\/gimnazija\/wp-json\/wp\/v2\/comments?post=484"}],"version-history":[{"count":7,"href":"https:\/\/pug.hr\/gimnazija\/wp-json\/wp\/v2\/pages\/484\/revisions"}],"predecessor-version":[{"id":486,"href":"https:\/\/pug.hr\/gimnazija\/wp-json\/wp\/v2\/pages\/484\/revisions\/486"}],"up":[{"embeddable":true,"href":"https:\/\/pug.hr\/gimnazija\/wp-json\/wp\/v2\/pages\/42"}],"wp:attachment":[{"href":"https:\/\/pug.hr\/gimnazija\/wp-json\/wp\/v2\/media?parent=484"}],"curies":[{"name":"wp","href":"https:\/\/api.w.org\/{rel}","templated":true}]}}