{"id":482,"date":"2012-03-04T12:44:10","date_gmt":"2012-03-04T11:44:10","guid":{"rendered":"http:\/\/www.pug.hr\/gimnazija\/?page_id=482"},"modified":"2012-03-11T01:05:55","modified_gmt":"2012-03-11T00:05:55","slug":"filmska-umjetnost","status":"publish","type":"page","link":"https:\/\/pug.hr\/gimnazija\/nastava\/nastavni-programi\/filmska-umjetnost\/","title":{"rendered":"Filmska umjetnost"},"content":{"rendered":"<p style=\"text-align: justify;\">Program Filmske umjetnosti realizira se kroz sve \u010detiri godine gimnazijskog obrazovanja.<\/p>\n<p style=\"text-align: justify;\">U skupinu umjetni\u010dkih programa, uz knji\u017eevnost i jezik, likovnu, glazbenu i scensku umjetnost, kao i medijsku kulturu,\u00a0<strong>uklju\u010dena je filmska umjetnost<\/strong>, \u0161to osigurava uspje\u0161nu\u00a0<strong>korelaciju<\/strong>\u00a0koja se ostvaruje na informativnoj, teorijsko-metodolo\u0161koj, povijesno-stilskoj i estetskoj razini.<\/p>\n<p style=\"text-align: justify;\">Program &#8220;Filmska umjetnost&#8221; funkcionalno se nastavlja na ranije usvojene spoznaje u\u010denika, a ostvaruje se sveobuhvatnija analiza filmskog djela, zatim vi\u0161a razina interpretacije, odnosno interdisciplinarni i korelacijski pristup.<\/p>\n<p style=\"text-align: justify;\"><strong>Svrha nastave &#8220;Filmska umjetnost&#8221; posti\u017ee se ostvarivanjem sljede\u0107ih zada\u0107a:<\/strong><\/p>\n<p style=\"text-align: justify;\">&#8211; osposobiti u\u010denike za emocionalni i intelektualni do\u017eivljaj filmskog djela;<br \/>\n&#8211; usvojiti nove spoznaje o filmskoj umjetnosti;<br \/>\n&#8211; upoznati odlike filmskog izra\u017eavanja;<br \/>\n&#8211; razviti sposobnosti analize, interpretacije i vrednovanja filmskih ostvarenja;<br \/>\n&#8211; poticati interdisciplinarni i korelacijski pristup filmskoj kao i umjetnostima uop\u0107e;<br \/>\n&#8211; upoznati presti\u017ena hrvatska i svjetska filmska djela kroz povijesni razvoj filmske umjetnosti;<br \/>\n&#8211; poticati nastojanja u\u010denika za samostalnim stjecanjem filmskih znanja i za kreativno filmsko izra\u017eavanje;<br \/>\n&#8211; osvijestiti doprinos filmske umjetnosti nacionalnom kulturnom identitetu;<br \/>\n&#8211; osposobiti mlade za stvarala\u010dki pristup filmskoj umjetnosti.<\/p>\n","protected":false},"excerpt":{"rendered":"<p>Program Filmske umjetnosti realizira se kroz sve \u010detiri godine gimnazijskog obrazovanja. U skupinu&#8230;<\/p>\n","protected":false},"author":2,"featured_media":0,"parent":42,"menu_order":0,"comment_status":"open","ping_status":"open","template":"","meta":{"ngg_post_thumbnail":0,"jetpack_post_was_ever_published":false,"footnotes":""},"class_list":["post-482","page","type-page","status-publish","hentry"],"jetpack_sharing_enabled":true,"jetpack_shortlink":"https:\/\/wp.me\/P2cktY-7M","_links":{"self":[{"href":"https:\/\/pug.hr\/gimnazija\/wp-json\/wp\/v2\/pages\/482","targetHints":{"allow":["GET"]}}],"collection":[{"href":"https:\/\/pug.hr\/gimnazija\/wp-json\/wp\/v2\/pages"}],"about":[{"href":"https:\/\/pug.hr\/gimnazija\/wp-json\/wp\/v2\/types\/page"}],"author":[{"embeddable":true,"href":"https:\/\/pug.hr\/gimnazija\/wp-json\/wp\/v2\/users\/2"}],"replies":[{"embeddable":true,"href":"https:\/\/pug.hr\/gimnazija\/wp-json\/wp\/v2\/comments?post=482"}],"version-history":[{"count":5,"href":"https:\/\/pug.hr\/gimnazija\/wp-json\/wp\/v2\/pages\/482\/revisions"}],"predecessor-version":[{"id":675,"href":"https:\/\/pug.hr\/gimnazija\/wp-json\/wp\/v2\/pages\/482\/revisions\/675"}],"up":[{"embeddable":true,"href":"https:\/\/pug.hr\/gimnazija\/wp-json\/wp\/v2\/pages\/42"}],"wp:attachment":[{"href":"https:\/\/pug.hr\/gimnazija\/wp-json\/wp\/v2\/media?parent=482"}],"curies":[{"name":"wp","href":"https:\/\/api.w.org\/{rel}","templated":true}]}}