{"id":47,"date":"2012-02-08T07:10:45","date_gmt":"2012-02-08T06:10:45","guid":{"rendered":"http:\/\/www.pug.hr\/gimnazija\/?page_id=47"},"modified":"2012-03-10T12:20:45","modified_gmt":"2012-03-10T11:20:45","slug":"posjete-ustanovama","status":"publish","type":"page","link":"https:\/\/pug.hr\/gimnazija\/nastava\/posjete-ustanovama\/","title":{"rendered":"Nastava izvan \u0161kole"},"content":{"rendered":"<p style=\"text-align: justify;\">Nastavni sadr\u017eaji realiziraju se u u\u010dionicama opremljenima multimedijskim i suvremenim informati\u010dkim sredstvima. Za mnoge nastavne predmete u\u010denici obavezno posje\u0107uju mati\u010dne ustanove (kazali\u0161ta, muzeje, galerije, institute itd.) i\u00a0 povijesne lokalitete kulturnih spomenika.<\/p>\n<p style=\"text-align: justify;\">Primjeri sjajne suradnje potvr\u0111uje realizacija <strong>zajedni\u010dkih programa Gimnazije i kulturno-umjetni\u010dkih institucija, <\/strong>primjerice s Muzejom za umjetnost i obrt, Klovi\u0107evim dvorima, Etnografskim muzejom, ali i s Glazbenom mlade\u017ei, Hrvatskim filmskim savezom, Kazali\u0161tem Mala scena , kao i s ostalim zainteresiranim partnerima za obrazovanje mladih.<\/p>\n<p style=\"text-align: justify;\">Suradnja s kulturnim institucijama temelji se na odgovaraju\u0107im pripremama, zatim na analizi zadataka koje \u0107e u\u010denici realizirati (od ideje, izbora materijala, i drugih sredstava za dovr\u0161enje radova, itd.)<\/p>\n<p style=\"text-align: justify;\">Zajedni\u010dke radionice u kulturnim ustanovama, osim teoretskih sadr\u017eaja, nude u\u010denicima prakti\u010dno ostvarenje njihovih zamisli i poti\u010du ih na kreativna rje\u0161enja.<\/p>\n<p style=\"text-align: justify;\">U\u010denici, gledaju\u0107i originalna djela, usvajaju saznanje o njima, ali, istodobno, uva\u017eavaju i njihovo zna\u010denje u op\u0107oj kulturi koja i tako postaje njihova trajna svojina, a pona\u0161anjem prema kulturnim dobrima postaju dio odgojene kulturne publike koja je neophodna za razvoj dru\u0161tva uop\u0107e.<\/p>\n","protected":false},"excerpt":{"rendered":"<p>Nastavni sadr\u017eaji realiziraju se u u\u010dionicama opremljenima multimedijskim i suvremenim informati\u010dkim sredstvima. Za&#8230;<\/p>\n","protected":false},"author":1,"featured_media":0,"parent":6,"menu_order":0,"comment_status":"open","ping_status":"closed","template":"","meta":{"ngg_post_thumbnail":0,"jetpack_post_was_ever_published":false,"footnotes":""},"class_list":["post-47","page","type-page","status-publish","hentry"],"jetpack_sharing_enabled":true,"jetpack_shortlink":"https:\/\/wp.me\/P2cktY-L","_links":{"self":[{"href":"https:\/\/pug.hr\/gimnazija\/wp-json\/wp\/v2\/pages\/47","targetHints":{"allow":["GET"]}}],"collection":[{"href":"https:\/\/pug.hr\/gimnazija\/wp-json\/wp\/v2\/pages"}],"about":[{"href":"https:\/\/pug.hr\/gimnazija\/wp-json\/wp\/v2\/types\/page"}],"author":[{"embeddable":true,"href":"https:\/\/pug.hr\/gimnazija\/wp-json\/wp\/v2\/users\/1"}],"replies":[{"embeddable":true,"href":"https:\/\/pug.hr\/gimnazija\/wp-json\/wp\/v2\/comments?post=47"}],"version-history":[{"count":10,"href":"https:\/\/pug.hr\/gimnazija\/wp-json\/wp\/v2\/pages\/47\/revisions"}],"predecessor-version":[{"id":509,"href":"https:\/\/pug.hr\/gimnazija\/wp-json\/wp\/v2\/pages\/47\/revisions\/509"}],"up":[{"embeddable":true,"href":"https:\/\/pug.hr\/gimnazija\/wp-json\/wp\/v2\/pages\/6"}],"wp:attachment":[{"href":"https:\/\/pug.hr\/gimnazija\/wp-json\/wp\/v2\/media?parent=47"}],"curies":[{"name":"wp","href":"https:\/\/api.w.org\/{rel}","templated":true}]}}