{"id":45,"date":"2012-02-08T07:10:07","date_gmt":"2012-02-08T07:10:07","guid":{"rendered":"http:\/\/www.pug.hr\/gimnazija\/?page_id=45"},"modified":"2012-03-04T10:20:49","modified_gmt":"2012-03-04T09:20:49","slug":"projekti","status":"publish","type":"page","link":"https:\/\/pug.hr\/gimnazija\/nastava\/projekti\/","title":{"rendered":"Projekti"},"content":{"rendered":"<p><strong>Projekti <\/strong>su bitna sastavnica suvremene nastave jer zahtijevaju specifi\u010dan pristup <strong><em>nastavnom sadr\u017eaju<\/em><\/strong><em> <\/em>sugeriraju\u0107i mogu\u0107e suodnose izme\u0111u razli\u010ditih podru\u010dja (modeli problemske i korelacijske nastave i moduli<strong> <\/strong>integracijskih programa).<\/p>\n<p><strong><em>U\u010denicima<\/em><\/strong><strong> <\/strong>projekti nude brojne mogu\u0107nosti samostalnog rada s te\u017ei\u0161tem na primjeni istra\u017eiva\u010dkog instrumentarija poti\u010du\u0107i intenzivniji razvoj <strong><em>u\u010deni\u010dkih sposobnosti.<\/em><\/strong><em> <\/em>Brojnost uklju\u010divanja <strong><em>razli\u010ditih izvora znanja<\/em><\/strong><em> <\/em>posebno vezanih i uz nove informati\u010dke tehnologije, name\u0107e potrebu savladavanja razli\u010ditih oblika \u201epismenosti\u201c, ali i \u201egovora\u201c umjetnosti.<\/p>\n<p>I u kona\u010dnici, rezultati ostvarivanja projekata, osiguravaju trajniju usvojenost znanja, vi\u0161u razinu osposobljenosti u\u010denika i poti\u010du njegovu inicijativu i kreativno djelovanje.<\/p>\n<p>Projekti se pojavljuju <strong>pojedina\u010dno<\/strong> u okviru nastavnih predmeta, zatim <strong>u nizu <\/strong>vezani op\u0107im temama, primjerice dani hrvatske, engleske i talijanske kulture, a u integracijskom modulu sadr\u017eaji se, poput mozaika, grupiraju, uop\u0107avaju, nijansiraju i stvaraju novu cjelinu programskog sadr\u017eaja.<\/p>\n","protected":false},"excerpt":{"rendered":"<p>Projekti su bitna sastavnica suvremene nastave jer zahtijevaju specifi\u010dan pristup nastavnom sadr\u017eaju sugeriraju\u0107i&#8230;<\/p>\n","protected":false},"author":1,"featured_media":0,"parent":6,"menu_order":0,"comment_status":"open","ping_status":"open","template":"","meta":{"ngg_post_thumbnail":0,"jetpack_post_was_ever_published":false,"footnotes":""},"class_list":["post-45","page","type-page","status-publish","hentry"],"jetpack_sharing_enabled":true,"jetpack_shortlink":"https:\/\/wp.me\/P2cktY-J","_links":{"self":[{"href":"https:\/\/pug.hr\/gimnazija\/wp-json\/wp\/v2\/pages\/45","targetHints":{"allow":["GET"]}}],"collection":[{"href":"https:\/\/pug.hr\/gimnazija\/wp-json\/wp\/v2\/pages"}],"about":[{"href":"https:\/\/pug.hr\/gimnazija\/wp-json\/wp\/v2\/types\/page"}],"author":[{"embeddable":true,"href":"https:\/\/pug.hr\/gimnazija\/wp-json\/wp\/v2\/users\/1"}],"replies":[{"embeddable":true,"href":"https:\/\/pug.hr\/gimnazija\/wp-json\/wp\/v2\/comments?post=45"}],"version-history":[{"count":4,"href":"https:\/\/pug.hr\/gimnazija\/wp-json\/wp\/v2\/pages\/45\/revisions"}],"predecessor-version":[{"id":247,"href":"https:\/\/pug.hr\/gimnazija\/wp-json\/wp\/v2\/pages\/45\/revisions\/247"}],"up":[{"embeddable":true,"href":"https:\/\/pug.hr\/gimnazija\/wp-json\/wp\/v2\/pages\/6"}],"wp:attachment":[{"href":"https:\/\/pug.hr\/gimnazija\/wp-json\/wp\/v2\/media?parent=45"}],"curies":[{"name":"wp","href":"https:\/\/api.w.org\/{rel}","templated":true}]}}