{"id":4152,"date":"2015-09-27T10:00:23","date_gmt":"2015-09-27T08:00:23","guid":{"rendered":"http:\/\/www.pug.hr\/gimnazija\/?page_id=4152"},"modified":"2015-09-27T20:55:10","modified_gmt":"2015-09-27T18:55:10","slug":"comenius-what-radovi-italija","status":"publish","type":"page","link":"https:\/\/pug.hr\/gimnazija\/comenius-what-2013-2015\/comenius-what-radovi\/comenius-what-radovi-italija\/","title":{"rendered":"Comenius WHAT radovi Italija"},"content":{"rendered":"<p>Kao i za sve prethodne destinacije i za Italiju su se u\u010denici pripremali samostalno istra\u017euju\u0107i lokacije koje \u0107e posjetiti i predstavljaju\u0107i ih jedni drugima.<\/p>\n<p>S obzirom da je talijanski drugi strani jezik u na\u0161oj \u0161koli &#8211; bila je to prilika i da se isproba vladanje znanjima ste\u010denim na satu.<\/p>\n<p>Na\u017ealost, zbog pojave neugodnog virusa, samo ove prezentacije su nam preostale za ovu stranicu.<\/p>\n<p><iframe src='https:\/\/pughr-my.sharepoint.com\/personal\/davor_pughr_onmicrosoft_com\/_layouts\/15\/guestaccess.aspx?guestaccesstoken=ReJPeaVqccCaMmwUBCZTL39qOzdpyg8jofybxAqks2I%3d&#038;docid=067bafc37791748609081e8fd88151a90&#038;action=embedview&#038;wdAr=1.3333333333333333' width='300px' height='240px' frameborder='0'>This is an embedded <a target='_blank' href='http:\/\/office.com'>Microsoft Office<\/a> presentation, powered by <a target='_blank' href='http:\/\/office.com\/webapps'>Office Online<\/a>.<\/iframe> <iframe src='https:\/\/pughr-my.sharepoint.com\/personal\/davor_pughr_onmicrosoft_com\/_layouts\/15\/guestaccess.aspx?guestaccesstoken=%2fL38xlf311IchfNIjgJOrMSJ1x%2fZ0fi1gW7HX9Uw3F8%3d&#038;docid=06c03c181cc3f4a05ace7dd75deca78e9&#038;action=embedview&#038;wdAr=1.7777777777777777' width='300px' height='240px' frameborder='0'>This is an embedded <a target='_blank' href='http:\/\/office.com'>Microsoft Office<\/a> presentation, powered by <a target='_blank' href='http:\/\/office.com\/webapps'>Office Online<\/a>.<\/iframe>  <\/p>\n","protected":false},"excerpt":{"rendered":"<p>Kao i za sve prethodne destinacije i za Italiju su se u\u010denici pripremali&#8230;<\/p>\n","protected":false},"author":1,"featured_media":0,"parent":4147,"menu_order":0,"comment_status":"closed","ping_status":"closed","template":"","meta":{"ngg_post_thumbnail":0,"jetpack_post_was_ever_published":false,"footnotes":""},"class_list":["post-4152","page","type-page","status-publish","hentry"],"jetpack_sharing_enabled":true,"jetpack_shortlink":"https:\/\/wp.me\/P2cktY-14Y","_links":{"self":[{"href":"https:\/\/pug.hr\/gimnazija\/wp-json\/wp\/v2\/pages\/4152","targetHints":{"allow":["GET"]}}],"collection":[{"href":"https:\/\/pug.hr\/gimnazija\/wp-json\/wp\/v2\/pages"}],"about":[{"href":"https:\/\/pug.hr\/gimnazija\/wp-json\/wp\/v2\/types\/page"}],"author":[{"embeddable":true,"href":"https:\/\/pug.hr\/gimnazija\/wp-json\/wp\/v2\/users\/1"}],"replies":[{"embeddable":true,"href":"https:\/\/pug.hr\/gimnazija\/wp-json\/wp\/v2\/comments?post=4152"}],"version-history":[{"count":3,"href":"https:\/\/pug.hr\/gimnazija\/wp-json\/wp\/v2\/pages\/4152\/revisions"}],"predecessor-version":[{"id":4211,"href":"https:\/\/pug.hr\/gimnazija\/wp-json\/wp\/v2\/pages\/4152\/revisions\/4211"}],"up":[{"embeddable":true,"href":"https:\/\/pug.hr\/gimnazija\/wp-json\/wp\/v2\/pages\/4147"}],"wp:attachment":[{"href":"https:\/\/pug.hr\/gimnazija\/wp-json\/wp\/v2\/media?parent=4152"}],"curies":[{"name":"wp","href":"https:\/\/api.w.org\/{rel}","templated":true}]}}