{"id":4151,"date":"2015-09-27T10:00:19","date_gmt":"2015-09-27T08:00:19","guid":{"rendered":"http:\/\/www.pug.hr\/gimnazija\/?page_id=4151"},"modified":"2015-09-27T19:53:57","modified_gmt":"2015-09-27T17:53:57","slug":"comenius-what-radovi-litva","status":"publish","type":"page","link":"https:\/\/pug.hr\/gimnazija\/comenius-what-2013-2015\/comenius-what-radovi\/comenius-what-radovi-litva\/","title":{"rendered":"Comenius WHAT radovi Litva"},"content":{"rendered":"<p>Pripreme za Litvu bile su posebno zahtjevne jer smo, uz one &#8220;uobi\u010dajene&#8221; pripreme tijekom kojih je trebalo nau\u010diti \u0161to\u0161ta o zemlji o kojoj prije nismo puno znali, trebali pripremiti i simulaiu debate u Europskom Parlamentu.<\/p>\n<p>Tin nas je uveo u osnove o Europskoj uniji i strankama u parlamentu, a u\u010denici su samostalno istra\u017eivali o tretmanu prirodne i kulturne ba\u0161tine u EU.<\/p>\n<p>Ovdje su sve te prezentacije koje su u\u010denici pripremali i jedni drugima prezentirali tijekom priprema &#8211; \u010dak i tijekom proljetnih praznika.<\/p>\n<p><iframe src='https:\/\/pughr-my.sharepoint.com\/personal\/davor_pughr_onmicrosoft_com\/_layouts\/15\/guestaccess.aspx?guestaccesstoken=PJh51JwbnkjBHfSQgyX5lcMmU8dD7O%2fcc%2fhGTEgxbUw%3d&#038;docid=0737c69ef982142188d8aba1d18548204&#038;action=embedview&#038;wdAr=1.3333333333333333' width='300px' height='240px' frameborder='0'>This is an embedded <a target='_blank' href='http:\/\/office.com'>Microsoft Office<\/a> presentation, powered by <a target='_blank' href='http:\/\/office.com\/webapps'>Office Online<\/a>.<\/iframe> <iframe src='https:\/\/pughr-my.sharepoint.com\/personal\/davor_pughr_onmicrosoft_com\/_layouts\/15\/guestaccess.aspx?guestaccesstoken=fOQg8iz86YLxxDtydnyjwJADtLDtQJrJTnORac2GOpc%3d&#038;docid=0eaa2ab6689c548348abd18b299c968e4&#038;action=embedview&#038;wdAr=1.3333333333333333' width='300px' height='240px' frameborder='0'>This is an embedded <a target='_blank' href='http:\/\/office.com'>Microsoft Office<\/a> presentation, powered by <a target='_blank' href='http:\/\/office.com\/webapps'>Office Online<\/a>.<\/iframe><\/p>\n<p><iframe src='https:\/\/pughr-my.sharepoint.com\/personal\/davor_pughr_onmicrosoft_com\/_layouts\/15\/guestaccess.aspx?guestaccesstoken=MJPoYDEex5YpOBGcEGkFoC2Wsz5tGOatPD3CBF8GUfE%3d&#038;docid=0884a76dd0a7a4da7b74877ce9b5d142e&#038;action=embedview&#038;wdAr=1.3333333333333333' width='300px' height='240px' frameborder='0'>This is an embedded <a target='_blank' href='http:\/\/office.com'>Microsoft Office<\/a> presentation, powered by <a target='_blank' href='http:\/\/office.com\/webapps'>Office Online<\/a>.<\/iframe> <iframe src='https:\/\/pughr-my.sharepoint.com\/personal\/davor_pughr_onmicrosoft_com\/_layouts\/15\/guestaccess.aspx?guestaccesstoken=mF%2fmHcIYT9dGQKL6cz%2f82uQocNTqAVyCm0%2fzOfC%2bHik%3d&#038;docid=0e05df05608ea45709f59fd9de0aca84a&#038;action=embedview&#038;wdAr=1.3333333333333333' width='300px' height='240px' frameborder='0'>This is an embedded <a target='_blank' href='http:\/\/office.com'>Microsoft Office<\/a> presentation, powered by <a target='_blank' href='http:\/\/office.com\/webapps'>Office Online<\/a>.<\/iframe><\/p>\n<p><iframe src='https:\/\/pughr-my.sharepoint.com\/personal\/davor_pughr_onmicrosoft_com\/_layouts\/15\/guestaccess.aspx?guestaccesstoken=8srTUyKzzGo2AXcXtKmCYT0bVITGwdOJg%2bsIMcovK9w%3d&#038;docid=0c7533cb81bfa41ff8e75511b9119f51c&#038;action=embedview&#038;wdAr=1.3333333333333333' width='300px' height='240px' frameborder='0'>This is an embedded <a target='_blank' href='http:\/\/office.com'>Microsoft Office<\/a> presentation, powered by <a target='_blank' href='http:\/\/office.com\/webapps'>Office Online<\/a>.<\/iframe> <iframe src='https:\/\/pughr-my.sharepoint.com\/personal\/davor_pughr_onmicrosoft_com\/_layouts\/15\/guestaccess.aspx?guestaccesstoken=Vr3EnrnLhAP0YwTQvTw%2fUjAHailWeoTJAEPxxpEBFZY%3d&#038;docid=01f6e6d3bc7324671aa80e31c77f2d8be&#038;action=embedview&#038;wdAr=1.3333333333333333' width='300px' height='240px' frameborder='0'>This is an embedded <a target='_blank' href='http:\/\/office.com'>Microsoft Office<\/a> presentation, powered by <a target='_blank' href='http:\/\/office.com\/webapps'>Office Online<\/a>.<\/iframe><\/p>\n<p><iframe src='https:\/\/pughr-my.sharepoint.com\/personal\/davor_pughr_onmicrosoft_com\/_layouts\/15\/guestaccess.aspx?guestaccesstoken=8daBZoXXL070nQ0eqryGwTwPdS68OloILmjdKBxCvQQ%3d&#038;docid=0362380fb92a84ca2bd3ebd0e39264ce1&#038;action=embedview&#038;wdAr=1.3333333333333333' width='300px' height='240px' frameborder='0'>This is an embedded <a target='_blank' href='http:\/\/office.com'>Microsoft Office<\/a> presentation, powered by <a target='_blank' href='http:\/\/office.com\/webapps'>Office Online<\/a>.<\/iframe> <iframe src='https:\/\/pughr-my.sharepoint.com\/personal\/davor_pughr_onmicrosoft_com\/_layouts\/15\/guestaccess.aspx?guestaccesstoken=px7cCbqeZHkWtZe1UqnY3B1LZYjexXQ6yDfreNlkMss%3d&#038;docid=0c523848564e94ad89bce8dc21ddf458b&#038;action=embedview&#038;wdAr=1.3333333333333333' width='300px' height='240px' frameborder='0'>This is an embedded <a target='_blank' href='http:\/\/office.com'>Microsoft Office<\/a> presentation, powered by <a target='_blank' href='http:\/\/office.com\/webapps'>Office Online<\/a>.<\/iframe><\/p>\n<p><iframe src='https:\/\/pughr-my.sharepoint.com\/personal\/davor_pughr_onmicrosoft_com\/_layouts\/15\/guestaccess.aspx?guestaccesstoken=iny9roh01bou7h54JtwhMCDS8BsOp1Jqgu4G0R3X0Cw%3d&#038;docid=07d2089a8d67442cc9016e44e723c146a&#038;action=embedview&#038;wdAr=1.3333333333333333' width='300px' height='240px' frameborder='0'>This is an embedded <a target='_blank' href='http:\/\/office.com'>Microsoft Office<\/a> presentation, powered by <a target='_blank' href='http:\/\/office.com\/webapps'>Office Online<\/a>.<\/iframe> <iframe src='https:\/\/pughr-my.sharepoint.com\/personal\/davor_pughr_onmicrosoft_com\/_layouts\/15\/guestaccess.aspx?guestaccesstoken=EturAegTUFhHJJhXBXYfv%2bSzR9q6bJ%2f5QgILPWdDNlQ%3d&#038;docid=05a981099d2474e7a8603750c26adad7e&#038;action=embedview&#038;wdAr=1.3333333333333333' width='300px' height='240px' frameborder='0'>This is an embedded <a target='_blank' href='http:\/\/office.com'>Microsoft Office<\/a> presentation, powered by <a target='_blank' href='http:\/\/office.com\/webapps'>Office Online<\/a>.<\/iframe><\/p>\n","protected":false},"excerpt":{"rendered":"<p>Pripreme za Litvu bile su posebno zahtjevne jer smo, uz one &#8220;uobi\u010dajene&#8221; pripreme&#8230;<\/p>\n","protected":false},"author":1,"featured_media":0,"parent":4147,"menu_order":0,"comment_status":"closed","ping_status":"closed","template":"","meta":{"ngg_post_thumbnail":0,"jetpack_post_was_ever_published":false,"footnotes":""},"class_list":["post-4151","page","type-page","status-publish","hentry"],"jetpack_sharing_enabled":true,"jetpack_shortlink":"https:\/\/wp.me\/P2cktY-14X","_links":{"self":[{"href":"https:\/\/pug.hr\/gimnazija\/wp-json\/wp\/v2\/pages\/4151","targetHints":{"allow":["GET"]}}],"collection":[{"href":"https:\/\/pug.hr\/gimnazija\/wp-json\/wp\/v2\/pages"}],"about":[{"href":"https:\/\/pug.hr\/gimnazija\/wp-json\/wp\/v2\/types\/page"}],"author":[{"embeddable":true,"href":"https:\/\/pug.hr\/gimnazija\/wp-json\/wp\/v2\/users\/1"}],"replies":[{"embeddable":true,"href":"https:\/\/pug.hr\/gimnazija\/wp-json\/wp\/v2\/comments?post=4151"}],"version-history":[{"count":9,"href":"https:\/\/pug.hr\/gimnazija\/wp-json\/wp\/v2\/pages\/4151\/revisions"}],"predecessor-version":[{"id":4209,"href":"https:\/\/pug.hr\/gimnazija\/wp-json\/wp\/v2\/pages\/4151\/revisions\/4209"}],"up":[{"embeddable":true,"href":"https:\/\/pug.hr\/gimnazija\/wp-json\/wp\/v2\/pages\/4147"}],"wp:attachment":[{"href":"https:\/\/pug.hr\/gimnazija\/wp-json\/wp\/v2\/media?parent=4151"}],"curies":[{"name":"wp","href":"https:\/\/api.w.org\/{rel}","templated":true}]}}