{"id":4150,"date":"2015-09-27T10:00:15","date_gmt":"2015-09-27T08:00:15","guid":{"rendered":"http:\/\/www.pug.hr\/gimnazija\/?page_id=4150"},"modified":"2015-09-27T13:58:43","modified_gmt":"2015-09-27T11:58:43","slug":"comenius-what-radovi-turska","status":"publish","type":"page","link":"https:\/\/pug.hr\/gimnazija\/comenius-what-2013-2015\/comenius-what-radovi\/comenius-what-radovi-turska\/","title":{"rendered":"Comenius WHAT radovi Turska"},"content":{"rendered":"<p>Za putovanje u Tursku u\u010denici su se pripremali istra\u017euju\u0107i razne izvore o Istanbulu, njegovoj povijesti, posebitostima, te o svjetskoj ba\u0161tini pod za\u0161titom UNESCO-a koja je u njemu udomljena.<\/p>\n<p>Svoja su otkri\u0107a prezentirali jedni drugima na intenzivnim radionicama u \u0161koli kroz mjesec dana prije polaska.<\/p>\n<p>Ovdje donosimo nekoliko takvih prezentacija uz napomenu da se ovdje radi o slide show dokumentima (dok su na radionicama kori\u0161tene Powerpoint prezentacije) te da nedostaje u\u010deni\u010dki komentar kojim su tijekom izlaganja popratili ono \u0161to se vidi na slici.<\/p>\n<p><iframe loading=\"lazy\" src=\"https:\/\/pughr-my.sharepoint.com\/personal\/davor_pughr_onmicrosoft_com\/_layouts\/15\/guestaccess.aspx?guestaccesstoken=4H0G2orhI2Hy2ObJ1iT%2bF3jrCzTn93EPTuHHd9H2N6s%3d&#038;docid=0308ba6552a264d3a955dd0b35a34fad2&amp;action=embedview&amp;wdAr=1.3333333333333333\" width=\"300px\" height=\"240px\" frameborder=\"0\">This is an embedded <a target=\"_blank\" href=\"http:\/\/office.com\">Microsoft Office<\/a> presentation, powered by <a target=\"_blank\" href=\"http:\/\/office.com\/webapps\">Office Online<\/a>.<\/iframe> <iframe loading=\"lazy\" src=\"https:\/\/pughr-my.sharepoint.com\/personal\/davor_pughr_onmicrosoft_com\/_layouts\/15\/guestaccess.aspx?guestaccesstoken=LFmt8oce32ERuKVGWG7own4TM4%2fFEmqx6Dy71utJEWk%3d&#038;docid=044cf8bcb68f54c86af0a01d48dc0fd06&amp;action=embedview&amp;wdAr=1.3333333333333333\" width=\"300px\" height=\"240px\" frameborder=\"0\">This is an embedded <a target=\"_blank\" href=\"http:\/\/office.com\">Microsoft Office<\/a> presentation, powered by <a target=\"_blank\" href=\"http:\/\/office.com\/webapps\">Office Online<\/a>.<\/iframe><\/p>\n<p><iframe src='https:\/\/pughr-my.sharepoint.com\/personal\/davor_pughr_onmicrosoft_com\/_layouts\/15\/guestaccess.aspx?guestaccesstoken=7zBNyEzfuV55jvO19ti1hhXnfECbcTFNrswwRNX1Ya4%3d&#038;docid=042aade823b284798a7e7ff28a5c2f7c1&#038;action=embedview&#038;wdAr=1.3333333333333333' width=\"300px\" height=\"240px\" frameborder='0'>This is an embedded <a target=\"_blank\" href=\"http:\/\/office.com\">Microsoft Office<\/a> presentation, powered by <a target=\"_blank\" href=\"http:\/\/office.com\/webapps\">Office Online<\/a>.<\/iframe> <iframe src='https:\/\/pughr-my.sharepoint.com\/personal\/davor_pughr_onmicrosoft_com\/_layouts\/15\/guestaccess.aspx?guestaccesstoken=A5sonM8PL0GV9zB5qM14ZzueL5S1rFDbcY3Di7%2f0LL4%3d&#038;docid=0ecc04b6ab5754c3ab4c81d58a3db00d9&#038;action=embedview&#038;wdAr=1.3333333333333333' width=\"300px\" height=\"240px\" frameborder='0'>This is an embedded <a target='_blank' href='http:\/\/office.com'>Microsoft Office<\/a> presentation, powered by <a target='_blank' href='http:\/\/office.com\/webapps'>Office Online<\/a>.<\/iframe><\/p>\n<p><iframe src='https:\/\/pughr-my.sharepoint.com\/personal\/davor_pughr_onmicrosoft_com\/_layouts\/15\/guestaccess.aspx?guestaccesstoken=%2fRfX%2bN%2bJTka3lTQdYDn1iOUQmxerXYM7Nf0bSqLRiUw%3d&#038;docid=0ecbd783a8d9a4766a5988b68be72573f&#038;action=embedview&#038;wdAr=1.3333333333333333' width=\"300px\" height=\"240px\" frameborder='0'>This is an embedded <a target='_blank' href='http:\/\/office.com'>Microsoft Office<\/a> presentation, powered by <a target='_blank' href='http:\/\/office.com\/webapps'>Office Online<\/a>.<\/iframe> <iframe src='https:\/\/pughr-my.sharepoint.com\/personal\/davor_pughr_onmicrosoft_com\/_layouts\/15\/guestaccess.aspx?guestaccesstoken=sZ%2bnH207NasUQi75m2xng3iJZSse2o3QaboCY6a1joQ%3d&#038;docid=0c2719a9999864fc4ab72f16ab4bb2c58&#038;action=embedview&#038;wdAr=1.3333333333333333' width=\"300px\" height=\"240px\" frameborder='0'>This is an embedded <a target='_blank' href='http:\/\/office.com'>Microsoft Office<\/a> presentation, powered by <a target='_blank' href='http:\/\/office.com\/webapps'>Office Online<\/a>.<\/iframe><\/p>\n<p><iframe src='https:\/\/pughr-my.sharepoint.com\/personal\/davor_pughr_onmicrosoft_com\/_layouts\/15\/guestaccess.aspx?guestaccesstoken=aB%2b8rnVzgik4r14Mt%2bMbhHsObwxyefGgeSn5%2fW27EKQ%3d&#038;docid=05bf18f5429aa4fdb99832808226aee8a&#038;action=embedview&#038;wdAr=1.3333333333333333' width=\"300px\" height=\"240px\" frameborder='0'>This is an embedded <a target='_blank' href='http:\/\/office.com'>Microsoft Office<\/a> presentation, powered by <a target='_blank' href='http:\/\/office.com\/webapps'>Office Online<\/a>.<\/iframe> <iframe src='https:\/\/pughr-my.sharepoint.com\/personal\/davor_pughr_onmicrosoft_com\/_layouts\/15\/guestaccess.aspx?guestaccesstoken=2FkGM5i2OUlINgxzIE5B13jlT4Dh%2b6aJ1k2yHl68ht8%3d&#038;docid=022da73a92cec4b5d978b2af3946e29fe&#038;action=embedview&#038;wdAr=1.3333333333333333' width=\"300px\" height=\"240px\" frameborder='0'>This is an embedded <a target='_blank' href='http:\/\/office.com'>Microsoft Office<\/a> presentation, powered by <a target='_blank' href='http:\/\/office.com\/webapps'>Office Online<\/a>.<\/iframe><\/p>\n","protected":false},"excerpt":{"rendered":"<p>Za putovanje u Tursku u\u010denici su se pripremali istra\u017euju\u0107i razne izvore o Istanbulu,&#8230;<\/p>\n","protected":false},"author":1,"featured_media":0,"parent":4147,"menu_order":0,"comment_status":"closed","ping_status":"closed","template":"","meta":{"ngg_post_thumbnail":0,"jetpack_post_was_ever_published":false,"footnotes":""},"class_list":["post-4150","page","type-page","status-publish","hentry"],"jetpack_sharing_enabled":true,"jetpack_shortlink":"https:\/\/wp.me\/P2cktY-14W","_links":{"self":[{"href":"https:\/\/pug.hr\/gimnazija\/wp-json\/wp\/v2\/pages\/4150","targetHints":{"allow":["GET"]}}],"collection":[{"href":"https:\/\/pug.hr\/gimnazija\/wp-json\/wp\/v2\/pages"}],"about":[{"href":"https:\/\/pug.hr\/gimnazija\/wp-json\/wp\/v2\/types\/page"}],"author":[{"embeddable":true,"href":"https:\/\/pug.hr\/gimnazija\/wp-json\/wp\/v2\/users\/1"}],"replies":[{"embeddable":true,"href":"https:\/\/pug.hr\/gimnazija\/wp-json\/wp\/v2\/comments?post=4150"}],"version-history":[{"count":13,"href":"https:\/\/pug.hr\/gimnazija\/wp-json\/wp\/v2\/pages\/4150\/revisions"}],"predecessor-version":[{"id":4200,"href":"https:\/\/pug.hr\/gimnazija\/wp-json\/wp\/v2\/pages\/4150\/revisions\/4200"}],"up":[{"embeddable":true,"href":"https:\/\/pug.hr\/gimnazija\/wp-json\/wp\/v2\/pages\/4147"}],"wp:attachment":[{"href":"https:\/\/pug.hr\/gimnazija\/wp-json\/wp\/v2\/media?parent=4150"}],"curies":[{"name":"wp","href":"https:\/\/api.w.org\/{rel}","templated":true}]}}