{"id":4149,"date":"2015-09-27T09:53:22","date_gmt":"2015-09-27T07:53:22","guid":{"rendered":"http:\/\/www.pug.hr\/gimnazija\/?page_id=4149"},"modified":"2015-09-27T13:44:01","modified_gmt":"2015-09-27T11:44:01","slug":"comenius-what-radovi-spanjolska","status":"publish","type":"page","link":"https:\/\/pug.hr\/gimnazija\/comenius-what-2013-2015\/comenius-what-radovi\/comenius-what-radovi-spanjolska\/","title":{"rendered":"Comenius WHAT radovi \u0160panjolska"},"content":{"rendered":"<p>Za prvi projektni sastanak u \u0160panjolskoj trebalo je pripremiti jednu op\u0107u prezentaciju o Hrvatskoj, Zagrebu, na\u0161oj \u0161koli te o Plitvi\u010dkim jezerima i tradiciji izrade drvenih igra\u010daka i licitara u Hrvatskom zagorju.<\/p>\n<p><strong>Napomene: (1) Da bi se vidjele sve fotografije u prezentaciji potrebno je kliknuti na ikonu &#8220;Open in new window&#8221; u donjem desnom uglu. (2) Prezentacije su normalno popra\u0107ene usmenim komentarom u\u010denika koji slu\u0161ateljima donosi va\u017ene informacije vezane uz slide kojeg upravo gledaju<\/strong><em><\/p>\n<p><iframe src='https:\/\/pughr-my.sharepoint.com\/personal\/davor_pughr_onmicrosoft_com\/_layouts\/15\/guestaccess.aspx?guestaccesstoken=c%2bmuseQi%2fmCHTdtDd2yg%2bgqaYhEceHjcRPz1MzC2Fjg%3d&#038;docid=0c72cd3244ea249c895d208e04b30e365&#038;action=embedview&#038;wdAr=1.3333333333333333' width='610px' height='481px' frameborder='0'>This is an embedded <a target='_blank' href='http:\/\/office.com'>Microsoft Office<\/a> presentation, powered by <a target='_blank' href='http:\/\/office.com\/webapps'>Office Online<\/a>.<\/iframe><\/p>\n<p>Osim toga, s obzirom da je na\u0161 prvi projektni zadatak bio kreirati logo Ivona i Fran\u00a0pokazali su kako smo spajanjem njihovih dviju ideja do\u0161li do kona\u010dne verzije loga za \u010ditav projekt.<\/p>\n<p><strong>Napomene: (1) Da bi se vidjele sve fotografije u prezentaciji potrebno je kliknuti na ikonu &#8220;Open in new window&#8221; u donjem desnom uglu. (2) Prezentacije su normalno popra\u0107ene usmenim komentarom u\u010denika koji slu\u0161ateljima donosi va\u017ene informacije vezane uz slide kojeg upravo gledaju<\/strong><em><\/p>\n<p><iframe src='https:\/\/pughr-my.sharepoint.com\/personal\/davor_pughr_onmicrosoft_com\/_layouts\/15\/guestaccess.aspx?guestaccesstoken=sjrECStV0ui8htDUnlhGm53A7uXe0453ClGT8HjScD0%3d&#038;docid=00049fb92a0a9492b8439093ed11566ce&#038;action=embedview&#038;wdAr=1.3333333333333333' width='610px' height='481px' frameborder='0'>This is an embedded <a target='_blank' href='http:\/\/office.com'>Microsoft Office<\/a> presentation, powered by <a target='_blank' href='http:\/\/office.com\/webapps'>Office Online<\/a>.<\/iframe><\/p>\n<p>Uz sve to, pokazali smo i jedan kratki film koji smo ve\u0107im dijelom snimili na na\u0161a dva izleta kojima se cijela \u0161kola pripremala za projekt.<\/p>\n<p><iframe loading=\"lazy\" width=\"560\" height=\"315\" src=\"https:\/\/www.youtube.com\/embed\/GsTL1BnZWo0\" frameborder=\"0\" allowfullscreen><\/iframe><\/p>\n","protected":false},"excerpt":{"rendered":"<p>Za prvi projektni sastanak u \u0160panjolskoj trebalo je pripremiti jednu op\u0107u prezentaciju o&#8230;<\/p>\n","protected":false},"author":1,"featured_media":0,"parent":4147,"menu_order":0,"comment_status":"closed","ping_status":"closed","template":"","meta":{"ngg_post_thumbnail":0,"jetpack_post_was_ever_published":false,"footnotes":""},"class_list":["post-4149","page","type-page","status-publish","hentry"],"jetpack_sharing_enabled":true,"jetpack_shortlink":"https:\/\/wp.me\/P2cktY-14V","_links":{"self":[{"href":"https:\/\/pug.hr\/gimnazija\/wp-json\/wp\/v2\/pages\/4149","targetHints":{"allow":["GET"]}}],"collection":[{"href":"https:\/\/pug.hr\/gimnazija\/wp-json\/wp\/v2\/pages"}],"about":[{"href":"https:\/\/pug.hr\/gimnazija\/wp-json\/wp\/v2\/types\/page"}],"author":[{"embeddable":true,"href":"https:\/\/pug.hr\/gimnazija\/wp-json\/wp\/v2\/users\/1"}],"replies":[{"embeddable":true,"href":"https:\/\/pug.hr\/gimnazija\/wp-json\/wp\/v2\/comments?post=4149"}],"version-history":[{"count":9,"href":"https:\/\/pug.hr\/gimnazija\/wp-json\/wp\/v2\/pages\/4149\/revisions"}],"predecessor-version":[{"id":4195,"href":"https:\/\/pug.hr\/gimnazija\/wp-json\/wp\/v2\/pages\/4149\/revisions\/4195"}],"up":[{"embeddable":true,"href":"https:\/\/pug.hr\/gimnazija\/wp-json\/wp\/v2\/pages\/4147"}],"wp:attachment":[{"href":"https:\/\/pug.hr\/gimnazija\/wp-json\/wp\/v2\/media?parent=4149"}],"curies":[{"name":"wp","href":"https:\/\/api.w.org\/{rel}","templated":true}]}}