{"id":4137,"date":"2015-09-27T09:14:01","date_gmt":"2015-09-27T07:14:01","guid":{"rendered":"http:\/\/www.pug.hr\/gimnazija\/?page_id=4137"},"modified":"2015-09-27T09:38:18","modified_gmt":"2015-09-27T07:38:18","slug":"comenius-what-filmovi","status":"publish","type":"page","link":"https:\/\/pug.hr\/gimnazija\/comenius-what-2013-2015\/comenius-what-filmovi\/","title":{"rendered":"Comenius WHAT filmovi"},"content":{"rendered":"<p>Ovdje su na jednom mjestu svi filmovi nastali u na\u0161em projektu.<\/p>\n<p>Najprije je trebalo, na prvom projektnom sastanku u \u0160panjolskoj, svim partnerima predstaviti Hrvatsku i njenu ba\u0161tinu pod za\u0161titom UNESCO-a koju \u0107emo istra\u017eivati na projektu. To smo u\u010dinili kroz prezentacije koje \u0107ete na\u0107i na stranicama s radovima i kroz ovaj film.<\/p>\n<p><iframe loading=\"lazy\" src=\"https:\/\/www.youtube.com\/embed\/GsTL1BnZWo0\" width=\"560\" height=\"315\" frameborder=\"0\" allowfullscreen=\"allowfullscreen\"><\/iframe><\/p>\n<p>U sklopu projekta na\u0161 je zadatak bio snimanje dokumentarnih filmova o svakoj etapi i snimanje jednog zavr\u0161nog filma. Ovdje je tih sedam filmova:<\/p>\n<p><iframe loading=\"lazy\" src=\"https:\/\/www.youtube.com\/embed\/60_zzvZT1Rw\" width=\"280\" height=\"157\" frameborder=\"0\" allowfullscreen=\"allowfullscreen\"><\/iframe> <iframe loading=\"lazy\" src=\"https:\/\/www.youtube.com\/embed\/9YkDm63LQUE\" width=\"280\" height=\"157\" frameborder=\"0\" allowfullscreen=\"allowfullscreen\"><\/iframe><\/p>\n<p><iframe loading=\"lazy\" width=\"280\" height=\"157\" src=\"https:\/\/www.youtube.com\/embed\/oaeqr2oslyY\" frameborder=\"0\" allowfullscreen><\/iframe> <iframe loading=\"lazy\" width=\"280\" height=\"157\" src=\"https:\/\/www.youtube.com\/embed\/lw78sUZubbQ\" frameborder=\"0\" allowfullscreen><\/iframe><\/p>\n<p><iframe loading=\"lazy\" width=\"280\" height=\"157\" src=\"https:\/\/www.youtube.com\/embed\/KIfCOBggTXc\" frameborder=\"0\" allowfullscreen><\/iframe> <iframe loading=\"lazy\" width=\"280\" height=\"157\" src=\"https:\/\/www.youtube.com\/embed\/OGk7Q6ymoYE\" frameborder=\"0\" allowfullscreen><\/iframe><\/p>\n<p><iframe loading=\"lazy\" width=\"560\" height=\"315\" src=\"https:\/\/www.youtube.com\/embed\/zUU9U5qMrC8\" frameborder=\"0\" allowfullscreen><\/iframe><\/p>\n<p>Osim toga, za potrebe projekta snimili smo i film o simulaciji rada EU parlamenta organiziranog u Litvi. <\/p>\n<p><iframe loading=\"lazy\" width=\"560\" height=\"315\" src=\"https:\/\/www.youtube.com\/embed\/HPZa04ZjkqI\" frameborder=\"0\" allowfullscreen><\/iframe><\/p>\n<p>I na kraju, promovirali smo projekt kroz na\u0161e sudjelovanje na ClosEUp filmskom festivalu s ovim filmom:<\/p>\n<p><iframe loading=\"lazy\" width=\"560\" height=\"315\" src=\"https:\/\/www.youtube.com\/embed\/9ZwrURz-hVg\" frameborder=\"0\" allowfullscreen><\/iframe><\/p>\n","protected":false},"excerpt":{"rendered":"<p>Ovdje su na jednom mjestu svi filmovi nastali u na\u0161em projektu. Najprije je&#8230;<\/p>\n","protected":false},"author":1,"featured_media":0,"parent":4135,"menu_order":0,"comment_status":"closed","ping_status":"closed","template":"","meta":{"ngg_post_thumbnail":0,"jetpack_post_was_ever_published":false,"footnotes":""},"class_list":["post-4137","page","type-page","status-publish","hentry"],"jetpack_sharing_enabled":true,"jetpack_shortlink":"https:\/\/wp.me\/P2cktY-14J","_links":{"self":[{"href":"https:\/\/pug.hr\/gimnazija\/wp-json\/wp\/v2\/pages\/4137","targetHints":{"allow":["GET"]}}],"collection":[{"href":"https:\/\/pug.hr\/gimnazija\/wp-json\/wp\/v2\/pages"}],"about":[{"href":"https:\/\/pug.hr\/gimnazija\/wp-json\/wp\/v2\/types\/page"}],"author":[{"embeddable":true,"href":"https:\/\/pug.hr\/gimnazija\/wp-json\/wp\/v2\/users\/1"}],"replies":[{"embeddable":true,"href":"https:\/\/pug.hr\/gimnazija\/wp-json\/wp\/v2\/comments?post=4137"}],"version-history":[{"count":8,"href":"https:\/\/pug.hr\/gimnazija\/wp-json\/wp\/v2\/pages\/4137\/revisions"}],"predecessor-version":[{"id":4145,"href":"https:\/\/pug.hr\/gimnazija\/wp-json\/wp\/v2\/pages\/4137\/revisions\/4145"}],"up":[{"embeddable":true,"href":"https:\/\/pug.hr\/gimnazija\/wp-json\/wp\/v2\/pages\/4135"}],"wp:attachment":[{"href":"https:\/\/pug.hr\/gimnazija\/wp-json\/wp\/v2\/media?parent=4137"}],"curies":[{"name":"wp","href":"https:\/\/api.w.org\/{rel}","templated":true}]}}