{"id":40,"date":"2012-02-08T07:04:56","date_gmt":"2012-02-08T07:04:56","guid":{"rendered":"http:\/\/www.pug.hr\/gimnazija\/?page_id=40"},"modified":"2022-04-21T14:54:41","modified_gmt":"2022-04-21T12:54:41","slug":"nastavni-plan","status":"publish","type":"page","link":"https:\/\/pug.hr\/gimnazija\/nastava\/nastavni-plan\/","title":{"rendered":"Nastavni plan"},"content":{"rendered":"\n<p>Nastavni plan Privatne umjetni\u010dke gimnazije potvr\u0111uje model UMJETNI\u010cKE gimnazije u kojem su, uz op\u0107eobrazovne gimnazijske predmete, u obaveznom dijelu &nbsp;uklju\u010deni i posebni umjetni\u010dki programi.<\/p>\n\n\n\n<p>Nastavni plan, osim spomenutih umjetni\u010dkih programa, uklju\u010duje programe dvaju stranih jezika s najvi\u0161im gimnazijskim fondom sati, a informati\u010dka znanja primjenuju se u nastavi kroz sve \u010detiri godine \u0161kolovanja.<\/p>\n\n\n\n<p>Iako je nastavni plan prirodne grupe predmeta (fizika, kemija i biologija) u tre\u0107em i \u010detvrtom razredu smanjen za jedan sat tjedno u odnosu na druge gimnazije, cjeloviti programi prirodoslovlja nude se u Izbornoj nastavi.<\/p>\n\n\n\n<p>Evo kako izgleda na\u0161 nastavni plan po podru\u010djima:<\/p>\n\n\n\n<figure class=\"wp-block-table\"><table class=\"has-background\" style=\"background-color:#f2f3f9\"><thead><tr><th class=\"has-text-align-center\" data-align=\"center\"><strong>JEZI\u010cNO-KOMUNIKACIJSKO PODRU\u010cJE<\/strong><\/th><th class=\"has-text-align-center\" data-align=\"center\"><strong>1.r<\/strong><\/th><th class=\"has-text-align-center\" data-align=\"center\">2<strong>.r<\/strong><\/th><th class=\"has-text-align-center\" data-align=\"center\">3<strong>.r<\/strong><\/th><th class=\"has-text-align-center\" data-align=\"center\">4<strong>.r<\/strong><\/th><\/tr><\/thead><tbody><tr><td class=\"has-text-align-center\" data-align=\"center\">Hrvatski jezik<\/td><td class=\"has-text-align-center\" data-align=\"center\">4<\/td><td class=\"has-text-align-center\" data-align=\"center\">4<\/td><td class=\"has-text-align-center\" data-align=\"center\">4<\/td><td class=\"has-text-align-center\" data-align=\"center\">4<\/td><\/tr><tr><td class=\"has-text-align-center\" data-align=\"center\">I. strani jezik<\/td><td class=\"has-text-align-center\" data-align=\"center\">4<\/td><td class=\"has-text-align-center\" data-align=\"center\">4<\/td><td class=\"has-text-align-center\" data-align=\"center\">4<\/td><td class=\"has-text-align-center\" data-align=\"center\">4<\/td><\/tr><tr><td class=\"has-text-align-center\" data-align=\"center\">II. strani jezik<\/td><td class=\"has-text-align-center\" data-align=\"center\">3<\/td><td class=\"has-text-align-center\" data-align=\"center\">3<\/td><td class=\"has-text-align-center\" data-align=\"center\">3<\/td><td class=\"has-text-align-center\" data-align=\"center\">3<\/td><\/tr><tr><td class=\"has-text-align-center\" data-align=\"center\">Latinski jezik<\/td><td class=\"has-text-align-center\" data-align=\"center\">2<\/td><td class=\"has-text-align-center\" data-align=\"center\">2<\/td><td class=\"has-text-align-center\" data-align=\"center\">&#8211;<\/td><td class=\"has-text-align-center\" data-align=\"center\">&#8211;<\/td><\/tr><\/tbody><\/table><\/figure>\n\n\n\n<figure class=\"wp-block-table is-style-regular\"><table class=\"has-vivid-red-background-color has-background\"><thead><tr><th class=\"has-text-align-center\" data-align=\"center\"><strong>MATEMATI\u010cKO PODRU\u010cJE<\/strong><\/th><th class=\"has-text-align-center\" data-align=\"center\"><strong>1.r<\/strong><\/th><th class=\"has-text-align-center\" data-align=\"center\">2<strong>.r<\/strong><\/th><th class=\"has-text-align-center\" data-align=\"center\">3<strong>.r<\/strong><\/th><th class=\"has-text-align-center\" data-align=\"center\">4<strong>.r<\/strong><\/th><\/tr><\/thead><tbody><tr><td class=\"has-text-align-center\" data-align=\"center\">Matematika<\/td><td class=\"has-text-align-center\" data-align=\"center\">3<\/td><td class=\"has-text-align-center\" data-align=\"center\">3<\/td><td class=\"has-text-align-center\" data-align=\"center\">3<\/td><td class=\"has-text-align-center\" data-align=\"center\">3<\/td><\/tr><\/tbody><\/table><\/figure>\n\n\n\n<figure class=\"wp-block-table\"><table><thead><tr><th class=\"has-text-align-center\" data-align=\"center\">PRIRODOSLOVNO PODRU\u010cJE<\/th><th class=\"has-text-align-center\" data-align=\"center\"><strong>1.r<\/strong><\/th><th class=\"has-text-align-center\" data-align=\"center\">2<strong>.r<\/strong><\/th><th class=\"has-text-align-center\" data-align=\"center\">3<strong>.r<\/strong><\/th><th class=\"has-text-align-center\" data-align=\"center\">4<strong>.r<\/strong><\/th><\/tr><\/thead><tbody><tr><td class=\"has-text-align-center\" data-align=\"center\">Geografija<\/td><td class=\"has-text-align-center\" data-align=\"center\">2<\/td><td class=\"has-text-align-center\" data-align=\"center\">2<\/td><td class=\"has-text-align-center\" data-align=\"center\">1<\/td><td class=\"has-text-align-center\" data-align=\"center\">2<\/td><\/tr><tr><td class=\"has-text-align-center\" data-align=\"center\">Fizika<\/td><td class=\"has-text-align-center\" data-align=\"center\">2<\/td><td class=\"has-text-align-center\" data-align=\"center\">2<\/td><td class=\"has-text-align-center\" data-align=\"center\">1<\/td><td class=\"has-text-align-center\" data-align=\"center\">1<\/td><\/tr><tr><td class=\"has-text-align-center\" data-align=\"center\">Biologija<\/td><td class=\"has-text-align-center\" data-align=\"center\">2<\/td><td class=\"has-text-align-center\" data-align=\"center\">2<\/td><td class=\"has-text-align-center\" data-align=\"center\">1<\/td><td class=\"has-text-align-center\" data-align=\"center\">1<\/td><\/tr><tr><td class=\"has-text-align-center\" data-align=\"center\">Kemija<\/td><td class=\"has-text-align-center\" data-align=\"center\">2<\/td><td class=\"has-text-align-center\" data-align=\"center\">2<\/td><td class=\"has-text-align-center\" data-align=\"center\">1<\/td><td class=\"has-text-align-center\" data-align=\"center\">1<\/td><\/tr><\/tbody><\/table><\/figure>\n\n\n\n<figure class=\"wp-block-table is-style-regular\"><table><thead><tr><th class=\"has-text-align-center\" data-align=\"center\"><strong>TEHNI\u010cKO I INFORATI\u010cKO PODRU\u010cJE<\/strong><\/th><th class=\"has-text-align-center\" data-align=\"center\"><strong>1.r<\/strong><\/th><th class=\"has-text-align-center\" data-align=\"center\">2<strong>.r<\/strong><\/th><th class=\"has-text-align-center\" data-align=\"center\">3<strong>.r<\/strong><\/th><th class=\"has-text-align-center\" data-align=\"center\">4<strong>.r<\/strong><\/th><\/tr><\/thead><tbody><tr><td class=\"has-text-align-center\" data-align=\"center\">Informatika<\/td><td class=\"has-text-align-center\" data-align=\"center\">1<\/td><td class=\"has-text-align-center\" data-align=\"center\">1<\/td><td class=\"has-text-align-center\" data-align=\"center\">&#8211;<\/td><td class=\"has-text-align-center\" data-align=\"center\">&#8211;<\/td><\/tr><\/tbody><\/table><\/figure>\n\n\n\n<figure class=\"wp-block-table\"><table><thead><tr><th class=\"has-text-align-center\" data-align=\"center\">DRU\u0160TVENO &#8211; HUMANISTI\u010cKO PODRU\u010cJE<\/th><th class=\"has-text-align-center\" data-align=\"center\"><strong>1.r<\/strong><\/th><th class=\"has-text-align-center\" data-align=\"center\">2<strong>.r<\/strong><\/th><th class=\"has-text-align-center\" data-align=\"center\">3<strong>.r<\/strong><\/th><th class=\"has-text-align-center\" data-align=\"center\">4<strong>.r<\/strong><\/th><\/tr><\/thead><tbody><tr><td class=\"has-text-align-center\" data-align=\"center\">Povijest<\/td><td class=\"has-text-align-center\" data-align=\"center\">2<\/td><td class=\"has-text-align-center\" data-align=\"center\">2<\/td><td class=\"has-text-align-center\" data-align=\"center\">2<\/td><td class=\"has-text-align-center\" data-align=\"center\">2<\/td><\/tr><tr><td class=\"has-text-align-center\" data-align=\"center\">Psihologija<\/td><td class=\"has-text-align-center\" data-align=\"center\">&#8211;<\/td><td class=\"has-text-align-center\" data-align=\"center\">&#8211;<\/td><td class=\"has-text-align-center\" data-align=\"center\">2<\/td><td class=\"has-text-align-center\" data-align=\"center\">&#8211;<\/td><\/tr><tr><td class=\"has-text-align-center\" data-align=\"center\">Logika<\/td><td class=\"has-text-align-center\" data-align=\"center\">&#8211;<\/td><td class=\"has-text-align-center\" data-align=\"center\">&#8211;<\/td><td class=\"has-text-align-center\" data-align=\"center\">1<\/td><td class=\"has-text-align-center\" data-align=\"center\">&#8211;<\/td><\/tr><tr><td class=\"has-text-align-center\" data-align=\"center\">Sociologija<\/td><td class=\"has-text-align-center\" data-align=\"center\">&#8211;<\/td><td class=\"has-text-align-center\" data-align=\"center\">&#8211;<\/td><td class=\"has-text-align-center\" data-align=\"center\">1<\/td><td class=\"has-text-align-center\" data-align=\"center\">&#8211;<\/td><\/tr><tr><td class=\"has-text-align-center\" data-align=\"center\">Filozofija<\/td><td class=\"has-text-align-center\" data-align=\"center\">&#8211;<\/td><td class=\"has-text-align-center\" data-align=\"center\">&#8211;<\/td><td class=\"has-text-align-center\" data-align=\"center\">&#8211;<\/td><td class=\"has-text-align-center\" data-align=\"center\">2<\/td><\/tr><tr><td class=\"has-text-align-center\" data-align=\"center\">Politika i gospodarstvo<\/td><td class=\"has-text-align-center\" data-align=\"center\">&#8211;<\/td><td class=\"has-text-align-center\" data-align=\"center\">&#8211;<\/td><td class=\"has-text-align-center\" data-align=\"center\">&#8211;<\/td><td class=\"has-text-align-center\" data-align=\"center\">1<\/td><\/tr><\/tbody><\/table><\/figure>\n\n\n\n<figure class=\"wp-block-table\"><table><thead><tr><th class=\"has-text-align-center\" data-align=\"center\">UMJETNI\u010cKO PODRU\u010cJE<\/th><th class=\"has-text-align-center\" data-align=\"center\"><strong>1.r<\/strong><\/th><th class=\"has-text-align-center\" data-align=\"center\">2<strong>.r<\/strong><\/th><th class=\"has-text-align-center\" data-align=\"center\">3<strong>.r<\/strong><\/th><th class=\"has-text-align-center\" data-align=\"center\">4<strong>.r<\/strong><\/th><\/tr><\/thead><tbody><tr><td class=\"has-text-align-center\" data-align=\"center\">Glazbena umjetnost<\/td><td class=\"has-text-align-center\" data-align=\"center\">1<\/td><td class=\"has-text-align-center\" data-align=\"center\">1<\/td><td class=\"has-text-align-center\" data-align=\"center\">1<\/td><td class=\"has-text-align-center\" data-align=\"center\">1<\/td><\/tr><tr><td class=\"has-text-align-center\" data-align=\"center\">Likovna umjetnost<\/td><td class=\"has-text-align-center\" data-align=\"center\">1<\/td><td class=\"has-text-align-center\" data-align=\"center\">1<\/td><td class=\"has-text-align-center\" data-align=\"center\">1<\/td><td class=\"has-text-align-center\" data-align=\"center\">1<\/td><\/tr><tr><td class=\"has-text-align-center\" data-align=\"center\">Filmska umjetnost<\/td><td class=\"has-text-align-center\" data-align=\"center\">1<\/td><td class=\"has-text-align-center\" data-align=\"center\">1<\/td><td class=\"has-text-align-center\" data-align=\"center\">1<\/td><td class=\"has-text-align-center\" data-align=\"center\">1<\/td><\/tr><tr><td class=\"has-text-align-center\" data-align=\"center\">Scenska umjetnost<\/td><td class=\"has-text-align-center\" data-align=\"center\">&#8211;<\/td><td class=\"has-text-align-center\" data-align=\"center\">&#8211;<\/td><td class=\"has-text-align-center\" data-align=\"center\">1<\/td><td class=\"has-text-align-center\" data-align=\"center\">1<\/td><\/tr><tr><td class=\"has-text-align-center\" data-align=\"center\">Medijska kultura<\/td><td class=\"has-text-align-center\" data-align=\"center\">&#8211;<\/td><td class=\"has-text-align-center\" data-align=\"center\">&#8211;<\/td><td class=\"has-text-align-center\" data-align=\"center\">1<\/td><td class=\"has-text-align-center\" data-align=\"center\">1<\/td><\/tr><\/tbody><\/table><\/figure>\n\n\n\n<figure class=\"wp-block-table\"><table><thead><tr><th class=\"has-text-align-center\" data-align=\"center\">TJELESNO I ZDRAVTSVENO PODRU\u010cJE<\/th><th class=\"has-text-align-center\" data-align=\"center\"><strong>1.r<\/strong><\/th><th class=\"has-text-align-center\" data-align=\"center\">2<strong>.r<\/strong><\/th><th class=\"has-text-align-center\" data-align=\"center\">3<strong>.r<\/strong><\/th><th class=\"has-text-align-center\" data-align=\"center\">4<strong>.r<\/strong><\/th><\/tr><\/thead><tbody><tr><td class=\"has-text-align-center\" data-align=\"center\">Tjelesna i zdravstvena kultura<\/td><td class=\"has-text-align-center\" data-align=\"center\">2<\/td><td class=\"has-text-align-center\" data-align=\"center\">2<\/td><td class=\"has-text-align-center\" data-align=\"center\">2<\/td><td class=\"has-text-align-center\" data-align=\"center\">2<\/td><\/tr><\/tbody><\/table><\/figure>\n\n\n\n<p>Programi <span style=\"color: #0000ff;\"><strong>Izborne nastave<\/strong><\/span> nude u\u010denicima zadovoljavanje njihovih pojedina\u010dnih interesa za pojedina podru\u010dja, \u0161to je u funkciji pripreme za nastavak \u0161kolovanja.<\/p>\n\n\n\n<figure class=\"wp-block-table\"><table><thead><tr><th class=\"has-text-align-center\" data-align=\"center\">IZBORNI PREDMETI<\/th><th class=\"has-text-align-center\" data-align=\"center\"><strong>1.r<\/strong><\/th><th class=\"has-text-align-center\" data-align=\"center\">2<strong>.r<\/strong><\/th><th class=\"has-text-align-center\" data-align=\"center\">3<strong>.r<\/strong><\/th><th class=\"has-text-align-center\" data-align=\"center\">4<strong>.r<\/strong><\/th><\/tr><\/thead><tbody><tr><td class=\"has-text-align-center\" data-align=\"center\">Etika\/Vjeronauk<\/td><td class=\"has-text-align-center\" data-align=\"center\">1<\/td><td class=\"has-text-align-center\" data-align=\"center\">1<\/td><td class=\"has-text-align-center\" data-align=\"center\">1<\/td><td class=\"has-text-align-center\" data-align=\"center\">1<\/td><\/tr><tr><td class=\"has-text-align-center\" data-align=\"center\">Vizualne umjetnosti<\/td><td class=\"has-text-align-center\" data-align=\"center\">1<\/td><td class=\"has-text-align-center\" data-align=\"center\">1<\/td><td class=\"has-text-align-center\" data-align=\"center\">1<\/td><td class=\"has-text-align-center\" data-align=\"center\">1<\/td><\/tr><tr><td class=\"has-text-align-center\" data-align=\"center\">Kultura zdravlja<\/td><td class=\"has-text-align-center\" data-align=\"center\">1<\/td><td class=\"has-text-align-center\" data-align=\"center\">1<\/td><td class=\"has-text-align-center\" data-align=\"center\">1<\/td><td class=\"has-text-align-center\" data-align=\"center\">1<\/td><\/tr><tr><td class=\"has-text-align-center\" data-align=\"center\">Marketing u kulturi<\/td><td class=\"has-text-align-center\" data-align=\"center\">&#8211;<\/td><td class=\"has-text-align-center\" data-align=\"center\">&#8211;<\/td><td class=\"has-text-align-center\" data-align=\"center\">1<\/td><td class=\"has-text-align-center\" data-align=\"center\">1<\/td><\/tr><tr><td class=\"has-text-align-center\" data-align=\"center\">Glazbena umjetnost<\/td><td class=\"has-text-align-center\" data-align=\"center\">&#8211;<\/td><td class=\"has-text-align-center\" data-align=\"center\">&#8211;<\/td><td class=\"has-text-align-center\" data-align=\"center\">1<\/td><td class=\"has-text-align-center\" data-align=\"center\">1<\/td><\/tr><tr><td class=\"has-text-align-center\" data-align=\"center\">Prirodoslovlje<\/td><td class=\"has-text-align-center\" data-align=\"center\">&#8211;<\/td><td class=\"has-text-align-center\" data-align=\"center\">&#8211;<\/td><td class=\"has-text-align-center\" data-align=\"center\">1<\/td><td class=\"has-text-align-center\" data-align=\"center\">1<\/td><\/tr><\/tbody><\/table><\/figure>\n\n\n\n<p><strong><span style=\"color: #0000ff;\">Fakultativna nastava<\/span><\/strong> stvara mogu\u0107nosti stvarala\u010dkog djelovanja u\u010denika u kreativnim radionicama: likovna, filmska, scenska, plesna, govorni\u0161tvo, kaligrafija, fotografija, itd.<\/p>\n\n\n\n<p>Detaljnije obavijesti o radionicama mo\u017eete prona\u0107i <a title=\"Radionice\" href=\"https:\/\/pug.hr\/gimnazija\/radionice\/\" target=\"_blank\" rel=\"noopener\">na njihovim stranicama.<\/a><\/p>\n\n\n\n<p><span style=\"color: #ff0000;\"><a href=\"http:\/\/www.pug.hr\/02_nastavni_plan2.html\">Za brzu usporedbu na\u0161eg Nastavnog plana umjetni\u010dke gimnazije s planovima op\u0107e i jezi\u010dne gimnazije pogledajte ovaj informativni prikaz<\/a><\/span><\/p>\n\n\n\n<p><\/p>\n","protected":false},"excerpt":{"rendered":"<p>Nastavni plan Privatne umjetni\u010dke gimnazije potvr\u0111uje model UMJETNI\u010cKE gimnazije u kojem su, uz&#8230;<\/p>\n","protected":false},"author":1,"featured_media":0,"parent":6,"menu_order":0,"comment_status":"open","ping_status":"open","template":"","meta":{"ngg_post_thumbnail":0,"jetpack_post_was_ever_published":false,"footnotes":""},"class_list":["post-40","page","type-page","status-publish","hentry"],"jetpack_sharing_enabled":true,"jetpack_shortlink":"https:\/\/wp.me\/P2cktY-E","_links":{"self":[{"href":"https:\/\/pug.hr\/gimnazija\/wp-json\/wp\/v2\/pages\/40","targetHints":{"allow":["GET"]}}],"collection":[{"href":"https:\/\/pug.hr\/gimnazija\/wp-json\/wp\/v2\/pages"}],"about":[{"href":"https:\/\/pug.hr\/gimnazija\/wp-json\/wp\/v2\/types\/page"}],"author":[{"embeddable":true,"href":"https:\/\/pug.hr\/gimnazija\/wp-json\/wp\/v2\/users\/1"}],"replies":[{"embeddable":true,"href":"https:\/\/pug.hr\/gimnazija\/wp-json\/wp\/v2\/comments?post=40"}],"version-history":[{"count":4,"href":"https:\/\/pug.hr\/gimnazija\/wp-json\/wp\/v2\/pages\/40\/revisions"}],"predecessor-version":[{"id":8238,"href":"https:\/\/pug.hr\/gimnazija\/wp-json\/wp\/v2\/pages\/40\/revisions\/8238"}],"up":[{"embeddable":true,"href":"https:\/\/pug.hr\/gimnazija\/wp-json\/wp\/v2\/pages\/6"}],"wp:attachment":[{"href":"https:\/\/pug.hr\/gimnazija\/wp-json\/wp\/v2\/media?parent=40"}],"curies":[{"name":"wp","href":"https:\/\/api.w.org\/{rel}","templated":true}]}}