{"id":4,"date":"2012-02-08T06:52:49","date_gmt":"2012-02-08T06:52:49","guid":{"rendered":"http:\/\/www.pug.hr\/gimnazija\/?page_id=4"},"modified":"2017-04-28T19:04:55","modified_gmt":"2017-04-28T17:04:55","slug":"o-gimnaziji","status":"publish","type":"page","link":"https:\/\/pug.hr\/gimnazija\/o-gimnaziji\/","title":{"rendered":"O gimnaziji"},"content":{"rendered":"<h2><img loading=\"lazy\" decoding=\"async\" class=\"aligncenter wp-image-174\" src=\"https:\/\/pug.hr\/gimnazija\/wp-content\/uploads\/2012\/02\/Line-300x8.jpg\" alt=\"\" width=\"625\" height=\"8\" \/><\/h2>\n<figure id=\"attachment_131\" aria-describedby=\"caption-attachment-131\" style=\"width: 65px\" class=\"wp-caption alignleft\"><a title=\"Za\u0161to upisati PUG?\" href=\"https:\/\/pug.hr\/gimnazija\/o-gimnaziji\/zasto-upisati-pug\/\" target=\"_blank\"><img loading=\"lazy\" decoding=\"async\" class=\"size-full wp-image-131\" title=\"zasto_pug\" src=\"https:\/\/pug.hr\/gimnazija\/wp-content\/uploads\/2012\/02\/zasto_pug.jpg\" alt=\"Za\u0161to upisati privatnu gimnaziju\" width=\"65\" height=\"67\" \/><\/a><figcaption id=\"caption-attachment-131\" class=\"wp-caption-text\">Za\u0161to PUG?<\/figcaption><\/figure>\n<h2><a title=\"Za\u0161to upisati PUG?\" href=\"https:\/\/pug.hr\/gimnazija\/o-gimnaziji\/zasto-upisati-pug\/\">Za\u0161to upisati PUG?<\/a><\/h2>\n<p>Nekoliko je mogu\u0107ih odgovora na ovo va\u017eno pitanje. Predla\u017eemo da ih pogledate\u00a0<strong><a title=\"Za\u0161to upisati PUG\" href=\"https:\/\/pug.hr\/gimnazija\/upisi\/zasto-upisati-pug\/\" target=\"_blank\">ovdje<\/a><\/strong>.<\/p>\n<p style=\"text-align: center;\"><img loading=\"lazy\" decoding=\"async\" class=\"aligncenter wp-image-174\" src=\"https:\/\/pug.hr\/gimnazija\/wp-content\/uploads\/2012\/02\/Line-300x8.jpg\" alt=\"\" width=\"625\" height=\"8\" \/><\/p>\n<h2><a title=\"Osniva\u010dica\" href=\"https:\/\/pug.hr\/gimnazija\/o-gimnaziji\/osnivacica\/\" target=\"_blank\"><img loading=\"lazy\" decoding=\"async\" class=\"alignright wp-image-132\" title=\"drKajic\" src=\"https:\/\/pug.hr\/gimnazija\/wp-content\/uploads\/2012\/02\/drKajic.jpg\" alt=\"Dr. sc. R. Kaji\u0107.\" width=\"81\" height=\"117\" \/><\/a><a title=\"Osniva\u010dica\" href=\"https:\/\/pug.hr\/gimnazija\/o-gimnaziji\/osnivacica\/\">Osniva\u010dica i po\u010dasna ravnateljica gimnazije<\/a><\/h2>\n<p style=\"text-align: justify;\">\u017divotopis dr. sc. Rasime Kaji\u0107, osniva\u010dice i po\u010dasne ravnateljice Privatne umjetni\u010dke gimnazije prona\u0111ite\u00a0<strong><a title=\"Osniva\u010dica\" href=\"https:\/\/pug.hr\/gimnazija\/o-gimnaziji\/osnivacica\/\">ovdje<\/a><\/strong>.<\/p>\n<p style=\"text-align: center;\"><img loading=\"lazy\" decoding=\"async\" class=\"aligncenter wp-image-174\" src=\"https:\/\/pug.hr\/gimnazija\/wp-content\/uploads\/2012\/02\/Line-300x8.jpg\" alt=\"\" width=\"625\" height=\"8\" \/><\/p>\n<h2><a title=\"Osniva\u010dica\" href=\"https:\/\/pug.hr\/gimnazija\/o-gimnaziji\/ravnateljica\/\"><br \/>\nRavnateljica gimnazije<\/a><\/h2>\n<p style=\"text-align: justify;\">Tea Hofmann, prof. ravnateljica je Privatne umjetni\u010dke gimnazije od 2015. godine, a njen \u017eivotopis prona\u0111ite <strong><a title=\"Osniva\u010dica\" href=\"https:\/\/pug.hr\/gimnazija\/o-gimnaziji\/ravnateljica\/\">ovdje<\/a><\/strong>.<a href=\"https:\/\/pug.hr\/gimnazija\/wp-content\/uploads\/2016\/11\/Tea.jpg\" rel=\"attachment wp-att-5589\"><img loading=\"lazy\" decoding=\"async\" class=\"wp-image-5589 alignright\" src=\"https:\/\/pug.hr\/gimnazija\/wp-content\/uploads\/2016\/11\/Tea.jpg\" alt=\"tea\" width=\"101\" height=\"101\" srcset=\"https:\/\/pug.hr\/gimnazija\/wp-content\/uploads\/2016\/11\/Tea.jpg 960w, https:\/\/pug.hr\/gimnazija\/wp-content\/uploads\/2016\/11\/Tea-150x150.jpg 150w, https:\/\/pug.hr\/gimnazija\/wp-content\/uploads\/2016\/11\/Tea-300x300.jpg 300w, https:\/\/pug.hr\/gimnazija\/wp-content\/uploads\/2016\/11\/Tea-768x768.jpg 768w\" sizes=\"auto, (max-width: 101px) 100vw, 101px\" \/><\/a><\/p>\n<p style=\"text-align: center;\"><img loading=\"lazy\" decoding=\"async\" class=\"aligncenter wp-image-174\" src=\"https:\/\/pug.hr\/gimnazija\/wp-content\/uploads\/2012\/02\/Line-300x8.jpg\" alt=\"\" width=\"625\" height=\"8\" \/><\/p>\n<p><img loading=\"lazy\" decoding=\"async\" class=\" wp-image-180 alignleft\" src=\"https:\/\/pug.hr\/gimnazija\/wp-content\/uploads\/2012\/02\/Logo-150x150.jpg\" alt=\"\" width=\"80\" height=\"80\" srcset=\"https:\/\/pug.hr\/gimnazija\/wp-content\/uploads\/2012\/02\/Logo-150x150.jpg 150w, https:\/\/pug.hr\/gimnazija\/wp-content\/uploads\/2012\/02\/Logo-300x300.jpg 300w, https:\/\/pug.hr\/gimnazija\/wp-content\/uploads\/2012\/02\/Logo.jpg 695w\" sizes=\"auto, (max-width: 80px) 100vw, 80px\" \/><\/p>\n<h2><a title=\"Misija\" href=\"https:\/\/pug.hr\/gimnazija\/o-gimnaziji\/misija\/\">Misija<\/a><\/h2>\n<p>Kako mi vidimo razloge svojeg postojanja mo\u017eete pro\u010ditati <strong><a title=\"Misija\" href=\"https:\/\/pug.hr\/gimnazija\/o-gimnaziji\/misija\/\">ovdje<\/a><\/strong>.<\/p>\n<h2 style=\"text-align: left;\"><img loading=\"lazy\" decoding=\"async\" class=\"aligncenter wp-image-174\" src=\"https:\/\/pug.hr\/gimnazija\/wp-content\/uploads\/2012\/02\/Line-300x8.jpg\" alt=\"\" width=\"625\" height=\"8\" \/><img loading=\"lazy\" decoding=\"async\" class=\"alignright wp-image-190\" src=\"https:\/\/pug.hr\/gimnazija\/wp-content\/uploads\/2012\/02\/12pcsve-150x150.jpg\" alt=\"\" width=\"120\" height=\"120\" \/> <a title=\"Prostori\" href=\"https:\/\/pug.hr\/gimnazija\/o-gimnaziji\/prostori\/\">Prostori<\/a><\/h2>\n<p style=\"text-align: justify;\">Ponosni smo na na\u0161e nove razrede u Gunduli\u0107evoj 55 koje mo\u017eete razgledati <strong><a title=\"Prostori\" href=\"https:\/\/pug.hr\/gimnazija\/o-gimnaziji\/prostori\/\">ovdje<\/a><\/strong>.<\/p>\n<p style=\"text-align: center;\"><img loading=\"lazy\" decoding=\"async\" class=\"aligncenter wp-image-174\" src=\"https:\/\/pug.hr\/gimnazija\/wp-content\/uploads\/2012\/02\/Line-300x8.jpg\" alt=\"\" width=\"625\" height=\"8\" \/><\/p>\n<h2><a title=\"Lokacija\" href=\"https:\/\/pug.hr\/gimnazija\/o-gimnaziji\/lokacija\/\"><img loading=\"lazy\" decoding=\"async\" class=\"alignleft wp-image-196\" title=\"Karta thumb\" src=\"https:\/\/pug.hr\/gimnazija\/wp-content\/uploads\/2012\/02\/Karta-thumb-150x150.jpg\" alt=\"\" width=\"120\" height=\"120\" \/><\/a><\/h2>\n<h2><a title=\"Lokacija\" href=\"https:\/\/pug.hr\/gimnazija\/o-gimnaziji\/lokacija\/\">Lokacija<\/a><\/h2>\n<p>Gdje smo, kako \u0107ete nas prona\u0107i i gdje se kre\u0107emo u gradu Zagrebu saznajte <strong><a title=\"Lokacija\" href=\"https:\/\/pug.hr\/gimnazija\/o-gimnaziji\/lokacija\/\">ovdje<\/a><\/strong>.<\/p>\n<p style=\"text-align: center;\"><img loading=\"lazy\" decoding=\"async\" class=\"aligncenter \u00a0wp-image-174\" src=\"https:\/\/pug.hr\/gimnazija\/wp-content\/uploads\/2012\/02\/Line-300x8.jpg\" alt=\"\" width=\"625\" height=\"8\" \/><\/p>\n<h2><a title=\"Ku\u0107ni red\" href=\"https:\/\/pug.hr\/gimnazija\/o-gimnaziji\/kucni-red\/\">Ku\u0107ni red<\/a><a title=\"Ku\u0107ni red\" href=\"https:\/\/pug.hr\/gimnazija\/o-gimnaziji\/kucni-red\/\"><img loading=\"lazy\" decoding=\"async\" class=\"alignright wp-image-211\" title=\"Znakovi\" src=\"https:\/\/pug.hr\/gimnazija\/wp-content\/uploads\/2012\/02\/Znakovi-150x150.jpg\" alt=\"\" width=\"120\" height=\"120\" \/><\/a><\/h2>\n<p>Neke naglaske iz pravila pona\u0161anja u PUG-u mo\u017eete prona\u0107i <strong><a title=\"Ku\u0107ni red\" href=\"https:\/\/pug.hr\/gimnazija\/o-gimnaziji\/kucni-red\/\">ovdje<\/a><\/strong>.<\/p>\n<p>&nbsp;<\/p>\n<p>&nbsp;<\/p>\n","protected":false},"excerpt":{"rendered":"<p>Za\u0161to upisati PUG? Nekoliko je mogu\u0107ih odgovora na ovo va\u017eno pitanje. Predla\u017eemo da&#8230;<\/p>\n","protected":false},"author":1,"featured_media":0,"parent":0,"menu_order":0,"comment_status":"open","ping_status":"open","template":"","meta":{"ngg_post_thumbnail":0,"jetpack_post_was_ever_published":false,"footnotes":""},"class_list":["post-4","page","type-page","status-publish","hentry"],"jetpack_sharing_enabled":true,"jetpack_shortlink":"https:\/\/wp.me\/P2cktY-4","_links":{"self":[{"href":"https:\/\/pug.hr\/gimnazija\/wp-json\/wp\/v2\/pages\/4","targetHints":{"allow":["GET"]}}],"collection":[{"href":"https:\/\/pug.hr\/gimnazija\/wp-json\/wp\/v2\/pages"}],"about":[{"href":"https:\/\/pug.hr\/gimnazija\/wp-json\/wp\/v2\/types\/page"}],"author":[{"embeddable":true,"href":"https:\/\/pug.hr\/gimnazija\/wp-json\/wp\/v2\/users\/1"}],"replies":[{"embeddable":true,"href":"https:\/\/pug.hr\/gimnazija\/wp-json\/wp\/v2\/comments?post=4"}],"version-history":[{"count":5,"href":"https:\/\/pug.hr\/gimnazija\/wp-json\/wp\/v2\/pages\/4\/revisions"}],"predecessor-version":[{"id":6206,"href":"https:\/\/pug.hr\/gimnazija\/wp-json\/wp\/v2\/pages\/4\/revisions\/6206"}],"wp:attachment":[{"href":"https:\/\/pug.hr\/gimnazija\/wp-json\/wp\/v2\/media?parent=4"}],"curies":[{"name":"wp","href":"https:\/\/api.w.org\/{rel}","templated":true}]}}