{"id":36,"date":"2012-02-08T07:03:17","date_gmt":"2012-02-08T07:03:17","guid":{"rendered":"http:\/\/www.pug.hr\/gimnazija\/?page_id=36"},"modified":"2012-03-11T19:46:33","modified_gmt":"2012-03-11T18:46:33","slug":"kucni-red","status":"publish","type":"page","link":"https:\/\/pug.hr\/gimnazija\/o-gimnaziji\/kucni-red\/","title":{"rendered":"Ku\u0107ni red"},"content":{"rendered":"<p>Ovdje donosimo kratki pregled nekih odredbi iz Pravilnika o ku\u0107nom redu.<\/p>\n<p style=\"text-align: center;\">(&#8230;)<\/p>\n<p align=\"center\"><strong>\u010clanak 4.<\/strong><\/p>\n<p style=\"text-align: justify;\">U\u010denici, zaposlenici Gimnazije te druge osobe mogu boraviti u prostoru Gimnazije samo tijekom radnog vremena Gimnazije.<\/p>\n<p style=\"text-align: center;\" align=\"center\"><img loading=\"lazy\" decoding=\"async\" class=\"aligncenter  wp-image-227\" src=\"https:\/\/pug.hr\/gimnazija\/wp-content\/uploads\/2012\/02\/Prvih5.jpg\" alt=\"\" width=\"575\" height=\"118\" srcset=\"https:\/\/pug.hr\/gimnazija\/wp-content\/uploads\/2012\/02\/Prvih5.jpg 719w, https:\/\/pug.hr\/gimnazija\/wp-content\/uploads\/2012\/02\/Prvih5-300x61.jpg 300w\" sizes=\"auto, (max-width: 575px) 100vw, 575px\" \/><\/p>\n<p align=\"center\"><strong>\u010clanak 5.<\/strong><\/p>\n<p>U\u010denicima Gimnazije nije dozvoljeno:<\/p>\n<ul>\n<li>pu\u0161enje<\/li>\n<li>no\u0161enje oru\u017eja<\/li>\n<li>pisanje po zidovima i inventaru Gimnazije<\/li>\n<li>bacanje izvan ko\u0161eva za otpatke papira,\u00a0 guma za \u017evakanje i sl.<\/li>\n<li>uno\u0161enje i konzumiranje alkohola i narkoti\u010dnih sredstava<\/li>\n<li>uno\u0161enje sredstava, opreme i ure\u0111aja koji mogu izazvati po\u017ear ili eksploziju<\/li>\n<li>igranje igara na sre\u0107u i sve vrste kartanja<\/li>\n<li>uno\u0161enje tiskovina nepo\u0107udnog sadr\u017eaja.<\/li>\n<\/ul>\n<p>U\u010denici ne smiju bez odobrenja ravnatelja dovoditi u Gimnaziju strane osobe.<\/p>\n<p>Svim osobama zabranjeno je dovoditi \u017eivotinje u prostorije i okoli\u0161 Gimnazije.<span style=\"text-align: center;\">\u00a0<\/span><span style=\"text-align: center;\">\u00a0<\/span><\/p>\n<p style=\"text-align: center;\"><img loading=\"lazy\" decoding=\"async\" class=\"aligncenter  wp-image-228\" src=\"https:\/\/pug.hr\/gimnazija\/wp-content\/uploads\/2012\/02\/Drugih5.jpg\" alt=\"\" width=\"576\" height=\"127\" srcset=\"https:\/\/pug.hr\/gimnazija\/wp-content\/uploads\/2012\/02\/Drugih5.jpg 720w, https:\/\/pug.hr\/gimnazija\/wp-content\/uploads\/2012\/02\/Drugih5-300x66.jpg 300w\" sizes=\"auto, (max-width: 576px) 100vw, 576px\" \/><\/p>\n<p style=\"text-align: center;\">\u00a0\u00a0<strong>\u010clanak 6.<\/strong><\/p>\n<p style=\"text-align: justify;\">Du\u017enost je radnika, u\u010denika i drugih osoba koje borave u Gimnaziji, skrbiti se o imovini Gimnazije prema na\u010delu dobroga gospodara.<\/p>\n<p align=\"center\"><strong>\u010clanak 7.<\/strong><\/p>\n<p style=\"text-align: justify;\">Radnici Gimnazije moraju se racionalno koristiti sredstvima Gimnazije koja su im stavljena na raspolaganje.<\/p>\n<p style=\"text-align: justify;\">Svaki uo\u010deni kvar na instalacijama elektri\u010dne struje, plina ili vodovoda, grijanja ili drugi kvar zaposlenici i u\u010denici obvezni su prijaviti de\u017eurnom nastavniku.<\/p>\n<p align=\"center\"><strong>\u010clanak 8.<\/strong><\/p>\n<p style=\"text-align: justify;\">Radnici i u\u010denici Gimnazije du\u017eni su se kulturno odnositi prema roditeljima i drugim osobama koje borave u Gimnaziji.<\/p>\n<p align=\"center\"><strong>\u010clanak 9.<\/strong><\/p>\n<p style=\"text-align: justify;\">Nakon isteka radnog vremena radnici su du\u017eni uredno pospremiti radne materijale, zatvoriti prozore, isklju\u010diti elektri\u010dne aparate i zaklju\u010dati radne prostorije.<\/p>\n<p style=\"text-align: center;\">\u00a0(&#8230;)<\/p>\n<p style=\"text-align: center;\"><strong>\u00a0<\/strong><strong>\u010clanak 15.<\/strong><\/p>\n<p style=\"text-align: justify;\">U\u010denici mogu boraviti u Gimnaziji u vrijeme odre\u0111eno za nastavu i ostale oblike obrazovnog rada.<\/p>\n<p style=\"text-align: justify;\">U\u010denik je du\u017ean do\u0107i u Gimnaziju najkasnije 10 minuta prije po\u010detka nastave, a napustiti Gimnaziju najkasnije 15 minuta nakon zavr\u0161etka \u0161kolskih obveza.<\/p>\n<p style=\"text-align: justify;\">Pri ulasku u zgradu i izlasku iz zgrade u\u010denici trebaju prednost prolaska dati starijim osobama.<\/p>\n<p style=\"text-align: center;\">\u00a0<strong>\u010clanak 16.<\/strong><\/p>\n<p>U\u010denik je du\u017ean:<\/p>\n<ul>\n<li>kulturno se pona\u0161ati za vrijeme boravka u Gimnaziji i izvan nje<\/li>\n<li>odr\u017eavati \u010distima\u00a0 i urednima\u00a0 prostore Gimnazije<\/li>\n<li>dolaziti uredan u Gimnaziju (primjerena odje\u0107a, frizura i dr.)<\/li>\n<li>nakon dolaska u Gimnaziju odjevne predmete i osobne stvari odlo\u017eiti na mjesto odre\u0111eno za tu namjenu<\/li>\n<li>mirno u\u0107i u u\u010dionicu najmanje pet minuta prije po\u010detka nastave\u00a0 i pripremiti se za rad<\/li>\n<li>prigodom ulaska nastavnika u u\u010dionicu ustati, ako nastavnik druk\u010dije ne odredi, te uz dopu\u0161tenje nastavnika sjesti<\/li>\n<li>u slu\u010daju ka\u0161njenja javiti se predmetnom nastavniku<\/li>\n<li>uljudno se odnositi prema nastavnicima i drugim radnicima Gimnazije<\/li>\n<li>nastavnike\u00a0 oslovljavati s <em>profesor<\/em>\/<em>profesorica.<\/em><\/li>\n<\/ul>\n<p style=\"text-align: center;\"><strong>\u00a0<\/strong><strong>\u00a0(&#8230;) \u00a0<\/strong><\/p>\n<p style=\"text-align: center;\">\u00a0<strong>\u010clanak 19.<\/strong><\/p>\n<p>Tijekom nastave u\u010denici ne smiju razgovarati, \u0161aptati, dovikivati se, prepirati i \u0161etati po razredu. U\u010denik koji \u017eeli ne\u0161to pitati ili priop\u0107iti, treba svoju namjeru pokazati dizanjem ruke. U\u010denik kojega je nastavnik prozvao, du\u017ean je ustati.<\/p>\n<p align=\"center\"><strong>\u010clanak 20.<\/strong><\/p>\n<p>Na nastavi u\u010denik ne smije koristiti mobitel, walkman i druge sli\u010dne ure\u0111aje.<\/p>\n<p align=\"center\"><strong>\u010clanak 21.<\/strong><\/p>\n<p>U\u010denici ne smiju bez dopu\u0161tenja ulaziti u zbornicu, ured ravnatelja i\u00a0 tajnika. Ako trebaju nastavnika, s njim mogu razgovarati u hodniku ili u prostoriji za roditelje.<\/p>\n<p align=\"center\"><strong>\u010clanak 22.<\/strong><\/p>\n<p>U\u010denici imaju izme\u0111u nastavnih sati pravo na male odmore, veliki odmor i odmor za ru\u010dak.<\/p>\n<p>Mali odmori traju pet minuta.\u00a0 Veliki odmor traje 10 minuta, a odmor za ru\u010dak 50 minuta.<\/p>\n<p>Za vrijeme malih odmora u\u010denici ne smiju napu\u0161tati zgradu, a za vrijeme velikog odmora mogu boraviti u okoli\u0161u Gimnazije.<strong>\u00a0<\/strong><\/p>\n<p align=\"center\"><strong>\u010clanak 23.<\/strong><\/p>\n<p>Kod napu\u0161tanja u\u010dionice u\u010denici moraju ponijeti svoje stvari.<\/p>\n<p>Gimnazija nije odgovorna za nestanak stvari i novca u\u010denika za vrijeme njihova boravka u Gimnaziji.<\/p>\n<p align=\"center\"><strong><strong>\u00a0<\/strong><strong>\u00a0(&#8230;) \u00a0<\/strong><\/strong><\/p>\n<p align=\"center\"><strong>\u010clanak 28.<\/strong><\/p>\n<p>U\u010denici su odgovorni za \u0161tetu koju u\u010dine na imovini Gimnazije prema op\u0107im propisima obveznog prava.<\/p>\n<p>&nbsp;<\/p>\n","protected":false},"excerpt":{"rendered":"<p>Ovdje donosimo kratki pregled nekih odredbi iz Pravilnika o ku\u0107nom redu. (&#8230;) \u010clanak&#8230;<\/p>\n","protected":false},"author":1,"featured_media":0,"parent":4,"menu_order":0,"comment_status":"open","ping_status":"open","template":"","meta":{"ngg_post_thumbnail":0,"jetpack_post_was_ever_published":false,"footnotes":""},"class_list":["post-36","page","type-page","status-publish","hentry"],"jetpack_sharing_enabled":true,"jetpack_shortlink":"https:\/\/wp.me\/P2cktY-A","_links":{"self":[{"href":"https:\/\/pug.hr\/gimnazija\/wp-json\/wp\/v2\/pages\/36","targetHints":{"allow":["GET"]}}],"collection":[{"href":"https:\/\/pug.hr\/gimnazija\/wp-json\/wp\/v2\/pages"}],"about":[{"href":"https:\/\/pug.hr\/gimnazija\/wp-json\/wp\/v2\/types\/page"}],"author":[{"embeddable":true,"href":"https:\/\/pug.hr\/gimnazija\/wp-json\/wp\/v2\/users\/1"}],"replies":[{"embeddable":true,"href":"https:\/\/pug.hr\/gimnazija\/wp-json\/wp\/v2\/comments?post=36"}],"version-history":[{"count":13,"href":"https:\/\/pug.hr\/gimnazija\/wp-json\/wp\/v2\/pages\/36\/revisions"}],"predecessor-version":[{"id":905,"href":"https:\/\/pug.hr\/gimnazija\/wp-json\/wp\/v2\/pages\/36\/revisions\/905"}],"up":[{"embeddable":true,"href":"https:\/\/pug.hr\/gimnazija\/wp-json\/wp\/v2\/pages\/4"}],"wp:attachment":[{"href":"https:\/\/pug.hr\/gimnazija\/wp-json\/wp\/v2\/media?parent=36"}],"curies":[{"name":"wp","href":"https:\/\/api.w.org\/{rel}","templated":true}]}}