{"id":32,"date":"2012-02-08T07:02:35","date_gmt":"2012-02-08T07:02:35","guid":{"rendered":"http:\/\/www.pug.hr\/gimnazija\/?page_id=32"},"modified":"2012-03-28T18:34:19","modified_gmt":"2012-03-28T16:34:19","slug":"prostori","status":"publish","type":"page","link":"https:\/\/pug.hr\/gimnazija\/o-gimnaziji\/prostori\/","title":{"rendered":"Prostori"},"content":{"rendered":"<p style=\"text-align: justify;\">Nastava se odr\u017eava, od rujna 2011. godine, u Gunduli\u0107evoj 55,\u00a0u secesijskoj zgradi\u00a0iz 1898. godine\u00a0koju je projektirao ugledni arhitekt Martin Pilar.<\/p>\n<p style=\"text-align: justify;\">ngg_shortcode_0_placeholder<\/p>\n<p style=\"text-align: justify;\">U vi\u0161e od 700 kvadrata prostora smje\u0161teno je 6 u\u010dionica i 5 kabineta, a nakon zavr\u0161etka obnove potkrovlja Gimnazija\u00a0\u0107e imati ukupno osam modernih u\u010dionica opremljenih suvremenom multimedijskom opremom i mogu\u0107no\u0161\u0107u be\u017ei\u010dnog pristupa internetu za sve u\u010denike i profesore.<\/p>\n<p style=\"text-align: justify;\">ngg_shortcode_1_placeholderTijekom obnove objekta zadr\u017eani su arhitektonski detalji karakteristi\u010dni za secesiju, a u\u010denici svojim kreacijama mijenjaju izgled \u0161kolskih prostora.<\/p>\n<p style=\"text-align: justify;\">Administrativno sjedi\u0161te Gimnazije je na Tu\u0161kancu 77\/I.<\/p>\n","protected":false},"excerpt":{"rendered":"<p>Nastava se odr\u017eava, od rujna 2011. godine, u Gunduli\u0107evoj 55,\u00a0u secesijskoj zgradi\u00a0iz 1898&#8230;.<\/p>\n","protected":false},"author":1,"featured_media":0,"parent":4,"menu_order":0,"comment_status":"open","ping_status":"open","template":"","meta":{"ngg_post_thumbnail":0,"jetpack_post_was_ever_published":false,"footnotes":""},"class_list":["post-32","page","type-page","status-publish","hentry"],"jetpack_sharing_enabled":true,"jetpack_shortlink":"https:\/\/wp.me\/P2cktY-w","_links":{"self":[{"href":"https:\/\/pug.hr\/gimnazija\/wp-json\/wp\/v2\/pages\/32","targetHints":{"allow":["GET"]}}],"collection":[{"href":"https:\/\/pug.hr\/gimnazija\/wp-json\/wp\/v2\/pages"}],"about":[{"href":"https:\/\/pug.hr\/gimnazija\/wp-json\/wp\/v2\/types\/page"}],"author":[{"embeddable":true,"href":"https:\/\/pug.hr\/gimnazija\/wp-json\/wp\/v2\/users\/1"}],"replies":[{"embeddable":true,"href":"https:\/\/pug.hr\/gimnazija\/wp-json\/wp\/v2\/comments?post=32"}],"version-history":[{"count":10,"href":"https:\/\/pug.hr\/gimnazija\/wp-json\/wp\/v2\/pages\/32\/revisions"}],"predecessor-version":[{"id":256,"href":"https:\/\/pug.hr\/gimnazija\/wp-json\/wp\/v2\/pages\/32\/revisions\/256"}],"up":[{"embeddable":true,"href":"https:\/\/pug.hr\/gimnazija\/wp-json\/wp\/v2\/pages\/4"}],"wp:attachment":[{"href":"https:\/\/pug.hr\/gimnazija\/wp-json\/wp\/v2\/media?parent=32"}],"curies":[{"name":"wp","href":"https:\/\/api.w.org\/{rel}","templated":true}]}}