{"id":25,"date":"2012-02-08T07:01:00","date_gmt":"2012-02-08T07:01:00","guid":{"rendered":"http:\/\/www.pug.hr\/gimnazija\/?page_id=25"},"modified":"2017-04-28T18:57:17","modified_gmt":"2017-04-28T16:57:17","slug":"osnivacica","status":"publish","type":"page","link":"https:\/\/pug.hr\/gimnazija\/o-gimnaziji\/osnivacica\/","title":{"rendered":"Osniva\u010dica i po\u010dasna ravnateljica"},"content":{"rendered":"<p style=\"text-align: justify;\"><img loading=\"lazy\" decoding=\"async\" class=\" wp-image-294 alignright\" src=\"https:\/\/pug.hr\/gimnazija\/wp-content\/uploads\/2012\/02\/drKajic1.jpg\" alt=\"\" width=\"140\" height=\"202\" \/>Dr.sc. Rasima Kaji\u0107, diplomirala je na Filozofskom fakultetu u Zagrebu (Hrvatski jezik i knji\u017eevnost i Povijest umjetnosti), magistrirala (Problemska nastava) i doktorirala (Povezivanje umjetnosti u nastavi) iz podru\u010dja filolo\u0161kih znanosti.<\/p>\n<p style=\"text-align: justify;\">Vi\u0161e od 10 godina bila je srednjo\u0161kolska profesorica (u IV. gimnaziji), zatim u Zavodu za \u0161kolstvo prosvjetna i sistemska savjetnica za hrvatski jezik i knjizevnost i likovnu umjetnost.<\/p>\n<p style=\"text-align: justify;\">Na Filozofskom fakultetu u Zagrebu bila je mentorica studentima Metodike knji\u017eevnosti, predava\u010dica kolegija Kultura govora za studente umjetni\u010dkih programa (likovne i glazbene umjetnosti), predava\u010dica kolegija Metodika filma za studente Kroatistike, predava\u010dica za postdiplomce Metodike knji\u017eevnosti (Problemska nastava i Korelacija me\u0111u umjetnostima).<\/p>\n<p style=\"text-align: justify;\">U Ministarstvu prosvjete, kulture i \u0161porta bila je zamjenica ministra i pomo\u0107nica ministra za obrazovanje u inozemstvu, a u Ministarstvu kulture ravnateljica Zavoda za kulturu i pomo\u0107nica ministra.<\/p>\n<p style=\"text-align: justify;\">Objavila je monografije: Problemska nastava i Povezivanje umjetnosti u nastavi, tridesetak stru\u010dnih i znanstvenih radova, ud\u017ebeni\u010dki tekst o filmskoj umjetnosti za srednje \u0161kole, izlagala je na nekoliko stru\u010dnih kongresa, i dr.<\/p>\n<p style=\"text-align: justify;\">Upisana je u Registar znanstvenih istra\u017eiva\u010da Republike Hrvatske, a u Hrvatskom filolo\u0161kom dru\u0161tvu bila je 14 godina pro\u010delnica Sekcije za nastavu.<\/p>\n<p style=\"text-align: justify;\">Od 2002. godine ravnateljica je Privatne umjetni\u010dke gimnazije koja je tijekom godina narasla od jednog razreda sa pet u\u010denika u dana\u0161nju Gimnaziju s pet razreda i vi\u0161e od stotinu\u00a0u\u010denika.<\/p>\n<p style=\"text-align: justify;\">Dr.sc. Rasima Kaji\u0107 po\u010dasna je ravnateljica Privatne umjetni\u010dke gimnazije od 2015. godine.<\/p>\n","protected":false},"excerpt":{"rendered":"<p>Dr.sc. Rasima Kaji\u0107, diplomirala je na Filozofskom fakultetu u Zagrebu (Hrvatski jezik i&#8230;<\/p>\n","protected":false},"author":1,"featured_media":0,"parent":4,"menu_order":0,"comment_status":"open","ping_status":"open","template":"","meta":{"ngg_post_thumbnail":0,"jetpack_post_was_ever_published":false,"footnotes":""},"class_list":["post-25","page","type-page","status-publish","hentry"],"jetpack_sharing_enabled":true,"jetpack_shortlink":"https:\/\/wp.me\/P2cktY-p","_links":{"self":[{"href":"https:\/\/pug.hr\/gimnazija\/wp-json\/wp\/v2\/pages\/25","targetHints":{"allow":["GET"]}}],"collection":[{"href":"https:\/\/pug.hr\/gimnazija\/wp-json\/wp\/v2\/pages"}],"about":[{"href":"https:\/\/pug.hr\/gimnazija\/wp-json\/wp\/v2\/types\/page"}],"author":[{"embeddable":true,"href":"https:\/\/pug.hr\/gimnazija\/wp-json\/wp\/v2\/users\/1"}],"replies":[{"embeddable":true,"href":"https:\/\/pug.hr\/gimnazija\/wp-json\/wp\/v2\/comments?post=25"}],"version-history":[{"count":5,"href":"https:\/\/pug.hr\/gimnazija\/wp-json\/wp\/v2\/pages\/25\/revisions"}],"predecessor-version":[{"id":6201,"href":"https:\/\/pug.hr\/gimnazija\/wp-json\/wp\/v2\/pages\/25\/revisions\/6201"}],"up":[{"embeddable":true,"href":"https:\/\/pug.hr\/gimnazija\/wp-json\/wp\/v2\/pages\/4"}],"wp:attachment":[{"href":"https:\/\/pug.hr\/gimnazija\/wp-json\/wp\/v2\/media?parent=25"}],"curies":[{"name":"wp","href":"https:\/\/api.w.org\/{rel}","templated":true}]}}