{"id":23,"date":"2012-02-08T07:00:14","date_gmt":"2012-02-08T07:00:14","guid":{"rendered":"http:\/\/www.pug.hr\/gimnazija\/?page_id=23"},"modified":"2020-05-26T06:53:33","modified_gmt":"2020-05-26T04:53:33","slug":"zasto-upisati-pug","status":"publish","type":"page","link":"https:\/\/pug.hr\/gimnazija\/o-gimnaziji\/zasto-upisati-pug\/","title":{"rendered":"Za\u0161to upisati PUG?"},"content":{"rendered":"<p style=\"text-align: justify;\">Privatnu umjetni\u010dku gimnaziju valja upisati zato \u0161to:<\/p>\n<p style=\"text-align: justify;\"><strong><a href=\"https:\/\/pug.hr\/gimnazija\/wp-content\/uploads\/2012\/02\/Strelica.jpg\"><img loading=\"lazy\" decoding=\"async\" class=\"alignleft wp-image-967\" title=\"Strelica\" src=\"https:\/\/pug.hr\/gimnazija\/wp-content\/uploads\/2012\/02\/Strelica.jpg\" alt=\"\" width=\"25\" height=\"25\" \/><\/a>nudi sintezu najboljih gimnazijskih odlika i novih programa:<\/strong><\/p>\n<ul style=\"text-align: justify;\">\n<li style=\"list-style-type: none;\">\n<ul>\n<li>\u00a0OP\u0106A ZNANJA\u00a0 &#8211; op\u0107eobrazovni programi zajedni\u010dki svim gimnazijama,<\/li>\n<li>\u00a0STRANI JEZICI\u00a0&#8211; dva strana jezika s fondom sati kao i jezi\u010dne gimnazije + latinski<\/li>\n<li style=\"text-align: left;\">\u00a0PROGRAMI UMJETNOSTI\u00a0&#8211; likovna, glazbena, filmska i scenska umjetnost, medijska kultura<\/li>\n<\/ul>\n<\/li>\n<\/ul>\n<p style=\"text-align: justify;\"><strong><a href=\"https:\/\/pug.hr\/gimnazija\/wp-content\/uploads\/2012\/02\/Strelica.jpg\"><img loading=\"lazy\" decoding=\"async\" class=\"alignleft wp-image-967\" title=\"Strelica\" src=\"https:\/\/pug.hr\/gimnazija\/wp-content\/uploads\/2012\/02\/Strelica.jpg\" alt=\"\" width=\"25\" height=\"25\" \/><\/a>ostvaruje najvi\u0161e domete suvremene nastave:<\/strong><\/p>\n<ul style=\"text-align: justify;\">\n<li style=\"list-style-type: none;\">\n<ul>\n<li>\u00a0individualni pristup u\u010deniku,<\/li>\n<li>\u00a0suvremene metode i oblici rada,<\/li>\n<li style=\"text-align: left;\">\u00a0moderna oprema u vlastitim prostorima s kabinetima za individualnu nastavu i projektnu nastavu u malim grupama.<\/li>\n<\/ul>\n<\/li>\n<\/ul>\n<p style=\"text-align: justify;\"><a href=\"https:\/\/pug.hr\/gimnazija\/wp-content\/uploads\/2012\/02\/Strelica.jpg\"><img loading=\"lazy\" decoding=\"async\" class=\"alignleft wp-image-967\" title=\"Strelica\" src=\"https:\/\/pug.hr\/gimnazija\/wp-content\/uploads\/2012\/02\/Strelica.jpg\" alt=\"\" width=\"25\" height=\"25\" \/><\/a><strong>umjetnosti imaju presudnu ulogu u razvoju svestrane li\u010dnosti:<\/strong><\/p>\n<blockquote>\n<p style=\"text-align: justify;\">U\u010denje glazbe poma\u017ee umije\u0107u koordinacije i logi\u010dkim vje\u0161tinama. Likovne umjetnosti poma\u017eu analizi i koncentraciji. Dramske umjetnosti razvijaju samopouzdanje i dru\u0161tveno razumijevanje. Kreativno pisanje osloba\u0111a izra\u017eajnost i pobolj\u0161ava vje\u0161tinu artikuliranja.<\/p>\n<p><em>(S. Mundy &#8211; Kulturna politika &#8211; MOSAIC &#8211; Vije\u0107e Europe).<\/em><\/p><\/blockquote>\n<p style=\"text-align: justify;\"><a href=\"https:\/\/pug.hr\/gimnazija\/wp-content\/uploads\/2012\/02\/Strelica.jpg\"><img loading=\"lazy\" decoding=\"async\" class=\"alignleft wp-image-967\" title=\"Strelica\" src=\"https:\/\/pug.hr\/gimnazija\/wp-content\/uploads\/2012\/02\/Strelica.jpg\" alt=\"\" width=\"25\" height=\"25\" \/><\/a><strong>doprinosi\u00a0ve\u0107em sudjelovanju mladih u kulturnom \u017eivotu sto je i\u00a0imperativ razvoja demokratskog dru\u0161tva.<\/strong><\/p>\n<p style=\"text-align: justify;\"><a href=\"https:\/\/pug.hr\/gimnazija\/wp-content\/uploads\/2012\/02\/Strelica.jpg\"><img loading=\"lazy\" decoding=\"async\" class=\"alignleft wp-image-967\" title=\"Strelica\" src=\"https:\/\/pug.hr\/gimnazija\/wp-content\/uploads\/2012\/02\/Strelica.jpg\" alt=\"\" width=\"25\" height=\"25\" \/><\/a><strong>programi scenske i filmske umjetnosti, kao i medijske kulture, uklju\u010deni su me\u0111u obvezne predmete<\/strong><strong>.<\/strong><\/p>\n<p style=\"text-align: justify;\"><a href=\"https:\/\/pug.hr\/gimnazija\/wp-content\/uploads\/2012\/02\/Strelica.jpg\"><img loading=\"lazy\" decoding=\"async\" class=\"alignleft wp-image-967\" title=\"Strelica\" src=\"https:\/\/pug.hr\/gimnazija\/wp-content\/uploads\/2012\/02\/Strelica.jpg\" alt=\"\" width=\"25\" height=\"25\" \/><\/a><strong>Privatna umjetni\u010dka gimnazija poti\u010de i razvija kreativnost u\u010denika \u2013 uklju\u010divanjem u razli\u010dite radionice.<\/strong><\/p>\n<p style=\"text-align: justify;\"><a href=\"https:\/\/pug.hr\/gimnazija\/wp-content\/uploads\/2012\/02\/Strelica.jpg\"><img loading=\"lazy\" decoding=\"async\" class=\"alignleft wp-image-967\" title=\"Strelica\" src=\"https:\/\/pug.hr\/gimnazija\/wp-content\/uploads\/2012\/02\/Strelica.jpg\" alt=\"\" width=\"25\" height=\"25\" \/><\/a><strong>Privatna umjetni\u010dka gimnazija prva je i jedina gimnazija u Hrvatskoj koja radi po<span style=\"color: #000000;\"><em> modelu umjetni\u010dke gimnazije<\/em><\/span>, kao nove specijalizirane gimnazije, utemeljenom na rezultatima suvremene metodi\u010dke znanosti i napredne nastavne prakse, a prema Rje\u0161enju Ministarstva prosvjete i \u0161porta od 6.lipnja 2002. godine.<\/strong><\/p>\n","protected":false},"excerpt":{"rendered":"<p>Privatnu umjetni\u010dku gimnaziju valja upisati zato \u0161to: nudi sintezu najboljih gimnazijskih odlika i&#8230;<\/p>\n","protected":false},"author":1,"featured_media":0,"parent":4,"menu_order":0,"comment_status":"open","ping_status":"open","template":"","meta":{"ngg_post_thumbnail":0,"jetpack_post_was_ever_published":false,"footnotes":""},"class_list":["post-23","page","type-page","status-publish","hentry"],"jetpack_sharing_enabled":true,"jetpack_shortlink":"https:\/\/wp.me\/P2cktY-n","_links":{"self":[{"href":"https:\/\/pug.hr\/gimnazija\/wp-json\/wp\/v2\/pages\/23","targetHints":{"allow":["GET"]}}],"collection":[{"href":"https:\/\/pug.hr\/gimnazija\/wp-json\/wp\/v2\/pages"}],"about":[{"href":"https:\/\/pug.hr\/gimnazija\/wp-json\/wp\/v2\/types\/page"}],"author":[{"embeddable":true,"href":"https:\/\/pug.hr\/gimnazija\/wp-json\/wp\/v2\/users\/1"}],"replies":[{"embeddable":true,"href":"https:\/\/pug.hr\/gimnazija\/wp-json\/wp\/v2\/comments?post=23"}],"version-history":[{"count":5,"href":"https:\/\/pug.hr\/gimnazija\/wp-json\/wp\/v2\/pages\/23\/revisions"}],"predecessor-version":[{"id":7885,"href":"https:\/\/pug.hr\/gimnazija\/wp-json\/wp\/v2\/pages\/23\/revisions\/7885"}],"up":[{"embeddable":true,"href":"https:\/\/pug.hr\/gimnazija\/wp-json\/wp\/v2\/pages\/4"}],"wp:attachment":[{"href":"https:\/\/pug.hr\/gimnazija\/wp-json\/wp\/v2\/media?parent=23"}],"curies":[{"name":"wp","href":"https:\/\/api.w.org\/{rel}","templated":true}]}}